{"id":1995,"date":"2019-01-01T19:41:45","date_gmt":"2019-01-01T12:41:45","guid":{"rendered":"http:\/\/maudep.com.vn\/chuyengiadienmay\/?post_type=product&#038;p=1995"},"modified":"2019-02-14T13:18:46","modified_gmt":"2019-02-14T06:18:46","slug":"may-giat-8-kg-electrolux-ewf12844s","status":"publish","type":"product","link":"http:\/\/maudep.com.vn\/chuyengiadienmay\/?product=may-giat-8-kg-electrolux-ewf12844s","title":{"rendered":"M\u00e1y gi\u1eb7t 8 Kg Electrolux EWF12844S"},"content":{"rendered":"<h3 class=\"pd-news-title\">M\u00e1y gi\u1eb7t 8 Kg Electrolux EWF12844S<\/h3>\n<div class=\"pd-news-content\">\n<p><strong>Chi ti\u1ebft t\u00ednh n\u0103ng<\/strong><\/p>\n<p><img class=\"lazy\" src=\"https:\/\/cdn.mediamart.vn\/Upload\/images\/may-giat-electrolux-ewf12844s.jpg\" data-original=\"https:\/\/cdn.mediamart.vn\/Upload\/images\/may-giat-electrolux-ewf12844s.jpg\" \/><\/p>\n<p><strong>Ph\u00f9 h\u1ee3p gia \u0111\u00ecnh \u0111\u00f4ng ng\u01b0\u1eddi<\/strong><\/p>\n<p>Kh\u1ed1i l\u01b0\u1ee3ng 8 kg c\u1ee7a M\u00e1y gi\u1eb7t Electrolux EWF12844S 8Kg s\u1ebd gi\u00fap gia \u0111\u00ecnh b\u1ea1n l\u00e0m s\u1ea1ch l\u01b0\u1ee3ng l\u1edbn qu\u1ea7n \u00e1o b\u1ea9n trong ng\u00e0y c\u1ee7a kho\u1ea3ng 4 th\u00e0nh vi\u00ean. M\u00e1y gi\u1eb7t c\u00f3 thi\u1ebft k\u1ebf \u0111\u1eb9p, m\u00e0u s\u1eafc \u0111en huy\u1ec1n b\u00ed s\u1ebd l\u00e0 \u0111i\u1ec3m nh\u1ea5n tinh t\u1ebf cho kh\u00f4ng gian b\u1ebfp c\u1ee7a gia \u0111\u00ecnh b\u1ea1n.<\/p>\n<p><img class=\"lazy\" src=\"https:\/\/cdn.mediamart.vn\/Upload\/images\/may-giat-electrolux-ewf12844s-1.jpg\" data-original=\"https:\/\/cdn.mediamart.vn\/Upload\/images\/may-giat-electrolux-ewf12844s-1.jpg\" \/><\/p>\n<p><strong>Tr\u00e1nh l\u00e3ng ph\u00ed \u0111i\u1ec7n n\u0103ng<\/strong><\/p>\n<p>\u0110\u1ed9ng c\u01a1 Inverter c\u00f3 hi\u1ec7u su\u1ea5t ho\u1ea1t \u0111\u1ed9ng t\u1ed1t, \u00eam \u00e1i v\u00e0 kh\u00f4ng rung l\u1eafc trong qu\u00e1 tr\u00ecnh gi\u1eb7t hay v\u1eaft kh\u00f4. C\u00f4ng ngh\u1ec7 ti\u00ean ti\u1ebfn Inverter c\u00f2n gi\u00fap tr\u00e1nh l\u00e3ng ph\u00ed \u0111i\u1ec7n n\u0103ng nh\u1eefng v\u1eabn \u0111\u00e1p \u1ee9ng t\u1ed1t nhu c\u1ea7u gi\u1eb7t gi\u0169 h\u00e0ng ng\u00e0y c\u1ee7a gia \u0111\u00ecnh. M\u00e1y gi\u1eb7t Electrolux EWF12844S 8Kg s\u1ebd lu\u00f4n mang l\u1ea1i kh\u00f4ng gian y\u00ean t\u0129nh cho b\u1ea1n tho\u1ea3i m\u00e1i khi th\u01b0 gi\u00e3n hay l\u00e0m vi\u1ec7c t\u1ea1i nh\u00e0.<\/p>\n<p><img class=\"lazy\" src=\"https:\/\/cdn.mediamart.vn\/Upload\/images\/may-giat-electrolux-ewf12844s-2.jpg\" data-original=\"https:\/\/cdn.mediamart.vn\/Upload\/images\/may-giat-electrolux-ewf12844s-2.jpg\" \/><\/p>\n<p><strong>Ch\u1ee9c n\u0103ng gi\u1eb7t h\u01a1i n\u01b0\u1edbc<\/strong><\/p>\n<p>T\u00ednh n\u0103ng gi\u1eb7t h\u01a1i n\u01b0\u1edbc ti\u00ean ti\u1ebfn c\u1ee7a M\u00e1y gi\u1eb7t Electrolux EWF12844S 8Kg s\u1ebd gi\u00fap lo\u1ea1i b\u1ecf c\u00e1c ch\u1ea5t g\u00e2y d\u1ecb \u1ee9ng tr\u00ean qu\u1ea7n \u00e1o v\u00e0 mang l\u1ea1i hi\u1ec7u su\u1ea5t t\u1ea9y s\u1ea1ch v\u1ebft b\u1ea9n t\u1ed1t h\u01a1n. V\u1edbi m\u00e1y gi\u1eb7t c\u1ee7a Electrolux s\u1ebd cho b\u1ea1n nh\u1eefng b\u1ed9 qu\u1ea7n \u00e1o s\u1ea1ch s\u1ebd, m\u1edbi \u0111\u1eb9p v\u00e0 b\u1ea3o v\u1ec7 l\u00e0n da tr\u00e1nh m\u1ea9n ng\u1ee9a, d\u1ecb \u1ee9ng.<\/p>\n<p><img class=\"lazy\" src=\"https:\/\/cdn.mediamart.vn\/Upload\/images\/may-giat-electrolux-ewf12844s-3.jpg\" data-original=\"https:\/\/cdn.mediamart.vn\/Upload\/images\/may-giat-electrolux-ewf12844s-3.jpg\" \/><\/p>\n<p><strong>T\u1ea9y s\u1ea1ch m\u1ecdi v\u1ebft b\u1ea9n tr\u00ean qu\u1ea7n \u00e1o<\/strong><\/p>\n<p>H\u1ec7 th\u1ed1ng gi\u1eb7t Shower Spray s\u1ebd v\u1eadn h\u00e0nh v\u1edbi c\u01a1 ch\u1ebf phun n\u01b0\u1edbc tr\u1ef1c ti\u1ebfp l\u00ean qu\u1ea7n \u00e1o gi\u00fap b\u1ed9t gi\u1eb7t th\u1ea5m s\u00e2u v\u00e0o t\u1eebng s\u1ee3i v\u1ea3i \u0111\u1ec3 \u0111\u00e1nh bay c\u00e1c v\u1ebft b\u1ea9n &#8220;c\u1ee9ng \u0111\u1ea7u&#8221; r\u1ea5t d\u1ec5 d\u00e0ng. M\u00e1y gi\u1eb7t Electrolux EWF12844S 8Kg s\u1ebd mang \u0111\u1ebfn kh\u00f4ng gian s\u1ed1ng hi\u1ec7n \u0111\u1ea1i, nh\u1eefng b\u1ed9 qu\u1ea7n \u00e1o t\u01b0\u01a1m t\u1ea5t, s\u1ea1ch b\u1ea9n cho b\u1ea1n lu\u00f4n t\u1ef1 tin khi ra ngo\u00e0i l\u00e0m vi\u1ec7c hay \u0111i ch\u01a1i c\u00f9ng b\u1ea1n b\u00e8.<\/p>\n<p><img class=\"lazy\" src=\"https:\/\/cdn.mediamart.vn\/Upload\/images\/may-giat-electrolux-ewf12844s-4.jpg\" data-original=\"https:\/\/cdn.mediamart.vn\/Upload\/images\/may-giat-electrolux-ewf12844s-4.jpg\" \/><\/p>\n<p><strong>Ch\u1ee9c n\u0103ng h\u1eb9n gi\u1edd ti\u1ec7n l\u1ee3i<\/strong><\/p>\n<p>V\u1edbi ch\u1ee9c n\u0103ng h\u1eb9n gi\u1edd gi\u1eb7t s\u1ebd gi\u00fap c\u00e1c b\u00e0 n\u1ed9i tr\u1ee3 ti\u1ebft ki\u1ec7m th\u1eddi gian hi\u1ec7u qu\u1ea3 h\u01a1n, c\u00f9ng l\u00fac \u0111\u00f3 b\u1ea1n c\u00f3 th\u1ec3 l\u00e0m nhi\u1ec1u vi\u1ec7c kh\u00e1c. Ch\u1ec9 c\u1ea7n c\u00e0i \u0111\u1eb7t v\u00e0 sau m\u1ed9t kho\u1ea3ng th\u1eddi gian b\u1ea1n s\u1ebd c\u00f3 ngay qu\u1ea7n \u00e1o s\u1ea1ch s\u1ebd.<\/p>\n<p><img class=\"lazy\" src=\"https:\/\/cdn.mediamart.vn\/Upload\/images\/may-giat-electrolux-ewf12844s-6.jpg\" data-original=\"https:\/\/cdn.mediamart.vn\/Upload\/images\/may-giat-electrolux-ewf12844s-6.jpg\" \/><\/p>\n<p><strong>Qu\u1ea7n \u00e1o ph\u01a1i kh\u00f4 nhanh ch\u00f3ng<\/strong><\/p>\n<p>T\u1ed1c \u0111\u1ed9 v\u00f2ng quay 1200 v\u00f2ng\/ph\u00fat s\u1ebd gi\u00fap vi\u1ec7c v\u1eaft kh\u00f4 qu\u1ea7n \u00e1o \u0111\u01b0\u1ee3c hi\u1ec7u qu\u1ea3 v\u00e0 nhanh ch\u00f3ng h\u01a1n. Qu\u1ea7n \u00e1o ph\u01a1i nhanh kh\u00f4 thu\u1eadn ti\u1ec7n cho gia s\u1eed d\u1ee5ng khi th\u1eddi ti\u1ebft b\u00ean ngo\u00e0i \u1ea9m \u01b0\u1edbt, m\u01b0a nhi\u1ec1u. M\u00e1y gi\u1eb7t Electrolux EWF12844S 8Kg s\u1ebd l\u00e0 s\u1ef1 ch\u1ecdn l\u1ef1a t\u1ed1t cho gia \u0111\u00ecnh b\u1ea1n.<\/p>\n<\/div>\n","protected":false},"excerpt":{"rendered":"<p>&#8211; M\u00e1y gi\u1eb7t l\u1ed3ng ngang c\u00f3 thi\u1ebft k\u1ebf c\u1ee7a tr\u01b0\u1edbc ti\u1ec7n d\u1ee5ng.<br \/>\n&#8211; \u0110\u1ed9ng c\u01a1 Inverter ti\u1ebft ki\u1ec7m n\u0103ng l\u01b0\u1ee3ng.<br \/>\n&#8211; B\u1ea3ng \u0111i\u1ec1u khi\u1ec3n th\u00f4ng minh v\u1edbi m\u00e0n h\u00ecnh hi\u1ec3n th\u1ecb.<br \/>\n&#8211; H\u1ec7 th\u1ed1ng gi\u1eb7t Shower Spray gi\u00fap gi\u1eb7t s\u1ea1ch m\u1ecdi v\u1ebft b\u1ea9n.<\/p>\n<p>&nbsp;<\/p>\n","protected":false},"featured_media":1997,"comment_status":"open","ping_status":"closed","template":"","meta":[],"_links":{"self":[{"href":"http:\/\/maudep.com.vn\/chuyengiadienmay\/index.php?rest_route=\/wp\/v2\/product\/1995"}],"collection":[{"href":"http:\/\/maudep.com.vn\/chuyengiadienmay\/index.php?rest_route=\/wp\/v2\/product"}],"about":[{"href":"http:\/\/maudep.com.vn\/chuyengiadienmay\/index.php?rest_route=\/wp\/v2\/types\/product"}],"replies":[{"embeddable":true,"href":"http:\/\/maudep.com.vn\/chuyengiadienmay\/index.php?rest_route=%2Fwp%2Fv2%2Fcomments&post=1995"}],"wp:featuredmedia":[{"embeddable":true,"href":"http:\/\/maudep.com.vn\/chuyengiadienmay\/index.php?rest_route=\/wp\/v2\/media\/1997"}],"wp:attachment":[{"href":"http:\/\/maudep.com.vn\/chuyengiadienmay\/index.php?rest_route=%2Fwp%2Fv2%2Fmedia&parent=1995"}],"curies":[{"name":"wp","href":"https:\/\/api.w.org\/{rel}","templated":true}]}}