{"id":2001,"date":"2019-01-01T19:58:21","date_gmt":"2019-01-01T12:58:21","guid":{"rendered":"http:\/\/maudep.com.vn\/chuyengiadienmay\/?post_type=product&#038;p=2001"},"modified":"2019-01-15T14:59:03","modified_gmt":"2019-01-15T07:59:03","slug":"may-giat-inverter-14-kg-electrolux-ewt1454dcwa","status":"publish","type":"product","link":"http:\/\/maudep.com.vn\/chuyengiadienmay\/?product=may-giat-inverter-14-kg-electrolux-ewt1454dcwa","title":{"rendered":"M\u00e1y gi\u1eb7t Inverter 14 Kg Electrolux EWT1454DCWA"},"content":{"rendered":"<h3 class=\"pd-news-title\">M\u00e1y gi\u1eb7t Inverter 14 Kg Electrolux EWT1454DCWA<\/h3>\n<div class=\"pd-news-content\">\n<h3>Gi\u1eb7t s\u1ea1ch h\u01a1n, ti\u1ebft ki\u1ec7m ch\u1ea5t t\u1ea9y r\u1eeda h\u01a1n<\/h3>\n<p>C\u00f4ng ngh\u1ec7 tr\u1ed9n th\u00f4ng minh EliteMix t\u1ef1 \u0111\u1ed9ng tr\u1ed9n dung d\u1ecbch n\u01b0\u1edbc gi\u1eb7t v\u00e0 n\u01b0\u1edbc x\u1ea3 v\u1ea3i tr\u01b0\u1edbc khi gi\u1eb7t, gi\u00fap qu\u1ea7n \u00e1o b\u1ea1n s\u1ea1ch h\u01a1n, nh\u1eb9 nh\u00e0ng h\u01a1n ngay c\u1ea3 v\u1edbi nhi\u1ec7t \u0111\u1ed9 th\u1ea5p. M\u00e1y c\u00f3 hi\u1ec7u n\u0103ng gi\u00fap gi\u1eb7t s\u1ea1ch h\u01a1n t\u1edbi 15% v\u00e0 ti\u1ebft ki\u1ec7m 27% n\u01b0\u1edbc gi\u1eb7t v\u00e0 n\u01b0\u1edbc x\u1ea3 v\u1ea3i. Mang l\u1ea1i cho b\u1ea1n \u00e1o qu\u1ea7n tr\u1eafng \u0111\u1eb9p v\u00e0 s\u1ef1 h\u00e0i l\u00f2ng<\/p>\n<p><img class=\"lazy\" src=\"https:\/\/www.electrolux.vn\/remote.jpg.ashx?urlb64=aHR0cHM6Ly93d3cuZWxlY3Ryb2x1eC5pbS9wcm9kdWN0cy9YTUxQSUNUVVJFL0NhdGFtYXJhbi1FbGl0ZU1peC5qcGc&amp;hmac=-LvilAiKgAw&amp;mode=crop&amp;preset=large\" data-original=\"https:\/\/www.electrolux.vn\/remote.jpg.ashx?urlb64=aHR0cHM6Ly93d3cuZWxlY3Ryb2x1eC5pbS9wcm9kdWN0cy9YTUxQSUNUVVJFL0NhdGFtYXJhbi1FbGl0ZU1peC5qcGc&amp;hmac=-LvilAiKgAw&amp;mode=crop&amp;preset=large\" \/><\/p>\n<h3>V\u1eadn h\u00e0nh \u00eam \u00e1i, b\u1ec1n b\u1ec9 v\u00e0 ti\u1ebft ki\u1ec7m n\u0103ng l\u01b0\u1ee3ng<\/h3>\n<h4>\u0110\u1ed9ng c\u01a1 s\u1eed d\u1ee5ng c\u00f4ng ngh\u1ec7 Inverter gi\u00fap m\u00e1y v\u1eadn h\u00e0nh \u00eam \u00e1i h\u01a1n v\u00e0 \u0111\u1eb7t hi\u1ec7u su\u1ea5t cao h\u01a1n 22% so v\u1edbi \u0111\u1ed9ng c\u01a1 th\u00f4ng th\u01b0\u1eddng m\u00e0 v\u1eabn duy tr\u00ec kh\u1ea3 n\u0103ng gi\u1eb7t m\u1ea1nh m\u1ebd. \u0110\u1ed9ng c\u01a1 \u0111\u01b0\u1ee3c b\u1ea3o h\u00e0nh 10 n\u0103m.<\/h4>\n<p><img class=\"lazy\" src=\"https:\/\/www.electrolux.vn\/remote.jpg.ashx?urlb64=aHR0cHM6Ly93d3cuZWxlY3Ryb2x1eC5pbS9wcm9kdWN0cy9YTUxQSUNUVVJFL0ludmVydGVyXzU0NHgzMDYuanBn&amp;hmac=BaLmw0rbBt4&amp;mode=crop&amp;preset=large\" data-original=\"https:\/\/www.electrolux.vn\/remote.jpg.ashx?urlb64=aHR0cHM6Ly93d3cuZWxlY3Ryb2x1eC5pbS9wcm9kdWN0cy9YTUxQSUNUVVJFL0ludmVydGVyXzU0NHgzMDYuanBn&amp;hmac=BaLmw0rbBt4&amp;mode=crop&amp;preset=large\" \/><\/p>\n<h3>T\u00f9y ch\u1ec9nh th\u1eddi gian gi\u1eb7t ch\u0103m s\u00f3c t\u1ed1t h\u01a1n cho qu\u1ea7n \u00e1o c\u1ee7a b\u1ea1n<\/h3>\n<p>Ch\u1ee9c n\u0103ng t\u00f9y ch\u1ec9nh th\u1eddi gian gi\u00fap b\u1ea1n l\u00e0m ch\u1ee7 th\u1eddi gian v\u1edbi nhi\u1ec1u t\u00f9y ch\u1ecdn nh\u01b0 ch\u1ebf \u0111\u1ed9 gi\u1eb7t 20 ph\u00fat, ch\u1ebf \u0111\u1ed9 gi\u1eb7t 45 ph\u00fat ph\u00f9 h\u1ee3p cho c\u00e1c lo\u1ea1i \u0111\u1ed3 c\u1ea7n gi\u1eb7t.Ch\u1ee9c n\u0103ng t\u00f9y ch\u1ec9nh th\u1eddi gian c\u00f3 3 l\u1ef1a ch\u1ecdn ch\u00ednh gi\u00fap b\u1ea1n \u0111i\u1ec1u ch\u1ec9nh t\u0103ng gi\u1ea3m th\u1eddi gian gi\u1eb7t theo \u00fd mu\u1ed1n.<\/p>\n<p><img class=\"lazy\" src=\"https:\/\/www.electrolux.vn\/remote.jpg.ashx?urlb64=aHR0cHM6Ly93d3cuZWxlY3Ryb2x1eC5pbS9wcm9kdWN0cy9YTUxQSUNUVVJFL0NhdGFtYXJhbi1GYXN0JTIwV2FzaCUyMGFuZCUyMFRpbWUlMjBBZGp1c3QuanBn&amp;hmac=kU3GPDHYif4&amp;mode=crop&amp;preset=large\" data-original=\"https:\/\/www.electrolux.vn\/remote.jpg.ashx?urlb64=aHR0cHM6Ly93d3cuZWxlY3Ryb2x1eC5pbS9wcm9kdWN0cy9YTUxQSUNUVVJFL0NhdGFtYXJhbi1GYXN0JTIwV2FzaCUyMGFuZCUyMFRpbWUlMjBBZGp1c3QuanBn&amp;hmac=kU3GPDHYif4&amp;mode=crop&amp;preset=large\" \/><\/p>\n<h3>T\u00f9y ch\u1ec9nh m\u1ef1c n\u01b0\u1edbc gi\u1eb7t ch\u0103m s\u00f3c \u00e1o qu\u1ea7n t\u1ed1t h\u01a1n<\/h3>\n<p>Ch\u1ee9c n\u0103ng t\u1ef1 \u0111i\u1ec1u ch\u1ec9nh m\u1ef1c n\u01b0\u1edbc gi\u1eb7t cho ph\u00e9p gi\u1eb7t \u00e1o qu\u1ea7n v\u1edbi hi\u1ec7u n\u0103ng s\u1eed d\u1ee5ng n\u01b0\u1edbc cao nh\u1ea5t. D\u00f2ng m\u00e1y \u0111\u01b0\u1ee3c t\u00edch h\u1ee3p c\u1ea3m bi\u1ebfn t\u1ef1 \u0111\u1ed9ng x\u00e1c \u0111\u1ecbnh m\u1ef1c n\u01b0\u1edbc gi\u1eb7t ph\u00f9 h\u1ee3p nh\u1ea5t theo l\u01b0\u1ee3ng \u0111\u1ed3 gi\u1eb7t c\u1ee7a b\u1ea1n. B\u1ea1n c\u0169ng c\u00f3 th\u1ec3 t\u00f9y ch\u1ec9nh t\u0103ng gi\u1ea3m theo \u00fd mu\u1ed1n m\u1ed9t c\u00e1ch d\u1ec5 d\u00e0ng.<\/p>\n<p><img class=\"lazy\" src=\"https:\/\/www.electrolux.vn\/remote.jpg.ashx?urlb64=aHR0cHM6Ly93d3cuZWxlY3Ryb2x1eC5pbS9wcm9kdWN0cy9YTUxQSUNUVVJFL1ZhcmlhYmxlJTIwV2F0ZXIlMjBMZXZlbHMuanBn&amp;hmac=74yZi_iQf_0&amp;mode=crop&amp;preset=large\" data-original=\"https:\/\/www.electrolux.vn\/remote.jpg.ashx?urlb64=aHR0cHM6Ly93d3cuZWxlY3Ryb2x1eC5pbS9wcm9kdWN0cy9YTUxQSUNUVVJFL1ZhcmlhYmxlJTIwV2F0ZXIlMjBMZXZlbHMuanBn&amp;hmac=74yZi_iQf_0&amp;mode=crop&amp;preset=large\" \/><\/p>\n<h3>An to\u00e0n h\u01a1n v\u00e0 s\u1eed d\u1ee5ng d\u1ec5 d\u00e0ng h\u01a1n<\/h3>\n<p>N\u1eafp m\u00e1y gi\u1eb7t \u0111\u01b0\u1ee3c thi\u1ebft k\u1ebf th\u1eddi trang v\u1edbi nguy\u00ean li\u1ec7u b\u1ec1n b\u1ec9 gi\u00fap \u0111\u00f3ng m\u1edf d\u1ec5 d\u00e0ng kh\u00f4ng g\u00e2y ti\u1ebfng \u1ed3n v\u00e0 an to\u00e0n v\u1edbi ng\u01b0\u1eddi s\u1eed d\u1ee5ng. M\u1eb7t n\u1eafp \u0111\u01b0\u1ee3c thi\u1ebft k\u1ebf ph\u1eb3ng v\u1edbi ch\u1ea5t li\u1ec7u ch\u1ed1ng x\u01b0\u1edbc cao c\u1ea5p v\u1eeba ti\u1ebft ki\u1ec7m di\u1ec7n t\u00edch v\u1eeba \u0111\u1ea3m b\u1ea3o th\u1eddi trang v\u00e0 lau ch\u00f9i d\u1ec5 d\u00e0ng.<\/p>\n<p><img class=\"lazy\" src=\"https:\/\/www.electrolux.vn\/remote.jpg.ashx?urlb64=aHR0cHM6Ly93d3cuZWxlY3Ryb2x1eC5pbS9wcm9kdWN0cy9YTUxQSUNUVVJFL0Vhc3klMjBBY2Nlc3MlMjBMaWQuanBn&amp;hmac=fbBCYkZ-0qg&amp;mode=crop&amp;preset=large\" data-original=\"https:\/\/www.electrolux.vn\/remote.jpg.ashx?urlb64=aHR0cHM6Ly93d3cuZWxlY3Ryb2x1eC5pbS9wcm9kdWN0cy9YTUxQSUNUVVJFL0Vhc3klMjBBY2Nlc3MlMjBMaWQuanBn&amp;hmac=fbBCYkZ-0qg&amp;mode=crop&amp;preset=large\" \/><\/p>\n<\/div>\n","protected":false},"excerpt":{"rendered":"<p>Gi\u1eb7t s\u1ea1ch h\u01a1n, ti\u1ebft ki\u1ec7m ch\u1ea5t t\u1ea9y r\u1eeda h\u01a1n<br \/>\nV\u1eadn h\u00e0nh \u00eam \u00e1i, b\u1ec1n b\u1ec9 v\u00e0 ti\u1ebft ki\u1ec7m n\u0103ng l\u01b0\u1ee3ng<br \/>\nT\u00f9y ch\u1ec9nh th\u1eddi gian gi\u1eb7t ch\u0103m s\u00f3c t\u1ed1t h\u01a1n cho qu\u1ea7n \u00e1o c\u1ee7a b\u1ea1n<br \/>\nT\u00f9y ch\u1ec9nh m\u1ef1c n\u01b0\u1edbc gi\u1eb7t ch\u0103m s\u00f3c \u00e1o qu\u1ea7n t\u1ed1t h\u01a1n<\/p>\n<p>&nbsp;<\/p>\n","protected":false},"featured_media":2000,"comment_status":"open","ping_status":"closed","template":"","meta":[],"_links":{"self":[{"href":"http:\/\/maudep.com.vn\/chuyengiadienmay\/index.php?rest_route=\/wp\/v2\/product\/2001"}],"collection":[{"href":"http:\/\/maudep.com.vn\/chuyengiadienmay\/index.php?rest_route=\/wp\/v2\/product"}],"about":[{"href":"http:\/\/maudep.com.vn\/chuyengiadienmay\/index.php?rest_route=\/wp\/v2\/types\/product"}],"replies":[{"embeddable":true,"href":"http:\/\/maudep.com.vn\/chuyengiadienmay\/index.php?rest_route=%2Fwp%2Fv2%2Fcomments&post=2001"}],"wp:featuredmedia":[{"embeddable":true,"href":"http:\/\/maudep.com.vn\/chuyengiadienmay\/index.php?rest_route=\/wp\/v2\/media\/2000"}],"wp:attachment":[{"href":"http:\/\/maudep.com.vn\/chuyengiadienmay\/index.php?rest_route=%2Fwp%2Fv2%2Fmedia&parent=2001"}],"curies":[{"name":"wp","href":"https:\/\/api.w.org\/{rel}","templated":true}]}}