{"id":2003,"date":"2019-01-02T11:15:34","date_gmt":"2019-01-02T04:15:34","guid":{"rendered":"http:\/\/maudep.com.vn\/chuyengiadienmay\/?post_type=product&#038;p=2003"},"modified":"2019-01-15T14:29:37","modified_gmt":"2019-01-15T07:29:37","slug":"may-giat-8-kg-samsung-ww80j54e0bw-sv-hoi-nuoc","status":"publish","type":"product","link":"http:\/\/maudep.com.vn\/chuyengiadienmay\/?product=may-giat-8-kg-samsung-ww80j54e0bw-sv-hoi-nuoc","title":{"rendered":"M\u00e1y gi\u1eb7t 8 Kg Samsung WW80J54E0BW\/SV h\u01a1i n\u01b0\u1edbc"},"content":{"rendered":"<div class=\"pd-news-content\">\n<h3>DIGITAL INVERTER<\/h3>\n<h5>\u0110\u1ed9ng c\u01a1 b\u1ec1n b\u1ec9, ti\u1ebft ki\u1ec7m n\u0103ng l\u01b0\u1ee3ng<\/h5>\n<p>C\u00f4ng ngh\u1ec7 Digital \u0111\u1ea1t chu\u1ea9n ch\u00e2u \u00c2u, gi\u00fap ti\u1ebft ki\u1ec7m n\u0103ng l\u01b0\u1ee3ng t\u1ed1i \u0111a, v\u1eadn h\u00e0nh b\u1ec1n b\u1ec9 v\u01b0\u1ee3t tr\u1ed9i.<\/p>\n<p><img class=\"lazy\" src=\"https:\/\/cdn.mediamart.vn\/Upload\/download\/2018-3-News\/u47QBwqxf1cbGl6.jpg\" data-original=\"https:\/\/cdn.mediamart.vn\/Upload\/download\/2018-3-News\/u47QBwqxf1cbGl6.jpg\" \/><\/p>\n<h3>ECOBUBBLE<\/h3>\n<h5>C\u00f4ng ngh\u1ec7 t\u1ea1o bong b\u00f3ng x\u00e0 ph\u00f2ng c\u1ef1c nhuy\u1ec5n gi\u00fap \u0111\u00e1nh b\u1eadt v\u1ebft b\u1ea9n v\u00e0 b\u1ea3o v\u1ec7 s\u1ee3i v\u1ea3i.<\/h5>\n<p>C\u01a1 ch\u1ebf \u0111\u00e1nh tan b\u1ed9t gi\u1eb7t t\u1ea1o th\u00e0nh bong b\u00f3ng x\u00e0 ph\u00f2ng c\u1ef1c nhuy\u1ec5n, gi\u00fap th\u1ea9m th\u1ea5u nhanh ch\u00f3ng v\u00e0o s\u1ee3i v\u1ea3i g\u1ea5p 40 l\u1ea7n, gi\u00fap gi\u1eb7t s\u1ea1ch hi\u1ec7u qu\u1ea3 v\u00e0 b\u1ea3o v\u1ec7 s\u1ee3i v\u1ea3i.<\/p>\n<p><img class=\"lazy\" src=\"https:\/\/cdn.mediamart.vn\/Upload\/images\/Untitled-1(37).png\" data-original=\"https:\/\/cdn.mediamart.vn\/Upload\/images\/Untitled-1(37).png\" \/><iframe loading=\"lazy\" src=\"https:\/\/www.youtube.com\/embed\/IhkJ3ZolXw4\" width=\"745\" height=\"400\" frameborder=\"0\" data-mce-fragment=\"1\"><\/iframe><\/p>\n<h3>C\u00d4NG NGH\u1ec6 GI\u1eb6T H\u01a0I N\u01af\u1edaC<\/h3>\n<h5>Lo\u1ea1i b\u1ecf 99% vi khu\u1ea9n v\u00e0 ng\u1eeba d\u1ecb \u1ee9ng<\/h5>\n<p>Nhi\u1ec7t \u0111\u1ed9 cao t\u1eeb h\u01a1i n\u01b0\u1edbc kh\u00f4ng ch\u1ec9 gi\u00fap \u0111\u00e1nh b\u1eadt v\u1ebft b\u1ea9n d\u1ec5 d\u00e0ng m\u00e0 c\u00f2n lo\u1ea1i b\u1ecf l\u00ean \u0111\u1ebfn 99% vi khu\u1ea9n v\u00e0 c\u00e1c t\u00e1c nh\u00e2n d\u1ecb \u1ee9ng, ph\u00f9 h\u1ee3p cho c\u00e1c gia \u0111\u00ecnh c\u00f3 em b\u00e9. Ch\u1ee9ng nh\u1eadn c\u1ee7a Intertek.<\/p>\n<p><img class=\"lazy\" src=\"https:\/\/cdn.mediamart.vn\/Upload\/download\/2018-3-News\/Q9PnhNBI8zvdQb0.jpg\" data-original=\"https:\/\/cdn.mediamart.vn\/Upload\/download\/2018-3-News\/Q9PnhNBI8zvdQb0.jpg\" \/><\/p>\n<h3>BUBBLE SOAK<\/h3>\n<h5>Lo\u1ea1i b\u1ecf v\u1ebft b\u1ea9n c\u1ee9ng \u0111\u1ea7u<\/h5>\n<p>4 ch\u01b0\u01a1ng tr\u00ecnh ng\u00e2m t\u00f9y ch\u1ecdn cho bong b\u00f3ng x\u00e0 ph\u00f2ng th\u1ea5m s\u00e2u v\u00e0o s\u1ee3i v\u1ea3i, gi\u00fap l\u00e0m m\u1ec1m v\u00e0 \u0111\u00e1nh b\u1eadt c\u00e1c v\u1ebft b\u1ea9n c\u1ee9ng \u0111\u1ea7u nh\u1ea5t.<\/p>\n<p><img class=\"lazy\" src=\"https:\/\/cdn.mediamart.vn\/Upload\/download\/2018-3-News\/coapa5Rb0P19FBL.jpg\" data-original=\"https:\/\/cdn.mediamart.vn\/Upload\/download\/2018-3-News\/coapa5Rb0P19FBL.jpg\" \/><\/p>\n<h3>THI\u1ebeT K\u1ebe CAO C\u1ea4P SANG TR\u1eccNG<\/h3>\n<p>V\u1edbi ch\u1ea5t li\u1ec7u inox m\u00e0u X\u00e1m v\u00e0 Tr\u1eafng sang tr\u1ecdng , c\u00f9ng thi\u1ebft k\u1ebf c\u1eeda pha l\u00ea trong su\u1ed1t trang nh\u00e3, m\u00e1y gi\u1eb7t Samsung Addwash t\u1ea1o \u0111i\u1ec3m nh\u1ea5n tinh t\u1ebf cho kh\u00f4ng gian gi\u1eb7t gi\u0169 trong nh\u00e0 b\u1ea1n<\/p>\n<p><img class=\"lazy\" src=\"https:\/\/cdn.mediamart.vn\/Upload\/download\/2018-3-News\/0PDTgCgdN8r8qyP.jpg\" data-original=\"https:\/\/cdn.mediamart.vn\/Upload\/download\/2018-3-News\/0PDTgCgdN8r8qyP.jpg\" \/><br \/>\nGI\u1eb6T S\u1ea0CH CH\u1ec8 TRONG 59 PH\u00daT<\/p>\n<p>Ch\u1ebf \u0111\u1ed9 gi\u1eb7t s\u1ea1ch si\u00eau t\u1ed1c cho ph\u00e9p m\u00e1y gi\u1eb7t ho\u00e0n th\u00e0nh chu k\u1ef3 gi\u1eb7t b\u00ecnh th\u01b0\u1eddng ch\u1ec9 trong 59 ph\u00fat m\u00e0 v\u1eabn \u0111\u1ea3m b\u1ea3o gi\u1eb7t s\u1ea1ch hi\u1ec7u qu\u1ea3.<\/p>\n<p><img class=\"lazy\" src=\"https:\/\/cdn.mediamart.vn\/Upload\/images\/Untitled-1(38).png\" data-original=\"https:\/\/cdn.mediamart.vn\/Upload\/images\/Untitled-1(38).png\" \/><\/p>\n<h3>CH\u1ebe \u0110\u1ed8 T\u1ef0 L\u00c0M S\u1ea0CH<\/h3>\n<p>T\u1ef1 \u0111\u1ed9ng th\u00f4ng b\u00e1o khi c\u1ea7n v\u1ec7 sinh l\u1ed3ng gi\u1eb7t v\u00e0 gi\u00fap lo\u1ea1i b\u1ecf b\u1ee5i b\u1ea9n, c\u1eb7n b\u00e1m trong m\u00e1y gi\u1eb7t m\u00e0 kh\u00f4ng c\u1ea7n s\u1eed d\u1ee5ng ch\u1ea5t t\u1ea9y r\u1eeda.<\/p>\n<p><img class=\"lazy\" src=\"https:\/\/cdn.mediamart.vn\/Upload\/download\/2018-3-News\/fQ3t7vitw9xkRL3.jpg\" data-original=\"https:\/\/cdn.mediamart.vn\/Upload\/download\/2018-3-News\/fQ3t7vitw9xkRL3.jpg\" \/><\/p>\n<h3>C\u00d4NG NGH\u1ec6 VRT PLUS<\/h3>\n<p>Gi\u1ea3m \u1ed3n ch\u1ed1ng rung : Gi\u1ea3m \u0111\u1ebfn 40% \u0111\u1ed9 rung l\u1eafc c\u1ee7a m\u00e1y, gi\u1eef cho l\u1ed3ng gi\u1eb7t lu\u00f4n \u0111\u01b0\u1ee3c c\u00e2n b\u1eb1ng, gi\u1ea3m \u0111\u1ed9 \u1ed3n v\u00e0 rung<\/p>\n<p><img class=\"lazy\" src=\"https:\/\/cdn.mediamart.vn\/Upload\/images\/VRT-M(4).png\" data-original=\"https:\/\/cdn.mediamart.vn\/Upload\/images\/VRT-M(4).png\" \/><iframe loading=\"lazy\" src=\"https:\/\/www.youtube.com\/embed\/5JXNan2P1os\" width=\"745\" height=\"400\" frameborder=\"0\" data-mce-fragment=\"1\"><\/iframe><\/p>\n<h3>L\u1ed2NG GI\u1eb6T KIM C\u01af\u01a0NG<\/h3>\n<p>Thi\u1ebft k\u1ebf b\u1ec1 m\u1eb7t l\u1ed3ng gi\u1eb7t \u0111\u1ed9c \u0111\u00e1o gi\u00fap l\u00e0m s\u1ea1ch hi\u1ec7u qu\u1ea3 qu\u1ea7n \u00e1o. \u0110\u1ed3ng th\u1eddi c\u00e1c l\u1ed7 tho\u00e1t n\u01b0\u1edbc nh\u1ecf h\u01a1n tr\u00ean l\u1ed3ng gi\u1eb7t nh\u1eb9 nh\u00e0ng ch\u0103m s\u00f3c s\u1ee3i v\u1ea3i kh\u00f4ng b\u1ecb t\u01b0a s\u1eddn<\/p>\n<p><img class=\"lazy\" src=\"https:\/\/cdn.mediamart.vn\/Upload\/download\/2018-3-News\/tvMXGn5mU3rs67o.jpg\" data-original=\"https:\/\/cdn.mediamart.vn\/Upload\/download\/2018-3-News\/tvMXGn5mU3rs67o.jpg\" \/><\/p>\n<h3>SMART CONTROL<\/h3>\n<h5>\u0110i\u1ec1u khi\u1ec3n m\u00e1y gi\u1eb7t m\u1ecdi l\u00fac m\u1ecdi n\u01a1i<\/h5>\n<p>\u1ee8ng d\u1ee5ng cho ph\u00e9p b\u1ea1n d\u1ec5 d\u00e0ng \u0111i\u1ec1u khi\u1ec3n v\u00e0 ki\u1ec3m so\u00e1t chi\u1ebfc m\u00e1y gi\u1eb7t c\u1ee7a m\u00ecnh b\u1ea5t c\u1ee9 l\u00fac n\u00e0o, \u1edf b\u1ea5t c\u1ee9 \u0111\u00e2u.<\/p>\n<p><img class=\"lazy\" src=\"https:\/\/cdn.mediamart.vn\/Upload\/download\/2018-3-News\/ldjohfv8KtK4OeH.jpg\" data-original=\"https:\/\/cdn.mediamart.vn\/Upload\/download\/2018-3-News\/ldjohfv8KtK4OeH.jpg\" \/><\/p>\n<div class=\"cl\"><\/div>\n<\/div>\n<div class=\"nav-news-epx\"><\/div>\n","protected":false},"excerpt":{"rendered":"<p>Thi\u1ebft k\u1ebf \u0111\u01a1n gi\u1ea3n, g\u1ea7n g\u0169i v\u1edbi ng\u01b0\u1eddi d\u00f9ng.<br \/>\nC\u00f4ng ngh\u1ec7 inverter\u00a0 gi\u00fap ti\u1ebft ki\u1ec7m \u0111i\u1ec7n n\u0103ng, t\u0103ng tu\u1ed5i th\u1ecd.<br \/>\nL\u1ed3ng gi\u1eb7t kim c\u01b0\u01a1ng &#8211; L\u00e0m s\u1ea1ch hi\u1ec7u qu\u1ea3.<br \/>\nS\u1ea1ch gi\u1eb7t v\u00e0 ti\u1ebft ki\u1ec7m v\u1edbi n\u0103ng h\u01a1n v\u1edbi c\u00f4ng ngh\u1ec7 Eco Bubble.<\/p>\n<p>&nbsp;<\/p>\n","protected":false},"featured_media":2005,"comment_status":"open","ping_status":"closed","template":"","meta":[],"_links":{"self":[{"href":"http:\/\/maudep.com.vn\/chuyengiadienmay\/index.php?rest_route=\/wp\/v2\/product\/2003"}],"collection":[{"href":"http:\/\/maudep.com.vn\/chuyengiadienmay\/index.php?rest_route=\/wp\/v2\/product"}],"about":[{"href":"http:\/\/maudep.com.vn\/chuyengiadienmay\/index.php?rest_route=\/wp\/v2\/types\/product"}],"replies":[{"embeddable":true,"href":"http:\/\/maudep.com.vn\/chuyengiadienmay\/index.php?rest_route=%2Fwp%2Fv2%2Fcomments&post=2003"}],"wp:featuredmedia":[{"embeddable":true,"href":"http:\/\/maudep.com.vn\/chuyengiadienmay\/index.php?rest_route=\/wp\/v2\/media\/2005"}],"wp:attachment":[{"href":"http:\/\/maudep.com.vn\/chuyengiadienmay\/index.php?rest_route=%2Fwp%2Fv2%2Fmedia&parent=2003"}],"curies":[{"name":"wp","href":"https:\/\/api.w.org\/{rel}","templated":true}]}}