{"id":2006,"date":"2019-01-02T11:20:56","date_gmt":"2019-01-02T04:20:56","guid":{"rendered":"http:\/\/maudep.com.vn\/chuyengiadienmay\/?post_type=product&#038;p=2006"},"modified":"2019-01-15T14:50:29","modified_gmt":"2019-01-15T07:50:29","slug":"may-giat-9kg-lg-fc1409s3w-long-ngang","status":"publish","type":"product","link":"http:\/\/maudep.com.vn\/chuyengiadienmay\/?product=may-giat-9kg-lg-fc1409s3w-long-ngang","title":{"rendered":"M\u00e1y gi\u1eb7t 9kg LG FC1409S3W l\u1ed3ng ngang"},"content":{"rendered":"<div class=\"pd-news-content\">\n<h3>Ch\u1ed1ng d\u1ecb \u1ee9ng v\u1edbi s\u1ee9c m\u1ea1nh c\u1ee7a TrueSteam \u2122<\/h3>\n<p>Chu tr\u00ecnh ch\u0103m s\u00f3c d\u1ecb \u1ee9ng s\u1eed d\u1ee5ng n\u01b0\u1edbc v\u00e0 nhi\u1ec7t \u0111\u1ec3 t\u1ea1o ra m\u1ed9t tia si\u00eau kh\u1eed tr\u00f9ng l\u00e0m s\u1ea1ch qu\u1ea7n \u00e1o trong khi v\u1eabn nh\u1eb9 nh\u00e0ng tr\u00ean \u0111\u00f3.\u00a0\u0110i\u1ec1u n\u00e0y l\u00e0m gi\u1ea3m 99,9% ch\u1ea5t g\u00e2y d\u1ecb \u1ee9ng, ch\u1eb3ng h\u1ea1n nh\u01b0 b\u1ee5i b\u1ecd c\u00f3 th\u1ec3 g\u00e2y d\u1ecb \u1ee9ng ho\u1eb7c c\u00e1c v\u1ea5n \u0111\u1ec1 h\u00f4 h\u1ea5p.<\/p>\n<p><img class=\"lazy\" src=\"https:\/\/cdn.mediamart.vn\/Upload\/download\/2017-9-News\/WcT01t881hf0GyQ.jpg\" data-original=\"https:\/\/cdn.mediamart.vn\/Upload\/download\/2017-9-News\/WcT01t881hf0GyQ.jpg\" \/><\/p>\n<h3>R\u1eeda s\u1ea1ch nhanh v\u00e0 s\u1ea1ch v\u1edbi TurboWash \u2122<\/h3>\n<p>TurboWash \u2122 l\u00e0m gi\u1ea3m th\u1eddi gian c\u1ee7a m\u1ed9t ch\u01b0\u01a1ng tr\u00ecnh gi\u1eb7t th\u01b0\u1eddng \u0111\u1ebfn 59 ph\u00fat, gi\u1ea3m n\u01b0\u1edbc v\u00e0 s\u1eed d\u1ee5ng n\u0103ng l\u01b0\u1ee3ng.\u00a0N\u00f3 phun n\u01b0\u1edbc tr\u1ef1c ti\u1ebfp l\u00ean v\u1ea3i kho\u1ea3ng 120 gi\u00e2y, l\u00e0m cho chu tr\u00ecnh r\u1eeda \u0111\u00e3 \u0111\u01b0\u1ee3c \u1ea5n t\u01b0\u1ee3ng th\u1eadm ch\u00ed c\u00f2n hi\u1ec7u qu\u1ea3 h\u01a1n bao gi\u1edd h\u1ebft.<\/p>\n<p><img class=\"lazy\" src=\"https:\/\/cdn.mediamart.vn\/Upload\/download\/2017-9-News\/l9p98j7LA3x5I86.jpg\" data-original=\"https:\/\/cdn.mediamart.vn\/Upload\/download\/2017-9-News\/l9p98j7LA3x5I86.jpg\" \/><\/p>\n<h3>Th\u00eam c\u00e1c m\u1ee5c b\u1ecb l\u00e3ng qu\u00ean gi\u1eefa chu k\u1ef3<\/h3>\n<p>N\u1ebfu b\u1ea1n b\u1ecf l\u1ee1 \u0111\u1ec3 gi\u1eb7t qu\u1ea7n \u00e1o trong khi r\u1eeda, ch\u1ec9 c\u1ea7n nh\u1ea5n &#8220;Add Items&#8221; v\u00e0 th\u00eam b\u1ea5t c\u1ee9 qu\u1ea7n \u00e1o n\u00e0o t\u1eeb v\u1edb nh\u1ecf \u0111\u1ebfn \u00e1o kho\u00e1c l\u1edbn.\u00a0B\u00f4ng, Tr\u1ed9n, Ch\u0103m s\u00f3c D\u1ec5 d\u00e0ng, T\u1ed1c \u0111\u1ed914 t\u00f9y ch\u1ecdn n\u00e0o b\u1ea1n ch\u1ecdn, c\u1eeda c\u00f3 th\u1ec3 m\u1edf ra * ngay l\u1eadp t\u1ee9c \u00edt h\u01a1n 3 gi\u00e2y trong khi gi\u1eb7t.<\/p>\n<p><img class=\"lazy\" src=\"https:\/\/cdn.mediamart.vn\/Upload\/download\/2017-9-News\/ffALZ2qCUMb780A.jpg\" data-original=\"https:\/\/cdn.mediamart.vn\/Upload\/download\/2017-9-News\/ffALZ2qCUMb780A.jpg\" \/><img class=\"lazy\" src=\"https:\/\/cdn.mediamart.vn\/Upload\/download\/2017-9-News\/A65MEqSOo5jxag1.jpg\" data-original=\"https:\/\/cdn.mediamart.vn\/Upload\/download\/2017-9-News\/A65MEqSOo5jxag1.jpg\" \/><\/p>\n<h3>Rung \u0111\u1ed9ng \u00edt h\u01a1n, \u1ed3n \u00edt h\u01a1n<\/h3>\n<p>\u0110\u1ed9ng c\u01a1 Direct Drive \u0110\u1ed9ng c\u01a1 bi\u1ebfn t\u1ea7n cung c\u1ea5p n\u0103ng l\u01b0\u1ee3ng cho m\u00e1y gi\u1eb7t c\u1ee7a ch\u00fang t\u00f4i l\u00e0 si\u00eau \u0111\u00e1ng tin c\u1eady v\u00e0 th\u1ef1c s\u1ef1 y\u00ean t\u0129nh.\u00a0Ch\u00fang t\u00f4i bi\u1ebft \u0111\u00f3 l\u00e0 m\u1ed9t trong nh\u1eefng chi\u1ebfc m\u00e1y gi\u1eb7t t\u1ed1t nh\u1ea5t tr\u00ean th\u1ecb tr\u01b0\u1eddng, \u0111\u00f3 l\u00e0 l\u00fd do t\u1ea1i sao t\u1ea5t c\u1ea3 c\u00e1c m\u00e1y c\u1ee7a ch\u00fang t\u00f4i \u0111i k\u00e8m v\u1edbi m\u1ed9t b\u1ea3o h\u00e0nh ti\u00eau chu\u1ea9n 10 n\u0103m tr\u00ean \u0111\u1ed9ng c\u01a1.\u00a0Kh\u00f4ng c\u00f3 g\u00ec ti\u00eau chu\u1ea9n v\u1ec1 \u0111i\u1ec1u \u0111\u00f3 b\u00e2y gi\u1edd, c\u00f3 ph\u1ea3i kh\u00f4ng?<\/p>\n<p><img class=\"lazy\" src=\"https:\/\/cdn.mediamart.vn\/Upload\/download\/2017-9-News\/JvRvrReK3gmr4W4.jpg\" data-original=\"https:\/\/cdn.mediamart.vn\/Upload\/download\/2017-9-News\/JvRvrReK3gmr4W4.jpg\" \/><\/p>\n<h3>Thu\u1eadn ti\u1ec7n th\u00f4ng minh v\u1edbi SmartThinQ \u2122<\/h3>\n<p>T\u1eeb vi\u1ec7c v\u1eadn h\u00e0nh m\u00e1y gi\u1eb7t t\u1eeb xa \u0111\u1ec3 t\u1ea3i th\u00eam chu k\u1ef3, m\u00e1y gi\u1eb7t c\u1ee7a b\u1ea1n ch\u1ec9 c\u1ea7n th\u00f4ng minh h\u01a1n.\u00a0D\u1ec5 d\u00e0ng t\u01b0\u01a1ng t\u00e1c v\u1edbi n\u00f3 v\u00e0 truy c\u1eadp v\u00e0o nh\u1eefng \u0111\u1ed5i m\u1edbi m\u1edbi nh\u1ea5t v\u1edbi k\u1ebft n\u1ed1i Wi-Fi.<\/p>\n<p><img class=\"lazy\" src=\"https:\/\/cdn.mediamart.vn\/Upload\/download\/2017-9-News\/Ng9G0c4EKP8iS82.jpg\" data-original=\"https:\/\/cdn.mediamart.vn\/Upload\/download\/2017-9-News\/Ng9G0c4EKP8iS82.jpg\" \/><\/p>\n<div class=\"cl\"><\/div>\n<\/div>\n<div class=\"nav-news-epx\"><\/div>\n","protected":false},"excerpt":{"rendered":"<p>&#8211; 6 Chuy\u1ec3n \u0111\u1ed9ng gi\u1eb7t 6motionDD chuy\u1ec3n \u0111\u1ed9ng l\u1ed3ng gi\u1eb7t theo c\u00e1c h\u01b0\u1edbng kh\u00e1c nhau<br \/>\n&#8211; \u0110\u1ed9ng c\u01a1 d\u1eabn \u0111\u1ed9ng tr\u1ef1c ti\u1ebfp Inverter gi\u1ea3m rung v\u00e0 \u1ed3n, cho qu\u00e1 tr\u00ecnh gi\u1eb7t \u00eam \u00e1i<br \/>\n&#8211; Ch\u1ea9n \u0111o\u00e1n th\u00f4ng minh gi\u00fap nhanh ch\u00f3ng x\u00e1c \u0111\u1ecbnh nh\u1eefng l\u1ed7i nh\u1ecf th\u01b0\u1eddng g\u1eb7p<\/p>\n<p>&nbsp;<\/p>\n","protected":false},"featured_media":2008,"comment_status":"open","ping_status":"closed","template":"","meta":[],"_links":{"self":[{"href":"http:\/\/maudep.com.vn\/chuyengiadienmay\/index.php?rest_route=\/wp\/v2\/product\/2006"}],"collection":[{"href":"http:\/\/maudep.com.vn\/chuyengiadienmay\/index.php?rest_route=\/wp\/v2\/product"}],"about":[{"href":"http:\/\/maudep.com.vn\/chuyengiadienmay\/index.php?rest_route=\/wp\/v2\/types\/product"}],"replies":[{"embeddable":true,"href":"http:\/\/maudep.com.vn\/chuyengiadienmay\/index.php?rest_route=%2Fwp%2Fv2%2Fcomments&post=2006"}],"wp:featuredmedia":[{"embeddable":true,"href":"http:\/\/maudep.com.vn\/chuyengiadienmay\/index.php?rest_route=\/wp\/v2\/media\/2008"}],"wp:attachment":[{"href":"http:\/\/maudep.com.vn\/chuyengiadienmay\/index.php?rest_route=%2Fwp%2Fv2%2Fmedia&parent=2006"}],"curies":[{"name":"wp","href":"https:\/\/api.w.org\/{rel}","templated":true}]}}