{"id":2012,"date":"2019-01-02T11:30:00","date_gmt":"2019-01-02T04:30:00","guid":{"rendered":"http:\/\/maudep.com.vn\/chuyengiadienmay\/?post_type=product&#038;p=2012"},"modified":"2019-01-15T14:24:17","modified_gmt":"2019-01-15T07:24:17","slug":"may-giat-7-5kg-lg-fc1475n5w2","status":"publish","type":"product","link":"http:\/\/maudep.com.vn\/chuyengiadienmay\/?product=may-giat-7-5kg-lg-fc1475n5w2","title":{"rendered":"M\u00e1y gi\u1eb7t 7.5kg LG FC1475N5W2"},"content":{"rendered":"<h3 class=\"pd-news-title\">M\u00e1y gi\u1eb7t 7.5kg LG FC1475N5W2<\/h3>\n<div class=\"pd-news-content\">\n<h3>M\u00e1y gi\u1eb7t c\u1eeda tr\u01b0\u1edbc hi\u1ec7n \u0111\u1ea1i, b\u1ea3ng \u0111i\u1ec1u khi\u1ec3n song ng\u1eef d\u1ec5 s\u1eed d\u1ee5ng<\/h3>\n<p>M\u00e1y gi\u1eb7t LG FC1475N5W2\u00a0\u0111\u1ebfn t\u1eeb th\u01b0\u01a1ng hi\u1ec7u\u00a0LG\u00a0n\u1ed5i ti\u1ebfng c\u00f3\u00a0thi\u1ebft k\u1ebf\u00a0c\u1eeda tr\u01b0\u1edbc\u00a0hi\u1ec7n \u0111\u1ea1i, b\u1ea3ng \u0111i\u1ec1u khi\u1ec3n song ng\u1eef th\u00e2n thi\u1ec7n, ti\u1ec7n l\u1ee3i gi\u00fap cho b\u1ea1n d\u1ec5 d\u00e0ng thao t\u00e1c, s\u1eed d\u1ee5ng m\u00e1y.<\/p>\n<p><img class=\"lazy\" src=\"https:\/\/cdn.mediamart.vn\/Upload\/download\/2017-12-News\/afexfsKkO1jhs72.jpg\" data-original=\"https:\/\/cdn.mediamart.vn\/Upload\/download\/2017-12-News\/afexfsKkO1jhs72.jpg\" \/><\/p>\n<h3>Kh\u1ed1i l\u01b0\u1ee3ng gi\u1eb7t 7.5 kg<\/h3>\n<p>N\u1ebfu b\u1ea1n \u0111ang t\u00ecm ki\u1ebfm m\u1ed9t chi\u1ebfc m\u00e1y gi\u1eb7t\u00a0l\u1ed3ng gi\u1eb7t ngang\u00a0\u0111\u1ee7 s\u1ee9c gi\u1eb7t qu\u1ea7n \u00e1o cho 4-5 ng\u01b0\u1eddi th\u00ec chi\u1ebfc m\u00e1y gi\u1eb7t LG FC1475N5W2 v\u1edbi\u00a0kh\u1ed1i l\u01b0\u1ee3ng gi\u1eb7t\u00a07.5\u00a0kg\u00a0s\u1ebd l\u00e0 m\u1ed9t s\u1ef1 l\u1ef1a ch\u1ecdn v\u00f4 c\u00f9ng l\u00fd t\u01b0\u1edfng.<\/p>\n<p><img class=\"lazy\" src=\"https:\/\/cdn.mediamart.vn\/Upload\/download\/2017-12-News\/vu4EN71E9x8ke3X.jpg\" data-original=\"https:\/\/cdn.mediamart.vn\/Upload\/download\/2017-12-News\/vu4EN71E9x8ke3X.jpg\" \/><\/p>\n<h3>C\u00f4ng ngh\u1ec7 Inverter truy\u1ec1n \u0111\u1ed9ng tr\u1ef1c ti\u1ebfp \u00eam \u00e1i<\/h3>\n<p>M\u00e1y gi\u1eb7t\u00a0v\u1eadn h\u00e0nh \u1ed3n \u00e0o g\u00e2y kh\u00f3 ch\u1ecbu, \u1ea3nh h\u01b0\u1edfng \u0111\u1ebfn ng\u01b0\u1eddi gi\u00e0 v\u00e0 tr\u1ebb nh\u1ecf s\u1ebd kh\u00f4ng c\u00f2n l\u00e0 n\u1ed7i b\u1eadn t\u00e2m v\u00ec \u0111\u00e3 c\u00f3 c\u00f4ng ngh\u1ec7\u00a0Inverter\u00a0truy\u1ec1n \u0111\u1ed9ng tr\u1ef1c ti\u1ebfp. B\u00ean c\u1ea1nh kh\u1ea3 n\u0103ng h\u1ea1n ch\u1ebf ti\u1ebfng \u1ed3n, v\u1eadn h\u00e0nh \u00eam \u00e1i, b\u1ec1n b\u1ec9, c\u00f4ng ngh\u1ec7 n\u00e0y c\u00f2n gi\u00fap gia \u0111\u00ecnh b\u1ea1n ti\u1ebft ki\u1ec7m m\u1ed9t l\u01b0\u1ee3ng \u0111i\u1ec7n n\u0103ng \u0111\u00e1ng k\u1ec3.<\/p>\n<p><img class=\"lazy\" src=\"https:\/\/cdn.mediamart.vn\/Upload\/download\/2017-12-News\/agCn8YzVc36H6RI.jpg\" data-original=\"https:\/\/cdn.mediamart.vn\/Upload\/download\/2017-12-News\/agCn8YzVc36H6RI.jpg\" \/><\/p>\n<h3>Ti\u1ebft ki\u1ec7m th\u1eddi gian v\u1edbi ch\u1ee9c n\u0103ng t\u1ef1 kh\u1edfi \u0111\u1ed9ng l\u1ea1i khi c\u00f3 \u0111i\u1ec7n<\/h3>\n<p>\u0110\u01b0\u1ee3c trang b\u1ecb ch\u1ee9c n\u0103ng\u00a0t\u1ef1 kh\u1edfi \u0111\u1ed9ng l\u1ea1i khi c\u00f3 \u0111i\u1ec7n,\u00a0trong tr\u01b0\u1eddng h\u1ee3p b\u1ecb m\u1ea5t \u0111i\u1ec7n khi \u0111ang ch\u1ea1y, m\u00e1y gi\u1eb7t\u00a0LG FC1475N5W2 c\u00f3 th\u1ec3 ghi nh\u1edb ch\u01b0\u01a1ng tr\u00ecnh gi\u1eb7t l\u00fac \u0111\u00f3. Khi c\u00f3 \u0111i\u1ec7n tr\u1edf l\u1ea1i, m\u00e1y gi\u1eb7t s\u1ebd t\u1ef1 \u0111\u1ed9ng th\u1ef1c hi\u1ec7n c\u00e1c b\u01b0\u1edbc ti\u1ebfp theo c\u1ee7a chu tr\u00ecnh gi\u1eb7t m\u00e0 b\u1ea1n kh\u00f4ng ph\u1ea3i t\u1ed1n th\u1eddi gian c\u00e0i \u0111\u1eb7t l\u1ea1i ch\u01b0\u01a1ng trinh.<\/p>\n<p><img class=\"lazy\" src=\"https:\/\/cdn.mediamart.vn\/Upload\/download\/2017-12-News\/mbyx663KKm4529X.jpg\" data-original=\"https:\/\/cdn.mediamart.vn\/Upload\/download\/2017-12-News\/mbyx663KKm4529X.jpg\" \/><\/p>\n<h3>Ch\u0103m s\u00f3c s\u1ee3i v\u1ea3i t\u1ed1t h\u01a1n v\u1edbi c\u00f4ng ngh\u1ec7 gi\u1eb7t m\u00f4 ph\u1ecfng b\u00e0n tay con ng\u01b0\u1eddi<\/h3>\n<p>Nh\u1edd v\u00e0o c\u00f4ng ngh\u1ec7\u00a0gi\u1eb7t 6 chuy\u1ec3n \u0111\u1ed9ng\u00a0m\u00f4 ph\u1ecfng theo b\u00e0n tay con ng\u01b0\u1eddi, s\u1ee3i v\u1ea3i s\u1ebd \u0111\u01b0\u1ee3c ch\u0103m s\u00f3c t\u1ed1t h\u01a1n, gi\u00fap cho qu\u1ea7n \u00e1o c\u1ee7a gia \u0111\u00ecnh b\u1ea1n kh\u00f4ng ch\u1ec9 \u0111\u01b0\u1ee3c gi\u1eb7t s\u1ea1ch m\u00e0 c\u00f2n \u0111\u01b0\u1ee3c b\u1ea3o v\u1ec7 kh\u1ecfi h\u01b0 h\u1ecfng, s\u1eddn v\u1ea3i, b\u1ea3o v\u1ec7 qu\u1ea7n \u00e1o b\u1ec1n \u0111\u1eb9p l\u00e2u h\u01a1n.<\/p>\n<p><img class=\"lazy\" src=\"https:\/\/cdn.mediamart.vn\/Upload\/download\/2017-12-News\/4V7zIwgrB7pkNQe.jpg\" data-original=\"https:\/\/cdn.mediamart.vn\/Upload\/download\/2017-12-News\/4V7zIwgrB7pkNQe.jpg\" \/><\/p>\n<h3>Ch\u1ee9c n\u0103ng ch\u1ea9n \u0111o\u00e1n th\u00f4ng minh TM &amp; TagOn<\/h3>\n<p>V\u1edbi\u00a0ch\u1ee9c n\u0103ng ch\u1ea9n \u0111o\u00e1n th\u00f4ng minh, ch\u1ec9 c\u1ea7n c\u00f3 Smartphone, b\u1ea1n s\u1ebd d\u1ec5 d\u00e0ng theo d\u00f5i \u0111\u01b0\u1ee3c t\u00ecnh tr\u1ea1ng ho\u1ea1t \u0111\u1ed9ng c\u1ee7a m\u00e1y gi\u1eb7t, \u0111\u1ed3ng th\u1eddi nhanh ch\u00f3ng bi\u1ebft \u0111\u01b0\u1ee3c m\u00e1y gi\u1eb7t b\u1ecb h\u01b0 h\u1ecfng ra sao v\u00e0 k\u1ecbp th\u1eddi s\u1eeda ch\u1eefa.<\/p>\n<\/div>\n","protected":false},"excerpt":{"rendered":"<p>M\u00e1y gi\u1eb7t l\u1ed3ng ngang 7.5Kg, 9 ch\u01b0\u01a1ng tr\u00ecnh gi\u1eb7t, T\u1ed1c \u0111\u1ed9 quay v\u1eaft\u00a01400 v\u00f2ng\/ph\u00fat<br \/>\nCh\u1ea9n \u0111o\u00e1n th\u00f4ng minhTM \u00a0 gi\u00fap ti\u1ebft ki\u1ec7m chi ph\u00ed b\u1ea3o h\u00e0nh<br \/>\n\u0110\u01b0\u1eddng k\u00ednh c\u1eeda l\u1edbn 30cm, g\u00f3c m\u1edf r\u1ed9ng 180 \u0111\u1ed9<\/p>\n<p>&nbsp;<\/p>\n","protected":false},"featured_media":2014,"comment_status":"open","ping_status":"closed","template":"","meta":[],"_links":{"self":[{"href":"http:\/\/maudep.com.vn\/chuyengiadienmay\/index.php?rest_route=\/wp\/v2\/product\/2012"}],"collection":[{"href":"http:\/\/maudep.com.vn\/chuyengiadienmay\/index.php?rest_route=\/wp\/v2\/product"}],"about":[{"href":"http:\/\/maudep.com.vn\/chuyengiadienmay\/index.php?rest_route=\/wp\/v2\/types\/product"}],"replies":[{"embeddable":true,"href":"http:\/\/maudep.com.vn\/chuyengiadienmay\/index.php?rest_route=%2Fwp%2Fv2%2Fcomments&post=2012"}],"wp:featuredmedia":[{"embeddable":true,"href":"http:\/\/maudep.com.vn\/chuyengiadienmay\/index.php?rest_route=\/wp\/v2\/media\/2014"}],"wp:attachment":[{"href":"http:\/\/maudep.com.vn\/chuyengiadienmay\/index.php?rest_route=%2Fwp%2Fv2%2Fmedia&parent=2012"}],"curies":[{"name":"wp","href":"https:\/\/api.w.org\/{rel}","templated":true}]}}