{"id":2015,"date":"2019-01-02T11:35:05","date_gmt":"2019-01-02T04:35:05","guid":{"rendered":"http:\/\/maudep.com.vn\/chuyengiadienmay\/?post_type=product&#038;p=2015"},"modified":"2019-01-15T14:49:57","modified_gmt":"2019-01-15T07:49:57","slug":"may-giat-9kg-lg-fc1409s2w-inverter","status":"publish","type":"product","link":"http:\/\/maudep.com.vn\/chuyengiadienmay\/?product=may-giat-9kg-lg-fc1409s2w-inverter","title":{"rendered":"M\u00e1y gi\u1eb7t 9Kg LG FC1409S2W Inverter"},"content":{"rendered":"<h3 class=\"pd-news-title\">M\u00e1y gi\u1eb7t 9Kg LG FC1409S2W Inverter<\/h3>\n<div class=\"pd-news-content\">\n<p><img class=\"lazy\" src=\"https:\/\/cdn.mediamart.vn\/Upload\/download\/2016-11\/may-giat-9-kg-lg-f1409dprw1-long-ngang-inverter-co-say-013Rl3.jpg\" data-original=\"https:\/\/cdn.mediamart.vn\/Upload\/download\/2016-11\/may-giat-9-kg-lg-f1409dprw1-long-ngang-inverter-co-say-013Rl3.jpg\" \/><\/p>\n<p><strong>D\u1eeaNG &amp; TH\u00caM \u0110\u1ed2 GI\u1eb6T<\/strong><\/p>\n<p>N\u1ebfu b\u1ea1n qu\u00ean kh\u00f4ng b\u1ecf \u0111\u1ee7 \u0111\u1ed3 gi\u1eb7t trong khi m\u00e1y \u0111\u00e3 v\u1eadn h\u00e0nh, ch\u1ec9 c\u1ea7n nh\u1ea5n n\u00fat &#8220;Pause&#8221; v\u00e0 th\u00eam \u0111\u1ed3 gi\u1eb7t m\u00e0 b\u1ea1n mong mu\u1ed1n, t\u1eeb \u0111\u00f4i t\u1ea5t hay \u00e1o kho\u00e1c,t\u1ea5t c\u1ea3 \u0111\u1ec1u c\u00f3 th\u1ec3. Chu tr\u00ecnh Cotton, \u0110\u1ed3 h\u1ed7n h\u1ee3p, Gi\u1eb7t nh\u1eb9 nh\u00e0ng, Gi\u1eb7t 14 ph\u00fat v.v&#8230;, b\u1ea5t c\u1ee9 chu tr\u00ecnh n\u00e0o b\u1ea1n ch\u1ecdn, c\u1eeda \u0111\u1ec1u c\u00f3 th\u1ec3 m\u1edf \u0111\u01b0\u1ee3c ngay l\u1eadp t\u1ee9c (kho\u1ea3ng 3 gi\u00e2y)** trong khi gi\u1eb7t.<\/p>\n<p><img class=\"lazy\" src=\"https:\/\/cdn.mediamart.vn\/Upload\/download\/2016-11\/may-giat-9-kg-lg-f1409dprw1-long-ngang-inverter-co-say-S9l1B9.jpg\" data-original=\"https:\/\/cdn.mediamart.vn\/Upload\/download\/2016-11\/may-giat-9-kg-lg-f1409dprw1-long-ngang-inverter-co-say-S9l1B9.jpg\" \/><\/p>\n<p><strong>6 chuy\u1ec3n \u0111\u1ed9ng gi\u1eb7t &#8211; THAY \u0110\u00d4I TAY ch\u0103m s\u00f3c \u00e1o qu\u1ea7n<\/strong><\/p>\n<p>Trong chu tr\u00ecnh gi\u1eb7t, 6 Chuy\u1ec3n \u0111\u1ed9ng gi\u1eb7t 6motionDD s\u1ebd chuy\u1ec3n \u0111\u1ed9ng l\u1ed3ng gi\u1eb7t theo c\u00e1c h\u01b0\u1edbng kh\u00e1c nhau \u0111\u1ec3 \u0111em l\u1ea1i hi\u1ec7u qu\u1ea3 gi\u1eb7t t\u1ed1i \u01b0u, cho ph\u00e9p b\u1ea1n gi\u1eb7t th\u1eadt s\u1ea1ch m\u00e0 v\u1eabn ch\u0103m s\u00f3c nh\u1eb9 nh\u00e0ng \u00e1o qu\u1ea7n<\/p>\n<p><img class=\"lazy\" src=\"https:\/\/cdn.mediamart.vn\/Upload\/download\/2016-11\/may-giat-9-kg-lg-f1409dprw1-long-ngang-inverter-co-say-MwVw3z.jpg\" data-original=\"https:\/\/cdn.mediamart.vn\/Upload\/download\/2016-11\/may-giat-9-kg-lg-f1409dprw1-long-ngang-inverter-co-say-MwVw3z.jpg\" \/><br \/>\n<strong>\u0110\u1ed9ng c\u01a1 d\u1eabn \u0111\u1ed9ng tr\u1ef1c ti\u1ebfp Inverter GI\u1ea2M RUNG &amp; \u1ed2N<\/strong><\/p>\n<p>\u0110\u1ed9ng c\u01a1 D\u1eabn \u0111\u1ed9ng tr\u1ef1c ti\u1ebfp &#8211; tr\u00e1i tim c\u1ee7a m\u00e1y gi\u1eb7t &#8211; c\u1ef1c k\u00ec \u0111\u00e1ng tin c\u1eady v\u00e0 \u00eam \u00e1i. \u0110\u00e2y ch\u00ednh l\u00e0 \u0111\u1ed9ng c\u01a1 t\u1ed1t nh\u1ea5t d\u00e0nh cho m\u00e1y gi\u1eb7t hi\u1ec7n nay, \u0111\u00f3 l\u00e0 l\u00ed do v\u00ec sao m\u00e1y gi\u1eb7t LG \u0111\u01b0\u1ee3c b\u1ea3o h\u00e0nh t\u1edbi 10 n\u0103m cho \u0111\u1ed9ng c\u01a1 v\u00e0 linh ki\u1ec7n. B\u1ec1n b\u1ec9, \u00eam \u00e1i ch\u00ednh l\u00e0 ti\u00eau ch\u00ed h\u00e0ng \u0111\u1ea7u khi ch\u1ecdn m\u00e1y gi\u1eb7t, b\u1ea1n c\u00f2n ch\u1edd g\u00ec n\u1eefa m\u00e0 kh\u00f4ng tr\u1ea3i nghi\u1ec7m \u0111i\u1ec1u tuy\u1ec7t v\u1eddi n\u00e0y?<\/p>\n<p><img class=\"lazy\" src=\"https:\/\/cdn.mediamart.vn\/Upload\/download\/2016-11\/may-giat-9-kg-lg-f1409dprw1-long-ngang-inverter-co-say-JH59iA.jpg\" data-original=\"https:\/\/cdn.mediamart.vn\/Upload\/download\/2016-11\/may-giat-9-kg-lg-f1409dprw1-long-ngang-inverter-co-say-JH59iA.jpg\" \/><\/p>\n<p><strong>TI\u1ec6N \u00cdCH TH\u00d4NG MINH V\u1edaI NFC<\/strong><\/p>\n<p>Tag On cho t\u1ea3i v\u1ec1 chu tr\u00ecnh gi\u1eb7t m\u1edbi v\u00e0o \u0111i\u1ec7n tho\u1ea1i, nh\u01b0 \u0111\u1ed3 len, tr\u1ebb s\u01a1 sinh hay gi\u1eb7t n\u01b0\u1edbc l\u1ea1nh. Ch\u1ec9 c\u1ea7n ch\u1ea1m v\u00e0o bi\u1ec3u t\u01b0\u1ee3ng NFC Tag On \u0111\u1ec3 c\u00e0i \u0111\u1eb7t chu tr\u00ecnh gi\u1eb7t. Chu tr\u00ecnh t\u1ea3i v\u1ec1 ch\u1ee9a \u0111\u1ebfn 20 lo\u1ea1i v\u00e0 \u0111\u01b0\u1ee3c n\u00e2ng c\u1ea5p h\u00e0ng n\u0103m. Ch\u1ea9n \u0111o\u00e1n th\u00f4ng minh gi\u00fap nhanh ch\u00f3ng x\u00e1c \u0111\u1ecbnh nh\u1eefng l\u1ed7i nh\u1ecf th\u01b0\u1eddng g\u1eb7p, tr\u01b0\u1edbc khi ch\u00fang tr\u1edf th\u00e0nh v\u1ea5n \u0111\u1ec1 l\u1edbn h\u01a1n.<\/p>\n<\/div>\n","protected":false},"excerpt":{"rendered":"<p>6 Chuy\u1ec3n \u0111\u1ed9ng gi\u1eb7t 6motionDD chuy\u1ec3n \u0111\u1ed9ng l\u1ed3ng gi\u1eb7t theo c\u00e1c h\u01b0\u1edbng kh\u00e1c nhau<\/p>\n<p>\u0110\u1ed9ng c\u01a1 d\u1eabn \u0111\u1ed9ng tr\u1ef1c ti\u1ebfp Inverter gi\u1ea3m rung v\u00e0 \u1ed3n, cho qu\u00e1 tr\u00ecnh gi\u1eb7t \u00eam \u00e1i<\/p>\n<p>Ch\u1ea9n \u0111o\u00e1n th\u00f4ng minh gi\u00fap nhanh ch\u00f3ng x\u00e1c \u0111\u1ecbnh nh\u1eefng l\u1ed7i nh\u1ecf th\u01b0\u1eddng g\u1eb7p<\/p>\n<p>&nbsp;<\/p>\n","protected":false},"featured_media":2017,"comment_status":"open","ping_status":"closed","template":"","meta":[],"_links":{"self":[{"href":"http:\/\/maudep.com.vn\/chuyengiadienmay\/index.php?rest_route=\/wp\/v2\/product\/2015"}],"collection":[{"href":"http:\/\/maudep.com.vn\/chuyengiadienmay\/index.php?rest_route=\/wp\/v2\/product"}],"about":[{"href":"http:\/\/maudep.com.vn\/chuyengiadienmay\/index.php?rest_route=\/wp\/v2\/types\/product"}],"replies":[{"embeddable":true,"href":"http:\/\/maudep.com.vn\/chuyengiadienmay\/index.php?rest_route=%2Fwp%2Fv2%2Fcomments&post=2015"}],"wp:featuredmedia":[{"embeddable":true,"href":"http:\/\/maudep.com.vn\/chuyengiadienmay\/index.php?rest_route=\/wp\/v2\/media\/2017"}],"wp:attachment":[{"href":"http:\/\/maudep.com.vn\/chuyengiadienmay\/index.php?rest_route=%2Fwp%2Fv2%2Fmedia&parent=2015"}],"curies":[{"name":"wp","href":"https:\/\/api.w.org\/{rel}","templated":true}]}}