{"id":2021,"date":"2019-01-02T11:46:14","date_gmt":"2019-01-02T04:46:14","guid":{"rendered":"http:\/\/maudep.com.vn\/chuyengiadienmay\/?post_type=product&#038;p=2021"},"modified":"2019-02-14T13:16:44","modified_gmt":"2019-02-14T06:16:44","slug":"may-giat-10-5kg-lg-t2350vsaw-smart-inverter","status":"publish","type":"product","link":"http:\/\/maudep.com.vn\/chuyengiadienmay\/?product=may-giat-10-5kg-lg-t2350vsaw-smart-inverter","title":{"rendered":"M\u00e1y gi\u1eb7t 10.5Kg LG T2350VSAW Smart Inverter"},"content":{"rendered":"<div class=\"pd-news-content\">\n<h3>Ti\u1ebft ki\u1ec7m n\u0103ng l\u01b0\u1ee3ng v\u1edbi c\u00f4ng ngh\u1ec7 Smart Inverter<\/h3>\n<p>C\u00f4ng ngh\u1ec7 Smart Inverter lo\u1ea1i b\u1ecf c\u00e1c ho\u1ea1t \u0111\u1ed9ng kh\u00f4ng c\u1ea7n thi\u1ebft b\u1eb1ng c\u00e1ch \u0111i\u1ec1u khi\u1ec3n \u0111i\u1ec7n n\u0103ng ti\u00eau th\u1ee5 m\u1ed9t c\u00e1ch t\u1ed1i \u01b0u.<\/p>\n<p><img class=\"lazy\" src=\"https:\/\/cdn.mediamart.vn\/Upload\/download\/2017-10-News\/XUvzqH792E6ZHCQ.jpg\" data-original=\"https:\/\/cdn.mediamart.vn\/Upload\/download\/2017-10-News\/XUvzqH792E6ZHCQ.jpg\" \/><\/p>\n<h3>B\u1ec1n B\u1ec9 &amp; Gi\u1ea3m Rung \u1ed2n<\/h3>\n<p>\u0110\u1ed9ng c\u01a1 Smart Inverter kh\u00f4ng ch\u1ec9 gi\u1ea3m rung v\u00e0 \u1ed3n t\u1ed1i \u0111a m\u00e0 c\u00f2n t\u0103ng s\u1ef1 b\u1ec1n b\u1ec9 c\u1ee7a \u0111\u1ed9ng c\u01a1. \u0110\u1ed9ng c\u01a1 s\u1ebd \u0111\u01b0\u1ee3c b\u1ea3o h\u00e0nh l\u00ean t\u1edbi 10 n\u0103m.<\/p>\n<p><img class=\"lazy\" src=\"https:\/\/cdn.mediamart.vn\/Upload\/download\/2017-10-News\/4JrK63mZ60g3K3B.jpg\" data-original=\"https:\/\/cdn.mediamart.vn\/Upload\/download\/2017-10-News\/4JrK63mZ60g3K3B.jpg\" \/><\/p>\n<h3>Chuy\u1ec3n \u0111\u1ed9ng th\u00f4ng minh Smart Motion<\/h3>\n<p>Smart Motion l\u00e0 3 chuy\u1ec3n \u0111\u1ed9ng gi\u1eb7t do \u0111\u1ed9ng c\u01a1 Smart Inverter t\u1ea1o ra, \u0111\u1ec3 mang t\u1edbi kh\u1ea3 n\u0103ng gi\u1eb7t t\u1ed1i \u01b0u cho t\u1eebng lo\u1ea1i v\u1ea3i. S\u1ef1 k\u1ebft h\u1ee3p t\u1ed1i \u01b0u gi\u00fap ch\u0103m s\u00f3c \u00e1o qu\u1ea7n ho\u00e0n h\u1ea3o.<\/p>\n<p><img class=\"lazy\" src=\"https:\/\/cdn.mediamart.vn\/Upload\/download\/2017-10-News\/Yo2ADrJ8z8okHh9.jpg\" data-original=\"https:\/\/cdn.mediamart.vn\/Upload\/download\/2017-10-News\/Yo2ADrJ8z8okHh9.jpg\" \/><\/p>\n<h3>Gi\u1eb7t xoay chi\u1ec1u TurboDrum\u2122<\/h3>\n<p>TurboDrum\u2122 mang t\u1edbi hi\u1ec7u n\u0103ng gi\u1eb7t m\u1ea1nh m\u1ebd v\u00e0 kh\u1ea3 n\u0103ng \u0111\u00e1nh b\u1eadt c\u1ea3 c\u00e1c v\u1ebft b\u1ea9n c\u1ee9ng \u0111\u1ea7u nh\u1ea5t nh\u1edd xo\u00e1y n\u01b0\u1edbc m\u1ea1nh m\u1ebd, t\u1ea1o ra b\u1edfi vi\u1ec7c xoay \u0111\u1ea3o h\u01b0\u1edbng l\u1ed3ng gi\u1eb7t v\u00e0 m\u00e2m gi\u1eb7t ng\u01b0\u1ee3c chi\u1ec1u nhau.<\/p>\n<p><img class=\"lazy\" src=\"https:\/\/cdn.mediamart.vn\/Upload\/download\/2017-10-News\/6vdkMyZo1i8kBY2.jpg\" data-original=\"https:\/\/cdn.mediamart.vn\/Upload\/download\/2017-10-News\/6vdkMyZo1i8kBY2.jpg\" \/><\/p>\n<h3>\u0110\u1ea5m n\u01b0\u1edbc Punch+3<\/h3>\n<p>Punch+3 t\u1ea1o ra c\u00e1c d\u00f2ng n\u01b0\u1edbc theo ph\u01b0\u01a1ng th\u1eb3ng \u0111\u1ee9ng, \u0111\u01b0a \u0111\u1ed3 gi\u1eb7t l\u00ean v\u00e0 xu\u1ed1ng li\u00ean t\u1ee5c, mang t\u1edbi hi\u1ec7u qu\u1ea3 gi\u1eb7t \u0111\u1ed3ng \u0111\u1ec1u.<\/p>\n<p><img class=\"lazy\" src=\"https:\/\/cdn.mediamart.vn\/Upload\/download\/2017-10-News\/687gls6RK0vK7vy.jpg\" data-original=\"https:\/\/cdn.mediamart.vn\/Upload\/download\/2017-10-News\/687gls6RK0vK7vy.jpg\" \/><\/p>\n<h3>Gi\u1eb7t s\u01a1 t\u1ef1 \u0111\u1ed9ng<\/h3>\n<p>Ch\u1ec9 v\u1edbi m\u1ed9t ch\u1ea1m, v\u1ebft b\u1ea9n kh\u00f3 gi\u1eb7t s\u1ebd bi\u1ebfn m\u1ea5t.<br \/>\nH\u00e3y \u0111\u1ec3 \u0111\u00f4i b\u00e0n tay c\u1ee7a b\u1ea1n ngh\u1ec9 ng\u01a1i v\u00e0 \u0111\u1ec3 m\u00e1y gi\u1eb7t l\u00e0m c\u00f4ng vi\u1ec7c c\u1ee7a ch\u00fang!<\/p>\n<p><img class=\"lazy\" src=\"https:\/\/cdn.mediamart.vn\/Upload\/download\/2017-10-News\/6FxZyGv86615AmA.jpg\" data-original=\"https:\/\/cdn.mediamart.vn\/Upload\/download\/2017-10-News\/6FxZyGv86615AmA.jpg\" \/><\/p>\n<h3>Th\u00e1c n\u01b0\u1edbc v\u00f2ng cung<\/h3>\n<p>C\u00e1c Th\u00e1c n\u01b0\u1edbc v\u00f2ng cung gi\u00fap h\u00f2a tan b\u1ed9t gi\u1eb7t nhanh ch\u00f3ng \u0111\u1ec3 d\u1ec5 d\u00e0ng th\u1ea9m th\u1ea5u v\u00e0o \u00e1o qu\u1ea7n, \u0111\u1ed3ng th\u1eddi gi\u1ea3m thi\u1ec3u c\u1eb7n b\u1ed9t gi\u1eb7t c\u00f2n s\u00f3t l\u1ea1i g\u00e2y d\u1ecb \u1ee9ng v\u00e0 m\u1ea9n ng\u1ee9a<\/p>\n<p><img class=\"lazy\" src=\"https:\/\/cdn.mediamart.vn\/Upload\/download\/2017-10-News\/l89Dt8T9ZIQoqIh.jpg\" data-original=\"https:\/\/cdn.mediamart.vn\/Upload\/download\/2017-10-News\/l89Dt8T9ZIQoqIh.jpg\" \/><\/p>\n<h3>Ch\u1ea9n \u0111o\u00e1n th\u00f4ng minh Smart Diagnosis\u2122<\/h3>\n<p>Smart Diagnosis\u2122 gi\u00fap ch\u1ea9n \u0111o\u00e1n v\u00e0 kh\u1eafc ph\u1ee5c c\u00e1c s\u1ef1 c\u1ed1 s\u1ea3n ph\u1ea9m, gi\u1ea3m s\u1ed1 l\u1ea7n ph\u1ea3i \u0111\u1ebfn b\u1ea3o d\u01b0\u1ee1ng t\u1ed1n chi ph\u00ed v\u00e0 kh\u00f4ng thu\u1eadn ti\u1ec7n<\/p>\n<p><img class=\"lazy\" src=\"https:\/\/cdn.mediamart.vn\/Upload\/download\/2017-10-News\/ZJvs2kc9g0Pylo3.jpg\" data-original=\"https:\/\/cdn.mediamart.vn\/Upload\/download\/2017-10-News\/ZJvs2kc9g0Pylo3.jpg\" \/><\/p>\n<h3>Thi\u1ebft k\u1ebf an to\u00e0n v\u00e0 thu\u1eadn ti\u1ec7n<\/h3>\n<p>Thi\u1ebft k\u1ebf phong c\u00e1ch v\u00e0 b\u1ec1n b\u1ec9, \u0111\u1ea3m b\u1ea3o s\u1ef1 thu\u1eadn ti\u1ec7n v\u00e0 an to\u00e0n, \u0111\u1ed3ng th\u1eddi mang \u0111\u1ebfn nh\u1eefng t\u00ednh n\u0103ng hi\u1ec7u qu\u1ea3 v\u00e0 \u0111\u1ed5i m\u1edbi.<\/p>\n<p><img class=\"lazy\" src=\"https:\/\/cdn.mediamart.vn\/Upload\/download\/2017-10-News\/J90zFkhSC8ZAGz3.jpg\" data-original=\"https:\/\/cdn.mediamart.vn\/Upload\/download\/2017-10-News\/J90zFkhSC8ZAGz3.jpg\" \/><\/p>\n<div class=\"cl\"><\/div>\n<\/div>\n<div class=\"nav-news-epx\"><\/div>\n","protected":false},"excerpt":{"rendered":"<p>&#8211; C\u00f4ng ngh\u1ec7 Smart Inverter ti\u1ebft ki\u1ec7m n\u0103ng l\u01b0\u1ee3ng, t\u0103ng hi\u1ec7u n\u0103ng gi\u1eb7t.<br \/>\n&#8211; \u00a0B\u1ea3o h\u00e0nh 10 n\u0103m cho \u0111\u1ed9ng c\u01a1 Inverter<br \/>\n&#8211; Gi\u1eb7t m\u1ea1nh m\u1ebd &amp; gi\u1ea3m xo\u1eafn r\u1ed1i hi\u1ec7u qu\u1ea3 v\u1edbi c\u00f4ng ngh\u1ec7 Gi\u1eb7t xoay chi\u1ec1u Turbo drum v\u00e0 \u0111\u1ea5m n\u01b0\u1edbc Punch+3<\/p>\n<p>&nbsp;<\/p>\n","protected":false},"featured_media":2023,"comment_status":"open","ping_status":"closed","template":"","meta":[],"_links":{"self":[{"href":"http:\/\/maudep.com.vn\/chuyengiadienmay\/index.php?rest_route=\/wp\/v2\/product\/2021"}],"collection":[{"href":"http:\/\/maudep.com.vn\/chuyengiadienmay\/index.php?rest_route=\/wp\/v2\/product"}],"about":[{"href":"http:\/\/maudep.com.vn\/chuyengiadienmay\/index.php?rest_route=\/wp\/v2\/types\/product"}],"replies":[{"embeddable":true,"href":"http:\/\/maudep.com.vn\/chuyengiadienmay\/index.php?rest_route=%2Fwp%2Fv2%2Fcomments&post=2021"}],"wp:featuredmedia":[{"embeddable":true,"href":"http:\/\/maudep.com.vn\/chuyengiadienmay\/index.php?rest_route=\/wp\/v2\/media\/2023"}],"wp:attachment":[{"href":"http:\/\/maudep.com.vn\/chuyengiadienmay\/index.php?rest_route=%2Fwp%2Fv2%2Fmedia&parent=2021"}],"curies":[{"name":"wp","href":"https:\/\/api.w.org\/{rel}","templated":true}]}}