{"id":2052,"date":"2019-01-02T12:51:15","date_gmt":"2019-01-02T05:51:15","guid":{"rendered":"http:\/\/maudep.com.vn\/chuyengiadienmay\/?post_type=product&#038;p=2052"},"modified":"2019-01-15T14:18:38","modified_gmt":"2019-01-15T07:18:38","slug":"may-giat-21kg-lg-t2721ssav-inverter","status":"publish","type":"product","link":"http:\/\/maudep.com.vn\/chuyengiadienmay\/?product=may-giat-21kg-lg-t2721ssav-inverter","title":{"rendered":"M\u00e1y gi\u1eb7t 21Kg LG T2721SSAV Inverter"},"content":{"rendered":"<h3 class=\"pd-news-title\">M\u00e1y gi\u1eb7t 21Kg LG T2721SSAV Inverter<\/h3>\n<div class=\"pd-news-content\">\n<p><img class=\"lazy\" src=\"https:\/\/cdn.mediamart.vn\/Upload\/download\/2017-12-News\/THw8qp2eZ5YDGIm.jpg\" data-original=\"https:\/\/cdn.mediamart.vn\/Upload\/download\/2017-12-News\/THw8qp2eZ5YDGIm.jpg\" \/><\/p>\n<h3>Thi\u1ebft k\u1ebf Cao c\u1ea5p<\/h3>\n<p>Thi\u1ebft k\u1ebf th\u1eddi trang v\u00e0 b\u1ec1n ch\u1eafc \u0111\u1ea3m b\u1ea3o s\u1ef1 ti\u1ec7n l\u1ee3i v\u00e0 an to\u00e0n trong khi cung c\u1ea5p c\u00e1c t\u00ednh n\u0103ng hi\u1ec7u qu\u1ea3 v\u00e0 s\u00e1ng t\u1ea1o.<\/p>\n<p><img class=\"lazy\" src=\"https:\/\/cdn.mediamart.vn\/Upload\/download\/2017-12-News\/gmusDISAu5Gx553.jpg\" data-original=\"https:\/\/cdn.mediamart.vn\/Upload\/download\/2017-12-News\/gmusDISAu5Gx553.jpg\" \/><\/p>\n<h3>6 Motion DD<\/h3>\n<p>Ch\u1ecdn m\u1ed9t ch\u01b0\u01a1ng tr\u00ecnh r\u1eeda, v\u00e0 6 Motion Direct Drive s\u1ebd di chuy\u1ec3n tr\u1ed1ng theo c\u00e1c h\u01b0\u1edbng kh\u00e1c nhau \u0111\u1ec3 ch\u0103m s\u00f3c v\u1ea3i t\u1ed1i \u01b0u.\u00a0H\u1ec7 th\u1ed1ng n\u00e0y cung c\u1ea5p s\u00e1u lo\u1ea1i chuy\u1ec3n \u0111\u1ed9ng, v\u00e0 \u0111i\u1ec1u khi\u1ec3n t\u1ed1c \u0111\u1ed9 quay v\u00e0 v\u00f2ng quay tr\u1ed1ng tr\u00e1i v\u00e0 ph\u1ea3i \u0111\u1ec3 c\u00f3 hi\u1ec7u su\u1ea5t t\u1ed1t h\u01a1n, cho ph\u00e9p b\u1ea1n l\u00e0m s\u1ea1ch k\u1ef9 l\u01b0\u1ee1ng m\u1ed9t lo\u1ea1t c\u00e1c lo\u1ea1i v\u1ea3i c\u00f3 \u00edt n\u1ebfp nh\u0103n v\u00e0 \u00edt b\u1ecb h\u01b0 h\u1ecfng h\u01a1n.<\/p>\n<p><img class=\"lazy\" src=\"https:\/\/cdn.mediamart.vn\/Upload\/download\/2017-12-News\/0ZivyPQQa3zBAd8.jpg\" data-original=\"https:\/\/cdn.mediamart.vn\/Upload\/download\/2017-12-News\/0ZivyPQQa3zBAd8.jpg\" \/><\/p>\n<h3>\u0110\u1ed9ng c\u01a1 tr\u1ef1c ti\u1ebfp bi\u1ebfn t\u1ea7n<\/h3>\n<p>LG \u0111\u00e3 n\u00e2ng c\u1ea5p m\u00f4\u0111un Direct Drive v\u1edbi m\u00f4-\u0111un bi\u1ebfn t\u1ea7n v\u1edbi c\u00f4ng ngh\u1ec7 m\u1edbi nh\u1ea5t.\u00a0\u0110\u1ed9ng c\u01a1 Direct Drive Motor \u0111\u01b0\u1ee3c c\u1ea3i thi\u1ec7n \u0111\u00e3 l\u00e0m s\u1ea1ch hi\u1ec7u su\u1ea5t t\u1ed1t h\u01a1n, cho ph\u00e9p b\u1ea1n r\u1eeda nhi\u1ec1u lo\u1ea1i v\u1ea3i hi\u1ec7u qu\u1ea3 h\u01a1n v\u00e0 \u00edt b\u1ecb h\u01b0 h\u1ecfng h\u01a1n.<\/p>\n<p><img class=\"lazy\" src=\"https:\/\/cdn.mediamart.vn\/Upload\/download\/2017-12-News\/07MmD1E295z9hCB.jpg\" data-original=\"https:\/\/cdn.mediamart.vn\/Upload\/download\/2017-12-News\/07MmD1E295z9hCB.jpg\" \/><\/p>\n<h3>C\u00f4ng ngh\u1ec7 Spa Steam \u2122 (N\u00f3ng)<\/h3>\n<p>N\u01b0\u1edbc \u1ea5m c\u00f3 th\u1ec3 h\u00f2a tan ch\u1ea5t t\u1ea9y r\u1eeda d\u1ec5 d\u00e0ng h\u01a1n v\u00e0 t\u0103ng hi\u1ec7u su\u1ea5t r\u1eeda.\u00a0M\u00e1y s\u01b0\u1edfi n\u1eb1m d\u01b0\u1edbi b\u1ed3n t\u1eafm b\u00ean trong t\u0103ng nhi\u1ec7t \u0111\u1ed9 n\u01b0\u1edbc l\u00ean \u0111\u1ebfn 40 ~ 60 \u00b0.\u00a0V\u00ec v\u1eady, n\u00f3 c\u00f3 th\u1ec3 r\u1eeda ch\u1ea5t g\u00e2y d\u1ecb \u1ee9ng v\u00e0 v\u1ebft b\u1ea9n c\u1ee9ng nhi\u1ec1u s\u1ea1ch h\u01a1n trong n\u01b0\u1edbc l\u1ea1nh.<\/p>\n<p><img class=\"lazy\" src=\"https:\/\/cdn.mediamart.vn\/Upload\/download\/2017-12-News\/MZr9l84y3t62w04.jpg\" data-original=\"https:\/\/cdn.mediamart.vn\/Upload\/download\/2017-12-News\/MZr9l84y3t62w04.jpg\" \/><\/p>\n<p>V\u1ec7 sinh l\u1ed3ng gi\u1eb7t\u00a0b\u1eb1ng c\u00e1ch xoay 60 \u2103 n\u01b0\u1edbc n\u00f3ng \u0111\u1ec3 lo\u1ea1i b\u1ecf ho\u00e0n to\u00e0n c\u00e1c v\u1ebft b\u1ea9n v\u00e0 m\u1ea7m b\u1ec7nh t\u1eeb m\u1ecdi g\u00f3c c\u1ee7a m\u00e1y gi\u1eb7t, k\u1ec3 c\u1ea3 nh\u1eefng th\u1ee9 m\u00e0 b\u1ea1n kh\u00f4ng nh\u00ecn th\u1ea5y.\u00a0C\u00e1c t\u00ednh n\u0103ng Tub Clean cung c\u1ea5p t\u1ef7 l\u1ec7 kh\u1eed tr\u00f9ng 99% \u0111\u1ec3 l\u00e0m s\u1ea1ch m\u00e1y r\u1eeda ch\u00e9n h\u01a1n bao gi\u1edd h\u1ebft.<\/p>\n<p><img class=\"lazy\" src=\"https:\/\/cdn.mediamart.vn\/Upload\/download\/2017-12-News\/f28kuC37b702zs2.jpg\" data-original=\"https:\/\/cdn.mediamart.vn\/Upload\/download\/2017-12-News\/f28kuC37b702zs2.jpg\" \/><\/p>\n<h3>L\u1ed3ng gi\u1eb7t\u00a0b\u1eb1ng th\u00e9p kh\u00f4ng g\u1ec9<\/h3>\n<p>L\u1ed3ng gi\u1eb7t\u00a0th\u00e9p kh\u00f4ng r\u1ec9 ho\u00e0n ch\u1ec9nh c\u00f3 hi\u1ec7u qu\u1ea3 h\u01a1n trong vi\u1ec7c ki\u1ec3m so\u00e1t s\u1ef1 ph\u00e1t tri\u1ec3n c\u1ee7a vi khu\u1ea9n so v\u1edbi c\u00e1c b\u00ecnh nh\u1ef1a th\u00f4ng th\u01b0\u1eddng.\u00a0Nh\u1eefng hi\u1ec7u \u1ee9ng kh\u00e1ng khu\u1ea9n n\u00e0y \u0111\u00e3 \u0111\u01b0\u1ee3c ki\u1ec3m ch\u1ee9ng b\u1edfi ki\u1ec3m tra Intertek \u0111\u1ec3 lo\u1ea1i b\u1ecf 90% c\u00e1c vi khu\u1ea9n c\u00f3 h\u1ea1i b\u1eb1ng c\u00e1ch ng\u0103n ng\u1eeba n\u00f3 kh\u00f4ng bao gi\u1edd l\u1ea5y g\u1ed1c.<\/p>\n<p><img class=\"lazy\" src=\"https:\/\/cdn.mediamart.vn\/Upload\/download\/2017-12-News\/81v4cyCQ0Mbz7S1.jpg\" data-original=\"https:\/\/cdn.mediamart.vn\/Upload\/download\/2017-12-News\/81v4cyCQ0Mbz7S1.jpg\" \/><\/p>\n<h3>Dung l\u01b0\u1ee3ng l\u1edbn<\/h3>\n<p>V\u1edbi nhi\u1ec1u ch\u1ed7 tr\u1ed1ng h\u01a1n, tr\u1ed1ng tr\u1ed1ng dung l\u01b0\u1ee3ng l\u1edbn cho ph\u00e9p b\u1ea1n gi\u1eb7t nhi\u1ec1u qu\u1ea7n \u00e1o h\u01a1n trong m\u1ed9t l\u1ea7n t\u1ea3i ho\u1eb7c gi\u1eb7t \u0111\u1ed3 c\u1ed3ng k\u1ec1nh nh\u01b0 ch\u0103n v\u00e0 r\u00e8m trong nh\u00e0 ri\u00eang c\u1ee7a b\u1ea1n.<\/p>\n<p><img class=\"lazy\" src=\"https:\/\/cdn.mediamart.vn\/Upload\/download\/2017-12-News\/4N4w5UrCuA25odE.jpg\" data-original=\"https:\/\/cdn.mediamart.vn\/Upload\/download\/2017-12-News\/4N4w5UrCuA25odE.jpg\" \/><\/p>\n<\/div>\n","protected":false},"excerpt":{"rendered":"<p>&#8211; C\u00f4ng ngh\u1ec7 Smart Inverter ti\u1ebft ki\u1ec7m n\u0103ng l\u01b0\u1ee3ng, t\u0103ng hi\u1ec7u n\u0103ng gi\u1eb7t.<br \/>\n&#8211; B\u1ea3o h\u00e0nh 10 n\u0103m cho \u0111\u1ed9ng c\u01a1 Inverter<br \/>\n&#8211; Gi\u1eb7t m\u1ea1nh m\u1ebd &amp; gi\u1ea3m xo\u1eafn r\u1ed1i hi\u1ec7u qu\u1ea3 v\u1edbi c\u00f4ng ngh\u1ec7 Gi\u1eb7t xoay chi\u1ec1u Turboshot<br \/>\n&#8211; L\u1ed3ng gi\u1eb7t b\u1eb1ng th\u00e9p kh\u00f4ng g\u1ec9<\/p>\n<p>&nbsp;<\/p>\n","protected":false},"featured_media":2054,"comment_status":"open","ping_status":"closed","template":"","meta":[],"_links":{"self":[{"href":"http:\/\/maudep.com.vn\/chuyengiadienmay\/index.php?rest_route=\/wp\/v2\/product\/2052"}],"collection":[{"href":"http:\/\/maudep.com.vn\/chuyengiadienmay\/index.php?rest_route=\/wp\/v2\/product"}],"about":[{"href":"http:\/\/maudep.com.vn\/chuyengiadienmay\/index.php?rest_route=\/wp\/v2\/types\/product"}],"replies":[{"embeddable":true,"href":"http:\/\/maudep.com.vn\/chuyengiadienmay\/index.php?rest_route=%2Fwp%2Fv2%2Fcomments&post=2052"}],"wp:featuredmedia":[{"embeddable":true,"href":"http:\/\/maudep.com.vn\/chuyengiadienmay\/index.php?rest_route=\/wp\/v2\/media\/2054"}],"wp:attachment":[{"href":"http:\/\/maudep.com.vn\/chuyengiadienmay\/index.php?rest_route=%2Fwp%2Fv2%2Fmedia&parent=2052"}],"curies":[{"name":"wp","href":"https:\/\/api.w.org\/{rel}","templated":true}]}}