{"id":2055,"date":"2019-01-02T12:55:38","date_gmt":"2019-01-02T05:55:38","guid":{"rendered":"http:\/\/maudep.com.vn\/chuyengiadienmay\/?post_type=product&#038;p=2055"},"modified":"2019-02-14T13:19:35","modified_gmt":"2019-02-14T06:19:35","slug":"may-giat-8-5kg-lg-t2108vspm-smart-inverter","status":"publish","type":"product","link":"http:\/\/maudep.com.vn\/chuyengiadienmay\/?product=may-giat-8-5kg-lg-t2108vspm-smart-inverter","title":{"rendered":"M\u00e1y gi\u1eb7t 8.5Kg LG T2108VSPM Smart Inverter"},"content":{"rendered":"<h3>Thi\u1ebft k\u1ebf kh\u00e1 \u0111\u01a1n gi\u1ea3n nh\u01b0ng kh\u00f4ng k\u00e9m ph\u1ea7n thanh l\u1ecbch<\/h3>\n<p>\u0110\u1ebfn t\u1eeb th\u01b0\u01a1ng hi\u1ec7u\u00a0LG\u00a0c\u1ee7a H\u00e0n Qu\u1ed1c v\u00e0 c\u00f3 gi\u00e1 th\u00e0nh ph\u1ea3i ch\u0103ng,\u00a0m\u00e1y gi\u1eb7t LG Inverter 8 kg T2108VSPM\u00a0s\u1edf h\u1eefu thi\u1ebft k\u1ebf \u0111\u01a1n gi\u1ea3n nh\u01b0ng kh\u00f4ng k\u00e9m ph\u1ea7n thanh l\u1ecbch khi so s\u00e1nh v\u1edbi b\u1ea5t k\u1ef3 chi\u1ebfc m\u00e1y gi\u1eb7t \u0111\u1eaft ti\u1ec1n n\u00e0o.<\/p>\n<p><img class=\"lazy\" src=\"https:\/\/cdn.tgdd.vn\/Products\/Images\/1944\/148973\/lg-t2108vspm1.jpg\" data-original=\"https:\/\/cdn.tgdd.vn\/Products\/Images\/1944\/148973\/lg-t2108vspm1.jpg\" \/><\/p>\n<h3>Kh\u1ed1i l\u01b0\u1ee3ng gi\u1eb7t 8 kg ph\u00f9 h\u1ee3p cho gia \u0111\u00ecnh 4-5 ng\u01b0\u1eddi<\/h3>\n<p>S\u1edf h\u1eefu kh\u1ed1i l\u01b0\u1ee3ng gi\u1eb7t l\u00e0\u00a08 kg,\u00a0m\u00e1y gi\u1eb7t\u00a0s\u1ebd \u0111\u00e1p \u1ee9ng ho\u00e0n h\u1ea3o cho nhu c\u1ea7u gi\u1eb7t gi\u0169 qu\u1ea7n \u00e1o c\u1ee7a nh\u1eefng gia \u0111\u00ecnh c\u00f3 t\u1eeb 4 \u0111\u1ebfn 5 th\u00e0nh vi\u00ean.<\/p>\n<h3><img class=\"lazy\" src=\"https:\/\/cdn.tgdd.vn\/Products\/Images\/1944\/148973\/lg-t2108vspm2.jpg\" data-original=\"https:\/\/cdn.tgdd.vn\/Products\/Images\/1944\/148973\/lg-t2108vspm2.jpg\" \/><\/h3>\n<h3>\u0110\u00e1nh bay m\u1ecdi v\u1ebft b\u1ea9n c\u1ee9ng \u0111\u1ea7u nh\u1ea5t v\u1edbi s\u1ef1 k\u1ebft h\u1ee3p gi\u1eefa l\u1ed3ng gi\u1eb7t TurboDrum v\u00e0 \u0111\u1ea5m n\u01b0\u1edbc Punch+3<\/h3>\n<p>L\u00e0 m\u1ed9t chi\u1ebfc m\u00e1y gi\u1eb7t hi\u1ec7n \u0111\u1ea1i, \u0111\u01b0\u1ee3c trang b\u1ecb\u00a0l\u1ed3ng gi\u1eb7t TurboDrum\u00a0k\u1ebft h\u1ee3p v\u1edbi\u00a0\u0111\u1ea5m n\u01b0\u1edbc Punch+3, m\u00e1y gi\u1eb7t\u00a0LG T2108VSPM kh\u00f4ng ch\u1ec9 gi\u00fap \u0111\u00e1nh bay m\u1ecdi v\u1ebft b\u1ea9n c\u1ee9ng \u0111\u1ea7u nh\u1ea5t m\u00e0 n\u00f3 c\u00f2n g\u00f3p ph\u1ea7n gi\u1ea3m xo\u1eafn r\u1ed1i cho qu\u1ea7n \u00e1o, b\u1ea1n s\u1ebd kh\u00f4ng c\u00f2n t\u1ed1n nhi\u1ec1u th\u1eddi gian l\u00e0 (\u1ee7i) qu\u1ea7n \u00e1o sau m\u1ed7i m\u1ebb gi\u1eb7t.<\/p>\n<p><img class=\"lazy\" src=\"https:\/\/cdn.tgdd.vn\/Products\/Images\/1944\/148973\/lg-t2108vspm3.jpg\" data-original=\"https:\/\/cdn.tgdd.vn\/Products\/Images\/1944\/148973\/lg-t2108vspm3.jpg\" \/><\/p>\n<h3>Ti\u1ebft ki\u1ec7m \u0111i\u1ec7n n\u0103ng v\u00f4 c\u00f9ng m\u1ea1nh m\u1ebd v\u1edbi c\u00f4ng ngh\u1ec7 Smart Inverter<\/h3>\n<p>Tuy gi\u00e1 th\u00e0nh ch\u01b0a \u0111\u1ebfn 6 tri\u1ec7u \u0111\u1ed3ng nh\u01b0ng m\u00e1y gi\u1eb7t l\u1ea1i c\u00f3 kh\u1ea3 n\u0103ng ti\u1ebft ki\u1ec7m \u0111i\u1ec7n n\u0103ng v\u00f4 c\u00f9ng m\u1ea1nh m\u1ebd nh\u1edd\u00a0c\u00f4ng ngh\u1ec7 Smart Inverter. V\u1edbi c\u00f4ng ngh\u1ec7 n\u00e0y, m\u00e1y gi\u1eb7t s\u1ebd gi\u00fap b\u1ea1n kh\u00f4ng c\u00f2n ph\u1ea3i qu\u00e1 lo l\u1eafng v\u1ec1 h\u00f3a \u0111\u01a1n ti\u1ec1n \u0111i\u1ec7n h\u1eb1ng th\u00e1ng n\u1eefa.<\/p>\n<p><img class=\"lazy\" src=\"https:\/\/cdn.tgdd.vn\/Products\/Images\/1944\/148973\/lg-t2108vspm4.jpg\" data-original=\"https:\/\/cdn.tgdd.vn\/Products\/Images\/1944\/148973\/lg-t2108vspm4.jpg\" \/><\/p>\n<h3>Ti\u1ec7n l\u1ee3i v\u1edbi ch\u1ee9c n\u0103ng ch\u1ea9n \u0111o\u00e1n th\u00f4ng minh qua \u0111i\u1ec7n tho\u1ea1i<\/h3>\n<p>Ch\u1ec9 c\u1ea7n c\u00f3 m\u1ed9t chi\u1ebfc Smartphone, gi\u1edd \u0111\u00e2y b\u1ea1n \u0111\u00e3 c\u00f3 th\u1ec3 s\u1eed d\u1ee5ng\u00a0ch\u1ee9c n\u0103ng ch\u1ea9n \u0111o\u00e1n th\u00f4ng minh\u00a0c\u1ee7a chi\u1ebfc m\u00e1y gi\u1eb7t\u00a0LG T2108VSPM ngay t\u1ea1i nh\u00e0 v\u00f4 c\u00f9ng ti\u1ec7n l\u1ee3i, nhanh ch\u00f3ng, ti\u1ebft ki\u1ec7m th\u1eddi gian v\u00e0 chi ph\u00ed b\u1ea3o h\u00e0nh s\u1eeda ch\u1eefa.<\/p>\n<p><img class=\"lazy\" src=\"https:\/\/cdn.tgdd.vn\/Products\/Images\/1944\/148973\/lg-t2108vspm5.jpg\" data-original=\"https:\/\/cdn.tgdd.vn\/Products\/Images\/1944\/148973\/lg-t2108vspm5.jpg\" \/><\/p>\n<p>&nbsp;<\/p>\n","protected":false},"excerpt":{"rendered":"<p>&#8211; C\u00f4ng ngh\u1ec7 Smart Inverter ti\u1ebft ki\u1ec7m n\u0103ng l\u01b0\u1ee3ng, t\u0103ng hi\u1ec7u n\u0103ng gi\u1eb7t.<br \/>\n&#8211; B\u1ea3o h\u00e0nh 10 n\u0103m cho \u0111\u1ed9ng c\u01a1 Inverter<br \/>\n&#8211; Gi\u1eb7t m\u1ea1nh m\u1ebd &amp; gi\u1ea3m xo\u1eafn r\u1ed1i hi\u1ec7u qu\u1ea3 v\u1edbi c\u00f4ng ngh\u1ec7 Gi\u1eb7t xoay chi\u1ec1u Turbo drum v\u00e0 \u0111\u1ea5m n\u01b0\u1edbc Punch+3<\/p>\n<p>&nbsp;<\/p>\n","protected":false},"featured_media":2057,"comment_status":"open","ping_status":"closed","template":"","meta":[],"_links":{"self":[{"href":"http:\/\/maudep.com.vn\/chuyengiadienmay\/index.php?rest_route=\/wp\/v2\/product\/2055"}],"collection":[{"href":"http:\/\/maudep.com.vn\/chuyengiadienmay\/index.php?rest_route=\/wp\/v2\/product"}],"about":[{"href":"http:\/\/maudep.com.vn\/chuyengiadienmay\/index.php?rest_route=\/wp\/v2\/types\/product"}],"replies":[{"embeddable":true,"href":"http:\/\/maudep.com.vn\/chuyengiadienmay\/index.php?rest_route=%2Fwp%2Fv2%2Fcomments&post=2055"}],"wp:featuredmedia":[{"embeddable":true,"href":"http:\/\/maudep.com.vn\/chuyengiadienmay\/index.php?rest_route=\/wp\/v2\/media\/2057"}],"wp:attachment":[{"href":"http:\/\/maudep.com.vn\/chuyengiadienmay\/index.php?rest_route=%2Fwp%2Fv2%2Fmedia&parent=2055"}],"curies":[{"name":"wp","href":"https:\/\/api.w.org\/{rel}","templated":true}]}}