{"id":2058,"date":"2019-01-02T13:00:21","date_gmt":"2019-01-02T06:00:21","guid":{"rendered":"http:\/\/maudep.com.vn\/chuyengiadienmay\/?post_type=product&#038;p=2058"},"modified":"2019-02-14T13:20:58","modified_gmt":"2019-02-14T06:20:58","slug":"2058","status":"publish","type":"product","link":"http:\/\/maudep.com.vn\/chuyengiadienmay\/?product=2058","title":{"rendered":"M\u00e1y gi\u1eb7t 8.5Kg LG T2385VS2W Smart Inverter"},"content":{"rendered":"<h3>Thi\u1ebft k\u1ebf b\u1ea3ng \u0111i\u1ec1u khi\u1ec3n ti\u1ebfng Vi\u1ec7t \u0111\u01a1n gi\u1ea3n, d\u1ec5 d\u00e0ng s\u1eed d\u1ee5ng<\/h3>\n<p>M\u00e1y gi\u1eb7t LG Inverter 8.5 kg T2385VS2W\u00a0c\u00f3 thi\u1ebft k\u1ebf s\u1eafc tr\u1eafng trung t\u00ednh, ph\u00f9 h\u1ee3p v\u1edbi m\u1ecdi kh\u00f4ng gian n\u1ed9i th\u1ea5t. \u0110i c\u00f9ng b\u1ea3ng \u0111i\u1ec1u khi\u1ec3n ti\u1ebfng Vi\u1ec7t \u0111\u01a1n gi\u1ea3n,\u00a0m\u00e1y gi\u1eb7t\u00a0gi\u00fap b\u1ea1n d\u1ec5 d\u00e0ng thao t\u00e1c v\u00e0 s\u1eed d\u1ee5ng.<\/p>\n<p><img class=\"lazy\" src=\"https:\/\/cdn.mediamart.vn\/Upload\/download\/2018-8-News\/8gye87xS9v212RL.jpg\" data-original=\"https:\/\/cdn.mediamart.vn\/Upload\/download\/2018-8-News\/8gye87xS9v212RL.jpg\" \/><\/p>\n<h3>Kh\u1ed1i l\u01b0\u1ee3ng gi\u1eb7t 8.5 kg nh\u01b0ng v\u1eabn ti\u1ebft ki\u1ec7m \u0111i\u1ec7n n\u0103ng hi\u1ec7u qu\u1ea3<\/h3>\n<p>M\u1eb7c d\u00f9 s\u1edf h\u1eefu kh\u1ed1i l\u01b0\u1ee3ng gi\u1eb7t t\u01b0\u01a1ng \u0111\u1ed1i l\u1edbn l\u00e0 8.5 kg (cho gia \u0111\u00ecnh 4-5 th\u00e0nh vi\u00ean), chi\u1ebfc m\u00e1y gi\u1eb7t\u00a0LG\u00a0n\u00e0y v\u1eabn mang l\u1ea1i kh\u1ea3 n\u0103ng v\u1eadn h\u00e0nh \u00eam \u00e1i v\u00e0 ti\u1ebft ki\u1ec7m \u0111i\u1ec7n n\u0103ng v\u00f4 c\u00f9ng hi\u1ec7u qu\u1ea3 l\u00ean \u0111\u1ebfn 36% v\u1edbi\u00a0c\u00f4ng ngh\u1ec7 Smart Inverter\u00a0hi\u1ec7n \u0111\u1ea1i.<\/p>\n<p><img class=\"lazy\" src=\"https:\/\/cdn.mediamart.vn\/Upload\/download\/2018-8-News\/KvG3a5N8kUFkjXP.jpg\" data-original=\"https:\/\/cdn.mediamart.vn\/Upload\/download\/2018-8-News\/KvG3a5N8kUFkjXP.jpg\" \/><\/p>\n<h3>Qu\u1ea7n \u00e1o \u0111\u01b0\u1ee3c gi\u1eb7t s\u1ea1ch v\u00e0 gi\u1ea3m xo\u1eafn r\u1ed1i hi\u1ec7u qu\u1ea3 v\u1edbi thi\u1ebft k\u1ebf l\u1ed3ng gi\u1eb7t TurboDrum v\u00e0 \u0111\u1ea5m n\u01b0\u1edbc Punch+3<\/h3>\n<p>V\u1edbi thi\u1ebft k\u1ebf\u00a0l\u1ed3ng gi\u1eb7t TurboDrum\u00a0k\u1ebft h\u1ee3p c\u00f9ng\u00a0\u0111\u1ea5m n\u01b0\u1edbc Punch+3, m\u00e1y gi\u1eb7t s\u1ebd t\u1ea1o ra nh\u1eefng xo\u00e1y n\u01b0\u1edbc m\u1ea1nh m\u1ebd,\u00a0\u0111\u01b0a \u0111\u1ed3 gi\u1eb7t l\u00ean xu\u1ed1ng li\u00ean t\u1ee5c, \u0111\u00e1nh bay m\u1ecdi v\u1ebft b\u1ea9n c\u1ee9ng \u0111\u1ea7u, \u0111\u1ed3ng th\u1eddi l\u00e0m gi\u1ea3m xo\u1eafn r\u1ed1i hi\u1ec7u qu\u1ea3 nh\u1ea5t.<\/p>\n<p><img class=\"lazy\" src=\"https:\/\/cdn.mediamart.vn\/Upload\/download\/2018-8-News\/9hNyTd8jSW2tD47.jpg\" data-original=\"https:\/\/cdn.mediamart.vn\/Upload\/download\/2018-8-News\/9hNyTd8jSW2tD47.jpg\" \/><\/p>\n<h3>Ti\u1ebft ki\u1ec7m th\u1eddi gian v\u00e0 chi ph\u00ed \u0111\u1ebfn trung t\u00e2m b\u1ea3o h\u00e0nh nh\u1edd ch\u1ee9c n\u0103ng ch\u1ea9n \u0111o\u00e1n th\u00f4ng minh qua SmartPhone<\/h3>\n<p>N\u1ed7i lo l\u1eafng m\u1ed7i khi m\u00e1y g\u1eb7p s\u1ef1 c\u1ed1 ph\u1ea3i \u0111\u01b0a \u0111\u1ebfn trung t\u00e2m b\u1ea3o h\u00e0nh v\u1eeba t\u1ed1n th\u1eddi gian v\u00e0 chi ph\u00ed s\u1ebd kh\u00f4ng c\u00f2n n\u1eefa v\u00ec \u0111\u00e3 c\u00f3 t\u00ednh n\u0103ng\u00a0ch\u1ea9n \u0111o\u00e1n th\u00f4ng minh\u00a0b\u1eb1ng \u0111i\u1ec7n tho\u1ea1i Smartphone \u0111\u01b0\u1ee3c\u00a0LG\u00a0t\u00edch h\u1ee3p tr\u00ean m\u00e1y gi\u1eb7t LG T2385VS2W.<\/p>\n<p><img class=\"lazy\" src=\"https:\/\/cdn.mediamart.vn\/Upload\/download\/2018-8-News\/eZyFD2kQQV383N1.jpg\" data-original=\"https:\/\/cdn.mediamart.vn\/Upload\/download\/2018-8-News\/eZyFD2kQQV383N1.jpg\" \/><\/p>\n<h3>Ch\u1ee7 \u0111\u1ed9ng th\u1eddi gian gi\u1eb7t gi\u0169 v\u1edbi t\u00ednh n\u0103ng h\u1eb9n gi\u1edd gi\u1eb7t xong<\/h3>\n<p>Khi b\u1ea1n c\u00f3 vi\u1ec7c c\u1ea7n ra ngo\u00e0i v\u00e0 mu\u1ed1n chi\u1ebfc m\u00e1y gi\u1eb7t c\u1ee7a m\u00ecnh v\u1eadn h\u00e0nh trong l\u00fac b\u1ea1n v\u1eafng m\u1eb7t th\u00ec \u0111\u00e3 c\u00f3 t\u00ednh n\u0103ng\u00a0h\u1eb9n gi\u1edd gi\u1eb7t xong. V\u1edbi t\u00ednh n\u0103ng n\u00e0y b\u1ea1n c\u00f3 th\u1ec3 ch\u1ee7 \u0111\u1ed9ng th\u1eddi gian gi\u1eb7t gi\u0169 theo mong mu\u1ed1n, v\u00f4 c\u00f9ng ti\u1ec7n l\u1ee3i.<\/p>\n<p><img class=\"lazy\" src=\"https:\/\/cdn.mediamart.vn\/Upload\/download\/2018-8-News\/kW6p3z388s1x976.jpg\" data-original=\"https:\/\/cdn.mediamart.vn\/Upload\/download\/2018-8-News\/kW6p3z388s1x976.jpg\" \/><\/p>\n<p>&nbsp;<\/p>\n","protected":false},"excerpt":{"rendered":"<p>&#8211; C\u00f4ng ngh\u1ec7 Smart Inverter ti\u1ebft ki\u1ec7m n\u0103ng l\u01b0\u1ee3ng, t\u0103ng hi\u1ec7u n\u0103ng gi\u1eb7t.<br \/>\n&#8211; B\u1ea3o h\u00e0nh 10 n\u0103m cho \u0111\u1ed9ng c\u01a1 Inverter<br \/>\n&#8211; Gi\u1eb7t m\u1ea1nh m\u1ebd &amp; gi\u1ea3m xo\u1eafn r\u1ed1i hi\u1ec7u qu\u1ea3 v\u1edbi c\u00f4ng ngh\u1ec7 Gi\u1eb7t xoay chi\u1ec1u Turbo drum v\u00e0 \u0111\u1ea5m n\u01b0\u1edbc Punch+3<\/p>\n<p>&nbsp;<\/p>\n","protected":false},"featured_media":2060,"comment_status":"open","ping_status":"closed","template":"","meta":[],"_links":{"self":[{"href":"http:\/\/maudep.com.vn\/chuyengiadienmay\/index.php?rest_route=\/wp\/v2\/product\/2058"}],"collection":[{"href":"http:\/\/maudep.com.vn\/chuyengiadienmay\/index.php?rest_route=\/wp\/v2\/product"}],"about":[{"href":"http:\/\/maudep.com.vn\/chuyengiadienmay\/index.php?rest_route=\/wp\/v2\/types\/product"}],"replies":[{"embeddable":true,"href":"http:\/\/maudep.com.vn\/chuyengiadienmay\/index.php?rest_route=%2Fwp%2Fv2%2Fcomments&post=2058"}],"wp:featuredmedia":[{"embeddable":true,"href":"http:\/\/maudep.com.vn\/chuyengiadienmay\/index.php?rest_route=\/wp\/v2\/media\/2060"}],"wp:attachment":[{"href":"http:\/\/maudep.com.vn\/chuyengiadienmay\/index.php?rest_route=%2Fwp%2Fv2%2Fmedia&parent=2058"}],"curies":[{"name":"wp","href":"https:\/\/api.w.org\/{rel}","templated":true}]}}