{"id":2062,"date":"2019-01-02T13:05:43","date_gmt":"2019-01-02T06:05:43","guid":{"rendered":"http:\/\/maudep.com.vn\/chuyengiadienmay\/?post_type=product&#038;p=2062"},"modified":"2019-02-14T13:20:41","modified_gmt":"2019-02-14T06:20:41","slug":"may-giat-8-5kg-lg-t2385vspw-smart-inverter","status":"publish","type":"product","link":"http:\/\/maudep.com.vn\/chuyengiadienmay\/?product=may-giat-8-5kg-lg-t2385vspw-smart-inverter","title":{"rendered":"M\u00e1y gi\u1eb7t 8.5Kg LG T2385VSPW Smart Inverter"},"content":{"rendered":"<h3 class=\"pd-news-title\">M\u00e1y gi\u1eb7t 8.5Kg LG T2385VSPW Smart Inverter<\/h3>\n<div class=\"pd-news-content\">\n<h3>M\u00e1y gi\u1eb7t v\u1edbi thi\u1ebft k\u1ebf \u0111\u01a1n gi\u1ea3n, d\u1ec5 d\u00e0ng k\u1ebft h\u1ee3p v\u1edbi m\u1ecdi kh\u00f4ng gian n\u1ed9i th\u1ea5t<\/h3>\n<p>M\u00e1y gi\u1eb7t LG T2385VSPW\u00a0c\u00f3 thi\u1ebft k\u1ebf c\u1eeda tr\u00ean, \u0111i c\u00f9ng s\u1eafc tr\u1eafng \u0111\u01a1n gi\u1ea3n, d\u1ec5 d\u00e0ng k\u1ebft h\u1ee3p v\u1edbi m\u1ecdi ki\u1ec3u kh\u00f4ng gian n\u1ed9i th\u1ea5t c\u1ee7a gia \u0111\u00ecnh b\u1ea1n. B\u00ean c\u1ea1nh \u0111\u00f3, chi\u1ebfc m\u00e1y gi\u1eb7t\u00a0LG\u00a0n\u00e0y s\u1edf h\u1eefu kh\u1ed1i l\u01b0\u1ee3ng gi\u1eb7t 8.5 kg, r\u1ea5t ph\u00f9 h\u1ee3p cho nh\u1eefng gia \u0111\u00ecnh c\u00f3 t\u1eeb 4-5 th\u00e0nh vi\u00ean.<\/p>\n<p><img class=\"lazy\" src=\"https:\/\/cdn.tgdd.vn\/Products\/Images\/1944\/109138\/may-giat-lg-t2385vspw1-1.jpg\" data-original=\"https:\/\/cdn.tgdd.vn\/Products\/Images\/1944\/109138\/may-giat-lg-t2385vspw1-1.jpg\" \/><\/p>\n<h3>C\u00f4ng ngh\u1ec7 Inverter ti\u1ebft ki\u1ec7m \u0111i\u1ec7n n\u0103ng t\u1ed1i \u01b0u cho gia \u0111\u00ecnh<\/h3>\n<p>Tuy \u0111\u01b0\u1ee3c b\u00e1n ra v\u1edbi gi\u00e1 th\u00e0nh ch\u01b0a \u0111\u1ebfn 6 tri\u1ec7u \u0111\u1ed3ng nh\u01b0ng m\u00e1y gi\u1eb7t\u00a0LG T2385VSPW v\u1edbi c\u00f4ng ngh\u1ec7 Inverter s\u1ebd ch\u1ec9 ti\u00eau hao kho\u1ea3ng 1 k\u00fd \u0111i\u1ec7n cho 10 l\u1ea7n gi\u1eb7t th\u00f4ng th\u01b0\u1eddng, tr\u1edf th\u00e0nh m\u1ed9t tr\u1ee3 th\u1ee7 \u0111\u1eafc l\u1ef1c cho gia \u0111\u00ecnh b\u1ea1n v\u1ec1 kh\u1ea3 n\u0103ng ti\u1ebft ki\u1ec7m \u0111i\u1ec7n tuy\u1ec7t v\u1eddi c\u1ee7a m\u00ecnh.<\/p>\n<p><img class=\"lazy\" src=\"https:\/\/cdn.tgdd.vn\/Products\/Images\/1944\/109138\/may-giat-lg-t2385vspw2-1.jpg\" data-original=\"https:\/\/cdn.tgdd.vn\/Products\/Images\/1944\/109138\/may-giat-lg-t2385vspw2-1.jpg\" \/><\/p>\n<h3>T\u0103ng c\u01b0\u1eddng hi\u1ec7u qu\u1ea3 gi\u1eb7t s\u1ea1ch h\u01a1n v\u1edbi c\u00f4ng ngh\u1ec7 \u0111\u1ea5m n\u01b0\u1edbc Punch+3<\/h3>\n<p>C\u00f4ng ngh\u1ec7\u00a0\u0111\u1ea5m n\u01b0\u1edbc Punch+3\u00a0gi\u00fap\u00a0t\u1ea1o ra d\u00f2ng n\u01b0\u1edbc xo\u00e1y c\u1ef1c m\u1ea1nh, len l\u1ecfi s\u00e2u v\u00e0o trong t\u1eebng s\u1ee3i v\u1ea3i, m\u1ecdi v\u1ebft b\u1ea9n c\u1ee9ng \u0111\u1ea7u nh\u1ea5t s\u1ebd b\u1ecb \u0111\u00e1nh bay nhanh ch\u00f3ng, mang l\u1ea1i hi\u1ec7u qu\u1ea3 gi\u1eb7t s\u1ea1ch v\u01b0\u1ee3t tr\u1ed9i cho qu\u1ea7n \u00e1o c\u1ee7a b\u1ea1n.<\/p>\n<p><img class=\"lazy\" src=\"https:\/\/cdn.tgdd.vn\/Products\/Images\/1944\/109138\/may-giat-lg-t2385vspw3-1.jpg\" data-original=\"https:\/\/cdn.tgdd.vn\/Products\/Images\/1944\/109138\/may-giat-lg-t2385vspw3-1.jpg\" \/><\/p>\n<h3>L\u1ed3ng gi\u1eb7t Turbo Drum gi\u1ea3m xo\u1eafn r\u1ed1i t\u1ed1i \u0111a cho qu\u1ea7n \u00e1o<\/h3>\n<p>Kh\u00f4ng ch\u1ec9 g\u00f3p ph\u1ea7n v\u00e0o vi\u1ec7c gi\u00fap qu\u1ea7n \u00e1o \u0111\u01b0\u1ee3c gi\u1eb7t s\u1ea1ch m\u1ea1nh m\u1ebd, thi\u1ebft k\u1ebf\u00a0l\u1ed3ng gi\u1eb7t Turbo Drum\u00a0c\u1ee7a m\u00e1y gi\u1eb7t\u00a0LG T2385VSPW c\u00f2n c\u00f3 kh\u1ea3 n\u0103ng gi\u1ea3m xo\u1eafn r\u1ed1i cho qu\u1ea7n \u00e1o trong l\u00fac gi\u1eb7t m\u1ed9t c\u00e1ch t\u1ed1i \u01b0u nh\u1ea5t, gi\u1edd \u0111\u00e2y b\u1ea1n s\u00e9 kh\u00f4ng c\u00f2n t\u1ed1n qu\u00e1 nhi\u1ec1u th\u1eddi gian \u0111\u1ec3 l\u00e0 \u1ee7i qu\u1ea7n \u00e1o sau khi gi\u1eb7t n\u1eefa.<\/p>\n<p><img class=\"lazy\" src=\"https:\/\/cdn.tgdd.vn\/Products\/Images\/1944\/109138\/may-giat-lg-t2385vspw4-1.jpg\" data-original=\"https:\/\/cdn.tgdd.vn\/Products\/Images\/1944\/109138\/may-giat-lg-t2385vspw4-1.jpg\" \/><\/p>\n<h3>Ch\u1ea9n \u0111o\u00e1n \u0111\u01b0\u1ee3c t\u00ecnh tr\u1ea1ng c\u1ee7a m\u00e1y gi\u1eb7t ch\u1ec9 v\u1edbi m\u1ed9t chi\u1ebfc Smartphone<\/h3>\n<p>Ra m\u1eaft th\u1ecb tr\u01b0\u1eddng v\u00e0o n\u0103m 2017, chi\u1ebfc m\u00e1y gi\u1eb7t LG T2385VSPW \u0111\u01b0\u1ee3c LG t\u00edch h\u1ee3p\u00a0ch\u1ee9c n\u0103ng ch\u1ea9n \u0111o\u00e1n th\u00f4ng minh. Ch\u1ec9 v\u1edbi m\u1ed9t chi\u1ebfc Smartphone, b\u1ea1n \u0111\u00e3 c\u00f3 th\u1ec3 bi\u1ebft \u0111\u01b0\u1ee3c t\u00ecnh tr\u1ea1ng hi\u1ec7n t\u1ea1i c\u1ee7a m\u00e1y gi\u1eb7t ngay t\u1ea1i nh\u00e0 m\u00e0 kh\u00f4ng ph\u1ea3i t\u1ed1n qu\u00e1 nhi\u1ec1u th\u1eddi gian ho\u1eb7c chi ph\u00ed \u0111\u1ec3 \u0111\u1ebfn\u00a0trung t\u00e2m b\u1ea3o h\u00e0nh.<\/p>\n<p><img class=\"lazy\" src=\"https:\/\/cdn.tgdd.vn\/Products\/Images\/1944\/109138\/may-giat-lg-t2385vspw5-1.jpg\" data-original=\"https:\/\/cdn.tgdd.vn\/Products\/Images\/1944\/109138\/may-giat-lg-t2385vspw5-1.jpg\" \/><\/p>\n<\/div>\n","protected":false},"excerpt":{"rendered":"<p>&#8211; C\u00f4ng ngh\u1ec7 Smart Inverter ti\u1ebft ki\u1ec7m n\u0103ng l\u01b0\u1ee3ng, t\u0103ng hi\u1ec7u n\u0103ng gi\u1eb7t.<br \/>\n&#8211; \u00a0B\u1ea3o h\u00e0nh 10 n\u0103m cho \u0111\u1ed9ng c\u01a1 Inverter<br \/>\n&#8211; Gi\u1eb7t m\u1ea1nh m\u1ebd &amp; gi\u1ea3m xo\u1eafn r\u1ed1i hi\u1ec7u qu\u1ea3 v\u1edbi c\u00f4ng ngh\u1ec7 Gi\u1eb7t xoay chi\u1ec1u Turbo drum v\u00e0 \u0111\u1ea5m n\u01b0\u1edbc Punch+3<\/p>\n<p>&nbsp;<\/p>\n","protected":false},"featured_media":2065,"comment_status":"open","ping_status":"closed","template":"","meta":[],"_links":{"self":[{"href":"http:\/\/maudep.com.vn\/chuyengiadienmay\/index.php?rest_route=\/wp\/v2\/product\/2062"}],"collection":[{"href":"http:\/\/maudep.com.vn\/chuyengiadienmay\/index.php?rest_route=\/wp\/v2\/product"}],"about":[{"href":"http:\/\/maudep.com.vn\/chuyengiadienmay\/index.php?rest_route=\/wp\/v2\/types\/product"}],"replies":[{"embeddable":true,"href":"http:\/\/maudep.com.vn\/chuyengiadienmay\/index.php?rest_route=%2Fwp%2Fv2%2Fcomments&post=2062"}],"wp:featuredmedia":[{"embeddable":true,"href":"http:\/\/maudep.com.vn\/chuyengiadienmay\/index.php?rest_route=\/wp\/v2\/media\/2065"}],"wp:attachment":[{"href":"http:\/\/maudep.com.vn\/chuyengiadienmay\/index.php?rest_route=%2Fwp%2Fv2%2Fmedia&parent=2062"}],"curies":[{"name":"wp","href":"https:\/\/api.w.org\/{rel}","templated":true}]}}