{"id":2077,"date":"2019-01-02T15:06:53","date_gmt":"2019-01-02T08:06:53","guid":{"rendered":"http:\/\/maudep.com.vn\/chuyengiadienmay\/?post_type=product&#038;p=2077"},"modified":"2019-02-14T13:22:35","modified_gmt":"2019-02-14T06:22:35","slug":"may-giat-9-5kg-lg-t2395vs2m-smart-inverter","status":"publish","type":"product","link":"http:\/\/maudep.com.vn\/chuyengiadienmay\/?product=may-giat-9-5kg-lg-t2395vs2m-smart-inverter","title":{"rendered":"M\u00e1y gi\u1eb7t 9.5Kg LG T2395VS2M Smart Inverter"},"content":{"rendered":"<h3 class=\"pd-news-title\">M\u00e1y gi\u1eb7t 9.5Kg LG T2395VS2M Smart Inverter<\/h3>\n<div class=\"pd-news-content\">\n<p><img class=\"lazy\" src=\"https:\/\/cdn.tgdd.vn\/Products\/Images\/1944\/149174\/Kit\/may-giat-lg-t2395vs2m.jpg\" data-original=\"https:\/\/cdn.tgdd.vn\/Products\/Images\/1944\/149174\/Kit\/may-giat-lg-t2395vs2m.jpg\" \/><\/p>\n<h3>M\u00e1y gi\u1eb7t c\u00f3 thi\u1ebft k\u1ebf \u0111\u01a1n gi\u1ea3n nh\u01b0ng s\u1edf h\u1eefu kh\u1ed1i l\u01b0\u1ee3ng gi\u1eb7t l\u1edbn, ph\u00f9 h\u1ee3p cho nh\u00e0 \u0111\u00f4ng ng\u01b0\u1eddi<\/h3>\n<p>\u0110\u1ebfn t\u1eeb th\u01b0\u01a1ng hi\u1ec7u\u00a0LG\u00a0c\u1ee7a H\u00e0n Qu\u1ed1c,\u00a0m\u00e1y gi\u1eb7t LG Inverter 9.5 kg T2395VS2M\u00a0c\u00f3 thi\u1ebft k\u1ebf b\u00ean ngo\u00e0i kh\u00e1 \u0111\u01a1n gi\u1ea3n, d\u1ec5 d\u00e0ng k\u1ebft h\u1ee3p v\u1edbi m\u1ecdi kh\u00f4ng gian n\u1ed9i th\u1ea5t. B\u00ean c\u1ea1nh \u0111\u00f3, m\u00e1y gi\u1eb7t s\u1edf h\u1eefu kh\u1ed1i l\u01b0\u1ee3ng gi\u1eb7t l\u1edbn, l\u00ean \u0111\u1ebfn 9.5 kg, ho\u00e0n to\u00e0n ph\u00f9 h\u1ee3p cho nh\u00e0 tr\u00ean 6 ng\u01b0\u1eddi, c\u00f3 nhu c\u1ea7u gi\u1eb7t gi\u0169 cao.<\/p>\n<p><img class=\"lazy\" src=\"https:\/\/cdn.tgdd.vn\/Products\/Images\/1944\/149174\/lg-t2395vs2m1.jpg\" data-original=\"https:\/\/cdn.tgdd.vn\/Products\/Images\/1944\/149174\/lg-t2395vs2m1.jpg\" \/><\/p>\n<h3>Gi\u1eb7t s\u1ea1ch nhanh ch\u00f3ng v\u00e0 m\u1ea1nh m\u1ebd v\u1edbi s\u1ef1 k\u1ebft h\u1ee3p gi\u1eefa l\u1ed3ng gi\u1eb7t TurboDrum v\u00e0 \u0111\u1ea5m n\u01b0\u1edbc Punch+3<\/h3>\n<p>S\u1ef1 k\u1ebft h\u1ee3p gi\u1eefa\u00a0l\u1ed3ng gi\u1eb7t TurboDrum\u00a0mang \u0111\u1ebfn xo\u00e1y n\u01b0\u1edbc c\u1ef1c m\u1ea1nh c\u00f9ng\u00a0\u0111\u1ea5m n\u01b0\u1edbc Punch+3\u00a0\u0111\u01b0a \u0111\u1ed3 gi\u1eb7t l\u00ean xu\u1ed1ng li\u00ean t\u1ee5c v\u00e0 \u0111\u1ed3ng \u0111\u1ec1u c\u1ee7a m\u00e1y gi\u1eb7t s\u1ebd gi\u00fap cho qu\u1ea7n \u00e1o \u0111\u01b0\u1ee3c gi\u1eb7t s\u1ea1ch m\u1ea1nh m\u1ebd v\u00e0 nhanh ch\u00f3ng, \u0111\u1ed3ng th\u1eddi gi\u1ea3m xo\u1eafn r\u1ed1i t\u1ed1i \u0111a, b\u1ea1n kh\u00f4ng c\u00f2n t\u1ed1n th\u1eddi gian \u0111\u1ec3 l\u00e0 \u1ee7i qu\u1ea7n \u00e1o sau m\u1ed7i l\u1ea7n gi\u1eb7t.<\/p>\n<p><img class=\"lazy\" src=\"https:\/\/cdn.tgdd.vn\/Products\/Images\/1944\/149174\/lg-t2395vs2m2.jpg\" data-original=\"https:\/\/cdn.tgdd.vn\/Products\/Images\/1944\/149174\/lg-t2395vs2m2.jpg\" \/><\/p>\n<h3>C\u00f4ng ngh\u1ec7 Smart Inverter v\u1eadn h\u00e0nh b\u1ec1n b\u1ec9, gi\u1ea3m rung l\u1eafc<\/h3>\n<p>\u0110\u01b0\u1ee3c trang b\u1ecb\u00a0c\u00f4ng ngh\u1ec7 Smart Inverter, m\u00e1y gi\u1eb7t c\u00f3 kh\u1ea3 n\u0103ng v\u1eadn h\u00e0nh c\u1ef1c b\u1ec1n b\u1ec9, \u00eam \u00e1i, kh\u00f4ng rung l\u1eafc hay g\u00e2y ti\u1ebfng \u0111\u1ed9ng \u1ed3n \u00e0o \u1ea3nh h\u01b0\u1edfng \u0111\u1ebfn b\u1ea1n v\u00e0 ng\u01b0\u1eddi th\u00e2n. Kh\u00f4ng ch\u1ec9 v\u1eady b\u1ea1n c\u00f2n c\u00f3 th\u1ec3 ho\u00e0n to\u00e0n y\u00ean t\u00e2m khi \u0111\u1ed9ng c\u01a1 n\u00e0y \u0111\u01b0\u1ee3c b\u1ea3o h\u00e0nh ch\u00ednh h\u00e3ng l\u00ean \u0111\u1ebfn 10 n\u0103m.<\/p>\n<p><img class=\"lazy\" src=\"https:\/\/cdn.tgdd.vn\/Products\/Images\/1944\/149174\/lg-t2395vs2m3.jpg\" data-original=\"https:\/\/cdn.tgdd.vn\/Products\/Images\/1944\/149174\/lg-t2395vs2m3.jpg\" \/><\/p>\n<h3>Ch\u1ea9n \u0111o\u00e1n nhanh t\u00ecnh tr\u1ea1ng c\u1ee7a m\u00e1y ch\u1ec9 v\u1edbi m\u1ed9t chi\u1ebfc Smartphone t\u1ea1i nh\u00e0<\/h3>\n<p>L\u00e0 m\u1ed9t thi\u1ebft k\u1ebf m\u1edbi \u0111\u01b0\u1ee3c ra m\u1eaft n\u0103m 2017,\u00a0m\u00e1y gi\u1eb7t\u00a0LG T2395VS2M c\u00f3 th\u1ec3 l\u00e0m h\u00e0i l\u00f2ng b\u1ea5t k\u1ef3 v\u1ecb gia ch\u1ee7 kh\u00f3 t\u00ednh n\u00e0o nh\u1edd v\u00e0o t\u00ednh n\u0103ng\u00a0ch\u1ea9n \u0111o\u00e1n th\u00f4ng minh b\u1eb1ng \u0111i\u1ec7n tho\u1ea1i\u00a0ngay t\u1ea1i nh\u00e0 ch\u1ec9 v\u1edbi m\u1ed9t chi\u1ebfc Smartphone v\u00f4 c\u00f9ng ti\u1ec7n l\u1ee3i v\u00e0 nhanh ch\u00f3ng.<\/p>\n<p><img class=\"lazy\" src=\"https:\/\/cdn.tgdd.vn\/Products\/Images\/1944\/149174\/lg-t2395vs2m4.jpg\" data-original=\"https:\/\/cdn.tgdd.vn\/Products\/Images\/1944\/149174\/lg-t2395vs2m4.jpg\" \/><\/p>\n<h3>Ti\u1ebft ki\u1ec7m th\u1eddi gian \u0111i\u1ec1u ch\u1ec9nh l\u1ea1i ch\u01b0\u01a1ng tr\u00ecnh n\u1ebfu ch\u1eb3ng may m\u1ea5t \u0111i\u1ec7n \u0111\u1ed9t ng\u1ed9t<\/h3>\n<p>N\u1ebfu ch\u1eb3ng m\u00e1y \u0111i\u1ec7n c\u00fap \u0111\u1ed9t ng\u1ed9t trong qu\u00e1 tr\u00ecnh m\u00e1y v\u1eadn h\u00e0nh th\u00ec v\u1edbi\u00a0ch\u1ebf \u0111\u1ed9\u00a0t\u1ef1 kh\u1edfi \u0111\u1ed9ng l\u1ea1i khi c\u00f3 \u0111i\u1ec7n, m\u00e1y gi\u1eb7t c\u00f3 th\u1ec3 ghi nh\u1edb ch\u01b0\u01a1ng tr\u00ecnh gi\u1eb7t dang d\u1edf v\u00e0 t\u1ef1 \u0111\u1ed9ng v\u1eadn h\u00e0nh l\u1ea1i \u0111\u00fang ch\u01b0\u01a1ng tr\u00ecnh \u0111\u00f3 sau khi c\u00f3 \u0111i\u1ec7n tr\u1edf l\u1ea1i. B\u1ea1n kh\u00f4ng ph\u1ea3i t\u1ed1n th\u1eddi gian ch\u1ec9nh m\u00e1y m\u1ed9t l\u1ea7n n\u1eefa.<\/p>\n<p><img class=\"lazy\" src=\"https:\/\/cdn.tgdd.vn\/Products\/Images\/1944\/149174\/lg-t2395vs2m5.jpg\" data-original=\"https:\/\/cdn.tgdd.vn\/Products\/Images\/1944\/149174\/lg-t2395vs2m5.jpg\" \/><\/p>\n<\/div>\n","protected":false},"excerpt":{"rendered":"<p>&#8211; C\u00f4ng ngh\u1ec7 Smart Inverter ti\u1ebft ki\u1ec7m n\u0103ng l\u01b0\u1ee3ng, t\u0103ng hi\u1ec7u n\u0103ng gi\u1eb7t.<br \/>\n&#8211; B\u1ea3o h\u00e0nh 10 n\u0103m cho \u0111\u1ed9ng c\u01a1 Inverter<br \/>\n&#8211; Gi\u1eb7t m\u1ea1nh m\u1ebd &amp; gi\u1ea3m xo\u1eafn r\u1ed1i hi\u1ec7u qu\u1ea3 v\u1edbi c\u00f4ng ngh\u1ec7 Gi\u1eb7t xoay chi\u1ec1u Turbo drum v\u00e0 \u0111\u1ea5m n\u01b0\u1edbc Punch+3<\/p>\n<p>&nbsp;<\/p>\n","protected":false},"featured_media":2079,"comment_status":"open","ping_status":"closed","template":"","meta":[],"_links":{"self":[{"href":"http:\/\/maudep.com.vn\/chuyengiadienmay\/index.php?rest_route=\/wp\/v2\/product\/2077"}],"collection":[{"href":"http:\/\/maudep.com.vn\/chuyengiadienmay\/index.php?rest_route=\/wp\/v2\/product"}],"about":[{"href":"http:\/\/maudep.com.vn\/chuyengiadienmay\/index.php?rest_route=\/wp\/v2\/types\/product"}],"replies":[{"embeddable":true,"href":"http:\/\/maudep.com.vn\/chuyengiadienmay\/index.php?rest_route=%2Fwp%2Fv2%2Fcomments&post=2077"}],"wp:featuredmedia":[{"embeddable":true,"href":"http:\/\/maudep.com.vn\/chuyengiadienmay\/index.php?rest_route=\/wp\/v2\/media\/2079"}],"wp:attachment":[{"href":"http:\/\/maudep.com.vn\/chuyengiadienmay\/index.php?rest_route=%2Fwp%2Fv2%2Fmedia&parent=2077"}],"curies":[{"name":"wp","href":"https:\/\/api.w.org\/{rel}","templated":true}]}}