{"id":2080,"date":"2019-01-02T15:12:54","date_gmt":"2019-01-02T08:12:54","guid":{"rendered":"http:\/\/maudep.com.vn\/chuyengiadienmay\/?post_type=product&#038;p=2080"},"modified":"2019-01-15T14:57:19","modified_gmt":"2019-01-15T07:57:19","slug":"may-giat-9kg-samsung-wa90m5120sg-sv","status":"publish","type":"product","link":"http:\/\/maudep.com.vn\/chuyengiadienmay\/?product=may-giat-9kg-samsung-wa90m5120sg-sv","title":{"rendered":"M\u00e1y gi\u1eb7t 9KG Samsung WA90M5120SG\/SV"},"content":{"rendered":"<h3 class=\"pd-news-title\">M\u00e1y gi\u1eb7t 9KG Samsung WA90M5120SG\/SV<\/h3>\n<div class=\"pd-news-content\">\n<h2>Gi\u1eb7t S\u1ea1ch Ho\u00e0n H\u1ea3o, B\u1ea3o V\u1ec7 S\u1ee3i V\u1ea3i<\/h2>\n<p>C\u00f4ng ngh\u1ec7 gi\u1eb7t Wobble v\u1edbi thi\u1ebft k\u1ebf m\u00e2m gi\u1eb7t \u0111\u1ed9c \u0111\u00e1o t\u1ea1o ra lu\u1ed3ng n\u01b0\u1edbc \u0111a chi\u1ec1u t\u1eeb tr\u00e1i qua ph\u1ea3i, t\u1eeb tr\u00ean xu\u1ed1ng d\u01b0\u1edbi gi\u00fap qu\u1ea7n \u00e1o kh\u00f4ng b\u1ecb xo\u1eafn r\u1ed1i \u0111\u1ed3ng th\u1eddi \u0111\u00e1nh b\u1eadt c\u00e1c v\u1ebft b\u1ea9n hi\u1ec7u qu\u1ea3.<\/p>\n<p><img class=\"lazy\" src=\"https:\/\/cdn.mediamart.vn\/Upload\/download\/2017-4-News\/8spx7D1c0h44fka.jpg\" data-original=\"https:\/\/cdn.mediamart.vn\/Upload\/download\/2017-4-News\/8spx7D1c0h44fka.jpg\" \/><\/p>\n<h2>S\u1ee9c M\u1ea1nh L\u1ecdc S\u1ea1ch X\u01a1 V\u1ea3i V\u00e0 C\u1eb7n B\u1ea9n<\/h2>\n<p>B\u1ed9 l\u1ecdc sinh h\u1ecdc Magic Filter \u0111\u01b0\u1ee3c \u0111\u1eb7t \u1edf v\u1ecb tr\u00ed t\u1ed1i \u01b0u gi\u00fap l\u1ecdc to\u00e0n b\u1ed9 x\u01a1 v\u1ea3i v\u00e0 c\u1eb7n b\u1ea9n \u0111\u1ec3 qu\u1ea7n \u00e1o lu\u00f4n s\u1ea1ch s\u1ebd v\u00e0 tr\u00e1nh t\u1eafc ngh\u1ebdn \u0111\u01b0\u1eddng \u1ed1ng tho\u00e1t n\u01b0\u1edbc. B\u1ed9 l\u1ecdc c\u00f3 th\u1ec3 th\u00e1o r\u1eddi, thu\u1eadn ti\u1ec7n cho vi\u1ec7c v\u1ec7 sinh.<\/p>\n<p><img class=\"lazy\" src=\"https:\/\/cdn.mediamart.vn\/Upload\/download\/2017-4-News\/wJ87o133n3k1Y7O.jpg\" data-original=\"https:\/\/cdn.mediamart.vn\/Upload\/download\/2017-4-News\/wJ87o133n3k1Y7O.jpg\" \/><\/p>\n<h2>Ch\u0103m S\u00f3c V\u00e0 N\u00e2ng Niu T\u1eebng S\u1ee3i V\u1ea3i<\/h2>\n<p>Thi\u1ebft k\u1ebf l\u1ed3ng gi\u1eb7t \u0111\u1ed9c \u0111\u00e1o v\u1edbi b\u1ec1 m\u1eb7t ch\u1ea1m n\u1ed5i h\u00ecnh kim c\u01b0\u01a1ng v\u00e0 c\u00e1c l\u1ed7 tho\u00e1t n\u01b0\u1edbc si\u00eau nh\u1ecf. Nh\u1edd \u0111\u00f3 L\u1ed3ng gi\u1eb7t kim c\u01b0\u01a1ng lu\u00f4n b\u1ea3o v\u1ec7 s\u1ee3i v\u1ea3i kh\u00f4ng b\u1ecb t\u01b0a s\u1eddn v\u00e0 g\u00e2y h\u01b0 t\u1ed5n qu\u1ea7n \u00e1o.<\/p>\n<p><img class=\"lazy\" src=\"https:\/\/cdn.mediamart.vn\/Upload\/download\/2017-4-News\/Hki7L7Rvzh7NdJq.jpg\" data-original=\"https:\/\/cdn.mediamart.vn\/Upload\/download\/2017-4-News\/Hki7L7Rvzh7NdJq.jpg\" \/><\/p>\n<h2>Gi\u1eb7t S\u1ea1ch T\u1ed1i \u01afu<\/h2>\n<p>C\u00f4ng ngh\u1ec7 Th\u00e1c N\u01b0\u1edbc \u0111\u01b0a d\u00f2ng n\u01b0\u1edbc m\u1ea1nh t\u1eeb \u1ed1ng d\u1eabn ph\u00eda tr\u00ean h\u00f2a v\u00e0o d\u00f2ng n\u01b0\u1edbc b\u00ean d\u01b0\u1edbi. T\u00ednh n\u0103ng \u0111\u1eb7c bi\u1ec7t n\u00e0y gi\u00fap b\u1ed9t gi\u1eb7t \u0111\u01b0\u1ee3c h\u00f2a tan v\u00e0 \u0111i s\u00e2u th\u1ea9m th\u1ea5u v\u00e0o t\u1eebng s\u1ee3i v\u1ea3i, \u0111\u1ec3 qu\u1ea7n \u00e1o \u0111\u01b0\u1ee3c gi\u1eb7t s\u1ea1ch ho\u00e0n h\u1ea3o v\u00e0 hi\u1ec7u qu\u1ea3.<\/p>\n<p><img class=\"lazy\" src=\"https:\/\/cdn.mediamart.vn\/Upload\/download\/2017-4-News\/3bb9NZy1nx9SJnJ.jpg\" data-original=\"https:\/\/cdn.mediamart.vn\/Upload\/download\/2017-4-News\/3bb9NZy1nx9SJnJ.jpg\" \/><\/p>\n<p>&nbsp;<\/p>\n<\/div>\n","protected":false},"excerpt":{"rendered":"<p>&#8211;\u00a06 ch\u01b0\u01a1ng tr\u00ecnh (c\u00f3 gi\u1eb7t nhanh, gi\u1eb7t \u0111\u1ed3 d\u00e0y, gi\u1eb7t ch\u0103n m\u1ec1n&#8230;)<br \/>\n&#8211;\u00a0Thi\u1ebft k\u1ebf m\u00e2m gi\u1eb7t Wobble mang \u0111\u1ebfn kh\u1ea3 n\u0103ng gi\u1eb7t s\u1ea1ch ho\u00e0n h\u1ea3o m\u1ecdi v\u1ebft b\u1ea9n.<br \/>\n&#8211; L\u1ecdc s\u1ea1ch x\u01a1 v\u1ea3i v\u00e0 c\u1eb7n b\u1ea9n, \u0111\u1ed3ng th\u1eddi ch\u1ed1ng t\u1eaft ngh\u1ebdn \u1ed1ng tho\u00e1t n\u01b0\u1edbc v\u1edbi b\u1ed9 l\u1ecdc Magic Filter.<\/p>\n<p>&nbsp;<\/p>\n","protected":false},"featured_media":2082,"comment_status":"open","ping_status":"closed","template":"","meta":[],"_links":{"self":[{"href":"http:\/\/maudep.com.vn\/chuyengiadienmay\/index.php?rest_route=\/wp\/v2\/product\/2080"}],"collection":[{"href":"http:\/\/maudep.com.vn\/chuyengiadienmay\/index.php?rest_route=\/wp\/v2\/product"}],"about":[{"href":"http:\/\/maudep.com.vn\/chuyengiadienmay\/index.php?rest_route=\/wp\/v2\/types\/product"}],"replies":[{"embeddable":true,"href":"http:\/\/maudep.com.vn\/chuyengiadienmay\/index.php?rest_route=%2Fwp%2Fv2%2Fcomments&post=2080"}],"wp:featuredmedia":[{"embeddable":true,"href":"http:\/\/maudep.com.vn\/chuyengiadienmay\/index.php?rest_route=\/wp\/v2\/media\/2082"}],"wp:attachment":[{"href":"http:\/\/maudep.com.vn\/chuyengiadienmay\/index.php?rest_route=%2Fwp%2Fv2%2Fmedia&parent=2080"}],"curies":[{"name":"wp","href":"https:\/\/api.w.org\/{rel}","templated":true}]}}