{"id":2083,"date":"2019-01-02T15:17:29","date_gmt":"2019-01-02T08:17:29","guid":{"rendered":"http:\/\/maudep.com.vn\/chuyengiadienmay\/?post_type=product&#038;p=2083"},"modified":"2019-02-14T13:19:06","modified_gmt":"2019-02-14T06:19:06","slug":"may-giat-8-5-kg-samsung-wa85j5712sg-sv-activ-dualwash","status":"publish","type":"product","link":"http:\/\/maudep.com.vn\/chuyengiadienmay\/?product=may-giat-8-5-kg-samsung-wa85j5712sg-sv-activ-dualwash","title":{"rendered":"M\u00e1y Gi\u1eb7t 8.5 Kg Samsung WA85J5712SG\/SV Activ Dualwash"},"content":{"rendered":"<h3 class=\"pd-news-title\">M\u00e1y Gi\u1eb7t 8.5 Kg Samsung WA85J5712SG\/SV Activ Dualwash<\/h3>\n<div class=\"pd-news-content\">\n<p><strong>Thi\u1ebft k\u1ebf \u0111\u01a1n gi\u1ea3n, tinh t\u1ebf<\/strong><\/p>\n<p>M\u00e1y gi\u1eb7t Samsung WA85J5712SG\/SV\u00a0c\u00f3 ki\u1ec3u d\u00e1ng ch\u1eef nh\u1eadt \u0111\u1ee9ng \u0111\u01a1n gi\u1ea3n nh\u01b0ng l\u1ea1i s\u1edf h\u1eefu c\u00e1c \u0111\u01b0\u1eddng n\u00e9t bo tr\u00f2n c\u00e1c g\u00f3c m\u1ec1m m\u1ea1i, tinh t\u1ebf, mang \u0111\u1ebfn t\u00ednh th\u1ea9m m\u1ef9 cao, sang tr\u1ecdng cho gia \u0111\u00ecnh b\u1ea1n. Kh\u1ed1i l\u01b0\u1ee3ng gi\u1eb7t 8.5 kg tho\u1ea3i m\u00e1i \u0111\u00e1p \u1ee9ng nhu c\u1ea7u gi\u1eb7t gi\u0169 cho nh\u1eefng gia \u0111\u00ecnh t\u1eeb 4 t\u1edbi 5 th\u00e0nh vi\u00ean.<\/p>\n<p><img class=\"lazy\" src=\"https:\/\/cdn.mediamart.vn\/Upload\/download\/2016-11\/samsung-wa85j5712sgsv-yhYFrp.jpg\" data-original=\"https:\/\/cdn.mediamart.vn\/Upload\/download\/2016-11\/samsung-wa85j5712sgsv-yhYFrp.jpg\" \/><\/p>\n<p><strong>H\u1ec7 th\u1ed1ng Activ Dualwash t\u00edch h\u1ee3p khay gi\u1eb7t tay<\/strong><\/p>\n<p>L\u00e0 m\u1ed9t thi\u1ebft k\u1ebf ti\u00ean phong c\u1ee7a Samsung, h\u1ec7 th\u1ed1ng Activ Dualwash mang \u0111\u1ebfn kh\u1ea3 n\u0103ng x\u1eed l\u00fd qu\u1ea7n \u00e1o b\u1eb1ng tay tr\u01b0\u1edbc khi cho v\u00e0o m\u00e1y gi\u1eb7t v\u1edbi khay gi\u1eb7t tay ti\u1ec7n l\u1ee3i, gi\u00fap n\u0103ng cao kh\u1ea3 n\u0103ng gi\u1eb7t s\u1ea1ch cho qu\u1ea7n \u00e1o v\u00e0 b\u1ea1n s\u1ebd kh\u00f4ng ph\u1ea3i g\u1eadp ng\u01b0\u1eddi ho\u1eb7c ng\u1ed3i x\u1ed5m \u0111\u1ec3 gi\u1eb7t tay.<\/p>\n<p><img class=\"lazy\" src=\"https:\/\/mediamart.vn\/Lib\/Plugins\/LazyLoad\/lazy-bg.png\" data-original=\"https:\/\/cdn.mediamart.vn\/Upload\/download\/2016-11\/samsung-wa85j5712sgsv-9vCj33.jpg\" \/><\/p>\n<p><strong>B\u1ed9 l\u1ecdc Magic Filter ti\u1ec7n l\u1ee3i<\/strong><\/p>\n<p>M\u00e1y gi\u1eb7t Samsung WA85J5712SG\/SV \u0111\u01b0\u1ee3c trang b\u1ecb b\u1ed9 l\u1ecdc th\u1ea7n k\u1ef3\u00a0Magic Filter\u00a0c\u00f3 kh\u1ea3 n\u0103ng l\u1ecdc b\u1ecf to\u00e0n b\u1ed9 x\u01a1 v\u1ea3i, gi\u00fap qu\u1ea7n \u00e1o \u0111\u01b0\u1ee3c gi\u1eb7t s\u1ea1ch s\u1ebd, b\u1ec1n\u00a0 \u0111\u1eb9p v\u1edbi th\u1eddi gian, \u0111\u1ed3ng th\u1eddi b\u1ea3o v\u1ec7 \u0111\u01b0\u1eddng \u1ed1ng tho\u00e1t n\u01b0\u1edbc kh\u00f4ng b\u1ecb t\u1eaft ngh\u1ebdn, d\u1ec5 d\u00e0ng th\u00e1o l\u1eafp v\u1ec7 sinh.<\/p>\n<p><img class=\"lazy\" src=\"https:\/\/mediamart.vn\/Lib\/Plugins\/LazyLoad\/lazy-bg.png\" data-original=\"https:\/\/cdn.mediamart.vn\/Upload\/download\/2016-11\/samsung-wa85j5712sgsv-8luLgM.jpg\" \/><\/p>\n<p><strong>C\u00f4ng ngh\u1ec7 gi\u1eb7t Wobble ti\u00ean ti\u1ebfn v\u01b0\u1ee3t tr\u1ed9i<\/strong><\/p>\n<p>C\u00f4ng ngh\u1ec7 gi\u1eb7t Wobble\u00a0ti\u00ean ti\u1ebfn c\u1ee7a\u00a0m\u00e1y gi\u1eb7t Samsung\u00a0gi\u00fap t\u1ea1o ra c\u00e1c d\u00f2ng n\u01b0\u1edbc \u0111a chi\u1ec1u len l\u1ecfi v\u00e0o s\u00e2u b\u00ean trong qu\u1ea7n \u00e1o, t\u0103ng kh\u1ea3 n\u0103ng \u0111\u00e1nh b\u1eadt c\u00e1c v\u1ebft b\u1ea9n m\u1ed9t c\u00e1ch hi\u1ec7u qu\u1ea3, \u0111\u1ed3ng th\u1eddi h\u1ea1n ch\u1ebf nh\u0103n nh\u00fam, h\u01b0 h\u1ecfng s\u1ee3i v\u1ea3i, t\u0103ng \u0111\u1ed9 b\u1ec1n cho qu\u1ea7n \u00e1o.<\/p>\n<p><img class=\"lazy\" src=\"https:\/\/mediamart.vn\/Lib\/Plugins\/LazyLoad\/lazy-bg.png\" data-original=\"https:\/\/cdn.mediamart.vn\/Upload\/download\/2016-11\/samsung-wa85j5712sgsv-LHnA22.jpg\" \/><\/p>\n<p><strong>H\u1ed9p \u0111\u00e1nh tan b\u1ed9 gi\u1eb7t<\/strong><\/p>\n<p>M\u00e1y gi\u1eb7t Samsung WA85J5712SG\/SV c\u00f2n \u0111\u01b0\u1ee3c trang b\u1ecb h\u1ed9p \u0111\u00e1nh tan b\u1ed9t gi\u1eb7t v\u1edbi c\u00e1c c\u00e1nh qu\u1ea1t b\u00ean trong gi\u00fap b\u1ed9t gi\u1eb7t kh\u00f4ng b\u1ecb v\u00f3n c\u1ee5c, d\u00ednh l\u1ea1i tr\u00ean qu\u1ea7n \u00e1o c\u1ee7a b\u1ea1n.<\/p>\n<p><img class=\"lazy\" src=\"https:\/\/mediamart.vn\/Lib\/Plugins\/LazyLoad\/lazy-bg.png\" data-original=\"https:\/\/cdn.mediamart.vn\/Upload\/download\/2016-11\/samsung-wa85j5712sgsv-KS34aC.jpg\" \/><\/p>\n<p><strong>6 ch\u01b0\u01a1ng tr\u00ecnh gi\u1eb7t<\/strong><\/p>\n<p>S\u1edf h\u1eefu 6 ch\u01b0\u01a1ng tr\u00ecnh gi\u1eb7t \u0111a d\u1ea1ng \u0111\u1ee7 \u0111\u1ec3 cho ph\u00e9p ng\u01b0\u1eddi d\u00f9ng tho\u1ea3i m\u00e1i t\u00f9y ch\u1ecdn ch\u1ebf \u0111\u1ed9 ph\u00f9 h\u1ee3p v\u1edbi qu\u1ea7n \u00e1o c\u0169ng nh\u01b0 nhu c\u1ea7u c\u1ee7a m\u00ecnh m\u1ed9t c\u00e1ch t\u1ed1i \u01b0u nh\u1ea5t.<\/p>\n<p><img class=\"lazy\" src=\"https:\/\/mediamart.vn\/Lib\/Plugins\/LazyLoad\/lazy-bg.png\" data-original=\"https:\/\/cdn.mediamart.vn\/Upload\/download\/2016-11\/samsung-wa85j5712sgsv-bVzfkn.jpg\" \/><\/p>\n<p><strong>Ch\u1ebf \u0111\u1ed9 v\u1ec7 sinh l\u1ed3ng gi\u1eb7t kh\u00f4ng c\u1ea7n h\u00f3a ch\u1ea5t kh\u00f4ng lo c\u1eb7n b\u1ea9n, m\u1ea3ng b\u00e1m<\/strong><\/p>\n<\/div>\n","protected":false},"excerpt":{"rendered":"<p>&#8211; M\u00e1y gi\u1eb7t l\u1ed3ng \u0111\u1ee9ng, 8.5 Kg<br \/>\n&#8211; Truy\u1ec1n \u0111\u1ed9ng b\u1eb1ng d\u00e2y Curoa<br \/>\n&#8211; T\u1ed1c \u0111\u1ed9 v\u1eaft 700 v\u00f2ng\/ph\u00fat<br \/>\n&#8211; B\u1ed9 l\u1ecdc sinh h\u1ecdc Magic Filter<\/p>\n<p>&nbsp;<\/p>\n","protected":false},"featured_media":2085,"comment_status":"open","ping_status":"closed","template":"","meta":[],"_links":{"self":[{"href":"http:\/\/maudep.com.vn\/chuyengiadienmay\/index.php?rest_route=\/wp\/v2\/product\/2083"}],"collection":[{"href":"http:\/\/maudep.com.vn\/chuyengiadienmay\/index.php?rest_route=\/wp\/v2\/product"}],"about":[{"href":"http:\/\/maudep.com.vn\/chuyengiadienmay\/index.php?rest_route=\/wp\/v2\/types\/product"}],"replies":[{"embeddable":true,"href":"http:\/\/maudep.com.vn\/chuyengiadienmay\/index.php?rest_route=%2Fwp%2Fv2%2Fcomments&post=2083"}],"wp:featuredmedia":[{"embeddable":true,"href":"http:\/\/maudep.com.vn\/chuyengiadienmay\/index.php?rest_route=\/wp\/v2\/media\/2085"}],"wp:attachment":[{"href":"http:\/\/maudep.com.vn\/chuyengiadienmay\/index.php?rest_route=%2Fwp%2Fv2%2Fmedia&parent=2083"}],"curies":[{"name":"wp","href":"https:\/\/api.w.org\/{rel}","templated":true}]}}