{"id":2086,"date":"2019-01-02T15:27:31","date_gmt":"2019-01-02T08:27:31","guid":{"rendered":"http:\/\/maudep.com.vn\/chuyengiadienmay\/?post_type=product&#038;p=2086"},"modified":"2019-02-14T13:17:36","modified_gmt":"2019-02-14T06:17:36","slug":"may-giat-7-2-kg-samsung-wa72h4000sg-sv-long-dung","status":"publish","type":"product","link":"http:\/\/maudep.com.vn\/chuyengiadienmay\/?product=may-giat-7-2-kg-samsung-wa72h4000sg-sv-long-dung","title":{"rendered":"M\u00e1y gi\u1eb7t 7.2 Kg Samsung WA72H4000SG\/SV l\u1ed3ng \u0111\u1ee9ng"},"content":{"rendered":"<h3 class=\"pd-news-title\">M\u00e1y gi\u1eb7t 7.2 Kg Samsung WA72H4000SG\/SV l\u1ed3ng \u0111\u1ee9ng<\/h3>\n<div class=\"pd-news-content\">\n<p><strong>L\u00e0m S\u1ea1ch T\u0103ng C\u01b0\u1eddng, N\u00e2ng Niu S\u1ee3i V\u1ea3i<\/strong><\/p>\n<p><img class=\"lazy\" src=\"https:\/\/cdn.mediamart.vn\/Upload\/download\/2016-11\/samsung-wa72h4000sgsv-M20vh2.jpg\" data-original=\"https:\/\/cdn.mediamart.vn\/Upload\/download\/2016-11\/samsung-wa72h4000sgsv-M20vh2.jpg\" \/><\/p>\n<p>C\u00f4ng ngh\u1ec7 gi\u1eb7t Wobble ti\u00ean ti\u1ebfn c\u1ee7a Samsung n\u00e2ng niu t\u1eebng s\u1ee3i v\u1ea3i m\u00e0 kh\u00f4ng \u1ea3nh h\u01b0\u1edfng \u0111\u1ebfn hi\u1ec7u su\u1ea5t gi\u1eb7t. C\u1ea5u tr\u00fac \u0111\u1ed9c \u0111\u00e1o c\u1ee7a Wobble mang \u0111\u1ebfn s\u1ee9c m\u1ea1nh gi\u1eb7t t\u0103ng c\u01b0\u1eddng, d\u00f2ng ch\u1ea3y \u0111a chi\u1ec1u gi\u00fap ch\u1ed1ng xo\u1eafn r\u1ed1i v\u00e0 l\u00e0m s\u1ea1ch qu\u1ea7n \u00e1o t\u1ed1i \u0111a.<\/p>\n<p><strong>V\u1eaft Kh\u00f4 Qu\u1ea7n \u00c1o Nhanh Ch\u00f3ng<\/strong><\/p>\n<p><img class=\"lazy\" src=\"https:\/\/cdn.mediamart.vn\/Upload\/download\/2016-11\/samsung-wa72h4000sgsv-w0MR8J.jpg\" data-original=\"https:\/\/cdn.mediamart.vn\/Upload\/download\/2016-11\/samsung-wa72h4000sgsv-w0MR8J.jpg\" \/><\/p>\n<p>H\u1ec7 th\u1ed1ng v\u1eaft kh\u00f4 qu\u1ea7n \u00e1o Air Turbo c\u1ee7a m\u00e1y gi\u1eb7t Samsung l\u00e0m gi\u1ea3m th\u1eddi gian v\u1eaft. H\u00ea th\u1ed1ng quay nhanh l\u1ed3ng gi\u1eb7t, \u0111\u1ed3ng th\u1eddi hai c\u1eeda h\u00fat kh\u00ed r\u00fat ra nhi\u1ec1u kh\u00f4ng kh\u00ed h\u01a1n \u0111\u1ec3 v\u1eaft nhi\u1ec1u n\u01b0\u1edbc, gi\u00fap ti\u1ebft ki\u1ec7m th\u1eddi gian t\u1ed1i \u0111a.<\/p>\n<p><strong>T\u1ef1 \u0110\u1ed9ng V\u1ec7 Sinh L\u1ed3ng Gi\u1eb7t<\/strong><\/p>\n<p><img class=\"lazy\" src=\"https:\/\/cdn.mediamart.vn\/Upload\/download\/2016-11\/samsung-wa72h4000sgsv-E9UuC4.jpg\" data-original=\"https:\/\/cdn.mediamart.vn\/Upload\/download\/2016-11\/samsung-wa72h4000sgsv-E9UuC4.jpg\" \/><\/p>\n<p>T\u1ed1i \u01b0u ho\u00e1 s\u1ef1 ti\u1ec7n l\u1ee3i v\u1edbi Ch\u1ebf \u0110\u1ed9 T\u1ef1 \u0110\u1ed9ng L\u00e0m S\u1ea1ch &#8211; Eco Tub Clean gi\u00fap lo\u1ea1i b\u1ecf d\u01b0 l\u01b0\u1ee3ng b\u1ed9t gi\u1eb7t v\u00e0 b\u1ee5i b\u1ea9n t\u00edch t\u1ee5 m\u00e0 kh\u00f4ng c\u1ea7n d\u00f9ng \u0111\u1ebfn h\u00f3a ch\u1ea5t. M\u00e1y gi\u1eb7t s\u1ebd t\u1ef1 \u0111\u1ed9ng b\u00e1o hi\u1ec7u cho b\u1ea1n khi c\u1ea7n l\u00e0m s\u1ea1ch.<\/p>\n<p><img class=\"lazy\" src=\"https:\/\/cdn.mediamart.vn\/Upload\/download\/2016-11\/samsung-wa72h4000sgsv-S3gPbC.jpg\" data-original=\"https:\/\/cdn.mediamart.vn\/Upload\/download\/2016-11\/samsung-wa72h4000sgsv-S3gPbC.jpg\" \/><\/p>\n<p><strong>Thi\u1ebft K\u1ebf Khoa H\u1ecdc, Sang Tr\u1ecdng, Hi\u1ec7n \u0110\u1ea1i<\/strong><\/p>\n<p>Thi\u1ebft k\u1ebf khoa h\u1ecdc, sang tr\u1ecdng mang \u0111\u1ebfn t\u00ednh th\u1ea9m m\u1ef9 v\u00e0 \u0111\u1ed9 b\u1ec1n cho m\u00e1y. \u0110\u01b0\u1eddng cong tinh t\u1ebf, b\u1ea3ng \u0111i\u1ec1u khi\u1ec3n c\u1ee5m k\u00e9p d\u1ec5 s\u1eed d\u1ee5ng, m\u00e0n h\u00ecnh hi\u1ec3n th\u1ecb \u0111\u00e8n LED \u0111\u1eb9p m\u1eaft v\u00e0 c\u1eeda k\u00ednh trong; gi\u00fap quan s\u00e1t r\u00f5 b\u00ean trong.<\/p>\n<p><img class=\"lazy\" src=\"https:\/\/cdn.mediamart.vn\/Upload\/download\/2016-11\/samsung-wa72h4000sgsv-c62b0v.jpg\" data-original=\"https:\/\/cdn.mediamart.vn\/Upload\/download\/2016-11\/samsung-wa72h4000sgsv-c62b0v.jpg\" \/><\/p>\n<p><strong>D\u1ec5 D\u00e0ng \u0110i\u1ec1u Khi\u1ec3n<\/strong><\/p>\n<p>B\u1ea3ng \u0111i\u1ec1u khi\u1ec3n c\u00f3 thi\u1ebft k\u1ebf c\u1ee5m k\u00e9p d\u1ec5 s\u1eed d\u1ee5ng v\u00e0 t\u0103ng c\u01b0\u1eddng kh\u1ea3 n\u0103ng hi\u1ec3n th\u1ecb. Thi\u1ebft k\u1ebf khoa h\u1ecdc v\u1edbi n\u00fat \u0111i\u1ec1u khi\u1ec3n \u1edf hai b\u00ean, c\u00f9ng m\u00e0n h\u00ecnh hi\u1ec3n th\u1ecb \u0111\u00e8n LED xanh d\u01b0\u01a1ng gi\u00fap d\u1ec5 d\u00e0ng ch\u1ecdn ch\u01b0\u01a1ng tr\u00ecnh gi\u1eb7t mong mu\u1ed1n.<\/p>\n<p><img class=\"lazy\" src=\"https:\/\/cdn.mediamart.vn\/Upload\/download\/2016-11\/samsung-wa72h4000sgsv-rk0ASA.jpg\" data-original=\"https:\/\/cdn.mediamart.vn\/Upload\/download\/2016-11\/samsung-wa72h4000sgsv-rk0ASA.jpg\" \/><\/p>\n<p><strong>B\u1ec1n B\u1ec9 H\u01a1n\u00a0v\u1edbiK\u00ednh Ch\u1ecbu L\u1ef1c<\/strong><\/p>\n<p>C\u1eeda tr\u00ean m\u00e1y gi\u1eb7t l\u00e0m b\u1eb1ng k\u00ednh ch\u1ecbu l\u1ef1c gi\u00fap d\u1ec5 d\u00e0ng nh\u00ecn r\u00f5 b\u00ean trong l\u1ed3ng gi\u1eb7t v\u00e0 b\u1ec1n b\u1ec9 c\u00f9ng th\u1eddi gian. C\u1eeda \u0111\u01b0\u1ee3c thi\u1ebft k\u1ebf ch\u1ecbu \u0111\u01b0\u1ee3c v\u1eadt n\u1eb7ng v\u00e0 \u00e1p l\u1ef1c cao, n\u00ean ch\u1ed1ng \u0111\u01b0\u1ee3c tr\u1ea7y x\u01b0\u1edbc v\u00e0 v\u1ee1 v\u1ee5n. V\u00ec th\u1ebf th\u1eddi gian s\u1eed d\u1ee5ng \u0111\u01b0\u1ee3c l\u00e2u d\u00e0i v\u00e0 hi\u1ec7u qu\u1ea3.<\/p>\n<p><strong>B\u1ed9 L\u1ecdc Th\u1ea7n K\u1ef3<\/strong><\/p>\n<p>B\u1ed9 l\u1ecdc sinh h\u1ecdc Magic Filter lo\u1ea1i b\u1ecf c\u00e1c x\u01a1 v\u1ea3i, l\u00f4ng t\u01a1 b\u00e1m v\u00e0o qu\u1ea7n \u00e1o, gi\u00fap qu\u1ea7n \u00e1o s\u1ea1ch s\u1ebd, \u0111\u1ed3ng th\u1eddi tr\u00e1nh t\u1eafc ngh\u1ebdn \u0111\u01b0\u1eddng \u1ed1ng tho\u00e1t n\u01b0\u1edbc. B\u1ed9 l\u1ecdc r\u1ea5t d\u1ec5 d\u00e0ng \u0111\u1ec3 l\u00e0m v\u1ec7 sinh.<\/p>\n<p><strong>S\u1ea1ch Ho\u00e0n H\u1ea3o<\/strong><\/p>\n<p>C\u00f4ng ngh\u1ec7 Th\u00e1c N\u01b0\u1edbc gi\u00fap qu\u1ea5n \u00e1o s\u1ea1ch h\u01a1n bao gi\u1edd h\u1ebft. Tia n\u01b0\u1edbc m\u1ea1nh m\u1ebd v\u00e0 t\u1eadp trung \u0111\u00e1nh tan h\u1ebft c\u1eb7n b\u1ed9t gi\u1eb7t, gi\u00fap qu\u1ea7n \u00e1o \u0111\u01b0\u1ee3c gi\u1eb7t s\u1ea1ch ho\u00e0n h\u1ea3o.<\/p>\n<\/div>\n","protected":false},"excerpt":{"rendered":"<p>&#8211; Lo\u1ea1i m\u00e1y gi\u1eb7t: l\u1ed3ng \u0111\u1ee9ng<br \/>\n&#8211; Kh\u1ed1i l\u01b0\u1ee3ng gi\u1eb7t: 7.2 kg<br \/>\n&#8211; 5 ch\u01b0\u01a1ng tr\u00ecnh gi\u1eb7t (\u0110\u1ed3 d\u00e0y, nhanh, ch\u0103n m\u00e0n, \u00e1o d\u00e0i&#8230;)<br \/>\n&#8211; T\u1ed1c \u0111\u1ed9 v\u1eaft: 680 V\u00f2ng\/ph\u00fat<\/p>\n<p>&nbsp;<\/p>\n","protected":false},"featured_media":2088,"comment_status":"open","ping_status":"closed","template":"","meta":[],"_links":{"self":[{"href":"http:\/\/maudep.com.vn\/chuyengiadienmay\/index.php?rest_route=\/wp\/v2\/product\/2086"}],"collection":[{"href":"http:\/\/maudep.com.vn\/chuyengiadienmay\/index.php?rest_route=\/wp\/v2\/product"}],"about":[{"href":"http:\/\/maudep.com.vn\/chuyengiadienmay\/index.php?rest_route=\/wp\/v2\/types\/product"}],"replies":[{"embeddable":true,"href":"http:\/\/maudep.com.vn\/chuyengiadienmay\/index.php?rest_route=%2Fwp%2Fv2%2Fcomments&post=2086"}],"wp:featuredmedia":[{"embeddable":true,"href":"http:\/\/maudep.com.vn\/chuyengiadienmay\/index.php?rest_route=\/wp\/v2\/media\/2088"}],"wp:attachment":[{"href":"http:\/\/maudep.com.vn\/chuyengiadienmay\/index.php?rest_route=%2Fwp%2Fv2%2Fmedia&parent=2086"}],"curies":[{"name":"wp","href":"https:\/\/api.w.org\/{rel}","templated":true}]}}