{"id":2089,"date":"2019-01-02T15:37:39","date_gmt":"2019-01-02T08:37:39","guid":{"rendered":"http:\/\/maudep.com.vn\/chuyengiadienmay\/?post_type=product&#038;p=2089"},"modified":"2019-02-14T13:22:15","modified_gmt":"2019-02-14T06:22:15","slug":"may-giat-9-kg-samsung-wa90j5710sg-sv-activ-dualwash-trang","status":"publish","type":"product","link":"http:\/\/maudep.com.vn\/chuyengiadienmay\/?product=may-giat-9-kg-samsung-wa90j5710sg-sv-activ-dualwash-trang","title":{"rendered":"M\u00e1y gi\u1eb7t 9 Kg Samsung WA90J5710SG\/SV Activ Dualwash (Tr\u1eafng)"},"content":{"rendered":"<h3>D\u1ec5 D\u00e0ng X\u1eed L\u00fd Tr\u01b0\u1edbc Qu\u1ea7n \u00c1o Tr\u01b0\u1edbc Khi Gi\u1eb7t M\u00e1y<\/h3>\n<p>C\u00f4ng ngh\u00ea gi\u1eb7t tay k\u1ebft h\u1ee3p Activ Dualwash cung c\u1ea5p th\u00eam khay gi\u1eb7t tay thu\u1eadn ti\u1ec7n cho vi\u1ec7c x\u1ee9 l\u00fd s\u01a1 qu\u1ea7n \u00e1o (qu\u1ea7n \u00e1o m\u1ecfng nh\u1eb9, c\u00e1c v\u1ebft b\u1ea9n c\u1ee9ng \u0111\u1ea7u&#8230;) tr\u01b0\u1edbc khi b\u1ecf v\u00e0o l\u1ed3ng gi\u1eb7t b\u00ean d\u01b0\u1edbi. \u0110\u01b0\u1eddng n\u01b0\u1edbc t\u00edch h\u1ee3p s\u1eb5n b\u00ean c\u1ea1nh ho\u1ea1t \u0111\u1ed9ng ngay ch\u1ec9 b\u1eb1ng 1 n\u00fat nh\u1ea5n.<\/p>\n<p><img class=\"lazy\" src=\"https:\/\/cdn.mediamart.vn\/Upload\/download\/2017-11-News\/INbQr03N3851iRq.jpg\" data-original=\"https:\/\/cdn.mediamart.vn\/Upload\/download\/2017-11-News\/INbQr03N3851iRq.jpg\" \/><\/p>\n<h3>Gi\u1eb7t S\u1ea1ch T\u1ed1i \u01afu &#8211; H\u1ea1n Ch\u1ebf T\u1ed1i \u0110a C\u1eb7n B\u1ed9t Gi\u1eb7t<\/h3>\n<p>H\u1ed9p \u0111\u00e1nh tan b\u1ed9t gi\u1eb7t &#8211; Magic Dispenser bao g\u1ed3m m\u1ed9t c\u00e1nh qu\u1ea1t xoay k\u1ebft h\u1ee3p v\u1edbi tia n\u01b0\u1edbc m\u1ea1nh m\u1ebd, h\u00f2a tan b\u1ed9t gi\u1eb7t tr\u01b0\u1edbc khi cho v\u00e0o l\u1ed3ng gi\u1eb7t, gi\u00fap gi\u1ea3m thi\u1ec3u c\u1eb7n b\u1ed9t gi\u1eb7t trong khay v\u00e0 tr\u00ean qu\u1ea7n \u00e1o.<\/p>\n<p><img class=\"lazy\" src=\"https:\/\/mediamart.vn\/Lib\/Plugins\/LazyLoad\/lazy-bg.png\" data-original=\"https:\/\/cdn.mediamart.vn\/Upload\/download\/2017-11-News\/rzS05arASwP5601.jpg\" \/><\/p>\n<h3>Ch\u1ed1ng Xo\u1eafn R\u1ed1i. Th\u00eam N\u00e2ng Niu S\u1ee3i V\u1ea3i<\/h3>\n<p>C\u00f4ng ngh\u1ec7 gi\u1eb7t Wobble n\u00e2ng niu t\u1eebng s\u1ee3i v\u1ea3i m\u00e0 kh\u00f4ng \u1ea3nh h\u01b0\u1edfng \u0111\u1ebfn hi\u1ec7u su\u1ea5t gi\u1eb7t. Wobble mang \u0111\u1ebfn s\u1ee9c m\u1ea1nh gi\u1eb7t t\u0103ng c\u01b0\u1eddng, d\u00f2ng ch\u1ea3y \u0111a chi\u1ec1u gi\u00fap ch\u1ed1ng xo\u1eafn r\u1ed1i v\u00e0 n\u00e2ng cao hi\u1ec7u su\u1ea5t m\u1ea1nh m\u1ebd.<\/p>\n<p><img class=\"lazy\" src=\"https:\/\/mediamart.vn\/Lib\/Plugins\/LazyLoad\/lazy-bg.png\" data-original=\"https:\/\/cdn.mediamart.vn\/Upload\/download\/2017-11-News\/AXW5D4Xucwcr52u.jpg\" \/><\/p>\n<h3>L\u1ecdc S\u01a1 Hi\u1ec7u Qu\u1ea3\u00a0v\u00e0\u00a0V\u1ec7 Sinh D\u1ec5 D\u00e0ng<\/h3>\n<p>B\u1ed9 l\u1ecdc sinh h\u1ecdc Magic Filter lo\u1ea1i b\u1ecf c\u00e1c x\u01a1 v\u1ea3i, l\u00f4ng t\u01a1 b\u00e1m v\u00e0o qu\u1ea7n \u00e1o, gi\u00fap qu\u1ea7n \u00e1o s\u1ea1ch s\u1ebd, \u0111\u1ed3ng th\u1eddi tr\u00e1nh t\u1eafc ngh\u1ebdn \u0111\u01b0\u1eddng \u1ed1ng tho\u00e1t n\u01b0\u1edbc. B\u1ed9 l\u1ecdc r\u1ea5t d\u1ec5 d\u00e0ng \u0111\u1ec3 l\u00e0m v\u1ec7 sinh.<\/p>\n<p><img class=\"lazy\" src=\"https:\/\/mediamart.vn\/Lib\/Plugins\/LazyLoad\/lazy-bg.png\" data-original=\"https:\/\/cdn.mediamart.vn\/Upload\/download\/2017-11-News\/67714Fs1t0OLg54.jpg\" \/><\/p>\n<h3>Thi\u1ebft K\u1ebf Khoa H\u1ecdc, Sang Tr\u1ecdng, Hi\u1ec7n \u0110\u1ea1i<\/h3>\n<p>Thi\u1ebft k\u1ebf khoa h\u1ecdc, sang tr\u1ecdng mang \u0111\u1ebfn t\u00ednh th\u1ea9m m\u1ef9 v\u00e0 \u0111\u1ed9 b\u1ec1n cho m\u00e1y. \u0110\u01b0\u1eddng cong tinh t\u1ebf, b\u1ea3ng \u0111i\u1ec1u khi\u1ec3n c\u1ee5m k\u00e9p d\u1ec5 s\u1eed d\u1ee5ng, m\u00e0n h\u00ecnh hi\u1ec3n th\u1ecb \u0111\u00e8n LED b\u1eaft m\u1eaft v\u00e0 c\u1eeda k\u00ednh trong; gi\u00fap quan s\u00e1t r\u00f5 b\u00ean trong.<\/p>\n<p><img class=\"lazy\" src=\"https:\/\/mediamart.vn\/Lib\/Plugins\/LazyLoad\/lazy-bg.png\" data-original=\"https:\/\/cdn.mediamart.vn\/Upload\/download\/2017-11-News\/21C1HXREfVRj3KB.jpg\" \/><\/p>\n<h3>Hi\u1ec3n Th\u1ecb \u0110\u00e8n LED Xanh Sang Tr\u1ecdng<\/h3>\n<p>Thi\u1ebft k\u1ebf \u0111\u01b0\u1eddng cong tinh t\u1ebf hi\u1ec7n \u0111\u1ea1i c\u00f9ng m\u00e0n h\u00ecnh hi\u1ec7n th\u1ecb \u0111\u00e8n LED xanh sang tr\u1ecdng n\u00e2ng t\u1ea7m phong c\u00e1ch s\u1ed1ng c\u1ee7a b\u1ea1n. M\u00e0n h\u00ecnh hi\u1ec3n th\u1ecb r\u00f5 th\u00f4ng tin ch\u01b0\u01a1ng tr\u00ecnh khi\u1ebfn vi\u1ec7c s\u1eed d\u1ee5ng m\u00e1y d\u1ec5 d\u00e0ng.<\/p>\n<p><img class=\"lazy\" src=\"https:\/\/mediamart.vn\/Lib\/Plugins\/LazyLoad\/lazy-bg.png\" data-original=\"https:\/\/cdn.mediamart.vn\/Upload\/download\/2017-11-News\/HFI5ZMyYfkSMeGU.jpg\" \/><\/p>\n<h3>B\u1ea3ng \u0110i\u1ec1u Khi\u1ec3n D\u1ec5 S\u1eed D\u1ee5ng<\/h3>\n<p>B\u1ea3ng \u0111i\u1ec1u khi\u1ec3n v\u1edbi thi\u1ebft k\u1ebf c\u1ee5m k\u00e9p, \u0111\u01b0\u1ee3c \u0111\u1eb7t \u1edf ph\u00eda sau, gi\u00fap t\u0103ng c\u01b0\u1eddng kh\u1ea3 n\u0103ng hi\u1ec3n th\u1ecb v\u00e0 tr\u00e1nh b\u1ecb n\u01b0\u1edbc b\u1eafn v\u00e0o.<\/p>\n<p><img class=\"lazy\" src=\"https:\/\/mediamart.vn\/Lib\/Plugins\/LazyLoad\/lazy-bg.png\" data-original=\"https:\/\/cdn.mediamart.vn\/Upload\/download\/2017-11-News\/nVZ9n1uOfd739S5.jpg\" \/><\/p>\n<h3>\u0110\u01b0\u1eddng Cong Tinh T\u1ebf<\/h3>\n<p>M\u00e1y \u0111\u01b0\u1ee3c thi\u1ebft k\u1ebf v\u1edbi \u0111\u01b0\u1eddng cong tinh t\u1ebf, ho\u00e0n h\u1ea3o v\u1edbi n\u1ed9i th\u1ea5t hi\u1ec7n \u0111\u1ea1i trong c\u0103n nh\u00e0 c\u1ee7a b\u1ea1n. B\u1ea3n l\u1ec1 \u0111\u01b0\u1ee3c bao ph\u1ee7 l\u00e0m tr\u00f2n, khi\u1ebfn m\u00e1y tr\u00f4ng g\u1ecdn g\u00e0ng v\u00e0 d\u1ec5 d\u00e0ng l\u00e0m s\u1ea1ch.<\/p>\n<p><img class=\"lazy\" src=\"https:\/\/mediamart.vn\/Lib\/Plugins\/LazyLoad\/lazy-bg.png\" data-original=\"https:\/\/cdn.mediamart.vn\/Upload\/download\/2017-11-News\/2uu3r3oDF2rjlP9.jpg\" \/><\/p>\n<h3>B\u1ec1n B\u1ec9 H\u01a1n\u00a0v\u1edbi\u00a0K\u00ednh Ch\u1ecbu L\u1ef1c<\/h3>\n<p>C\u1eeda tr\u00ean m\u00e1y gi\u1eb7t l\u00e0m b\u1eb1ng k\u00ednh ch\u1ecbu l\u1ef1c gi\u00fap d\u1ec5 d\u00e0ng nh\u00ecn r\u00f5 b\u00ean trong l\u1ed3ng gi\u1eb7t v\u00e0 b\u1ec1n b\u1ec9 c\u00f9ng th\u1eddi gian. C\u1eeda \u0111\u01b0\u1ee3c thi\u1ebft k\u1ebf ch\u1ecbu \u0111\u01b0\u1ee3c v\u1eadt n\u1eb7ng v\u00e0 \u00e1p l\u1ef1c cao, n\u00ean ch\u1ed1ng \u0111\u01b0\u1ee3c tr\u1ea7y x\u01b0\u1edbc v\u00e0 v\u1ee1 v\u1ee5n.<\/p>\n<p><img class=\"lazy\" src=\"https:\/\/mediamart.vn\/Lib\/Plugins\/LazyLoad\/lazy-bg.png\" data-original=\"https:\/\/cdn.mediamart.vn\/Upload\/download\/2017-11-News\/j6l7of3HFEsm4U2.jpg\" \/><\/p>\n<h3>\u1ee8ng D\u1ee5ng Ki\u1ec3m Tra Th\u00f4ng Minh<\/h3>\n<p>\u1ee8ng d\u1ee5ng Ki\u1ec3m Tra Th\u00f4ng Minh &#8211; Smart Check tr\u00ean \u0111i\u1ec7n tho\u1ea1i th\u00f4ng minh gi\u00fap ch\u1ea9n \u0111o\u00e1n v\u00e0 h\u01b0\u1edbng d\u1eabn c\u00e1ch t\u1ef1 kh\u1eafc ph\u1ee5c c\u00e1c s\u1ef1 c\u1ed1, gi\u00fap b\u1ea1n ti\u1ebft ki\u1ec7m th\u1eddi gian v\u00e0 chi ph\u00ed g\u1ecdi th\u1ee3 s\u1eeda ch\u1eefa<\/p>\n<p><img class=\"lazy\" src=\"https:\/\/mediamart.vn\/Lib\/Plugins\/LazyLoad\/lazy-bg.png\" data-original=\"https:\/\/cdn.mediamart.vn\/Upload\/download\/2017-11-News\/9Nt2fk4ZFBXOiT6.jpg\" \/><\/p>\n<h3>T\u1ef1 \u0110\u1ed9ng V\u1ec7 Sinh L\u1ed3ng Gi\u1eb7t<\/h3>\n<p>Ch\u1ebf \u0111\u1ed9 T\u1ef1 \u0110\u1ed9ng L\u00e0m S\u1ea1ch &#8211; Eco Tub Clean gi\u00fap lo\u1ea1i b\u1ecf ho\u00e0n to\u00e0n d\u01b0 l\u01b0\u1ee3ng b\u1ed9t gi\u1eb7t v\u00e0 b\u1ee5i b\u1ea9n t\u00edch t\u1ee5 m\u00e0 kh\u00f4ng c\u1ea7n d\u00f9ng \u0111\u1ebfn h\u00f3a ch\u1ea5t. Khi b\u1ea1n kh\u00f4ng bi\u1ebft l\u00fac n\u00e0o c\u1ea7n ph\u1ea3i l\u00e0m s\u1ea1ch l\u1ed3ng gi\u1eb7t, b\u00e1o \u0111\u1ed9ng s\u1ebd t\u1ef1 b\u1eadt sau m\u1ed7i 40 l\u1ea7n gi\u1eb7t \u0111\u1ec3 nh\u1eafc nh\u1edf b\u1ea1n.<\/p>\n<p><img class=\"lazy\" src=\"https:\/\/mediamart.vn\/Lib\/Plugins\/LazyLoad\/lazy-bg.png\" data-original=\"https:\/\/cdn.mediamart.vn\/Upload\/download\/2017-11-News\/kbKHc3Yv64YwxTW.jpg\" \/><\/p>\n<h3>S\u1ea1ch Ho\u00e0n H\u1ea3o<\/h3>\n<p>C\u00f4ng ngh\u1ec7 Th\u00e1c N\u01b0\u1edbc gi\u00fap qu\u1ea5n \u00e1o s\u1ea1ch h\u01a1n bao gi\u1edd h\u1ebft. Tia n\u01b0\u1edbc m\u1ea1nh m\u1ebd v\u00e0 t\u1eadp trung \u0111\u00e1nh tan h\u1ebft c\u1eb7n b\u1ed9t gi\u1eb7t, gi\u00fap qu\u1ea7n \u00e1o \u0111\u01b0\u1ee3c gi\u1eb7t s\u1ea1ch ho\u00e0n h\u1ea3o.<\/p>\n<p><img class=\"lazy\" src=\"https:\/\/cdn.mediamart.vn\/Upload\/download\/2017-11-News\/Ae107FBMSKa518T.jpg\" data-original=\"https:\/\/cdn.mediamart.vn\/Upload\/download\/2017-11-News\/Ae107FBMSKa518T.jpg\" \/><\/p>\n<h3>Nh\u1eb9 Nh\u00e0ng Ch\u0103m S\u00f3c S\u1ee3i V\u1ea3i<\/h3>\n<p>Thi\u1ebft k\u1ebf \u0111\u1ed9c \u0111\u00e1o v\u1edbi b\u1ebf m\u1eb7t ch\u1ea1m n\u1ed5i h\u00ecnh kim c\u01b0\u01a1ng ph\u1eb3ng m\u1ecbn v\u00e0 c\u00e1c l\u1ed7 tho\u00e1t n\u01b0\u1edbc si\u00eau nh\u1ecf gi\u00fap ch\u0103m s\u00f3c s\u1ee3i v\u1ea3i kh\u00f4ng b\u1ecb t\u01b0a s\u1eddn v\u00e0 lu\u00f4n nh\u01b0 m\u1edbi.<\/p>\n<p><img class=\"lazy\" src=\"https:\/\/cdn.mediamart.vn\/Upload\/download\/2017-11-News\/1KL054Xd7IaR60H.jpg\" data-original=\"https:\/\/cdn.mediamart.vn\/Upload\/download\/2017-11-News\/1KL054Xd7IaR60H.jpg\" \/><\/p>\n<p>&nbsp;<\/p>\n","protected":false},"excerpt":{"rendered":"<p>&#8211; L\u1ed3ng gi\u1eb7t L\u1ed3ng \u0111\u1ee9ng<br \/>\n&#8211; Lo\u1ea1i m\u00e1y gi\u1eb7t C\u1eeda tr\u00ean<br \/>\n&#8211; Kh\u1ed1i l\u01b0\u1ee3ng gi\u1eb7t 9 Kg<br \/>\n&#8211; L\u01b0\u1ee3ng n\u01b0\u1edbc ti\u00eau th\u1ee5 chu\u1ea9n 154 lit<\/p>\n<p>&nbsp;<\/p>\n","protected":false},"featured_media":2092,"comment_status":"open","ping_status":"closed","template":"","meta":[],"_links":{"self":[{"href":"http:\/\/maudep.com.vn\/chuyengiadienmay\/index.php?rest_route=\/wp\/v2\/product\/2089"}],"collection":[{"href":"http:\/\/maudep.com.vn\/chuyengiadienmay\/index.php?rest_route=\/wp\/v2\/product"}],"about":[{"href":"http:\/\/maudep.com.vn\/chuyengiadienmay\/index.php?rest_route=\/wp\/v2\/types\/product"}],"replies":[{"embeddable":true,"href":"http:\/\/maudep.com.vn\/chuyengiadienmay\/index.php?rest_route=%2Fwp%2Fv2%2Fcomments&post=2089"}],"wp:featuredmedia":[{"embeddable":true,"href":"http:\/\/maudep.com.vn\/chuyengiadienmay\/index.php?rest_route=\/wp\/v2\/media\/2092"}],"wp:attachment":[{"href":"http:\/\/maudep.com.vn\/chuyengiadienmay\/index.php?rest_route=%2Fwp%2Fv2%2Fmedia&parent=2089"}],"curies":[{"name":"wp","href":"https:\/\/api.w.org\/{rel}","templated":true}]}}