{"id":2093,"date":"2019-01-02T15:44:15","date_gmt":"2019-01-02T08:44:15","guid":{"rendered":"http:\/\/maudep.com.vn\/chuyengiadienmay\/?post_type=product&#038;p=2093"},"modified":"2019-02-14T13:15:33","modified_gmt":"2019-02-14T06:15:33","slug":"may-giat-10-kg-samsung-wa10j5710sg-sv-activ-dualwash","status":"publish","type":"product","link":"http:\/\/maudep.com.vn\/chuyengiadienmay\/?product=may-giat-10-kg-samsung-wa10j5710sg-sv-activ-dualwash","title":{"rendered":"M\u00e1y gi\u1eb7t 10 Kg Samsung WA10J5710SG\/SV Activ Dualwash"},"content":{"rendered":"<h3 class=\"pd-news-title\">\u00a0M\u00e1y gi\u1eb7t 10 Kg Samsung WA10J5710SG\/SV Activ Dualwash<\/h3>\n<div class=\"pd-news-content\">\n<p><strong>M\u00e1y gi\u1eb7t Samsung WA10J5710SG\/SV- Gi\u1eb7t s\u01a1 qu\u1ea7n \u00e1o v\u1edbi khay gi\u1eb7t tay t\u00edch h\u1ee3p tr\u00ean l\u1ed3ng gi\u1eb7t<\/strong><\/p>\n<p>Thi\u1ebft k\u1ebf sang tr\u1ecdng, hi\u1ec7n \u0111\u1ea1i<\/p>\n<p><img class=\"lazy\" src=\"https:\/\/cdn.mediamart.vn\/Upload\/download\/2015-5\/wa10j5710sgsv_5d1e6a6e-e35d-4d76-a094-b526a86d0290.png\" data-original=\"https:\/\/cdn.mediamart.vn\/Upload\/download\/2015-5\/wa10j5710sgsv_5d1e6a6e-e35d-4d76-a094-b526a86d0290.png\" \/><\/p>\n<p>Thi\u1ebft k\u1ebf sang tr\u1ecdng, hi\u1ec7n \u0111\u1ea1i<\/p>\n<p>M\u00e1y gi\u1eb7t c\u00f3 m\u00e0u x\u00e1m b\u1ea1c sang tr\u1ecdng, hi\u1ec7n \u0111\u1ea1i v\u1edbi thi\u1ebft k\u1ebf h\u00e0i h\u00f2a, thanh l\u1ecbch, ph\u00f9 h\u1ee3p nhi\u1ec1u kh\u00f4ng gian \u0111\u1eb7t kh\u00e1c nhau. N\u1eafp m\u00e1y l\u00e0m t\u1eeb k\u00ednh ch\u1ecbu l\u1ef1c gi\u00fap h\u1ea1n ch\u1ebf nh\u1eefng t\u00e1c \u0111\u1ed9ng l\u1ef1c kh\u00f4ng mong mu\u1ed1n l\u00ean n\u1eafp m\u00e1y gi\u00fap m\u00e1y c\u00f3 \u0111\u1ed9 b\u1ec1n cao, k\u00e9o d\u00e0i tu\u1ed5i th\u1ecd s\u1ea3n ph\u1ea9m.<br \/>\n<strong>M\u00e1y gi\u1eb7t c\u1eeda tr\u00ean c\u00f3 c\u1eeda l\u1ed3ng gi\u1eb7t l\u1edbn k\u1ebft h\u1ee3p khay gi\u1eb7t tay ti\u1ec7n d\u1ee5ng<\/strong><br \/>\n\u25ba<\/p>\n<p><img class=\"lazy\" src=\"https:\/\/cdn.mediamart.vn\/Upload\/download\/2015-5\/wa10j5710sgsv_8d25b259-2c9e-490e-a681-fdcff70636d1.png\" data-original=\"https:\/\/cdn.mediamart.vn\/Upload\/download\/2015-5\/wa10j5710sgsv_8d25b259-2c9e-490e-a681-fdcff70636d1.png\" \/><\/p>\n<p>M\u00e1y gi\u1eb7t c\u00f3 m\u00e2m gi\u1eb7t tay t\u00edch h\u1ee3p ti\u1ec7n d\u1ee5ng<\/p>\n<p>M\u00e1y gi\u1eb7t Samsung WA10J5710SG\/SV l\u00e0 m\u00e1y gi\u1eb7t c\u1eeda tr\u00ean v\u1edbi c\u1eeda l\u1ed3ng gi\u1eb7t l\u1edbn, d\u1ec5 d\u00e0ng cho qu\u1ea7n \u00e1o v\u00e0o v\u00e0 l\u1ea5y qu\u1ea7n \u00e1o ra sau khi gi\u1eb7t.\u00a0 B\u00ean c\u1ea1nh \u0111\u00f3, m\u00e1y gi\u1eb7t c\u00f2n t\u00edch h\u1ee3p m\u00e2m gi\u1eb7t tay (Activ Dual Wash) ph\u00eda tr\u00ean l\u1ed3ng gi\u1eb7t, gi\u00fap vi\u1ec7c \u0111\u01b0a qu\u1ea7n \u00e1o \u0111\u00e3 \u0111\u01b0\u1ee3c gi\u1eb7t s\u01a1 v\u00e0o l\u1ed3ng gi\u1eb7t d\u1ec5 d\u00e0ng, tr\u00e1nh t\u00ecnh tr\u1ea1ng v\u00e2y n\u01b0\u1edbc ra ngo\u00e0i nh\u01b0 khi gi\u1eb7t s\u01a1 t\u1eeb ch\u1eadu gi\u1eb7t tay, t\u0103ng t\u00ednh ti\u1ec7n l\u1ee3i cho ng\u01b0\u1eddi s\u1eed d\u1ee5ng.<br \/>\n<strong>Gi\u1eb7t gi\u0169 nhi\u1ec1u h\u01a1n v\u1edbi kh\u1ed1i l\u01b0\u1ee3ng gi\u1eb7t 10Kg<\/strong><\/p>\n<p><img class=\"lazy\" src=\"https:\/\/cdn.mediamart.vn\/Upload\/download\/2015-5\/wa10j5710sgsv_c5351fca-23c4-40f6-b7cb-fea0c9fc8fe3.png\" data-original=\"https:\/\/cdn.mediamart.vn\/Upload\/download\/2015-5\/wa10j5710sgsv_c5351fca-23c4-40f6-b7cb-fea0c9fc8fe3.png\" \/><\/p>\n<p>Kh\u1ed1i l\u01b0\u1ee3ng gi\u1eb7t gi\u0169 l\u1edbn<\/p>\n<p>M\u00e1y gi\u1eb7t c\u00f3 kh\u1ed1i l\u01b0\u1ee3ng gi\u1eb7t 10Kg, ph\u00f9 h\u1ee3p v\u1edbi gia \u0111\u00ecnh c\u00f3 \u0111\u00f4ng th\u00e0nh vi\u00ean (6 th\u00e0nh vi\u00ean tr\u1edf l\u00ean) ho\u1eb7c nh\u1eefng ai c\u00f3 \u00edt th\u1eddi gian cho vi\u1ec7c gi\u1eb7t gi\u0169 m\u1ed7i ng\u00e0y, gi\u00fap b\u1ea1n nhanh ch\u00f3ng gi\u1eb7t s\u1ea1ch l\u01b0\u1ee3ng qu\u1ea7n \u00e1o l\u1edbn trong th\u1eddi gian ng\u1eafn.<br \/>\n<strong>L\u1ed3ng gi\u1eb7t l\u00e0m t\u1eeb th\u00e9p kh\u00f4ng g\u1ec9, ch\u1ea5t l\u01b0\u1ee3ng cao<\/strong><br \/>\nM\u00e1y gi\u1eb7t c\u00f3 thi\u1ebft k\u1ebf l\u1ed3ng gi\u1eb7t l\u00e0m t\u1eeb th\u00e9p kh\u00f4ng g\u1ec9, gi\u00fap l\u1ed3ng gi\u1eb7t c\u00f3 \u0111\u1ed9 b\u1ec1n cao, ch\u1ed1ng g\u1ec9, s\u00e9t, cho hi\u1ec7u qu\u1ea3 gi\u1eb7t s\u1ea1ch t\u1ed1t h\u01a1n, n\u00e2ng cao th\u1eddi gian ph\u1ee5c v\u1ee5 v\u00e0 tu\u1ed5i th\u1ecd cho m\u00e1y gi\u1eb7t.<br \/>\n<strong>C\u00f4ng ngh\u1ec7 gi\u1eb7t hi\u1ec7n \u0111\u1ea1i, gi\u1ea3m xo\u1eafn r\u1ed1i v\u1edbi m\u00e2m gi\u1eb7t Wobble<\/strong><br \/>\nM\u00e1y gi\u1eb7t trang b\u1ecb c\u00f4ng ngh\u1ec7 gi\u1eb7t hi\u1ec7n \u0111\u1ea1i c\u1ee7a Samsung nh\u01b0<br \/>\n<strong>M\u00e2m gi\u1eb7t Wobble:<\/strong>\u00a0M\u00e2m gi\u1eb7t Wobble c\u1ee7a m\u00e1y gi\u1eb7t Samsung gi\u00fap gi\u1eb7t s\u1ea1ch qu\u1ea7n \u00e1o v\u1edbi lu\u1ed3ng n\u01b0\u1edbc \u0111a chi\u1ec1u len l\u1ecfi v\u00e0o t\u1eebng s\u1ee3i v\u1ea3i, \u0111\u1ed3ng th\u1eddi c\u00f2n gi\u1ea3m ma s\u00e1t trong qu\u00e1 tr\u00ecnh gi\u1eb7t, gi\u00fap \u0111\u00e1nh bay c\u00e1c v\u1ebft b\u1ea9n tr\u00ean qu\u1ea7n \u00e1o nh\u01b0ng v\u1eabn \u0111\u1ea3m b\u1ea3o qu\u1ea7n \u00e1o kh\u00f4ng b\u1ecb xo\u1eafn r\u1ed1i, n\u00e2ng niu ch\u1ea5t l\u01b0\u1ee3ng v\u1ea3i v\u00f3c.<br \/>\n<strong>B\u1ed9 l\u1ecdc x\u01a1 v\u1ea3i ti\u00ean ti\u1ebfn:<\/strong>\u00a0B\u1ed9 l\u1ecdc x\u01a1 v\u1ea3i \u0111\u01b0\u1ee3c thi\u1ebft k\u1ebf hi\u1ec7n \u0111\u1ea1i, l\u1edbn v\u00e0 d\u00e0i n\u1eb1m s\u00e2u t\u1eadn d\u00e1y l\u1ed3ng gi\u1eb7t, gi\u00fap gi\u1eef l\u1ea1i x\u01a1 v\u1ea3i trong qu\u00e1 tr\u00ecnh gi\u1eb7t, qu\u1ea7n \u00e1o \u0111\u01b0\u1ee3c l\u00e0m s\u1ea1ch m\u1ed9t c\u00e1ch hi\u1ec7u qu\u1ea3, s\u00e1ng b\u00f3ng, lo\u1ea1i b\u1ecf t\u00ecnh tr\u1ea1ng x\u01a1 v\u1ea3i b\u00e1m tr\u00ean qu\u1ea7n \u00e1o. B\u00ean c\u1ea1nh \u0111\u00f3, b\u1ed9 l\u1ecdc x\u01a1 v\u1ea3i c\u00f2n d\u1ec5 d\u00e0ng th\u00e1o r\u1eeda v\u00e0 v\u1ec7 sinh, gi\u00fap b\u1ea1n an t\u00e2m th\u00e1o x\u1ea3 x\u01a1 v\u1ea3i ra b\u00ean ngo\u00e0i m\u1ed9t c\u00e1ch nhanh ch\u00f3ng. \u0110\u1ed3ng th\u1eddi, b\u1ed9 l\u1ecdc x\u01a1 v\u1ea3i l\u1edbn c\u00f2n gi\u00fap ng\u0103n ch\u1eb7n vi\u1ec7c \u1ed1ng n\u01b0\u1edbc s\u1ebd b\u1ecb t\u1eaft ngh\u1ebdn do x\u01a1 v\u1ea3i hay c\u1eb7n b\u1ed9t gi\u1eb7t len l\u1ecfi v\u00e0o.<br \/>\nH\u1ed9p \u0111\u00e1nh tan x\u00e0 ph\u00f2ng hi\u1ec7u qu\u1ea3: H\u1ed9p \u0111\u00e1nh tan x\u00e0 ph\u00f2ng gi\u00fap x\u00e0 ph\u00f2ng \u0111\u01b0\u1ee3c h\u00f2a tan nh\u1edd l\u1ef1c xo\u00e1y n\u01b0\u1edbc tr\u01b0\u1edbc khi x\u00e0 ph\u00f2ng \u0111\u01b0\u1ee3c \u0111\u01b0a v\u00e0o l\u1ed3ng gi\u1eb7t, gi\u1ea3m \u0111\u01b0\u1ee3c \u0111\u1ebfn m\u1ee9c t\u1ed1i thi\u1ec3u c\u1eb7n b\u1ed9t gi\u1eb7t b\u00e1m b\u00ean trong l\u1ed3ng gi\u1eb7t, gi\u00fap m\u00e1y ho\u1ea1t \u0111\u1ed9ng \u1ed5n \u0111\u1ecbnh.<br \/>\n<img class=\"lazy\" src=\"https:\/\/cdn.mediamart.vn\/Upload\/download\/2015-5\/wa10j5710sgsv_1adc47a2-7e73-4780-bf89-d52cbce76cec.png\" data-original=\"https:\/\/cdn.mediamart.vn\/Upload\/download\/2015-5\/wa10j5710sgsv_1adc47a2-7e73-4780-bf89-d52cbce76cec.png\" \/><\/p>\n<p>T\u1ef1 tin v\u1edbi qu\u1ea7n \u00e1o \u0111\u01b0\u1ee3c gi\u1eb7t s\u1ea1ch, kh\u00f4ng xo\u1eafn r\u1ed1i<\/p>\n<p><strong>6 ch\u1ebf \u0111\u1ed9 gi\u1eb7t \u0111a d\u1ea1ng, d\u1ec5 d\u00e0ng ch\u1ecdn l\u1ef1a<\/strong><br \/>\nM\u00e1y gi\u1eb7t c\u00f3 6 ch\u1ebf \u0111\u1ed9 gi\u1eb7t kh\u00e1c nhau \u0111\u1ec3 b\u1ea1n d\u1ec5 d\u00e0ng ch\u1ecdn l\u1ef1a ch\u1ebf \u0111\u1ed9 gi\u1eb7t ph\u00f9 h\u1ee3p v\u1edbi t\u1eebng lo\u1ea1i \u00e1o qu\u1ea7n, v\u1ea3i v\u00f3c. Ch\u1ebf \u0111\u1ed9 gi\u1eb7t ng\u00e2m c\u1ee7a m\u00e1y gi\u1eb7t c\u00f2n gi\u00fap b\u1ea1n nhanh ch\u00f3ng ng\u00e2m qu\u1ea7n \u00e1o trong n\u01b0\u1edbc x\u1ea3 v\u1ea3i y\u00eau th\u00edch, gi\u00fap qu\u1ea7n \u00e1o kh\u00f4ng ch\u1ec9 \u0111\u01b0\u1ee3c gi\u1eb7t s\u1ea1ch m\u00e0 c\u00f2n th\u01a1m m\u00e1t<br \/>\n<strong>T\u1ed1c \u0111\u1ed9 quay v\u1eaft \u1ed5n \u0111\u1ecbnh, 700 v\u00f2ng\/ ph\u00fat<\/strong><\/p>\n<p><img class=\"lazy\" src=\"https:\/\/cdn.mediamart.vn\/Upload\/download\/2015-5\/wa10j5710sgsv_01c09dec-3d4e-4758-a3f7-f86829b1d265.png\" data-original=\"https:\/\/cdn.mediamart.vn\/Upload\/download\/2015-5\/wa10j5710sgsv_01c09dec-3d4e-4758-a3f7-f86829b1d265.png\" \/><\/p>\n<p>Qu\u1ea7n \u00e1o kh\u00f4 nhanh v\u1edbi t\u1ed1c \u0111\u1ed9 quay v\u1eaft \u1ed5n \u0111\u1ecbnh<\/p>\n<p>T\u1ed1c \u0111\u1ed9 quay v\u1eaft c\u1ee7a m\u00e1y gi\u1eb7t \u1edf m\u1ee9c \u1ed5n \u0111\u1ecbnh, gi\u00fap l\u00e0m s\u1ea1ch qu\u1ea7n \u00e1o nhanh, \u0111\u00e1nh bay v\u1ebft b\u1ea9n hi\u1ec7u qu\u1ea3 v\u00e0 \u0111\u1eb7c bi\u1ec7t l\u00e0 l\u00e0m kh\u00f4 qu\u1ea7n \u00e1o t\u1ed1t h\u01a1n, ti\u1ebft ki\u1ec7m th\u1eddi gian ph\u01a1i qu\u1ea7n \u00e1o cho ng\u01b0\u1eddi d\u00f9ng nhi\u1ec1u h\u01a1n.<br \/>\nNh\u00ecn chung, m\u00e1y gi\u1eb7t Samsung WA10J5710SG\/SV v\u1edbi c\u00e1c \u0111\u1eb7c \u0111i\u1ec3m n\u1ed5i b\u1eadt nh\u01b0 ch\u1ebf \u0111\u1ed9 gi\u1eb7t s\u01a1 ti\u1ec7n l\u1ee3i, \u0111\u00e1nh tan b\u1ed9t gi\u1eb7t nhanh ch\u00f3ng, gi\u1ea3m xo\u1eafn r\u1ed1i hi\u1ec7u qu\u1ea3,&#8230;ph\u00f9 h\u1ee3p v\u1edbi \u0111a s\u1ed1 y\u00eau c\u1ea7u c\u1ee7a kh\u00e1ch h\u00e0ng v\u1ec1 m\u00e1y gi\u1eb7t hi\u1ec7n \u0111\u1ea1i, t\u00ednh n\u0103ng ph\u1ee5c v\u1ee5 t\u1ed1t.<\/p>\n<\/div>\n","protected":false},"excerpt":{"rendered":"<p>&#8211; Lo\u1ea1i m\u00e1y gi\u1eb7t C\u1eeda tr\u00ean<br \/>\n&#8211; Kh\u1ed1i l\u01b0\u1ee3ng gi\u1eb7t 10 Kg<br \/>\n&#8211; L\u01b0\u1ee3ng n\u01b0\u1edbc ti\u00eau th\u1ee5 chu\u1ea9n 154 lit<br \/>\n&#8211; \u0110\u1ed9ng c\u01a1 D\u00e2y Curoa<\/p>\n<p>&nbsp;<\/p>\n","protected":false},"featured_media":2095,"comment_status":"open","ping_status":"closed","template":"","meta":[],"_links":{"self":[{"href":"http:\/\/maudep.com.vn\/chuyengiadienmay\/index.php?rest_route=\/wp\/v2\/product\/2093"}],"collection":[{"href":"http:\/\/maudep.com.vn\/chuyengiadienmay\/index.php?rest_route=\/wp\/v2\/product"}],"about":[{"href":"http:\/\/maudep.com.vn\/chuyengiadienmay\/index.php?rest_route=\/wp\/v2\/types\/product"}],"replies":[{"embeddable":true,"href":"http:\/\/maudep.com.vn\/chuyengiadienmay\/index.php?rest_route=%2Fwp%2Fv2%2Fcomments&post=2093"}],"wp:featuredmedia":[{"embeddable":true,"href":"http:\/\/maudep.com.vn\/chuyengiadienmay\/index.php?rest_route=\/wp\/v2\/media\/2095"}],"wp:attachment":[{"href":"http:\/\/maudep.com.vn\/chuyengiadienmay\/index.php?rest_route=%2Fwp%2Fv2%2Fmedia&parent=2093"}],"curies":[{"name":"wp","href":"https:\/\/api.w.org\/{rel}","templated":true}]}}