{"id":2096,"date":"2019-01-02T15:51:33","date_gmt":"2019-01-02T08:51:33","guid":{"rendered":"http:\/\/maudep.com.vn\/chuyengiadienmay\/?post_type=product&#038;p=2096"},"modified":"2019-01-15T14:20:40","modified_gmt":"2019-01-15T07:20:40","slug":"may-giat-12-kg-samsung-wa12j5750sp-sv-activ-dualwash","status":"publish","type":"product","link":"http:\/\/maudep.com.vn\/chuyengiadienmay\/?product=may-giat-12-kg-samsung-wa12j5750sp-sv-activ-dualwash","title":{"rendered":"M\u00e1y gi\u1eb7t 12 Kg Samsung WA12J5750SP\/SV Activ Dualwash"},"content":{"rendered":"<h3 class=\"pd-news-title\">\u00a0M\u00e1y gi\u1eb7t 12 Kg Samsung WA12J5750SP\/SV Activ Dualwash<\/h3>\n<div class=\"pd-news-content\">\n<p><strong>M\u00e1y gi\u1eb7t Samsung WA12J5750SP\/SV- Gi\u1eb7t s\u01a1 d\u1ec5 d\u00e0ng v\u1edbi m\u00e2m gi\u1eb7t tay t\u00edch h\u1ee3p<\/strong><\/p>\n<p>Thi\u1ebft k\u1ebf m\u1edbi, hi\u1ec7n \u0111\u1ea1i<\/p>\n<p><img class=\"lazy\" src=\"https:\/\/cdn.mediamart.vn\/Upload\/download\/2015-5\/wa12j5750spsv_3f26cd57-37a5-49c5-a569-0a0115c309f4.png\" data-original=\"https:\/\/cdn.mediamart.vn\/Upload\/download\/2015-5\/wa12j5750spsv_3f26cd57-37a5-49c5-a569-0a0115c309f4.png\" \/><\/p>\n<p>M\u00e1y gi\u1eb7t c\u00f3 thi\u1ebft k\u1ebf m\u1edbi, hi\u1ec7n \u0111\u1ea1i<\/p>\n<p>M\u00e1y gi\u1eb7t Samsung WA12J5750SP\/ SV l\u00e0 m\u00e1y gi\u1eb7t c\u1eeda tr\u00ean s\u1edf h\u1eefu thi\u1ebft k\u1ebf m\u1edbi, hi\u1ec7n \u0111\u1ea1i, g\u00f3p ph\u1ea7n l\u00e0m sang tr\u1ecdng kh\u00f4ng gian n\u1ed9i th\u1ea5t \u0111\u1eb7t. N\u1eafp m\u00e1y \u0111\u01b0\u1ee3c l\u00e0m t\u1eeb k\u00ednh ch\u1ecbu l\u1ef1c gi\u00fap gi\u1ea3m c\u00e1c \u1ea3nh h\u01b0\u1edfng t\u1eeb b\u00ean ngo\u00e0i l\u00ean m\u00e1y gi\u1eb7t, n\u00e2ng cao tu\u1ed5i th\u1ecd s\u1ea3n ph\u1ea9m. V\u1ecf m\u00e1y \u0111\u01b0\u1ee3c l\u00e0m t\u1eeb ch\u1ea5t li\u1ec7u cao c\u1ea5p, nh\u1eb5n b\u00f3ng, d\u1ec5 lau ch\u00f9i, ti\u1ebft ki\u1ec7m th\u1eddi gian v\u1ec7 sinh m\u00e1y cho ng\u01b0\u1eddi d\u00f9ng.<br \/>\n<strong>C\u1eeda l\u1ed3ng gi\u1eb7t l\u1edbn k\u1ebft h\u1ee3p m\u00e2m gi\u1eb7t tay b\u00ean tr\u00ean l\u1ed3ng gi\u1eb7t<\/strong><\/p>\n<p><img class=\"lazy\" src=\"https:\/\/cdn.mediamart.vn\/Upload\/download\/2015-5\/wa12j5750spsv_686f7f25-e0f5-4cf0-a76e-655643119aa4.png\" data-original=\"https:\/\/cdn.mediamart.vn\/Upload\/download\/2015-5\/wa12j5750spsv_686f7f25-e0f5-4cf0-a76e-655643119aa4.png\" \/><\/p>\n<p>M\u00e1y gi\u1eb7t k\u1ebft h\u1ee3p m\u00e2m gi\u1eb7t tay b\u00ean tr\u00ean l\u1ed3ng gi\u1eb7t<\/p>\n<p>M\u00e1y c\u00f3 thi\u1ebft k\u1ebf c\u1eeda l\u1ed3ng gi\u1eb7t l\u1edbn, d\u1ec5 d\u00e0ng thao t\u00e1c cho qu\u1ea7n \u00e1o v\u00e0o v\u00e0 l\u1ea5y qu\u1ea7n \u00e1o ra. B\u00ean c\u1ea1nh \u0111\u00f3, m\u00e1y c\u00f2n c\u00f3 \u0111\u1eb7c \u0111i\u1ec3m n\u1ed5i b\u1eadt \u0111\u00f3 l\u00e0 m\u00e2m gi\u1eb7t tay k\u1ebft h\u1ee3p ph\u00eda tr\u00ean l\u1ed3ng gi\u1eb7t, gi\u00fap b\u1ea1n d\u1ec5 d\u00e0ng gi\u1eb7t s\u01a1 qu\u1ea7n \u00e1o v\u00e0 thu\u1eadn ti\u1ec7n \u0111\u01b0a qu\u1ea7n \u00e1o v\u00e0o b\u00ean trong l\u1ed3ng gi\u1eb7t m\u00e0 kh\u00f4ng l\u00e0m v\u1ea5y n\u01b0\u1edbc ra ngo\u00e0i.<br \/>\n<strong>Kh\u1ed1i l\u01b0\u1ee3ng gi\u1eb7t gi\u0169 l\u1edbn 12 Kg<\/strong><\/p>\n<p><img class=\"lazy\" src=\"https:\/\/cdn.mediamart.vn\/Upload\/download\/2015-5\/wa12j5750spsv_ccea1f79-481f-40c8-b673-5e9c5cf12807.png\" data-original=\"https:\/\/cdn.mediamart.vn\/Upload\/download\/2015-5\/wa12j5750spsv_ccea1f79-481f-40c8-b673-5e9c5cf12807.png\" \/><\/p>\n<p><strong>Gi\u1eb7t gi\u0169 v\u1edbi kh\u1ed1i l\u01b0\u1ee3ng l\u1edbn<\/strong><br \/>\nV\u1edbi kh\u1ed1i l\u01b0\u1ee3ng gi\u1eb7t gi\u0169 \u0111\u1ebfn 12 Kg, m\u00e1y gi\u1eb7t gi\u00fap b\u1ea1n gi\u1eb7t s\u1ea1ch nhanh ch\u00f3ng kh\u1ed1i l\u01b0\u1ee3ng qu\u1ea7n \u00e1o l\u1edbn cho c\u1ea3 gia \u0111\u00ecnh, nh\u1ea5t l\u00e0 gia \u0111\u00ecnh c\u00f3 \u0111\u00f4ng th\u00e0nh vi\u00ean ho\u1eb7c nh\u1eefng gia \u0111\u00ecnh qu\u00e1 b\u1eadn r\u1ed9n \u0111\u1ec3 c\u00f3 th\u1ec3 ch\u0103m ch\u00fat cho vi\u1ec7c gi\u1eb7t qu\u1ea7n \u00e1o m\u1ed7i ng\u00e0y.<br \/>\n<strong>L\u1ed3ng gi\u1eb7t ch\u1ea5t l\u01b0\u1ee3ng cao, b\u1ec1n b\u1ec9<\/strong><br \/>\nM\u00e1y gi\u1eb7t c\u00f3 l\u1ed3ng gi\u1eb7t l\u00e0m t\u1eeb v\u1eadt li\u1ec7u ch\u1ea5t l\u01b0\u1ee3ng cao, b\u1ec1n b\u1ec9, ch\u1ed1ng g\u1ec9 s\u00e9t v\u00e0 d\u1ec5 d\u00e0ng v\u1ec7 sinh, l\u1ed3ng gi\u1eb7t c\u00f2n gi\u00fap n\u00e2ng cao ch\u1ea5t l\u01b0\u1ee3ng l\u00e0m s\u1ea1ch qu\u1ea7n \u00e1o \u0111\u1ed3ng th\u1eddi k\u00e9o d\u00e0i tu\u1ed5i th\u1ecd s\u1ea3n ph\u1ea9m, mang \u0111\u1ebfn s\u1ef1 tin t\u01b0\u1edfng \u1edf ng\u01b0\u1eddi s\u1eed d\u1ee5ng.<br \/>\n<strong>C\u00f4ng ngh\u1ec7 gi\u1eb7t hi\u1ec7u qu\u1ea3, hi\u1ec7n \u0111\u1ea1i<\/strong><br \/>\nM\u00e1y gi\u1eb7t \u1ee9ng d\u1ee5ng c\u00f4ng ngh\u1ec7 gi\u1eb7t hi\u1ec7u qu\u1ea3 v\u00e0 hi\u1ec7n \u0111\u1ea1i c\u1ee7a Samsung nh\u01b0:<br \/>\nC\u00f4ng ngh\u1ec7 gi\u1eb7t v\u1edbi m\u00e2m gi\u1eb7t Wobble: M\u00e2m gi\u1eb7t Wobble c\u1ee7a Samsung kh\u00f4ng ch\u1ec9 gi\u00fap qu\u1ea7n \u00e1o \u0111\u01b0\u1ee3c l\u00e0m s\u1ea1ch nh\u1edd lu\u1ed3ng n\u01b0\u1edbc \u0111a chi\u1ec1u len l\u1ecfi v\u00e0o t\u1eebng s\u1ee3i v\u1ea3i m\u00e0 c\u00f2n n\u00e2ng niu v\u1ea3i v\u00f3c, h\u1ea1n ch\u1ebf t\u00ecnh tr\u1ea1ng xo\u1eafn r\u1ed1i, gi\u00fap qu\u1ea7n \u00e1o \u0111\u01b0\u1ee3c b\u1ea3o v\u1ec7 t\u1ed1t h\u01a1n.<br \/>\nH\u1ed9p \u0111\u00e1nh tan b\u1ed9t gi\u1eb7t Magic Dispenser:\u00a0 S\u1ef1 h\u1ed7 tr\u1ee3 c\u1ee7a xo\u00e1y n\u01b0\u1edbc \u1edf h\u1ed9p \u0111\u00e1nh tan b\u1ed9t gi\u1eb7t Magic Dispenser gi\u00fap h\u00f2a tan ho\u00e0n to\u00e0n b\u1ed9t gi\u1eb7t tr\u01b0\u1edbc khi di\u1ec5n ra qu\u00e1 tr\u00ecnh gi\u1eb7t, n\u00e2ng cao ch\u1ea5t l\u01b0\u1ee3ng gi\u1eb7t gi\u0169, \u0111\u1ed3ng th\u1eddi c\u00f2n gi\u00fap lo\u1ea1i b\u1ecf c\u1eb7n b\u1ea9n b\u00e1m b\u00ean trong l\u1ed3ng gi\u1eb7t, gi\u00fap m\u00e1y ho\u1ea1t \u0111\u1ed9ng \u1ed5n \u0111\u1ecbnh v\u00e0 hi\u1ec7u qu\u1ea3.<br \/>\nB\u1ed9 l\u1ecdc x\u01a1 v\u1ea3i th\u1ebf h\u1ec7 m\u1edbi: M\u00e1y gi\u1eb7t trang b\u1ecb b\u1ed9 l\u1ecdc x\u01a1 v\u1ea3i c\u00f3 thi\u1ebft k\u1ebf l\u1edbn v\u00e0 d\u00e0i h\u01a1n t\u1eadn d\u00e1y l\u1ed3ng gi\u1eb7t gi\u00fap l\u1ecdc nhanh to\u00e0n b\u1ed9 x\u01a1 v\u1ea3i tr\u00ean qu\u1ea7n \u00e1o, qu\u1ea7n \u00e1o s\u00e1ng b\u00f3ng v\u00e0 tinh t\u01b0\u01a1m. \u0110\u1ed3ng th\u1eddi, c\u00f2n ng\u0103n ch\u1eb7n ho\u00e0n to\u00e0n vi\u1ec7c c\u1eb7n b\u1ed9t gi\u1eb7t hay x\u01a1 v\u1ea3i len l\u00f5i v\u00e0o v\u00e0 l\u00e0m t\u1eaft \u0111\u01b0\u1eddng \u1ed1ng tho\u00e1t n\u01b0\u1edbc.<br \/>\n<img class=\"lazy\" src=\"https:\/\/cdn.mediamart.vn\/Upload\/download\/2015-5\/wa12j5750spsv_413fe239-881b-4217-a872-f83374b7720b.png\" data-original=\"https:\/\/cdn.mediamart.vn\/Upload\/download\/2015-5\/wa12j5750spsv_413fe239-881b-4217-a872-f83374b7720b.png\" \/><\/p>\n<p><strong>8 ch\u1ebf \u0111\u1ed9 gi\u1eb7t \u0111a d\u1ea1ng, d\u1ec5 ch\u1ecdn l\u1ef1a<\/strong><br \/>\nM\u00e1y gi\u1eb7t c\u00f3 \u0111\u1ebfn 9 ch\u1ebf \u0111\u1ed9 gi\u1eb7t kh\u00e1c nhau, gi\u00fap b\u1ea1n d\u1ec5 d\u00e0ng ch\u1ecdn l\u1ef1a cho m\u00ecnh ch\u1ebf \u0111\u1ed9 gi\u1eb7t ph\u00f9 h\u1ee3p v\u1edbi t\u1eebng lo\u1ea1i qu\u1ea7n \u00e1o v\u00e0 v\u1ea3i v\u00f3c kh\u00e1c nhau. Ch\u1ebf \u0111\u1ed9 gi\u1eb7t ng\u00e2m c\u1ee7a m\u00e1y c\u00f2n gi\u00fap b\u1ea1n ng\u00e2m qu\u1ea7n \u00e1o v\u1edbi n\u01b0\u1edbc x\u1ea3 v\u1ea3i, kh\u00f4ng ch\u1ec9 l\u00e0m qu\u1ea7n \u00e1o m\u1ec1m m\u1ea1i m\u00e0 c\u00f2n th\u01a1m m\u00e1t h\u01a1n. (T\u1ea1i sao n\u00ean mua m\u00e1y gi\u1eb7t c\u00f3 nhi\u1ec1u ch\u1ebf \u0111\u1ed9 gi\u1eb7t?)<br \/>\n8 ch\u1ebf \u0111\u1ed9 gi\u1eb7t bao g\u1ed3m: Gi\u1eb7t \u0111\u1ed3 d\u00e0y, gi\u1eb7t nhanh, gi\u1eb7t si\u00eau s\u1ea1ch, gi\u1eb7t ch\u0103n m\u1ec1n, gi\u1eb7t ti\u1ebft ki\u1ec7m \u0111i\u1ec7n, gi\u1eb7t \u00e1o d\u00e0i, gi\u1eb7t ng\u00e2m, gi\u1eb7t ti\u1ebft ki\u1ec7m n\u01b0\u1edbc k\u00e8m v\u1edbi ch\u01b0\u01a1ng tr\u00ecnh v\u1ec7 sinh l\u1ed3ng gi\u1eb7t gi\u00fap b\u1ea3o v\u1ec7 l\u1ed3ng gi\u1eb7t lu\u00f4n s\u1ea1ch b\u00f3ng (\u0111\u00e2y kh\u00f4ng \u0111\u01b0\u1ee3c t\u00ednh l\u00e0 ch\u1ebf \u0111\u1ed9 gi\u1eb7t).<br \/>\n<strong>M\u00e1y gi\u1eb7t Inverter ti\u1ebft ki\u1ec7m \u0111i\u1ec7n<\/strong><\/p>\n<p><img class=\"lazy\" src=\"https:\/\/cdn.mediamart.vn\/Upload\/download\/2015-5\/wa12j5750spsv_cb99ccf1-8d90-4070-bea9-d52648d8fa3d.png\" data-original=\"https:\/\/cdn.mediamart.vn\/Upload\/download\/2015-5\/wa12j5750spsv_cb99ccf1-8d90-4070-bea9-d52648d8fa3d.png\" \/><\/p>\n<p>Ti\u1ebft ki\u1ec7m nhi\u1ec1u h\u01a1n v\u1edbi c\u00f4ng ngh\u1ec7 Inverter<\/p>\n<p>M\u00e1y gi\u1eb7t Samsung WA12J5750SP\/ SV c\u00f2n \u0111\u01b0\u1ee3c trang b\u1ecb c\u00f4ng ngh\u1ec7 Inverter, c\u00f4ng ngh\u1ec7 ti\u1ebft ki\u1ec7m \u0111i\u1ec7n hi\u1ec7u qu\u1ea3, t\u0103ng ti\u1ec7n \u00edch kinh t\u1ebf cho ng\u01b0\u1eddi s\u1eed d\u1ee5ng. C\u00f4ng ngh\u1ec7 Inverter c\u00f2n c\u00f3 t\u00e1c d\u1ee5ng gi\u00fap m\u00e1y v\u1eadn h\u00e0nh \u1ed5n \u0111\u1ecbnh, b\u1ec1n b\u1ec9 v\u00e0 n\u00e2ng cao tu\u1ed5i th\u1ecd s\u1ea3n ph\u1ea9m, gi\u00fap b\u1ea1n y\u00ean t\u00e2m h\u01a1n v\u1ec1 ch\u1ea5t l\u01b0\u1ee3ng ph\u1ee5c v\u1ee5 c\u1ee7a m\u00e1y gi\u1eb7t. Ngo\u00e0i ra, m\u00e1y gi\u1eb7t truy\u1ec1n \u0111\u1ed9ng tr\u1ef1c ti\u1ebfp c\u00f2n c\u00f3 th\u1eddi gian b\u1ea3o h\u00e0nh \u0111\u1ed9ng c\u01a1 l\u00ean \u0111\u1ebfn 10 n\u0103m- gi\u00fap b\u1ea1n ho\u00e0n to\u00e0n an t\u00e2m trong su\u1ed1t th\u1eddi gian s\u1eed d\u1ee5ng.<br \/>\n<strong>T\u1ed1c \u0111\u1ed9 quay v\u1eaft 720 v\u00f2ng\/ ph\u00fat<\/strong><\/p>\n<p><img class=\"lazy\" src=\"https:\/\/cdn.mediamart.vn\/Upload\/download\/2015-5\/wa12j5750spsv_cece6c38-59e3-4063-936f-c6fb5b2a1b24.png\" data-original=\"https:\/\/cdn.mediamart.vn\/Upload\/download\/2015-5\/wa12j5750spsv_cece6c38-59e3-4063-936f-c6fb5b2a1b24.png\" \/><\/p>\n<p>Qu\u1ea7n \u00e1o kh\u00f4 nhanh nh\u1edd t\u1ed1c \u0111\u1ed9 quay v\u1eaft \u1ed5n \u0111\u1ecbnh<\/p>\n<p>M\u00e1y gi\u1eb7t c\u00f3 t\u1ed1c \u0111\u1ed9 quay v\u1eaft 720 v\u00f2ng\/ ph\u00fat, gi\u00fap qu\u1ea7n \u00e1o \u0111\u01b0\u1ee3c gi\u1eb7t s\u1ea1ch nhanh h\u01a1n, th\u1eddi gian l\u00e0m kh\u00f4 qu\u1ea7n \u00e1o \u0111\u01b0\u1ee3c r\u00fat ng\u1eafn, t\u1eeb \u0111\u00f3 ti\u1ebft ki\u1ec7m nhi\u1ec1u th\u1eddi gian h\u01a1n cho ng\u01b0\u1eddi s\u1eed d\u1ee5ng.<br \/>\nNh\u00ecn chung, m\u00e1y gi\u1eb7t Samsung WA12J5750SP\/ SV thu\u1ed9c thi\u1ebft k\u1ebf m\u00e1y gi\u1eb7t m\u1edbi c\u1ee7a Samsung v\u1edbi nhi\u1ec1u t\u00ednh n\u0103ng ti\u1ec7n \u00edch v\u00e0 ti\u1ebft ki\u1ec7m hi\u1ec7u qu\u1ea3, ph\u00f9 h\u1ee3p l\u00e0 l\u1ef1a ch\u1ecdn cho nhu c\u1ea7u m\u00e1y gi\u1eb7t c\u00f3 kh\u1ed1i l\u01b0\u1ee3ng gi\u1eb7t l\u1edbn cho gia \u0111\u00ecnh.<\/p>\n<\/div>\n","protected":false},"excerpt":{"rendered":"<p>&#8211; L\u1ed3ng gi\u1eb7t L\u1ed3ng \u0111\u1ee9ng<br \/>\n&#8211; Lo\u1ea1i m\u00e1y gi\u1eb7t C\u1eeda tr\u00ean<br \/>\n&#8211; Kh\u1ed1i l\u01b0\u1ee3ng gi\u1eb7t 12 Kg<br \/>\n&#8211; L\u01b0\u1ee3ng n\u01b0\u1edbc ti\u00eau th\u1ee5 chu\u1ea9n Kho\u1ea3ng 154 lit<\/p>\n<p>&nbsp;<\/p>\n","protected":false},"featured_media":2098,"comment_status":"open","ping_status":"closed","template":"","meta":[],"_links":{"self":[{"href":"http:\/\/maudep.com.vn\/chuyengiadienmay\/index.php?rest_route=\/wp\/v2\/product\/2096"}],"collection":[{"href":"http:\/\/maudep.com.vn\/chuyengiadienmay\/index.php?rest_route=\/wp\/v2\/product"}],"about":[{"href":"http:\/\/maudep.com.vn\/chuyengiadienmay\/index.php?rest_route=\/wp\/v2\/types\/product"}],"replies":[{"embeddable":true,"href":"http:\/\/maudep.com.vn\/chuyengiadienmay\/index.php?rest_route=%2Fwp%2Fv2%2Fcomments&post=2096"}],"wp:featuredmedia":[{"embeddable":true,"href":"http:\/\/maudep.com.vn\/chuyengiadienmay\/index.php?rest_route=\/wp\/v2\/media\/2098"}],"wp:attachment":[{"href":"http:\/\/maudep.com.vn\/chuyengiadienmay\/index.php?rest_route=%2Fwp%2Fv2%2Fmedia&parent=2096"}],"curies":[{"name":"wp","href":"https:\/\/api.w.org\/{rel}","templated":true}]}}