{"id":2099,"date":"2019-01-02T15:56:24","date_gmt":"2019-01-02T08:56:24","guid":{"rendered":"http:\/\/maudep.com.vn\/chuyengiadienmay\/?post_type=product&#038;p=2099"},"modified":"2019-01-15T14:19:06","modified_gmt":"2019-01-15T07:19:06","slug":"may-giat-16-kg-samsung-wa16j6750sp-sv-activ-dualwash","status":"publish","type":"product","link":"http:\/\/maudep.com.vn\/chuyengiadienmay\/?product=may-giat-16-kg-samsung-wa16j6750sp-sv-activ-dualwash","title":{"rendered":"M\u00e1y gi\u1eb7t 16 Kg Samsung WA16J6750SP\/SV Activ Dualwash"},"content":{"rendered":"<h3 class=\"pd-news-title\">M\u00e1y gi\u1eb7t 16 Kg Samsung WA16J6750SP\/SV Activ Dualwash<\/h3>\n<div class=\"pd-news-content\">\n<p><strong>M\u00e1y gi\u1eb7t Samsung WA16J6750SP\/SV &#8211; M\u00e1y gi\u1eb7t m\u1edbi v\u1edbi m\u00e2m gi\u1eb7t tay \u0111\u1ed9c \u0111\u00e1o<\/strong><\/p>\n<p>L\u00e0\u00a0m\u00e1y gi\u1eb7t c\u1eeda tr\u00ean\u00a0\u0111\u01b0\u1ee3c thi\u1ebft k\u1ebf b\u1eaft m\u1eaft v\u1edbi v\u1ecf inox sang tr\u1ecdng v\u00e0 hi\u1ec7n \u0111\u1ea1i c\u00f9ng m\u1ee9c kh\u1ed1i l\u01b0\u1ee3ng gi\u1eb7t kh\u1ed5ng l\u1ed3 l\u00ean \u0111\u1ebfn 16 kg,\u00a0Samsung WA16J6750SP\/SV s\u1ebd th\u1eadt s\u1ef1 th\u00edch h\u1ee3p v\u1edbi nh\u1eefng gia \u0111\u00ecnh \u0111\u00f4ng ng\u01b0\u1eddi, c\u00f3 nhu c\u1ea7u gi\u1eb7t gi\u0169 l\u1edbn ho\u1eb7c kh\u00f4ng c\u00f3 th\u1eddi gian nhi\u1ec1u \u0111\u1ec3 gi\u1eb7t gi\u0169 h\u00e0ng ng\u00e0y.<\/p>\n<p><img class=\"lazy\" src=\"https:\/\/cdn.mediamart.vn\/Upload\/download\/2016-11\/samsung-wa16j6750spsv-yxfuKq.jpg\" data-original=\"https:\/\/cdn.mediamart.vn\/Upload\/download\/2016-11\/samsung-wa16j6750spsv-yxfuKq.jpg\" \/><\/p>\n<p><strong>M\u00e2m gi\u1eb7t tay ti\u1ec7n d\u1ee5ng<\/strong><\/p>\n<p>Thi\u1ebft k\u1ebf \u0111\u1eb7c bi\u1ec7t t\u00edch h\u1ee3p m\u00e2m gi\u1eb7t tay b\u00ean tr\u00ean l\u1ed3ng gi\u1eb7t, m\u00e1y gi\u1eb7t c\u00f2n gi\u00fap b\u1ea1n nhanh ch\u00f3ng gi\u1eb7t s\u01a1 qu\u1ea7n \u00e1o v\u00e0 cho qu\u1ea7n \u00e1o v\u00e0o b\u00ean trong l\u1ed3ng gi\u1eb7t d\u1ec5 d\u00e0ng, ti\u1ebft ki\u1ec7m th\u1eddi gian v\u00e0 d\u1ee5ng c\u1ee5 gi\u1eb7t nhi\u1ec1u h\u01a1n.<\/p>\n<p><img class=\"lazy\" src=\"https:\/\/cdn.mediamart.vn\/Upload\/download\/2016-11\/samsung-wa16j6750spsv-u20BIC.jpg\" data-original=\"https:\/\/cdn.mediamart.vn\/Upload\/download\/2016-11\/samsung-wa16j6750spsv-u20BIC.jpg\" \/><\/p>\n<p><strong>C\u00f4ng ngh\u1ec7 gi\u1eb7t t\u1ed1t v\u1edbi kh\u1ea3 n\u0103ng gi\u1eb7t s\u1ea1ch ch\u1ed1ng xo\u1eafn r\u1ed1i hi\u1ec7u qu\u1ea3<\/strong><\/p>\n<p>M\u00e1y gi\u1eb7t \u0111\u01b0\u1ee3c thi\u1ebft k\u1ebf \u0111\u1eb7c bi\u1ec7t v\u1edbi m\u00e2m gi\u1eb7t Wobble t\u1ea1o lu\u1ed3ng n\u01b0\u1edbc \u0111a chi\u1ec1u m\u1ea1nh m\u1ebd, \u0111\u00e1nh bay v\u1ebft b\u1ea9n nhanh ch\u00f3ng m\u00e0 v\u1eabn gi\u1eef nguy\u00ean ch\u1ea5t l\u01b0\u1ee3ng v\u1ea3i v\u00f3c, gi\u1ea3m xo\u1eafn r\u1ed1i qu\u1ea7n \u00e1o hi\u1ec7u qu\u1ea3<\/p>\n<p><img class=\"lazy\" src=\"https:\/\/cdn.mediamart.vn\/Upload\/download\/2016-11\/samsung-wa16j6750spsv-Bb5DRJ.jpg\" data-original=\"https:\/\/cdn.mediamart.vn\/Upload\/download\/2016-11\/samsung-wa16j6750spsv-Bb5DRJ.jpg\" \/><\/p>\n<p><strong>H\u1ed9p \u0111\u00e1nh tan b\u1ed9t gi\u1eb7t Magic Dispenser<\/strong><\/p>\n<p>Qu\u1ea7n \u00e1o \u0111\u01b0\u1ee3c th\u1ea5m \u0111\u1ec1u b\u1ed9t gi\u1eb7t nhanh ch\u00f3ng nh\u1edd t\u00e1c d\u1ee5ng \u0111\u00e1nh tan v\u00e0 h\u00f2a l\u1eabn b\u1ed9t gi\u1eb7t v\u1edbi n\u01b0\u1edbc tr\u01b0\u1edbc khi \u0111\u01b0a v\u00e0o l\u1ed3ng gi\u1eb7t c\u1ee7a l\u1ef1c n\u01b0\u1edbc xo\u00e1y \u0111\u01b0\u1ee3c t\u1ea1o ra b\u00ean trong h\u1ed9p, n\u00e2ng cao kh\u1ea3 n\u0103ng gi\u1eb7t s\u1ea1ch cho m\u00e1y.<\/p>\n<p><img class=\"lazy\" src=\"https:\/\/cdn.mediamart.vn\/Upload\/download\/2016-11\/samsung-wa16j6750spsv-OhrJU1.jpg\" data-original=\"https:\/\/cdn.mediamart.vn\/Upload\/download\/2016-11\/samsung-wa16j6750spsv-OhrJU1.jpg\" \/><\/p>\n<p><strong>B\u1ed9 l\u1ecdc x\u01a1 v\u1ea3i ti\u1ec7n d\u1ee5ng<\/strong><\/p>\n<p>M\u00e1y gi\u1eb7t trang b\u1ecb b\u1ed9 l\u1ecdc x\u01a1 v\u1ea3i c\u00f3 k\u00edch th\u01b0\u1edbc l\u1edbn v\u1edbi kh\u1ea3 n\u0103ng h\u00fat nhanh c\u00e1c x\u01a1 v\u1ea3i tr\u00ean \u00e1o qu\u1ea7n, gi\u00fap qu\u1ea7n \u00e1o \u0111\u01b0\u1ee3c gi\u1eb7t s\u1ea1ch tinh t\u01b0\u01a1m, kh\u00f4ng x\u01a1 v\u1ea3i, h\u1ea1n ch\u1ebf t\u1eafc ngh\u1ebdn \u0111\u01b0\u1eddng tho\u00e1t n\u01b0\u1edbc m\u00e0 l\u1ea1i d\u1ec5 d\u00e0ng th\u00e1o r\u1eddi v\u1ec7 sinh.<\/p>\n<p><img class=\"lazy\" src=\"https:\/\/cdn.mediamart.vn\/Upload\/download\/2016-11\/samsung-wa16j6750spsv-P062Vn.jpg\" data-original=\"https:\/\/cdn.mediamart.vn\/Upload\/download\/2016-11\/samsung-wa16j6750spsv-P062Vn.jpg\" \/><\/p>\n<p><strong>9 ch\u1ebf \u0111\u1ed9 gi\u1eb7t gi\u0169 kh\u00e1c nhau<\/strong><\/p>\n<p>M\u00e1y gi\u1eb7t c\u00f3 \u0111\u1ebfn 9 ch\u1ebf \u0111\u1ed9 gi\u1eb7t gi\u0169, gi\u00fap b\u1ea1n nhanh ch\u00f3ng l\u00e0m s\u1ea1ch qu\u1ea7n \u00e1o v\u1edbi nh\u1eefng y\u00eau c\u1ea7u v\u00e0 m\u1ee5c \u0111\u00edch kh\u00e1c nhau. Ch\u1ebf \u0111\u1ed9 gi\u1eb7t ng\u00e2m c\u00f2n gi\u00fap b\u1ea1n \u01b0\u1edbp qu\u1ea7n \u00e1o th\u01a1m m\u00e1t v\u1edbi h\u01b0\u01a1ng n\u01b0\u1edbc x\u1ea3 v\u1ea3i y\u00eau th\u00edch th\u1eadt d\u1ec5 d\u00e0ng v\u00e0 ti\u1ec7n l\u1ee3i.<\/p>\n<p><img class=\"lazy\" src=\"https:\/\/cdn.mediamart.vn\/Upload\/download\/2016-11\/samsung-wa16j6750spsv-ql18Kx.jpg\" data-original=\"https:\/\/cdn.mediamart.vn\/Upload\/download\/2016-11\/samsung-wa16j6750spsv-ql18Kx.jpg\" \/><\/p>\n<p><strong>Ti\u00eau th\u1ee5 n\u01b0\u1edbc<\/strong><\/p>\n<p><img class=\"lazy\" src=\"https:\/\/cdn.mediamart.vn\/Upload\/download\/2016-11\/samsung-wa16j6750spsv-w1JdIH.jpg\" data-original=\"https:\/\/cdn.mediamart.vn\/Upload\/download\/2016-11\/samsung-wa16j6750spsv-w1JdIH.jpg\" \/><\/p>\n<p><strong>\u0110\u1ed9ng c\u01a1 Inverter truy\u1ec1n \u0111\u1ed9ng tr\u1ef1c ti\u1ebfp b\u1ec1n v\u00e0 \u00eam v\u1eadn h\u00e0nh \u1ed5n \u0111\u1ecbnh, b\u1ec1n b\u1ec9 &amp; ti\u1ebft ki\u1ec7m \u0111i\u1ec7n<\/strong><\/p>\n<p><img src=\"https:\/\/cdn.mediamart.vn\/Upload\/download\/2016-11\/samsung-wa16j6750spsv-eJrE93.jpg\" \/><\/p>\n<\/div>\n","protected":false},"excerpt":{"rendered":"<p>&#8211; 9 ch\u01b0\u01a1ng tr\u00ecnh gi\u1eb7t<br \/>\n&#8211; H\u1ed9p l\u1ecdc s\u01a1 v\u1ea3i b\u1ec1n.<br \/>\n&#8211; Ch\u1ebf \u0111\u1ed9 ki\u1ec3m tra th\u00f4ng minh.<br \/>\n&#8211; Ch\u1ebf \u0111\u1ed9 gi\u1eb7t s\u01a1 Active dual Wash<\/p>\n<p>&nbsp;<\/p>\n","protected":false},"featured_media":2101,"comment_status":"open","ping_status":"closed","template":"","meta":[],"_links":{"self":[{"href":"http:\/\/maudep.com.vn\/chuyengiadienmay\/index.php?rest_route=\/wp\/v2\/product\/2099"}],"collection":[{"href":"http:\/\/maudep.com.vn\/chuyengiadienmay\/index.php?rest_route=\/wp\/v2\/product"}],"about":[{"href":"http:\/\/maudep.com.vn\/chuyengiadienmay\/index.php?rest_route=\/wp\/v2\/types\/product"}],"replies":[{"embeddable":true,"href":"http:\/\/maudep.com.vn\/chuyengiadienmay\/index.php?rest_route=%2Fwp%2Fv2%2Fcomments&post=2099"}],"wp:featuredmedia":[{"embeddable":true,"href":"http:\/\/maudep.com.vn\/chuyengiadienmay\/index.php?rest_route=\/wp\/v2\/media\/2101"}],"wp:attachment":[{"href":"http:\/\/maudep.com.vn\/chuyengiadienmay\/index.php?rest_route=%2Fwp%2Fv2%2Fmedia&parent=2099"}],"curies":[{"name":"wp","href":"https:\/\/api.w.org\/{rel}","templated":true}]}}