{"id":2108,"date":"2019-01-02T16:11:15","date_gmt":"2019-01-02T09:11:15","guid":{"rendered":"http:\/\/maudep.com.vn\/chuyengiadienmay\/?post_type=product&#038;p=2108"},"modified":"2019-01-15T14:13:28","modified_gmt":"2019-01-15T07:13:28","slug":"may-giat-10kg-lg-t2310dsam-asfpevn","status":"publish","type":"product","link":"http:\/\/maudep.com.vn\/chuyengiadienmay\/?product=may-giat-10kg-lg-t2310dsam-asfpevn","title":{"rendered":"M\u00e1y gi\u1eb7t 10Kg LG T2310DSAM.ASFPEVN"},"content":{"rendered":"<h3 class=\"pd-news-title\">M\u00e1y gi\u1eb7t 10Kg LG T2310DSAM.ASFPEVN<\/h3>\n<div class=\"pd-news-content\">\n<h3>Thi\u1ebft k\u1ebf hi\u1ec7n \u0111\u1ea1i, m\u1ea1nh m\u1ebd<\/h3>\n<p>M\u00e1y gi\u1eb7t LG\u00a0T2310DSAM\u00a0c\u00f3 thi\u1ebft k\u1ebf hi\u1ec7n \u0111\u1ea1i, c\u1ee9ng c\u00e1p, mang \u0111\u1ebfn v\u1ebb \u0111\u1eb9p sang tr\u1ecdng, tinh t\u1ebf cho ng\u00f4i nh\u00e0 c\u1ee7a b\u1ea1n. Thi\u1ebft k\u1ebf n\u1eafp m\u00e1y l\u00e0m b\u1eb1ng k\u00ednh ch\u1ecbu l\u1ef1c trong su\u1ed1t, gi\u00fap b\u1ea1n c\u00f3 th\u1ec3 quan s\u00e1t chuy\u1ec3n \u0111\u1ed9ng b\u00ean trong m\u00e1y. V\u1edbi kh\u1ed1i l\u01b0\u1ee3ng gi\u1eb7t l\u00e0\u00a010 kg, chi\u1ebfc m\u00e1y gi\u1eb7t\u00a0LG\u00a0n\u00e0y s\u1ebd l\u00e0 s\u1ef1 l\u1ef1a ch\u1ecdn l\u00fd t\u01b0\u1edfng cho nh\u1eefng gia \u0111\u00ecnh c\u00f3 s\u1ed1 l\u01b0\u1ee3ng th\u00e0nh vi\u00ean t\u1eeb 6 ng\u01b0\u1eddi tr\u1edf l\u00ean.<\/p>\n<p><img class=\"lazy\" src=\"https:\/\/cdn.tgdd.vn\/Products\/Images\/1944\/96912\/lg-t2310dsam-1.jpg\" data-original=\"https:\/\/cdn.tgdd.vn\/Products\/Images\/1944\/96912\/lg-t2310dsam-1.jpg\" \/><\/p>\n<h3>C\u00f4ng ngh\u1ec7 Inverter v\u1eadn h\u00e0nh b\u1ec1n b\u1ec9, ti\u1ebft ki\u1ec7m \u0111i\u1ec7n n\u0103ng<\/h3>\n<p>\u1ee8ng d\u1ee5ng\u00a0c\u00f4ng ngh\u1ec7 Inverter\u00a0trong qu\u00e1 tr\u00ecnh v\u1eadn h\u00e0nh, m\u00e1y gi\u1eb7t LG T2310DSAM c\u00f3 kh\u1ea3 n\u0103ng v\u1eadn h\u00e0nh \u1ed5n \u0111\u1ecbnh, gi\u1ea3m thi\u1ec3u \u0111\u1ed9 rung v\u00e0 gi\u1ea3m xo\u1eafn r\u1ed1i cho qu\u1ea7n \u00e1o. Ngo\u00e0i ra nh\u1edd v\u00e0o c\u00f4ng ngh\u1ec7 Inverter, gia \u0111\u00ecnh b\u1ea1n c\u00f3 th\u1ec3 ti\u1ebft ki\u1ec7m \u0111\u01b0\u1ee3c m\u1ed9t l\u01b0\u1ee3ng \u0111i\u1ec7n n\u0103ng ti\u00eau th\u1ee5 \u0111\u00e1ng k\u1ec3.<\/p>\n<p><img class=\"lazy\" src=\"https:\/\/cdn.tgdd.vn\/Products\/Images\/1944\/96912\/lg-t2310dsam-3.jpg\" data-original=\"https:\/\/cdn.tgdd.vn\/Products\/Images\/1944\/96912\/lg-t2310dsam-3.jpg\" \/><\/p>\n<h3>L\u1ed3ng gi\u1eb7t l\u00e0m t\u1eeb th\u00e9p kh\u00f4ng g\u1ec9 gi\u00fap di\u1ec7t vi khu\u1ea9n g\u00e2y h\u1ea1i<\/h3>\n<p>L\u1ed3ng gi\u1eb7t c\u1ee7a m\u00e1y gi\u1eb7t LG T2310DSAM \u0111\u01b0\u1ee3c\u00a0thi\u1ebft k\u1ebf theo d\u1ea1ng\u00a0l\u1ed3ng \u0111\u1ee9ng\u00a0quen thu\u1ed9c, gi\u00fap b\u1ea1n d\u1ec5 d\u00e0ng cho qu\u1ea7n \u00e1o v\u00e0o v\u00e0 l\u1ea5y qu\u1ea7n \u00e1o ra. H\u01a1n n\u1eefa l\u1ed3ng gi\u1eb7t n\u00e0y c\u00f2n \u0111\u01b0\u1ee3c l\u00e0m t\u1eeb th\u00e9p kh\u00f4ng g\u1ec9, gi\u00fap qu\u1ea7n \u00e1o \u0111\u01b0\u1ee3c s\u1ea1ch s\u1ebd h\u01a1n, di\u1ec7t khu\u1ea9n l\u00ean \u0111\u1ebfn 90% v\u00e0 g\u00f3p ph\u1ea7n l\u00e0m t\u0103ng \u0111\u1ed9 b\u1ec1n cho m\u00e1y gi\u1eb7t.<\/p>\n<p><img class=\"lazy\" src=\"https:\/\/cdn.tgdd.vn\/Products\/Images\/1944\/96912\/may-giat-lg-t2310dsam4.jpg\" data-original=\"https:\/\/cdn.tgdd.vn\/Products\/Images\/1944\/96912\/may-giat-lg-t2310dsam4.jpg\" \/><\/p>\n<h3>C\u00f4ng ngh\u1ec7 gi\u1eb7t 6 chuy\u1ec3n \u0111\u1ed9ng m\u00f4 ph\u1ecfng theo b\u00e0n tay con ng\u01b0\u1eddi<\/h3>\n<p>Gi\u1edd \u0111\u00e2y qu\u1ea7n \u00e1o c\u1ee7a gia \u0111\u00ecnh b\u1ea1n kh\u00f4ng ch\u1ec9 \u0111\u01b0\u1ee3c gi\u1eb7t s\u1ea1ch \u1ea5n t\u01b0\u1ee3ng m\u00e0 s\u1ee3i v\u1ea3i c\u00f2n \u0111\u01b0\u1ee3c n\u00e2ng niu v\u00e0 b\u1ea3o v\u1ec7 nh\u1edd v\u00e0o c\u00f4ng ngh\u1ec7 gi\u1eb7t 6 chuy\u1ec3n \u0111\u1ed9ng m\u00f4 ph\u1ecfng theo b\u00e0n tay con ng\u01b0\u1eddi c\u1ee7a chi\u1ebfc m\u00e1y gi\u1eb7t LG n\u00e0y.<\/p>\n<p><img class=\"lazy\" src=\"https:\/\/cdn.tgdd.vn\/Products\/Images\/1944\/96912\/may-giat-lg-t2310dsam5.jpg\" data-original=\"https:\/\/cdn.tgdd.vn\/Products\/Images\/1944\/96912\/may-giat-lg-t2310dsam5.jpg\" \/><\/p>\n<h3>Mang \u0111\u1ebfn hi\u1ec7u qu\u1ea3 gi\u1eb7t s\u1ea1ch v\u01b0\u1ee3t tr\u1ed9i v\u1edbi t\u00ednh n\u0103ng Turboshot<\/h3>\n<p>T\u00ednh n\u0103ng Turboshot v\u1edbi t\u00e1c \u0111\u1ed9ng c\u1ee7a 6 th\u00e1c n\u01b0\u1edbc mang \u0111\u1ebfn hi\u1ec7u qu\u1ea3 gi\u1eb7t s\u1ea1ch v\u01b0\u1ee3t tr\u1ed9i cho gia \u0111\u00ecnh b\u1ea1n. \u0110\u1ed3ng th\u1eddi t\u00ednh n\u0103ng n\u00e0y c\u00f2n gi\u00fap cho l\u1ed3ng gi\u1eb7t c\u1ee7a m\u00e1y lu\u00f4n \u0111\u01b0\u1ee3c s\u1ea1ch s\u1ebd.<\/p>\n<p><img class=\"lazy\" src=\"https:\/\/cdn.tgdd.vn\/Products\/Images\/1944\/96912\/lg-t2310dsam-4.jpg\" data-original=\"https:\/\/cdn.tgdd.vn\/Products\/Images\/1944\/96912\/lg-t2310dsam-4.jpg\" \/><\/p>\n<\/div>\n","protected":false},"excerpt":{"rendered":"<p>M\u00e1y gi\u1eb7t l\u1ed3ng \u0111\u1ee9ng 10Kg, Gi\u1eb7t 6 chuy\u1ec3n \u0111\u1ed9ng &#8211; 6 motion<br \/>\nTi\u1ebft ki\u1ec7m \u0111i\u1ec7n, n\u01b0\u1edbc v\u1edbi \u0111\u1ed9ng c\u01a1 d\u1eabn \u0111\u1ed9ng tr\u1ef1c ti\u1ebfp bi\u1ebfn t\u1ea7n<br \/>\nTurboshot v\u1edbi 6 th\u00e1c n\u01b0\u1edbc v\u00e0 \u0111\u1ea7u gi\u0169 phun, t\u0103ng c\u01b0\u1eddng hi\u1ec7u qu\u1ea3 gi\u1eb7t v\u00e0 l\u00e0m s\u1ea1ch hi\u1ec7u qu\u1ea3 l\u1ed3ng gi\u1eb7t<\/p>\n<p>&nbsp;<\/p>\n","protected":false},"featured_media":2110,"comment_status":"open","ping_status":"closed","template":"","meta":[],"_links":{"self":[{"href":"http:\/\/maudep.com.vn\/chuyengiadienmay\/index.php?rest_route=\/wp\/v2\/product\/2108"}],"collection":[{"href":"http:\/\/maudep.com.vn\/chuyengiadienmay\/index.php?rest_route=\/wp\/v2\/product"}],"about":[{"href":"http:\/\/maudep.com.vn\/chuyengiadienmay\/index.php?rest_route=\/wp\/v2\/types\/product"}],"replies":[{"embeddable":true,"href":"http:\/\/maudep.com.vn\/chuyengiadienmay\/index.php?rest_route=%2Fwp%2Fv2%2Fcomments&post=2108"}],"wp:featuredmedia":[{"embeddable":true,"href":"http:\/\/maudep.com.vn\/chuyengiadienmay\/index.php?rest_route=\/wp\/v2\/media\/2110"}],"wp:attachment":[{"href":"http:\/\/maudep.com.vn\/chuyengiadienmay\/index.php?rest_route=%2Fwp%2Fv2%2Fmedia&parent=2108"}],"curies":[{"name":"wp","href":"https:\/\/api.w.org\/{rel}","templated":true}]}}