{"id":2111,"date":"2019-01-02T16:18:23","date_gmt":"2019-01-02T09:18:23","guid":{"rendered":"http:\/\/maudep.com.vn\/chuyengiadienmay\/?post_type=product&#038;p=2111"},"modified":"2019-01-15T14:20:03","modified_gmt":"2019-01-15T07:20:03","slug":"may-giat-12kg-lg-t2312dsav-aspevn","status":"publish","type":"product","link":"http:\/\/maudep.com.vn\/chuyengiadienmay\/?product=may-giat-12kg-lg-t2312dsav-aspevn","title":{"rendered":"M\u00e1y gi\u1eb7t 12Kg LG T2312DSAV.ASPEVN"},"content":{"rendered":"<h3 class=\"pd-news-title\">M\u00e1y gi\u1eb7t 12Kg LG T2312DSAV.ASPEVN<\/h3>\n<div class=\"pd-news-content\">\n<h3>Thi\u1ebft k\u1ebf phong c\u00e1ch v\u00e0 thu\u1eadn ti\u1ec7n<\/h3>\n<p>Thi\u1ebft k\u1ebf phong c\u00e1ch v\u00e0 b\u1ec1n b\u1ec9 \u0111\u1ea3m b\u1ea3o s\u1ef1 thu\u1eadn ti\u1ec7n v\u00e0 an to\u00e0n, \u0111\u1ed3ng th\u1eddi mang \u0111\u1ebfn nh\u1eefng t\u00ednh n\u0103ng hi\u1ec7u qu\u1ea3 v\u00e0 \u0111\u1ed9t ph\u00e1.<\/p>\n<p><img class=\"lazy\" src=\"https:\/\/cdn.mediamart.vn\/Upload\/download\/2017-12-News\/EZzwPxA88L3b7IF.jpg\" data-original=\"https:\/\/cdn.mediamart.vn\/Upload\/download\/2017-12-News\/EZzwPxA88L3b7IF.jpg\" \/><\/p>\n<h3>6 Chuy\u1ec3n \u0111\u1ed9ng gi\u1eb7t<\/h3>\n<p>Ch\u1ecdn ch\u01b0\u01a1ng tr\u00ecnh gi\u1eb7t v\u00e0 c\u00f4ng ngh\u1ec7 6 chuy\u1ec3n \u0111\u1ed9ng gi\u1eb7t k\u1ebft h\u1ee3p v\u1edbi \u0111\u1ed9ng c\u01a1 D\u1eabn \u0111\u1ed9ng tr\u1ef1c ti\u1ebfp \u0111i\u1ec1u khi\u1ec3n l\u1ed3ng gi\u1eb7t theo nhi\u1ec1u h\u01b0\u1edbng, gi\u00fap ch\u0103m s\u00f3c v\u1ea3i \u0111\u00fang c\u00e1ch trong khi v\u1eabn \u0111\u1ea3m b\u1ea3o hi\u1ec7u n\u0103ng gi\u1eb7t c\u1ef1c s\u1ea1ch.<\/p>\n<p><img class=\"lazy\" src=\"https:\/\/cdn.mediamart.vn\/Upload\/download\/2017-12-News\/G7qt2NLg6luwlZ8.jpg\" data-original=\"https:\/\/cdn.mediamart.vn\/Upload\/download\/2017-12-News\/G7qt2NLg6luwlZ8.jpg\" \/><\/p>\n<h3>\u0110\u1ed9ng c\u01a1 d\u1eabn \u0111\u1ed9ng tr\u1ef1c ti\u1ebfp Inverter<\/h3>\n<p>LG \u0111\u00e3 n\u00e2ng c\u1ea5p \u0111\u1ed9ng c\u01a1 d\u1eabn \u0111\u1ed9ng tr\u1ef1c ti\u1ebfp Inverter v\u1edbi c\u00f4ng ngh\u1ec7 m\u1edbi nh\u1ea5t. \u0110\u1ed9ng c\u01a1 d\u1eabn \u0111\u1ed9ng tr\u1ef1c ti\u1ebfp c\u1ea3i ti\u1ebfn c\u00f3 hi\u1ec7u n\u0103ng gi\u1eb7t t\u1ed1t h\u01a1n, cho ph\u00e9p b\u1ea1n gi\u1eb7t nhi\u1ec1u lo\u1ea1i qu\u1ea7n \u00e1o kh\u00e1c nhau hi\u1ec7u qu\u1ea3 h\u01a1n v\u1edbi \u00edt h\u01b0 h\u1ea1i h\u01a1n.<\/p>\n<p><img class=\"lazy\" src=\"https:\/\/cdn.mediamart.vn\/Upload\/download\/2017-12-News\/hcZig7xZeb2W91V.jpg\" data-original=\"https:\/\/cdn.mediamart.vn\/Upload\/download\/2017-12-News\/hcZig7xZeb2W91V.jpg\" \/><\/p>\n<h3>L\u1ed3ng gi\u1eb7t b\u1eb1ng th\u00e9p kh\u00f4ng g\u1ec9<\/h3>\n<p>L\u1ed3ng gi\u1eb7t b\u1eb1ng th\u00e9p kh\u00f4ng g\u1ec9 ho\u00e0n to\u00e0n hi\u1ec7u qu\u1ea3 h\u01a1n trong vi\u1ec7c ki\u1ec3m so\u00e1t s\u1ef1 ph\u00e1t tri\u1ec3n c\u1ee7a vi khu\u1ea9n so v\u1edbi l\u1ed3ng gi\u1eb7t b\u1eb1ng nh\u1ef1a th\u00f4ng th\u01b0\u1eddng. T\u00e1c d\u1ee5ng ch\u1ed1ng vi khu\u1ea9n n\u00e0y \u0111\u00e3 \u0111\u01b0\u1ee3c ch\u1ee9ng minh b\u1edfi th\u1eed nghi\u1ec7m c\u1ee7a Intertek lo\u1ea1i b\u1ecf 90% vi khu\u1ea9n c\u00f3 h\u1ea1i b\u1eb1ng c\u00e1ch ng\u0103n kh\u00f4ng cho vi khu\u1ea9n b\u00e1m s\u00e2u v\u00e0o b\u1ec1 m\u1eb7t.<\/p>\n<p><img class=\"lazy\" src=\"https:\/\/cdn.mediamart.vn\/Upload\/download\/2017-12-News\/jv4sCdbn6E201d8.jpg\" data-original=\"https:\/\/cdn.mediamart.vn\/Upload\/download\/2017-12-News\/jv4sCdbn6E201d8.jpg\" \/><\/p>\n<h3>Kh\u1ed1i l\u01b0\u1ee3ng gi\u1eb7t l\u1edbn<\/h3>\n<p>V\u1edbi kh\u00f4ng gian r\u1ed9ng h\u01a1n, l\u1ed3ng gi\u1eb7t kh\u1ed1i l\u01b0\u1ee3ng l\u1edbn cho ph\u00e9p b\u1ea1n gi\u1eb7t \u0111\u01b0\u1ee3c nhi\u1ec1u qu\u1ea7n \u00e1o h\u01a1n trong m\u1ed9t m\u1ebb gi\u1eb7t ho\u1eb7c gi\u1eb7t c\u00e1c \u0111\u1ed3 v\u1eadt l\u1edbn nh\u01b0 ch\u0103n v\u00e0 r\u00e8m c\u1eeda trong nh\u00e0.<\/p>\n<p><img class=\"lazy\" src=\"https:\/\/cdn.mediamart.vn\/Upload\/download\/2017-12-News\/c0sBs0xgK1Pz2oI.jpg\" data-original=\"https:\/\/cdn.mediamart.vn\/Upload\/download\/2017-12-News\/c0sBs0xgK1Pz2oI.jpg\" \/><\/p>\n<h3>\u0110\u1ea7u gi\u0169 phun<\/h3>\n<p>Trong chu tr\u00ecnh gi\u0169, n\u01b0\u1edbc s\u1ea1ch \u0111\u01b0\u1ee3c phun tr\u1ef1c ti\u1ebfp v\u00e0o qu\u1ea7n \u00e1o th\u00f4ng qua \u0111\u1ea7u gi\u0169 phun.N\u01b0\u1edbc th\u1ea5m s\u00e2u v\u00e0o qu\u1ea7n \u00e1o trong khi \u0111\u00f3 l\u1ed3ng gi\u1eb7t \u0111\u01b0\u1ee3c \u0111\u1ed5 \u0111\u1ea7y n\u01b0\u1edbc.<\/p>\n<p><img class=\"lazy\" src=\"https:\/\/cdn.mediamart.vn\/Upload\/download\/2017-12-News\/uiigUdlrDrW0wNp.jpg\" data-original=\"https:\/\/cdn.mediamart.vn\/Upload\/download\/2017-12-News\/uiigUdlrDrW0wNp.jpg\" \/><\/p>\n<h3>Ch\u1ea9n \u0111o\u00e1n th\u00f4ng minh Smart Diagnosis\u2122<\/h3>\n<p>Smart Diagnosis\u2122 gi\u00fap ch\u1ea9n \u0111o\u00e1n v\u00e0 kh\u1eafc ph\u1ee5c c\u00e1c s\u1ef1 c\u1ed1 c\u01a1 kh\u00ed, gi\u1ea3m vi\u1ec7c b\u1ea3o d\u01b0\u1ee1ng t\u1ed1n chi ph\u00ed v\u00e0 t\u1ed1n th\u1eddi gian.<\/p>\n<p><img class=\"lazy\" src=\"https:\/\/cdn.mediamart.vn\/Upload\/download\/2017-12-News\/7Z0IX4g60lFqzpr.jpg\" data-original=\"https:\/\/cdn.mediamart.vn\/Upload\/download\/2017-12-News\/7Z0IX4g60lFqzpr.jpg\" \/><\/p>\n<\/div>\n","protected":false},"excerpt":{"rendered":"<p>M\u00e1y gi\u1eb7t l\u1ed3ng \u0111\u1ee9ng 12Kg, Gi\u1eb7t 6 chuy\u1ec3n \u0111\u1ed9ng &#8211; 6 motion<br \/>\nTi\u1ebft ki\u1ec7m \u0111i\u1ec7n, n\u01b0\u1edbc v\u1edbi \u0111\u1ed9ng c\u01a1 d\u1eabn \u0111\u1ed9ng tr\u1ef1c ti\u1ebfp bi\u1ebfn t\u1ea7n<br \/>\nTurboshot v\u1edbi 6 th\u00e1c n\u01b0\u1edbc v\u00e0 \u0111\u1ea7u gi\u0169 phun, t\u0103ng c\u01b0\u1eddng hi\u1ec7u qu\u1ea3 gi\u1eb7t v\u00e0 l\u00e0m s\u1ea1ch hi\u1ec7u qu\u1ea3 l\u1ed3ng gi\u1eb7t<\/p>\n<p>&nbsp;<\/p>\n","protected":false},"featured_media":2113,"comment_status":"open","ping_status":"closed","template":"","meta":[],"_links":{"self":[{"href":"http:\/\/maudep.com.vn\/chuyengiadienmay\/index.php?rest_route=\/wp\/v2\/product\/2111"}],"collection":[{"href":"http:\/\/maudep.com.vn\/chuyengiadienmay\/index.php?rest_route=\/wp\/v2\/product"}],"about":[{"href":"http:\/\/maudep.com.vn\/chuyengiadienmay\/index.php?rest_route=\/wp\/v2\/types\/product"}],"replies":[{"embeddable":true,"href":"http:\/\/maudep.com.vn\/chuyengiadienmay\/index.php?rest_route=%2Fwp%2Fv2%2Fcomments&post=2111"}],"wp:featuredmedia":[{"embeddable":true,"href":"http:\/\/maudep.com.vn\/chuyengiadienmay\/index.php?rest_route=\/wp\/v2\/media\/2113"}],"wp:attachment":[{"href":"http:\/\/maudep.com.vn\/chuyengiadienmay\/index.php?rest_route=%2Fwp%2Fv2%2Fmedia&parent=2111"}],"curies":[{"name":"wp","href":"https:\/\/api.w.org\/{rel}","templated":true}]}}