{"id":2123,"date":"2019-01-03T11:07:59","date_gmt":"2019-01-03T04:07:59","guid":{"rendered":"http:\/\/maudep.com.vn\/chuyengiadienmay\/?post_type=product&#038;p=2123"},"modified":"2019-06-01T13:32:43","modified_gmt":"2019-06-01T06:32:43","slug":"dieu-hoa-1-chieu-mitsubishi-ms-hp25vf-9-000btu","status":"publish","type":"product","link":"http:\/\/maudep.com.vn\/chuyengiadienmay\/?product=dieu-hoa-1-chieu-mitsubishi-ms-hp25vf-9-000btu","title":{"rendered":"\u0110i\u1ec1u h\u00f2a Mitsubishi Electric 1 chi\u1ec1u 9.000BTU MS-HP25VF"},"content":{"rendered":"<h3>Ti\u1ebft Ki\u1ec7m\u00a0\u0110i\u1ec7n N\u0103ng Th\u00f4ng Minh<\/h3>\n<p>T\u00ednh n\u0103ng Econo Cool t\u1ef1 \u0111\u1ed9ng \u0111i\u1ec1u ch\u1ec9nh h\u01b0\u1edbng gi\u00f3 d\u1ef1a tr\u00ean nhi\u1ec7t \u0111\u1ed9 t\u1ea1i c\u1eeda gi\u00f3. V\u00ec v\u1eady, nhi\u1ec7t \u0111\u1ed9 c\u00e0i \u0111\u1eb7t c\u00f3 th\u1ec3 cao h\u01a1n 2\u00b0C so v\u1edbi ch\u1ebf \u0111\u1ed9 th\u00f4ng th\u01b0\u1eddng (kh\u00f4ng s\u1eed d\u1ee5ng t\u00ednh n\u0103ng n\u00e0y) m\u00e0 kh\u00f4ng l\u00e0m m\u1ea5t \u0111i s\u1ef1 tho\u1ea3i m\u00e1i v\u00e0 t\u0103ng hi\u1ec7u qu\u1ea3 ti\u1ebft ki\u1ec7m n\u0103ng l\u01b0\u1ee3ng l\u00ean 20%.<\/p>\n<p><img class=\"lazy aligncenter\" src=\"https:\/\/www.mitsubishi-electric.vn\/images\/post\/16032018\/tkd5s-7.jpg\" data-original=\"https:\/\/www.mitsubishi-electric.vn\/images\/post\/16032018\/tkd5s-7.jpg\" \/><br \/>\n<img class=\"lazy aligncenter\" src=\"https:\/\/www.mitsubishi-electric.vn\/images\/post\/16032018\/tkd5s-8.jpg\" data-original=\"https:\/\/www.mitsubishi-electric.vn\/images\/post\/16032018\/tkd5s-8.jpg\" \/><\/p>\n<h3><strong>CH\u1ebe \u0110\u1ed8 L\u00c0M L\u1ea0NH NHANH \u2013 POWERFUL COOL<\/strong><\/h3>\n<p>M\u00e1y l\u1ea1nh\u00a0\u0111\u01b0\u1ee3c trang b\u1ecb\u00a0ch\u1ebf \u0111\u1ed9 l\u00e0m l\u1ea1nh nhanh t\u1ee9c th\u00ec powerful cool, gi\u00fap m\u00e1y l\u1ea1nh ho\u1ea1t \u0111\u1ed9ng m\u1ea1nh m\u1ebd \u0111\u1ec3 \u0111\u1ea1t \u0111\u01b0\u1ee3c nhi\u1ec7t \u0111\u1ed9 mong mu\u1ed1n trong th\u1eddi gian ng\u1eafn nh\u1ea5n, mang l\u1ea1i kh\u00f4ng gian tho\u1ea3i m\u00e1i cho b\u1ea1n.<\/p>\n<p><img class=\"lazy aligncenter\" src=\"https:\/\/www.mitsubishi-electric.vn\/images\/1521515799444.jpg\" data-original=\"https:\/\/www.mitsubishi-electric.vn\/images\/1521515799444.jpg\" \/><\/p>\n<p>B\u1ea3ng m\u1ea1ch \u0111i\u1ec7n c\u1ee7a Mitsubishi Electric c\u00f3 th\u1ec3 ch\u1ecbu \u0111\u01b0\u1ee3c \u0111i\u1ec7n \u00e1p cao \u0111\u1ebfn 450V<\/p>\n<p><img class=\"lazy aligncenter\" src=\"https:\/\/www.mitsubishi-electric.vn\/images\/post\/16032018\/lamlanhnhanh-5.jpg\" data-original=\"https:\/\/www.mitsubishi-electric.vn\/images\/post\/16032018\/lamlanhnhanh-5.jpg\" \/><\/p>\n<p>M\u1ed9t l\u1edbp ph\u1ee7 \u0111\u1eb7c bi\u1ec7t (Blue fin) \u0111\u01b0\u1ee3c tr\u00e1ng l\u00ean h\u1ec7 th\u1ed1ng trao \u0111\u1ed5i nhi\u1ec7t c\u1ee7a d\u00e0n n\u00f3ng gi\u00fap ch\u1ed1ng l\u1ea1i kh\u1ea3 n\u0103ng \u0103n m\u00f2n c\u1ee7a mu\u1ed1i bi\u1ec3n.<\/p>\n<p><img class=\"lazy aligncenter\" src=\"https:\/\/www.mitsubishi-electric.vn\/images\/post\/16032018\/lamlanhnhanh-7.jpg\" data-original=\"https:\/\/www.mitsubishi-electric.vn\/images\/post\/16032018\/lamlanhnhanh-7.jpg\" \/><\/p>\n<p>H\u1ed9p kim lo\u1ea1i b\u1ea3o v\u1ec7 bo m\u1ea1ch gi\u00fap v\u1eadn h\u00e0nh an to\u00e0n v\u00e0 ph\u00f2ng ch\u1ed1ng s\u1ef1 c\u1ed1 ch\u00e1y n\u1ed5 do ch\u1eadp m\u1ea1ch.<\/p>\n<p><img class=\"lazy aligncenter\" src=\"https:\/\/www.mitsubishi-electric.vn\/images\/1521516782835.png\" data-original=\"https:\/\/www.mitsubishi-electric.vn\/images\/1521516782835.png\" \/><\/p>\n<p>L\u1edbp ph\u1ee7 \u0111\u1eb7c bi\u1ec7t tr\u00ean bo m\u1ea1ch ph\u00f2ng ch\u1ed1ng nh\u1eefng h\u01b0 h\u1ea1i do \u0111\u1ed9 \u1ea9m hay c\u00f4n tr\u00f9ng<\/p>\n<p><img class=\"lazy aligncenter\" src=\"https:\/\/www.mitsubishi-electric.vn\/images\/post\/16032018\/lamlanhnhanh-4.jpg\" data-original=\"https:\/\/www.mitsubishi-electric.vn\/images\/post\/16032018\/lamlanhnhanh-4.jpg\" \/><\/p>\n<p>L\u1edbp s\u01a1n ch\u1ed1ng g\u1ec9 k\u1ebft h\u1ee3p v\u1edbi k\u1ebft c\u1ea5u th\u00e9p m\u1ea1 k\u1ebdm c\u1ee7a v\u1ecf d\u00e0n n\u00f3ng gi\u00fap b\u1ea3o v\u1ec7 c\u00e1c b\u1ed9 ph\u1eadn b\u00ean trong tr\u01b0\u1edbc \u0111i\u1ec1u ki\u1ec7n m\u00f4i tr\u01b0\u1eddng kh\u1eafc nghi\u1ec7t.<\/p>\n<p><img class=\"lazy aligncenter\" src=\"https:\/\/www.mitsubishi-electric.vn\/images\/post\/16032018\/lamlanhnhanh-8.jpg\" data-original=\"https:\/\/www.mitsubishi-electric.vn\/images\/post\/16032018\/lamlanhnhanh-8.jpg\" \/><\/p>\n<h3>Kh\u1eed M\u00f9i Kh\u00e1ng Khu\u1ea9n<\/h3>\n<p><strong>M\u00c0NG L\u1eccC NANO PLATINUM<\/strong><\/p>\n<p>M\u00e0ng l\u1ecdc k\u1ebft h\u1ee3p c\u00e1c h\u1ea1t Plantinum-Ceramic c\u00f3 k\u00edch th\u01b0\u1edbc c\u1ef1c nh\u1ecf, c\u00f3 t\u00e1c d\u1ee5ng kh\u00e1ng khu\u1ea3n v\u00e0 kh\u1eeb m\u00f9i hi\u1ec7u qu\u1ea3.K\u00edch th\u01b0\u1edbc c\u1ee7a b\u1ec1 m\u1eb7t ba chi\u1ec1u c\u0169ng \u0111\u01b0\u1ee3c m\u1edf r\u1ed9ng \u0111\u00e1ng k\u1ec3, gi\u00fap tang c\u01b0\u1eddng ph\u1ea1m vi l\u1ecdc kh\u00ed. Nh\u1eefng t\u00ednh n\u0103ng n\u00e0y gi\u00fap m\u00e0ng l\u1ecdc c\u00f3 ch\u1eadt l\u01b0\u1ee3ng thu gom b\u1ee5i t\u1ed1t h\u01a1n so v\u1edbi c\u00e1c m\u00e0ng l\u1ecdc th\u00f4ng th\u01b0\u1eddng<\/p>\n<p><img class=\"lazy aligncenter\" src=\"https:\/\/www.mitsubishi-electric.vn\/images\/gh10va-1501152710979.png\" data-original=\"https:\/\/www.mitsubishi-electric.vn\/images\/gh10va-1501152710979.png\" \/><\/p>\n<p><strong>M\u00c0NG L\u1eccC CH\u1ed0NG N\u1ea4M M\u1ed0C<\/strong><\/p>\n<p>Gi\u00fap l\u1ecdc b\u1ee5i, ph\u1ea5n hoa v\u00e0 c\u00e1c t\u00e1c nh\u00e2n g\u00e2y d\u1ecb \u1ee9ng. M\u00e0ng l\u1ecdc c\u00f3 th\u1ec3 th\u00e1o ra v\u1ec7 sinh d\u1ec5 d\u00e0ng, \u0111\u1ea3m b\u1ea3o b\u1ea7u kh\u00f4ng kh\u00ed trong ph\u00f2ng lu\u00f4n trong l\u00e0nh.<\/p>\n<p><img class=\"lazy\" src=\"https:\/\/www.mitsubishi-electric.vn\/images\/1521615674210.png\" data-original=\"https:\/\/www.mitsubishi-electric.vn\/images\/1521615674210.png\" \/><\/p>\n<h3>V\u1ec7 Sinh D\u1ec5 D\u00e0ng<\/h3>\n<p><img class=\"lazy\" src=\"https:\/\/www.mitsubishi-electric.vn\/images\/gh10va-1501152711182.png\" data-original=\"https:\/\/www.mitsubishi-electric.vn\/images\/gh10va-1501152711182.png\" \/><\/p>\n<p>Easy clean l\u00e0 thi\u1ebft k\u1ebf \u0111\u1ed9c quy\u1ec1n c\u1ee7a Mitsubishi Electric v\u1edbi m\u1eb7t tr\u01b0\u1edbc c\u00f3 th\u1ec3 th\u00e1o r\u1eddi v\u00e0 v\u1ec7 sinh d\u1ec5 d\u00e0ng m\u00e0 kh\u00f4ng c\u1ea7n d\u1ee5ng c\u1ee5 chuy\u00ean nghi\u1ec7p.H\u1ed9p kim lo\u1ea1i \u0111\u1eb7c bi\u1ec7t n\u00e0y b\u1ea3o v\u1ec7 c\u00e1c thi\u1ebft b\u1ecb \u0111i\u1ec7n kh\u1ecfi b\u1ee5i b\u1ea9n, \u0111\u1ea3m b\u1ea3o v\u1eadn h\u00e0nh t\u1ed1t, an to\u00e0n khi v\u1ec7 sinh v\u00e0 ng\u0103n ng\u1eeba h\u1ecfa ho\u1ea1n trong tr\u01b0\u1eddng h\u1ee3p x\u1ea3y ra s\u1ef1 c\u1ed1 ch\u1eadp \u0111i\u1ec7n.<\/p>\n<p><img class=\"lazy aligncenter\" src=\"https:\/\/cdn.mediamart.vn\/Upload\/images\/a(14).png\" data-original=\"https:\/\/cdn.mediamart.vn\/Upload\/images\/a(14).png\" \/><\/p>\n<p>H\u1ed9p kim lo\u1ea1i \u0111\u1eb7c bi\u1ec7t n\u00e0y b\u1ea3o v\u1ec7 c\u00e1c thi\u1ebft b\u1ecb \u0111i\u1ec7n kh\u1ecfi b\u1ee5i b\u1ea9n, \u0111\u1ea3m b\u1ea3o v\u1eadn h\u00e0nh t\u1ed1t, an to\u00e0n khi v\u1ec7 sinh v\u00e0 ng\u0103n ng\u1eeba h\u1ecfa ho\u1ea1n trong tr\u01b0\u1eddng h\u1ee3p x\u1ea3y ra s\u1ef1 c\u1ed1 ch\u1eadp \u0111i\u1ec7n.<\/p>\n<p>&nbsp;<\/p>\n<p>&nbsp;<\/p>\n","protected":false},"excerpt":{"rendered":"<p>Ch\u1ebf \u0111\u1ed9 ti\u1ebft ki\u1ec7m \u0111i\u00ean Econo cool.<br \/>\nL\u01b0\u1edbi l\u1ecdc Nano 2 l\u1edbp<br \/>\nThi\u1ebft k\u1ebf d\u1ec5 lau ch\u00f9i Easy Clean<\/p>\n<p>&nbsp;<\/p>\n","protected":false},"featured_media":2125,"comment_status":"open","ping_status":"closed","template":"","meta":[],"_links":{"self":[{"href":"http:\/\/maudep.com.vn\/chuyengiadienmay\/index.php?rest_route=\/wp\/v2\/product\/2123"}],"collection":[{"href":"http:\/\/maudep.com.vn\/chuyengiadienmay\/index.php?rest_route=\/wp\/v2\/product"}],"about":[{"href":"http:\/\/maudep.com.vn\/chuyengiadienmay\/index.php?rest_route=\/wp\/v2\/types\/product"}],"replies":[{"embeddable":true,"href":"http:\/\/maudep.com.vn\/chuyengiadienmay\/index.php?rest_route=%2Fwp%2Fv2%2Fcomments&post=2123"}],"wp:featuredmedia":[{"embeddable":true,"href":"http:\/\/maudep.com.vn\/chuyengiadienmay\/index.php?rest_route=\/wp\/v2\/media\/2125"}],"wp:attachment":[{"href":"http:\/\/maudep.com.vn\/chuyengiadienmay\/index.php?rest_route=%2Fwp%2Fv2%2Fmedia&parent=2123"}],"curies":[{"name":"wp","href":"https:\/\/api.w.org\/{rel}","templated":true}]}}