{"id":2219,"date":"2019-01-04T14:22:04","date_gmt":"2019-01-04T07:22:04","guid":{"rendered":"http:\/\/maudep.com.vn\/chuyengiadienmay\/?post_type=product&#038;p=2219"},"modified":"2019-01-04T14:22:04","modified_gmt":"2019-01-04T07:22:04","slug":"dieu-hoa-casper-1-chieu-18-000btu-inverter-ic-18tl22","status":"publish","type":"product","link":"http:\/\/maudep.com.vn\/chuyengiadienmay\/?product=dieu-hoa-casper-1-chieu-18-000btu-inverter-ic-18tl22","title":{"rendered":"\u0110i\u1ec1u h\u00f2a Casper 1 chi\u1ec1u 18.000BTU inverter IC-18TL22"},"content":{"rendered":"<h1><strong>C\u00f4ng ngh\u1ec7 Inverter<\/strong><\/h1>\n<div>\n<p>Gi\u00fap duy tr\u00ec c\u00f4ng su\u1ea5t m\u00f4 t\u01a1 \u1ed5n \u0111\u1ecbnh theo th\u1eddi gian m\u00e0 kh\u00f4ng ph\u1ea3i li\u00ean t\u1ee5c b\u1eadt, t\u1eaft nh\u01b0 nh\u1eefng m\u00e1y \u0111i\u1ec1u h\u00f2a kh\u00e1c. Ti\u1ebft ki\u1ec7m t\u1eeb 30 \u2013 70% \u0111i\u1ec7n n\u0103ng so v\u1edbi c\u00e1c lo\u1ea1i \u0111i\u1ec1u h\u00f2a kh\u00f4ng inverter.<img loading=\"lazy\" class=\"aligncenter size-full wp-image-2216\" src=\"http:\/\/maudep.com.vn\/chuyengiadienmay\/wp-content\/uploads\/2019\/01\/dieu-hoa-casper-inverter.jpg\" alt=\"\" width=\"1440\" height=\"810\" srcset=\"http:\/\/maudep.com.vn\/chuyengiadienmay\/wp-content\/uploads\/2019\/01\/dieu-hoa-casper-inverter.jpg 1440w, http:\/\/maudep.com.vn\/chuyengiadienmay\/wp-content\/uploads\/2019\/01\/dieu-hoa-casper-inverter-300x169.jpg 300w, http:\/\/maudep.com.vn\/chuyengiadienmay\/wp-content\/uploads\/2019\/01\/dieu-hoa-casper-inverter-768x432.jpg 768w, http:\/\/maudep.com.vn\/chuyengiadienmay\/wp-content\/uploads\/2019\/01\/dieu-hoa-casper-inverter-1024x576.jpg 1024w, http:\/\/maudep.com.vn\/chuyengiadienmay\/wp-content\/uploads\/2019\/01\/dieu-hoa-casper-inverter-600x338.jpg 600w\" sizes=\"(max-width: 1440px) 100vw, 1440px\" \/><\/p>\n<h1><strong>iFeel \u2013 Ch\u1ee9c n\u0103ng t\u1ef1 \u0111i\u1ec1u ch\u1ec9nh nhi\u1ec7t \u0111\u1ed9 t\u1ed1i \u01b0u<br \/>\nv\u00e0 C\u00f4ng ngh\u1ec7 gi\u1ea5c ng\u1ee7 s\u00e2u<\/strong><\/h1>\n<div>\n<p>\u0110i\u1ec1u khi\u1ec3n t\u1eeb xa Casper \u0111\u01b0\u1ee3c g\u1eafn b\u1ed9 ph\u1eadn c\u1ea3m bi\u1ebfn nhi\u1ec7t c\u00f3 th\u1ec3 c\u1ea3m nh\u1eadn nhi\u1ec7t \u0111\u1ed9 c\u01a1 th\u1ec3 ng\u01b0\u1eddi s\u1eed d\u1ee5ng. Khi k\u00edch ho\u1ea1t ch\u1ee9c n\u0103ng iFeel, m\u00e1y \u0111i\u1ec1u h\u00f2a s\u1ebd \u0111i\u1ec1u ch\u1ec9nh nhi\u1ec7t \u0111\u1ed9 t\u1ed1i \u01b0u cho ng\u01b0\u1eddi s\u1eed d\u1ee5ng. Gi\u00fap b\u1ea1n c\u00f3 gi\u1ea5c ng\u1ee7 s\u00e2u v\u00e0 s\u1ea3ng kho\u00e1i h\u01a1n.<img loading=\"lazy\" class=\"aligncenter size-full wp-image-2194\" src=\"http:\/\/maudep.com.vn\/chuyengiadienmay\/wp-content\/uploads\/2019\/01\/cong-nghe-giac-ngu-sau-dieu-hoa-casper.jpg\" alt=\"\" width=\"1440\" height=\"810\" srcset=\"http:\/\/maudep.com.vn\/chuyengiadienmay\/wp-content\/uploads\/2019\/01\/cong-nghe-giac-ngu-sau-dieu-hoa-casper.jpg 1440w, http:\/\/maudep.com.vn\/chuyengiadienmay\/wp-content\/uploads\/2019\/01\/cong-nghe-giac-ngu-sau-dieu-hoa-casper-300x169.jpg 300w, http:\/\/maudep.com.vn\/chuyengiadienmay\/wp-content\/uploads\/2019\/01\/cong-nghe-giac-ngu-sau-dieu-hoa-casper-768x432.jpg 768w, http:\/\/maudep.com.vn\/chuyengiadienmay\/wp-content\/uploads\/2019\/01\/cong-nghe-giac-ngu-sau-dieu-hoa-casper-1024x576.jpg 1024w, http:\/\/maudep.com.vn\/chuyengiadienmay\/wp-content\/uploads\/2019\/01\/cong-nghe-giac-ngu-sau-dieu-hoa-casper-600x338.jpg 600w\" sizes=\"(max-width: 1440px) 100vw, 1440px\" \/><\/p>\n<h1><strong>iClean \u2013 Ch\u1ee9c n\u0103ng t\u1ef1 l\u00e0m s\u1ea1ch th\u00f4ng minh<\/strong><\/h1>\n<div>\n<p>Khi k\u00edch ho\u1ea1t ch\u1ee9c n\u0103ng iClean, m\u00e1y s\u1ebd l\u00e0m l\u1ea1nh v\u00e0 l\u00e0m \u0111\u00f3ng b\u0103ng b\u1ec1 m\u1eb7t d\u00e0n l\u00e0m l\u1ea1nh. Sau \u0111\u00f3, m\u00e1y k\u00edch ho\u1ea1t l\u00e0m n\u00f3ng l\u00e0m tan b\u0103ng gi\u00fap lo\u1ea1i b\u1ecf b\u1ee5i b\u1ea9n b\u1ec1 m\u1eb7t d\u00e0n l\u00e0m l\u1ea1nh. D\u00e0n l\u1ea1nh \u0111\u01b0\u1ee3c l\u00e0m s\u1ea1ch gi\u00fap t\u0103ng tu\u1ed5i th\u1ecd c\u1ee7a d\u00e0n v\u00e0 t\u0103ng hi\u1ec7u qu\u1ea3 l\u00e0m l\u1ea1nh c\u1ee7a m\u00e1y c\u0169ng nh\u01b0 ng\u0103n ch\u1eb7n s\u1ef1 sinh s\u00f4i c\u1ee7a vi khu\u1ea9n.<img loading=\"lazy\" class=\"aligncenter size-full wp-image-2191\" src=\"http:\/\/maudep.com.vn\/chuyengiadienmay\/wp-content\/uploads\/2019\/01\/dieu-hoa-casper-iclean-tu-dong-lam-sach.jpg\" alt=\"\" width=\"1440\" height=\"810\" srcset=\"http:\/\/maudep.com.vn\/chuyengiadienmay\/wp-content\/uploads\/2019\/01\/dieu-hoa-casper-iclean-tu-dong-lam-sach.jpg 1440w, http:\/\/maudep.com.vn\/chuyengiadienmay\/wp-content\/uploads\/2019\/01\/dieu-hoa-casper-iclean-tu-dong-lam-sach-300x169.jpg 300w, http:\/\/maudep.com.vn\/chuyengiadienmay\/wp-content\/uploads\/2019\/01\/dieu-hoa-casper-iclean-tu-dong-lam-sach-768x432.jpg 768w, http:\/\/maudep.com.vn\/chuyengiadienmay\/wp-content\/uploads\/2019\/01\/dieu-hoa-casper-iclean-tu-dong-lam-sach-1024x576.jpg 1024w, http:\/\/maudep.com.vn\/chuyengiadienmay\/wp-content\/uploads\/2019\/01\/dieu-hoa-casper-iclean-tu-dong-lam-sach-600x338.jpg 600w\" sizes=\"(max-width: 1440px) 100vw, 1440px\" \/><\/p>\n<h1><strong>M\u00f4i ch\u1ea5t l\u1ea1nh R410A<\/strong><\/h1>\n<div>\n<p>\u0110i\u1ec1u h\u00f2a cho h\u01a1i l\u1ea1nh s\u00e2u h\u01a1n v\u00e0 ti\u1ebft ki\u1ec7m \u0111i\u1ec7n h\u01a1n.\u00a0Lo\u1ea1i kh\u00ed gas R410A g\u00f3p ph\u1ea7n b\u1ea3o v\u1ec7 m\u00f4i tr\u01b0\u1eddng v\u00ec kh\u00f4ng g\u00e2y th\u1ee7ng t\u1ea7ng ozon.<img loading=\"lazy\" class=\"aligncenter size-full wp-image-2195\" src=\"http:\/\/maudep.com.vn\/chuyengiadienmay\/wp-content\/uploads\/2019\/01\/gas-R410A-casper.jpg\" alt=\"\" width=\"1440\" height=\"810\" srcset=\"http:\/\/maudep.com.vn\/chuyengiadienmay\/wp-content\/uploads\/2019\/01\/gas-R410A-casper.jpg 1440w, http:\/\/maudep.com.vn\/chuyengiadienmay\/wp-content\/uploads\/2019\/01\/gas-R410A-casper-300x169.jpg 300w, http:\/\/maudep.com.vn\/chuyengiadienmay\/wp-content\/uploads\/2019\/01\/gas-R410A-casper-768x432.jpg 768w, http:\/\/maudep.com.vn\/chuyengiadienmay\/wp-content\/uploads\/2019\/01\/gas-R410A-casper-1024x576.jpg 1024w, http:\/\/maudep.com.vn\/chuyengiadienmay\/wp-content\/uploads\/2019\/01\/gas-R410A-casper-600x338.jpg 600w\" sizes=\"(max-width: 1440px) 100vw, 1440px\" \/><\/p>\n<h1><strong>D\u00e0n t\u1ea3n nhi\u1ec7t \u0111\u1ed3ng m\u1ea1 m\u00e0u v\u00e0ng<\/strong><\/h1>\n<div>\n<p>D\u00e0n t\u1ea3n nh\u1ec7t m\u00e0 v\u00e0ng mang \u0111\u1ebfn nh\u1eefng \u01b0u \u0111i\u1ec3m v\u01b0\u1ee3t tr\u1ed9i:<br \/>\n&#8211;\u00a0\u00a0\u00a0\u00a0\u00a0 T\u0103ng hi\u1ec7u n\u0103ng l\u00e0m l\u1ea1nh.<br \/>\n&#8211;\u00a0\u00a0\u00a0\u00a0\u00a0 T\u0103ng tu\u1ed5i th\u1ecd d\u00e0n ng\u01b0ng, ng\u0103n ng\u1eeba s\u1ef1 b\u00e0o m\u00f2n t\u1eeb t\u00e1c nh\u00e2n b\u00ean ngo\u00e0i nh\u01b0 m\u01b0a, n\u01b0\u1edbc mu\u1ed1i, h\u01a1i mu\u1ed1i bi\u1ec3n.<br \/>\n&#8211;\u00a0\u00a0\u00a0\u00a0\u00a0 Ng\u0103n ch\u1eb7n s\u1ef1 sinh s\u00f4i c\u00e1c vi khu\u1ea9n c\u00f3 h\u1ea1i.<img loading=\"lazy\" class=\"aligncenter size-full wp-image-2190\" src=\"http:\/\/maudep.com.vn\/chuyengiadienmay\/wp-content\/uploads\/2019\/01\/dan-dong-ma-vang-dieu-hoa-casper.jpg\" alt=\"\" width=\"1440\" height=\"810\" srcset=\"http:\/\/maudep.com.vn\/chuyengiadienmay\/wp-content\/uploads\/2019\/01\/dan-dong-ma-vang-dieu-hoa-casper.jpg 1440w, http:\/\/maudep.com.vn\/chuyengiadienmay\/wp-content\/uploads\/2019\/01\/dan-dong-ma-vang-dieu-hoa-casper-300x169.jpg 300w, http:\/\/maudep.com.vn\/chuyengiadienmay\/wp-content\/uploads\/2019\/01\/dan-dong-ma-vang-dieu-hoa-casper-768x432.jpg 768w, http:\/\/maudep.com.vn\/chuyengiadienmay\/wp-content\/uploads\/2019\/01\/dan-dong-ma-vang-dieu-hoa-casper-1024x576.jpg 1024w, http:\/\/maudep.com.vn\/chuyengiadienmay\/wp-content\/uploads\/2019\/01\/dan-dong-ma-vang-dieu-hoa-casper-600x338.jpg 600w\" sizes=\"(max-width: 1440px) 100vw, 1440px\" \/><\/p>\n<h1><strong>Ch\u1ebf \u0111\u1ed9 ch\u1edd 0,5W<\/strong><\/h1>\n<div>\n<p>Khi m\u00e1y cung c\u1ea5p \u0111\u1ee7 nhi\u1ec7t \u0111\u1ed9 y\u00eau c\u1ea7u, m\u00e1y s\u1ebd t\u1ef1 \u0111\u1ed9ng ch\u1ea1y \u1edf ch\u1ebf \u0111\u1ed9 standby v\u00e0 ch\u1ec9 ti\u00eau th\u1ee5 0,5W\/h gi\u00fap m\u00e1y ti\u1ebft ki\u1ec7m \u0111i\u1ec7n n\u0103ng ti\u00eau th\u1ee5 l\u00ean t\u1edbi 80%.<img loading=\"lazy\" class=\"aligncenter size-full wp-image-2192\" src=\"http:\/\/maudep.com.vn\/chuyengiadienmay\/wp-content\/uploads\/2019\/01\/dieu-hoa-casper-tiet-kiem-dien.jpg\" alt=\"\" width=\"1440\" height=\"810\" srcset=\"http:\/\/maudep.com.vn\/chuyengiadienmay\/wp-content\/uploads\/2019\/01\/dieu-hoa-casper-tiet-kiem-dien.jpg 1440w, http:\/\/maudep.com.vn\/chuyengiadienmay\/wp-content\/uploads\/2019\/01\/dieu-hoa-casper-tiet-kiem-dien-300x169.jpg 300w, http:\/\/maudep.com.vn\/chuyengiadienmay\/wp-content\/uploads\/2019\/01\/dieu-hoa-casper-tiet-kiem-dien-768x432.jpg 768w, http:\/\/maudep.com.vn\/chuyengiadienmay\/wp-content\/uploads\/2019\/01\/dieu-hoa-casper-tiet-kiem-dien-1024x576.jpg 1024w, http:\/\/maudep.com.vn\/chuyengiadienmay\/wp-content\/uploads\/2019\/01\/dieu-hoa-casper-tiet-kiem-dien-600x338.jpg 600w\" sizes=\"(max-width: 1440px) 100vw, 1440px\" \/><\/p>\n<h1><strong>Qu\u1ea1t gi\u00f3 th\u1ed5i xa<\/strong><\/h1>\n<div>\n<p>Qu\u1ea1t gi\u00f3 c\u1ee7a \u0111i\u1ec1u h\u00f2a Casper th\u1ed5i xa t\u1ed1i \u0111a l\u00ean \u0111\u1ebfn 15m. M\u1ee9c cao nh\u1ea5t c\u00e1c d\u00f2ng kh\u00e1c ch\u1ec9 12m.<img loading=\"lazy\" class=\"aligncenter size-full wp-image-2196\" src=\"http:\/\/maudep.com.vn\/chuyengiadienmay\/wp-content\/uploads\/2019\/01\/quat-gio-thoi-xa-dieu-hoa-casper.jpg\" alt=\"\" width=\"1440\" height=\"810\" srcset=\"http:\/\/maudep.com.vn\/chuyengiadienmay\/wp-content\/uploads\/2019\/01\/quat-gio-thoi-xa-dieu-hoa-casper.jpg 1440w, http:\/\/maudep.com.vn\/chuyengiadienmay\/wp-content\/uploads\/2019\/01\/quat-gio-thoi-xa-dieu-hoa-casper-300x169.jpg 300w, http:\/\/maudep.com.vn\/chuyengiadienmay\/wp-content\/uploads\/2019\/01\/quat-gio-thoi-xa-dieu-hoa-casper-768x432.jpg 768w, http:\/\/maudep.com.vn\/chuyengiadienmay\/wp-content\/uploads\/2019\/01\/quat-gio-thoi-xa-dieu-hoa-casper-1024x576.jpg 1024w, http:\/\/maudep.com.vn\/chuyengiadienmay\/wp-content\/uploads\/2019\/01\/quat-gio-thoi-xa-dieu-hoa-casper-600x338.jpg 600w\" sizes=\"(max-width: 1440px) 100vw, 1440px\" \/><\/p>\n<h1><strong>Thi\u1ebft k\u1ebf si\u00eau t\u0129nh l\u1eb7ng<\/strong><\/h1>\n<div>\n<p>\u0110i\u1ec1u h\u00f2a Casper \u0111\u01b0\u1ee3c tr\u0103ng b\u1ecb \u0111\u1ed9ng c\u01a1 qu\u1ea1t ti\u00ean ti\u1ebfn c\u00f3 hi\u1ec7u n\u0103ng cao v\u00e0 \u00edt t\u1ea1o ti\u1ebfng \u1ed3n nh\u1ea5t c\u00f3 th\u1ec3 (20 dB)<img loading=\"lazy\" class=\"aligncenter size-full wp-image-2197\" src=\"http:\/\/maudep.com.vn\/chuyengiadienmay\/wp-content\/uploads\/2019\/01\/thiet-ke-sieu-tinh-lang1.png\" alt=\"\" width=\"1440\" height=\"810\" srcset=\"http:\/\/maudep.com.vn\/chuyengiadienmay\/wp-content\/uploads\/2019\/01\/thiet-ke-sieu-tinh-lang1.png 1440w, http:\/\/maudep.com.vn\/chuyengiadienmay\/wp-content\/uploads\/2019\/01\/thiet-ke-sieu-tinh-lang1-300x169.png 300w, http:\/\/maudep.com.vn\/chuyengiadienmay\/wp-content\/uploads\/2019\/01\/thiet-ke-sieu-tinh-lang1-768x432.png 768w, http:\/\/maudep.com.vn\/chuyengiadienmay\/wp-content\/uploads\/2019\/01\/thiet-ke-sieu-tinh-lang1-1024x576.png 1024w, http:\/\/maudep.com.vn\/chuyengiadienmay\/wp-content\/uploads\/2019\/01\/thiet-ke-sieu-tinh-lang1-600x338.png 600w\" sizes=\"(max-width: 1440px) 100vw, 1440px\" \/><\/p>\n<h1><strong>T\u1ef1 \u0111\u1ed9ng b\u00e1o l\u1ed7i<\/strong><\/h1>\n<div>\n<p>B\u1ed9 vi x\u1eed l\u00fd th\u00f4ng minh t\u00edch h\u1ee3p trong m\u00e1y c\u00f3 th\u1ec3 ph\u00e1t hi\u1ec7n v\u00e0 b\u00e1o l\u1ed7i th\u00f4ng qua m\u00e0n h\u00ecnh hi\u1ec3n th\u1ecb, gi\u00fap x\u00e1c \u0111\u1ecbnh ch\u00ednh x\u00e1c s\u1ef1 c\u1ed1 \u0111ang g\u1eb7p ph\u1ea3i.\u00a0<img loading=\"lazy\" class=\"aligncenter size-full wp-image-2193\" src=\"http:\/\/maudep.com.vn\/chuyengiadienmay\/wp-content\/uploads\/2019\/01\/dieu-hoa-casper-tu-dong-bao-loi.jpg\" alt=\"\" width=\"1440\" height=\"810\" srcset=\"http:\/\/maudep.com.vn\/chuyengiadienmay\/wp-content\/uploads\/2019\/01\/dieu-hoa-casper-tu-dong-bao-loi.jpg 1440w, http:\/\/maudep.com.vn\/chuyengiadienmay\/wp-content\/uploads\/2019\/01\/dieu-hoa-casper-tu-dong-bao-loi-300x169.jpg 300w, http:\/\/maudep.com.vn\/chuyengiadienmay\/wp-content\/uploads\/2019\/01\/dieu-hoa-casper-tu-dong-bao-loi-768x432.jpg 768w, http:\/\/maudep.com.vn\/chuyengiadienmay\/wp-content\/uploads\/2019\/01\/dieu-hoa-casper-tu-dong-bao-loi-1024x576.jpg 1024w, http:\/\/maudep.com.vn\/chuyengiadienmay\/wp-content\/uploads\/2019\/01\/dieu-hoa-casper-tu-dong-bao-loi-600x338.jpg 600w\" sizes=\"(max-width: 1440px) 100vw, 1440px\" \/><\/p>\n<\/div>\n<\/div>\n<\/div>\n<\/div>\n<\/div>\n<\/div>\n<\/div>\n<\/div>\n<p>&nbsp;<\/p>\n<p>&nbsp;<\/p>\n<p>&nbsp;<\/p>\n<p>&nbsp;<\/p>\n<p>&nbsp;<\/p>\n<\/div>\n<p>&nbsp;<\/p>\n<p>&nbsp;<\/p>\n<p>&nbsp;<\/p>\n","protected":false},"excerpt":{"rendered":"<ul class=\"l pr-des-featured\">\n<li>\u0110i\u1ec1u h\u00f2a Casper inverter IC-18TL22<\/li>\n<li>1 chi\u1ec1u &#8211; 18.000BTU (2HP) &#8211; Gas R410<\/li>\n<li>Thi\u1ebft k\u1ebf thanh l\u1ecbch, \u0111\u01a1n gi\u1ea3n<\/li>\n<li>Ti\u1ebft ki\u1ec7m \u0111i\u1ec7n, l\u00e0m l\u1ea1nh nhanh<\/li>\n<li>Xu\u1ea5t x\u1ee9: Ch\u00ednh h\u00e3ng Th\u00e1i Lan<\/li>\n<li>B\u1ea3o h\u00e0nh: M\u00e1y 3 n\u0103m, m\u00e1y n\u00e9n 5 n\u0103m<\/li>\n<\/ul>\n","protected":false},"featured_media":2217,"comment_status":"open","ping_status":"closed","template":"","meta":[],"_links":{"self":[{"href":"http:\/\/maudep.com.vn\/chuyengiadienmay\/index.php?rest_route=\/wp\/v2\/product\/2219"}],"collection":[{"href":"http:\/\/maudep.com.vn\/chuyengiadienmay\/index.php?rest_route=\/wp\/v2\/product"}],"about":[{"href":"http:\/\/maudep.com.vn\/chuyengiadienmay\/index.php?rest_route=\/wp\/v2\/types\/product"}],"replies":[{"embeddable":true,"href":"http:\/\/maudep.com.vn\/chuyengiadienmay\/index.php?rest_route=%2Fwp%2Fv2%2Fcomments&post=2219"}],"wp:featuredmedia":[{"embeddable":true,"href":"http:\/\/maudep.com.vn\/chuyengiadienmay\/index.php?rest_route=\/wp\/v2\/media\/2217"}],"wp:attachment":[{"href":"http:\/\/maudep.com.vn\/chuyengiadienmay\/index.php?rest_route=%2Fwp%2Fv2%2Fmedia&parent=2219"}],"curies":[{"name":"wp","href":"https:\/\/api.w.org\/{rel}","templated":true}]}}