{"id":2275,"date":"2019-01-05T12:45:05","date_gmt":"2019-01-05T05:45:05","guid":{"rendered":"http:\/\/maudep.com.vn\/chuyengiadienmay\/?post_type=product&#038;p=2275"},"modified":"2019-01-14T11:02:13","modified_gmt":"2019-01-14T04:02:13","slug":"may-rua-bat-am-toan-phan-hafele-539-26-181","status":"publish","type":"product","link":"http:\/\/maudep.com.vn\/chuyengiadienmay\/?product=may-rua-bat-am-toan-phan-hafele-539-26-181","title":{"rendered":"M\u00e1y r\u1eeda b\u00e1t \u00e2m to\u00e0n ph\u1ea7n Hafele 539.26.181"},"content":{"rendered":"<h3 class=\"title\">T\u1ed5ng quan chung M\u00e1y r\u1eeda b\u00e1t \u00e2m to\u00e0n ph\u1ea7n Hafele 539.26.181<\/h3>\n<div class=\"article-content\">\n<div class=\"js-content\">\n<h2>L\u00e0 m\u1ed9t trong nh\u1eefng th\u01b0\u01a1ng hi\u1ec7u n\u1ed5i ti\u1ebfng nh\u1ea5t trong linh v\u1ef1c s\u1ea3n xu\u1ea5t m\u00e1y r\u1eeda b\u00e1t v\u1edbi nh\u1eefng model cao c\u1ea5p nh\u01b0 m\u00e1y r\u1eeda b\u00e1t Hafele 539.26.181 \u0111\u01b0\u1ee3c nh\u1eadp kh\u1ea9u nguy\u00ean chi\u1ebfc t\u1eeb ch\u00e2u \u00c2u, c\u00f3 th\u1ec3 r\u1eeda 12 b\u1ed9 b\u00e1t \u0111\u0129a, v\u01a1\u0301i 8 ch\u01b0\u01a1ng tr\u00ecnh r\u1eeda \u0111\u01b0\u01a1\u0323c ca\u0300i \u0111\u0103\u0323t s\u0103\u0303n.<\/h2>\n<h3>Ma\u0301y r\u01b0\u0309a ba\u0301t 539.26.181 phu\u0300 h\u01a1\u0323p v\u01a1\u0301i mo\u0323i nha\u0300<\/h3>\n<p>M\u00e1y r\u1eeda b\u00e1t Hafele 539.26.181 \u0111\u01b0\u1ee3c l\u00e0m t\u1eeb c\u00e1c ch\u1ea5t li\u1ec7u cao c\u1ea5p nh\u01b0 Inox hay th\u00e9p kh\u00f4ng g\u1ec9 phun s\u01a1n t\u0129nh \u0111i\u1ec7n kh\u00f4ng ch\u1ec9 gi\u00fap t\u1ea1o \u0111i\u1ec3m nh\u1ea5n trong thi\u1ebft k\u1ebf m\u00e0 c\u00f2n g\u00f3p ph\u1ea7n \u0111\u1ea3m b\u1ea3o an to\u00e0n v\u00e0 d\u1ec5 v\u1ec7 sinh trong qu\u00e1 tr\u00ecnh s\u1eed d\u1ee5ng h\u01a1n.<\/p>\n<p><img title=\"may-rua-bat-am-toan-phan-hafele-539-26-181\" src=\"https:\/\/bepvuson.vn\/Data\/upload\/images\/may-rua-bat\/large_may-rua-bat-am-toan-phan-hafele-539-26-181.jpg\" alt=\"may-rua-bat-am-toan-phan-hafele-539-26-181\" \/><\/p>\n<ul>\n<li>B\u1ea3ng \u0111i\u1ec1u khi\u1ec3n c\u1ee7a ma\u0301y r\u01b0\u0309a ba\u0301t 539.26.181 \u0111i\u1ec7n t\u1eed v\u1edbi h\u1ec7 th\u1ed1ng m\u00e0n h\u00ecnh hi\u1ec3n th\u1ecb k\u1ef9 thu\u1eadt s\u1ed1 gi\u00fap cho ng\u01b0\u1eddi d\u00f9ng c\u00f3 th\u1ec3 l\u1ef1a ch\u1ecdn, \u0111i\u1ec1u ch\u1ec9nh c\u00e1c ch\u01b0\u01a1ng tr\u00ecnh, c\u00e1c ch\u1ee9c n\u0103ng c\u1ee7a m\u00e1y m\u1ed9t c\u00e1ch d\u1ec5 d\u00e0ng v\u00e0 nhanh ch\u00f3ng.<\/li>\n<li>Ch\u01b0\u01a1ng tr\u00ecnh r\u1eeda ECO ti\u1ebft ki\u1ec7m \u0111i\u1ec7n v\u00e0 n\u01b0\u1edbc \u0111\u01b0\u1ee3c t\u00edch h\u1ee3p s\u1eb5n v\u00e0o ma\u0301y r\u01b0\u0309a ba\u0301t Hafele\u00a0, quy tr\u00ecnh qu\u1ea3n l\u00fd n\u01b0\u1edbc r\u1ea5t hi\u1ec7u qu\u1ea3 c\u1ee7a Active Water Eco v\u1edbi h\u1ec7 th\u1ed1ng s\u1ea5y Zeolite c\u1ef1c ti\u1ebft ki\u1ec7m n\u0103ng l\u01b0\u1ee3ng. V\u1edbi m\u1ee9c ti\u00eau th\u1ee5 \u0111i\u1ec7n h\u00e0ng n\u0103m l\u00e0 194 kWh c\u00f9ng m\u1ee9c ti\u00eau th\u1ee5 n\u01b0\u1edbc ch\u1ec9 1.960 l\u00edt, ch\u01b0\u01a1ng tr\u00ecnh r\u1eeda ECO c\u1ee7a m\u00e1y r\u1eeda b\u00e1t Teka v\u01b0\u1ee3t xa ch\u1ec9 s\u1ed1 ti\u1ebft ki\u1ec7m \u0111i\u1ec7n \u201cA+++\u201d \u0111\u1ebfn 10%.<\/li>\n<li>Ch\u1ebf \u0111\u1ed9 Aqualogic gi\u00fap ti\u1ebft ki\u1ec7m \u0111i\u1ec7n v\u00e0 th\u1eddi gian hi\u1ec7u qu\u1ea3.\u00a0M\u00e1y r\u1eeda b\u00e1t Hafele n\u1ed5i b\u1eadt v\u1edbi t\u00ednh n\u0103ng t\u1ea1m d\u1eebng (n\u1ebfu c\u1ea7n) v\u00e0 m\u1ee9c \u0111\u1ed9 ti\u00eau th\u1ee5 n\u0103ng l\u01b0\u1ee3ng th\u00f4ng minh.<\/li>\n<\/ul>\n<p><img title=\"may-rua-bat-am-toan-phan-hafele-539-26-181-01\" src=\"https:\/\/bepvuson.vn\/Data\/upload\/images\/may-rua-bat\/SKS60E08EU%20(2).png\" alt=\"may-rua-bat-am-toan-phan-hafele-539-26-181-01\" \/><\/p>\n<ul>\n<li>Ch\u01b0\u01a1ng tr\u00ecnh r\u1eeda 3 trong 1 c\u00f3 s\u1eb5n gi\u00fap ti\u1ebft ki\u1ec7m mu\u1ed1i v\u00e0 ch\u1ea5t tr\u1ee3 x\u1ea3, ch\u1ebf \u0111\u1ed9 Aqualogic gi\u00fap ti\u1ebft ki\u1ec7m kh\u1ed1i l\u01b0\u1ee3ng n\u01b0\u1edbc v\u00e0 \u0111i\u1ec7n, c\u0169ng nh\u01b0 ti\u1ebft ki\u1ec7m th\u1eddi gian t\u1ed1i \u01b0u v\u1edbi ch\u1ebf \u0111\u1ed9 r\u1eeda nhanh 45 ph\u00fat, r\u1eeda n\u1eeda t\u1ea3i.<\/li>\n<li>M\u00e1y r\u1eeda b\u00e1t Hafele\u00a0nh\u1eadp kh\u1ea9u t\u1eeb Ch\u00e2u \u00c2u \u0111\u01b0\u1ee3c trang b\u1ecb nhi\u1ec1u ch\u01b0\u01a1ng tr\u00ecnh r\u1eeda nh\u01b0 ch\u01b0\u01a1ng tr\u00ecnh t\u1ef1 nh\u1eadn bi\u1ebft \u0111\u1ed9 d\u01a1 c\u1ee7a ch\u00e8n \u0111\u0129a \u0111\u1ec3 \u0111i\u1ec1u khi\u1ec3n t\u1ef1 \u0111\u1ed9ng l\u01b0\u1ee3ng n\u01b0\u1edbc \u0111\u01b0a v\u00e0o, ch\u01b0\u01a1ng tr\u00ecnh Autoprogram gi\u00fap b\u1ea1n ch\u1ecdn ch\u01b0\u01a1ng tr\u00ecnh, nhi\u1ec7t \u0111\u1ed9, l\u01b0\u1ee3ng n\u01b0\u1edbc c\u1ea7n thi\u1ebft, s\u1eed d\u1ee5ng t\u1ed1i \u01b0u \u0111i\u1ec7n v\u00e0 n\u01b0\u1edbc trong khi v\u1eabn \u0111\u1ea1t k\u1ebft qu\u1ea3 t\u1ed1t nh\u1ea5t.<\/li>\n<li>Ray k\u00e9o tr\u01b0\u1ee3t c\u1ee7a m\u00e1y r\u01b0\u0309a ba\u0301t 539.26.181\u00a0ch\u1eafc ch\u1eafn s\u1ebd gi\u00fap thao t\u00e1c nh\u1eb9 nh\u00e0ng, ch\u00e2n \u0111\u1ee1 ki\u1ec3u g\u1ea5p d\u1ec5 d\u00e0ng b\u1ed1 tr\u00ed c\u00e1c lo\u1ea1i xoong n\u1ed3i. Thi\u1ebft k\u1ebf b\u00ean trong khoang r\u1eeda ph\u1eb3ng nh\u1eb5n, b\u1eb1ng th\u00e9p kh\u00f4ng g\u1ec9, ch\u1ecbu \u0111\u01b0\u1ee3c c\u00e1c m\u1ee9c \u00e1p su\u1ea5t n\u01b0\u1edbc kh\u00e1c nhau, n\u00ean c\u00f3 t\u00ednh b\u1ec1n cao v\u00e0 d\u1ec5 v\u1ec7 sinh.<\/li>\n<\/ul>\n<p><img title=\"may-rua-bat-am-toan-phan-hafele-539-26-181-02\" src=\"https:\/\/bepvuson.vn\/Data\/upload\/images\/may-rua-bat\/ben-trong-may-rua-bat-bosch-sms50e82eu.jpg\" alt=\"may-rua-bat-am-toan-phan-hafele-539-26-181-02\" \/><\/p>\n<p>S\u1ea3n ph\u1ea9m c\u00f3 gi\u00e1 c\u1ea3 kh\u00f4ng qu\u00e1 cao, ph\u00f9 h\u1ee3p v\u1edbi nhi\u1ec1u gia \u0111\u00ecnh Vi\u00ea\u0323t. N\u1ebfu gia \u0111\u00ecnh c\u00f3 kh\u00f4ng gian b\u1ebfp r\u1ed9ng v\u00e0 nhu c\u1ea7u n\u1ea5u n\u01b0\u1edbng cao th\u00ec m\u00e1y r\u01b0\u0309a ba\u0301t Hafele 539.26.181\u00a0x\u1ee9ng \u0111\u00e1ng l\u00e0 s\u1ef1 l\u1ef1a ch\u1ecdn ho\u00e0n h\u1ea3o.<\/p>\n<\/div>\n<\/div>\n","protected":false},"excerpt":{"rendered":"<p>T\u1ed5ng quan chung M\u00e1y r\u1eeda b\u00e1t \u00e2m to\u00e0n ph\u1ea7n Hafele 539.26.181 L\u00e0 m\u1ed9t trong nh\u1eefng th\u01b0\u01a1ng hi\u1ec7u n\u1ed5i ti\u1ebfng nh\u1ea5t &hellip; <a class=\"link-more\" href=\"http:\/\/maudep.com.vn\/chuyengiadienmay\/?product=may-rua-bat-am-toan-phan-hafele-539-26-181\" class=\"more-link\">\u0110\u1ecdc th\u00eam &raquo;<span class=\"screen-reader-text\"> &#8220;M\u00e1y r\u1eeda b\u00e1t \u00e2m to\u00e0n ph\u1ea7n Hafele 539.26.181&#8221;<\/span><\/a><\/p>\n","protected":false},"featured_media":2276,"comment_status":"open","ping_status":"closed","template":"","meta":[],"_links":{"self":[{"href":"http:\/\/maudep.com.vn\/chuyengiadienmay\/index.php?rest_route=\/wp\/v2\/product\/2275"}],"collection":[{"href":"http:\/\/maudep.com.vn\/chuyengiadienmay\/index.php?rest_route=\/wp\/v2\/product"}],"about":[{"href":"http:\/\/maudep.com.vn\/chuyengiadienmay\/index.php?rest_route=\/wp\/v2\/types\/product"}],"replies":[{"embeddable":true,"href":"http:\/\/maudep.com.vn\/chuyengiadienmay\/index.php?rest_route=%2Fwp%2Fv2%2Fcomments&post=2275"}],"wp:featuredmedia":[{"embeddable":true,"href":"http:\/\/maudep.com.vn\/chuyengiadienmay\/index.php?rest_route=\/wp\/v2\/media\/2276"}],"wp:attachment":[{"href":"http:\/\/maudep.com.vn\/chuyengiadienmay\/index.php?rest_route=%2Fwp%2Fv2%2Fmedia&parent=2275"}],"curies":[{"name":"wp","href":"https:\/\/api.w.org\/{rel}","templated":true}]}}