{"id":2277,"date":"2019-01-05T15:13:20","date_gmt":"2019-01-05T08:13:20","guid":{"rendered":"http:\/\/maudep.com.vn\/chuyengiadienmay\/?post_type=product&#038;p=2277"},"modified":"2019-01-05T15:13:20","modified_gmt":"2019-01-05T08:13:20","slug":"may-rua-bat-doc-lap-hafele-538-21-190","status":"publish","type":"product","link":"http:\/\/maudep.com.vn\/chuyengiadienmay\/?product=may-rua-bat-doc-lap-hafele-538-21-190","title":{"rendered":"M\u00e1y r\u1eeda b\u00e1t \u0111\u1ed9c l\u1eadp Hafele 538.21.190"},"content":{"rendered":"<h3 class=\"title\">T\u1ed5ng quan chung M\u00e1y r\u1eeda b\u00e1t \u0111\u1ed9c l\u1eadp Hafele 538.21.190<\/h3>\n<div class=\"article-content\">\n<div class=\"js-content\">\n<h2>M\u00e1y r\u1eeda b\u00e1t Hafele l\u00e0 th\u01b0\u01a1ng hi\u1ec7u \u0111\u1ebfn t\u1eeb ch\u00e2u \u00c2u chuy\u00ean s\u1ea3n xu\u1ea5t c\u00e1c lo\u1ea1i m\u00e1y r\u1eeda ch\u00e9n b\u00e1t n\u1ed5i ti\u1ebfng v\u1edbi c\u00e1c s\u1ea3n ph\u1ea9m m\u00e1y r\u1eeda b\u00e1t Hafele 538.21.190 \u0111\u1ea1t ti\u00eau chu\u1ea9n Ch\u00e2u \u00c2u v\u1edbi h\u1ec7 th\u1ed1ng ti\u1ebft ki\u1ec7m \u0111i\u1ec7n v\u00e0 n\u01b0\u1edbc t\u1ed1i t\u00e2n nh\u1ea5t, m\u01a1\u0300i ba\u0323n \u0111o\u0301n \u0111o\u0323c th\u00f4ng tin d\u01b0\u01a1\u0301i \u0111\u00e2y.<\/h2>\n<h3>Ma\u0301y r\u01b0\u0309a ba\u0301t 538.21.190 ti\u00ea\u0301t ki\u00ea\u0323m n\u01b0\u01a1\u0301c, n\u0103ng l\u01b0\u01a1\u0323ng<\/h3>\n<p>M\u00e1y r\u1eeda b\u00e1t Hafele 538.21.190 &#8211;\u00a0\u0111\u00e2y l\u00e0 d\u00f2ng m\u00e1y \u0111\u1ed9c l\u1eadp, c\u00f3 th\u1ec3 \u0111\u1eb7t \u1edf b\u1ea5t k\u00ec v\u1ecb tr\u00ed n\u00e0o trong c\u0103n b\u1ebfp c\u1ee7a b\u1ea1n, kh\u00f4ng h\u1ec1 k\u00e9n kh\u00f4ng gian b\u1ebfp v\u00e0 kh\u00f4ng c\u1ea7n thi\u1ebft k\u1ebf ch\u1ed7 \u0111\u1eb7t ri\u00eang nh\u01b0 m\u00e1y r\u1eeda b\u00e1t \u00e2m t\u1ee7.<\/p>\n<p><img title=\"may-rua-bat-doc-lap-hafele-538-21-190\" src=\"https:\/\/bepvuson.vn\/Data\/upload\/images\/may-rua-bat\/May-rua-bat-BOSCH-SMI65N05EU-2.jpg\" alt=\"may-rua-bat-doc-lap-hafele-538-21-190\" \/><\/p>\n<ul>\n<li>Th\u00e2n v\u1ecf s\u1ea3n ph\u1ea9m m\u00e1y r\u1eeda b\u00e1t nh\u1eadp kh\u1ea9u Ch\u00e2u \u00c2u \u0111\u01b0\u1ee3c t\u1ea1o b\u1edfi ch\u1ea5t li\u1ec7u ph\u1ea7n l\u1edbn l\u00e0 ch\u1ea5t li\u1ec7u inox cao c\u1ea5p kh\u00f4ng g\u1ec9 c\u00f3 th\u1ec3 ch\u1ecbu \u0111\u01b0\u1ee3c nhi\u1ec7t \u0111\u1ed9 cao, ch\u1ecbu l\u1ef1c t\u1ed1t, h\u1ea1n ch\u1ebf oxy h\u00f3a, n\u00e2ng cao tu\u1ed5i th\u1ecd c\u00f9ng \u0111\u1ed9 b\u1ec1n c\u1ee7a s\u1ea3n ph\u1ea9m so v\u1edbi c\u00e1c m\u1eabu c\u00f9ng d\u00f2ng.<\/li>\n<li>B\u00ean trong m\u00e1y r\u01b0\u0309a ba\u0301t 538.21.190 l\u00e0 c\u00e1c khoang r\u1eeda c\u00f3 thi\u1ebft k\u1ebf b\u1eb1ng ch\u1ea5t li\u1ec7u th\u00e9p kh\u00f4ng g\u1ec9 c\u00f3 \u0111\u1ed9 b\u1ec1n cao, c\u00f3 th\u1ec3 d\u1ec5 d\u00e0ng th\u00e1o l\u1eafp ti\u1ec7n l\u1ee3i cho vi\u1ec7c v\u1ec7 sinh, h\u1ec7 th\u1ed1ng qu\u1ea1t phun n\u01b0\u1edbc \u0111\u01b0\u1ee3c l\u00e0m b\u1eb1ng ch\u1ea5t li\u1ec7u nh\u1ef1a ch\u1ecbu nhi\u1ec7t cao c\u1ea5p nh\u1ea5t, c\u00e1c ray tr\u01b0\u1ee3t \u0111\u01b0\u1ee3c l\u00e0m b\u1eb1ng ch\u1ea5t li\u1ec7u Inox \u0111\u1ea3m b\u1ea3o \u0111\u1ed9 ch\u1eafc ch\u1eafn.<\/li>\n<li>B\u1ea3ng \u0111i\u1ec1u khi\u1ec3n c\u1ee7a m\u00e1y r\u1eeda b\u00e1t Hafele\u00a0\u0111i\u1ec7n t\u1eed v\u1edbi h\u1ec7 th\u1ed1ng m\u00e0n h\u00ecnh hi\u1ec3n th\u1ecb k\u1ef9 thu\u1eadt s\u1ed1 gi\u00fap cho ng\u01b0\u1eddi d\u00f9ng c\u00f3 th\u1ec3 l\u1ef1a ch\u1ecdn, \u0111i\u1ec1u ch\u1ec9nh c\u00e1c ch\u01b0\u01a1ng tr\u00ecnh, c\u00e1c ch\u1ee9c n\u0103ng c\u1ee7a m\u00e1y m\u1ed9t c\u00e1ch d\u1ec5 d\u00e0ng v\u00e0 nhanh ch\u00f3ng.<\/li>\n<\/ul>\n<p><img title=\"may-rua-bat-doc-lap-hafele-538-21-190-01\" src=\"https:\/\/bepvuson.vn\/Data\/upload\/images\/may-rua-bat\/c12e7030ce692d377478.jpg\" alt=\"may-rua-bat-doc-lap-hafele-538-21-190-01\" \/><\/p>\n<ul>\n<li>Chi\u1ebfc m\u00e1y r\u1eeda b\u00e1t Hafele\u00a0v\u1edbi \u0111\u1ed9ng c\u01a1 \u00e2m, s\u1eed d\u1ee5ng n\u01b0\u1edbc n\u00f3ng \u0111\u1ec3 r\u1eeda, di\u1ec7t khu\u1ea9n t\u1ed1t nh\u1ea5t, \u0111\u1ed9 \u1ed3n c\u1ee7a m\u00e1y r\u1eeda b\u00e1t Hafele\u00a0c\u00f3 \u0111\u1ed9 \u1ed3n t\u1ed1i \u0111a l\u00e0 49 db r\u1ea5t th\u1ea5p.<\/li>\n<li>M\u00e1y r\u1eeda b\u00e1t Hafele c\u00f3 h\u1ec7 th\u1ed1ng c\u1ea3m bi\u1ebfn Aco-Sensor c\u1ee7a m\u00e1y r\u1eeda b\u00e1t th\u00f4ng minh, t\u1ef1 \u0111\u1ed9ng x\u00e1c \u0111\u1ecbnh \u0111\u1ed9 s\u1ea1ch c\u1ee7a n\u01b0\u1edbc v\u00e0 t\u00e1i s\u1eed d\u1ee5ng n\u1ebfu n\u01b0\u1edbc c\u00f2n s\u1ea1ch, ti\u1ebft ki\u1ec7m \u0111\u1ebfn 25% n\u0103ng l\u01b0\u1ee3ng n\u01b0\u1edbc, 40% n\u0103ng l\u01b0\u1ee3ng v\u00e0 th\u1eddi gian.<\/li>\n<li>Ma\u0301y r\u01b0\u0309a ba\u0301t Hafele\u00a0c\u00f3 gi\u00e1 \u0111\u1ee1 \u0111\u01b0\u1ee3c thi\u1ebft k\u1ebf c\u00f3 th\u1ec3 \u0111i\u1ec1u ch\u1ec9nh cao th\u1ea5p, gi\u00fap khoang r\u1eeda ph\u00f9 h\u1ee3p v\u1edbi nhi\u1ec1u k\u00edch th\u01b0\u1edbc kh\u00e1c nhau c\u1ee7a ch\u00e9n \u0111\u0129a. Hay khoang r\u1eeda th\u00f4ng minh Dou Zone c\u00f3 th\u1ec3 th\u1ef1c hi\u1ec7u 3 ki\u1ec3u r\u1eeda kh\u00e1c nhau, nh\u01b0 r\u1eeda k\u1ef9 t\u1ea1i khu v\u1ef1c gi\u00e1 x\u1ebfp b\u00ean d\u01b0\u1edbi cho b\u00e1t \u0111\u0129a r\u1ea5t b\u1ea9n, r\u1eeda nh\u1eb9 nh\u00e0ng h\u01a1n t\u1ea1i gi\u00e1 b\u00ean tr\u00ean, ho\u1eb7c k\u1ebft h\u1ee3p c\u1ea3 hai khu v\u1ef1c.<\/li>\n<\/ul>\n<p><img title=\"may-rua-bat-doc-lap-hafele-538-21-190-02\" src=\"https:\/\/bepvuson.vn\/Data\/upload\/images\/may-rua-bat\/mcsa00652117_a4_ur70b_ap70bo_sbi65n05eu_def.jpg\" alt=\"may-rua-bat-doc-lap-hafele-538-21-190-02\" \/><\/p>\n<p>S\u1ea3n ph\u1ea9m c\u00f3 gi\u00e1 c\u1ea3 kh\u00f4ng qu\u00e1 cao, ph\u00f9 h\u1ee3p v\u1edbi nhi\u1ec1u gia \u0111\u00ecnh Vi\u00ea\u0323t. N\u1ebfu gia \u0111\u00ecnh c\u00f3 kh\u00f4ng gian b\u1ebfp r\u1ed9ng v\u00e0 nhu c\u1ea7u n\u1ea5u n\u01b0\u1edbng cao th\u00ec m\u00e1y r\u01b0\u0309a ba\u0301t Hafele 538.21.190\u00a0x\u1ee9ng \u0111\u00e1ng l\u00e0 s\u1ef1 l\u1ef1a ch\u1ecdn ho\u00e0n h\u1ea3o.<\/p>\n<\/div>\n<\/div>\n","protected":false},"excerpt":{"rendered":"<p>T\u1ed5ng quan chung M\u00e1y r\u1eeda b\u00e1t \u0111\u1ed9c l\u1eadp Hafele 538.21.190 M\u00e1y r\u1eeda b\u00e1t Hafele l\u00e0 th\u01b0\u01a1ng hi\u1ec7u \u0111\u1ebfn t\u1eeb ch\u00e2u &hellip; <a class=\"link-more\" href=\"http:\/\/maudep.com.vn\/chuyengiadienmay\/?product=may-rua-bat-doc-lap-hafele-538-21-190\" class=\"more-link\">\u0110\u1ecdc th\u00eam &raquo;<span class=\"screen-reader-text\"> &#8220;M\u00e1y r\u1eeda b\u00e1t \u0111\u1ed9c l\u1eadp Hafele 538.21.190&#8221;<\/span><\/a><\/p>\n","protected":false},"featured_media":2278,"comment_status":"open","ping_status":"closed","template":"","meta":[],"_links":{"self":[{"href":"http:\/\/maudep.com.vn\/chuyengiadienmay\/index.php?rest_route=\/wp\/v2\/product\/2277"}],"collection":[{"href":"http:\/\/maudep.com.vn\/chuyengiadienmay\/index.php?rest_route=\/wp\/v2\/product"}],"about":[{"href":"http:\/\/maudep.com.vn\/chuyengiadienmay\/index.php?rest_route=\/wp\/v2\/types\/product"}],"replies":[{"embeddable":true,"href":"http:\/\/maudep.com.vn\/chuyengiadienmay\/index.php?rest_route=%2Fwp%2Fv2%2Fcomments&post=2277"}],"wp:featuredmedia":[{"embeddable":true,"href":"http:\/\/maudep.com.vn\/chuyengiadienmay\/index.php?rest_route=\/wp\/v2\/media\/2278"}],"wp:attachment":[{"href":"http:\/\/maudep.com.vn\/chuyengiadienmay\/index.php?rest_route=%2Fwp%2Fv2%2Fmedia&parent=2277"}],"curies":[{"name":"wp","href":"https:\/\/api.w.org\/{rel}","templated":true}]}}