{"id":2279,"date":"2019-01-05T16:45:03","date_gmt":"2019-01-05T09:45:03","guid":{"rendered":"http:\/\/maudep.com.vn\/chuyengiadienmay\/?post_type=product&#038;p=2279"},"modified":"2019-01-05T16:45:03","modified_gmt":"2019-01-05T09:45:03","slug":"may-rua-bat-hafele-hdw-t50a-538-21-190","status":"publish","type":"product","link":"http:\/\/maudep.com.vn\/chuyengiadienmay\/?product=may-rua-bat-hafele-hdw-t50a-538-21-190","title":{"rendered":"M\u00e1y r\u1eeda b\u00e1t Hafele HDW-T50A 538.21.190"},"content":{"rendered":"<h3 class=\"title\">T\u1ed5ng quan chung M\u00e1y r\u1eeda b\u00e1t Hafele HDW-T50A 538.21.190<\/h3>\n<div class=\"article-content\">\n<div class=\"js-content\">\n<h2>Kh\u00f4ng ch\u1ec9 d\u1eebng l\u1ea1i \u1edf vi\u1ec7c l\u00e0m s\u1ea1ch b\u00e1t \u0111\u0129a, d\u1ee5ng c\u1ee5 n\u1ea5u n\u01b0\u1edbng, m\u00e1y r\u1eeda ch\u00e9n Hafele HDW-T50A 538.21.190 c\u00f2n mang l\u1ea1i nhi\u1ec1u l\u1ee3i \u00edch cho ng\u01b0\u1eddi n\u1ed9i tr\u1ee3 nh\u1ea5t l\u00e0 nh\u1eefng ng\u01b0\u1eddi ph\u1ee5 n\u1eef, h\u1ecd s\u1ebd c\u00f3 nhi\u1ec1u th\u1eddi gian \u0111\u1ec3 ch\u0103m s\u00f3c b\u1ea3n th\u00e2n, ch\u0103m s\u00f3c gia \u0111\u00ecnh. V\u1edbi \u0111\u1eb7c \u0111i\u1ec3m kh\u00f4ng gian b\u1ebfp h\u1ea1n ch\u1ebf, gi\u1ea3i ph\u00e1p t\u1ed1i \u01b0u cho c\u00e1c gia \u0111\u00ecnh n\u00e0y l\u00e0 l\u1ef1a ch\u1ecdn d\u00f2ng m\u00e1y r\u1eeda ch\u00e9n mini hay c\u00f2n g\u1ecdi l\u00e0 m\u00e1y r\u1eeda ch\u00e9n \u0111\u1ec3 b\u00e0n.<\/h2>\n<h3>Ma\u0301y r\u01b0\u0309a ba\u0301t HDW-T50A 538.21.190 &#8211; S\u1ef1 l\u1ef1a ch\u1ecdn tuy\u1ec7t v\u1eddi cho gia \u0111\u00ecnh nh\u1ecf<\/h3>\n<p>M\u00e1y r\u1eeda b\u00e1t Hafele HDW-T50A 538.21.190\u00a0\u0111\u1ec3 b\u00e0n l\u00e0 m\u1ed9t s\u1ef1 l\u1ef1a ch\u1ecdn tuy\u1ec7t v\u1eddi cho nh\u1eefng gia \u0111\u00ecnh nh\u1ecf ho\u1eb7c ng\u01b0\u1eddi c\u00f2n \u0111\u1ed9c th\u00e2n, v\u1edbi k\u00edch th\u01b0\u1edbc nh\u1ecf g\u1ecdn v\u00e0 ti\u1ec7n d\u1ee5ng v\u1edbi chi\u1ec1u ngang ch\u1ec9 500mm v\u00e0 chi\u1ec1u s\u00e2u 550mm. V\u1edbi k\u00edch th\u01b0\u1edbc n\u00e0y, m\u00e1y r\u1eeda ch\u00e9n \u0111\u1ec3 b\u00e0n r\u1ea5t ti\u1ebft ki\u1ec7m kh\u00f4ng gian, ph\u00f9 h\u1ee3p v\u1edbi nh\u1eefng kh\u00f4ng gian b\u1ebfp nh\u1ecf h\u1eb9p, m\u00e1y c\u00f3 th\u1ec3 \u0111\u01b0\u1ee3c \u0111\u1eb7t \u1edf b\u1ea5t k\u00ec v\u1ecb tr\u00ed n\u00e0o trong b\u1ebfp.<\/p>\n<p><img title=\"may-rua-bat-hafele-hdw-t50a-538-21-190\" src=\"https:\/\/bepvuson.vn\/Data\/upload\/images\/may-rua-bat\/fkzot1521607542.jpg\" alt=\"may-rua-bat-hafele-hdw-t50a-538-21-190\" \/><\/p>\n<ul>\n<li>Dung t\u00edch nh\u1ecf khi\u1ebfn m\u00e1y r\u1eeda ba\u0301t Hafele\u00a0\u0111\u1ec3 b\u00e0n ti\u00eau t\u1ed1n \u00edt n\u01b0\u1edbc h\u01a1n cho m\u1ed7i chu tr\u00ecnh r\u1eeda, ch\u1ec9 kho\u1ea3ng 6 \u0111\u1ebfn 9 l\u00edt n\u01b0\u1edbc cho 1 chu tr\u00ecnh r\u1eeda th\u00f4ng th\u01b0\u1eddng \u2013 \u00edt h\u01a1n nhi\u1ec1u so v\u1edbi vi\u1ec7c r\u1eeda b\u00e1t b\u1eb1ng tay. S\u1eed d\u1ee5ng m\u00e1y r\u1eeda ch\u00e9n c\u00f2n gi\u00fap b\u1ea1n ti\u1ebft ki\u1ec7m 30 ph\u00fat m\u1ed7i ng\u00e0y.<\/li>\n<li>M\u00e1y r\u1eeda b\u00e1t Hafele gi\u00fap b\u1ea1n l\u00e0m s\u1ea1ch b\u00e1t d\u0129a h\u01a1n c\u1ea3 khi r\u1eeda b\u1eb1ng tay. Ho\u1ea1t \u0111\u1ed9ng theo c\u01a1 ch\u1ebf s\u1eed d\u1ee5ng \u00e1p l\u1ef1c n\u01b0\u1edbc cao k\u1ebft h\u1ee3p c\u00f9ng b\u1ed9t r\u1eeda, phun \u0111\u1ec1u kh\u1eafp ng\u0103n ch\u1ee9a gi\u00fap l\u00e0m s\u1ea1ch hi\u1ec7u qu\u1ea3 c\u00e1c v\u1ebft b\u1ea9n \u1edf nh\u1eefng n\u01a1i nh\u1ecf h\u1eb9p nh\u1ea5t. M\u00e1y r\u1eeda ch\u00e9n s\u1eed d\u1ee5ng n\u01b0\u1edbc n\u00f3ng phun tr\u1ef1c ti\u1ebfp l\u00ean ch\u00e9n, \u0111\u0129a ly gi\u00fap n\u00e2ng cao hi\u1ec7u qu\u1ea3 l\u00e0m s\u1ea1ch c\u00e1c v\u1ebft b\u1ea9n t\u1eeb th\u1ee9c \u0103n c\u00f2n b\u00e1m l\u1ea1i.<\/li>\n<\/ul>\n<p><img title=\"may-rua-bat-hafele-hdw-t50a-538-21-190-01\" src=\"https:\/\/bepvuson.vn\/Data\/upload\/images\/may-rua-bat\/mcz_008607_kan56v10_en-sg_1(43).jpg\" alt=\"may-rua-bat-hafele-hdw-t50a-538-21-190-01\" \/><\/p>\n<ul>\n<li>Ma\u0301y r\u01b0\u0309a ba\u0301t Hafele HDW-T50A 538.21.190\u00a0hoa\u0323t \u0111\u00f4\u0323ng \u00eam a\u0301i v\u01a1\u0301i \u0111\u00f4\u0323 \u00f4\u0300n \u01a1\u0309 m\u01b0\u0301c ly\u0301 t\u01b0\u01a1\u0309ng 49 decibel \u2013 kh\u00f4ng \u1ea3nh h\u01b0\u1edfng \u0111\u1ebfn sinh ho\u1ea1t c\u1ee7a gia \u0111\u00ecnh b\u1ea1n.<\/li>\n<li>Ray k\u00e9o tr\u01b0\u1ee3t c\u1ee7a m\u00e1y r\u01b0\u0309a ba\u0301t HDW-T50A 538.21.190\u00a0ch\u1eafc ch\u1eafn s\u1ebd gi\u00fap thao t\u00e1c nh\u1eb9 nh\u00e0ng, ch\u00e2n \u0111\u1ee1 ki\u1ec3u g\u1ea5p d\u1ec5 d\u00e0ng b\u1ed1 tr\u00ed c\u00e1c lo\u1ea1i xoong n\u1ed3i. Thi\u1ebft k\u1ebf b\u00ean trong khoang r\u1eeda ph\u1eb3ng nh\u1eb5n, b\u1eb1ng th\u00e9p kh\u00f4ng g\u1ec9, ch\u1ecbu \u0111\u01b0\u1ee3c c\u00e1c m\u1ee9c \u00e1p su\u1ea5t n\u01b0\u1edbc kh\u00e1c nhau, n\u00ean c\u00f3 t\u00ednh b\u1ec1n cao v\u00e0 d\u1ec5 v\u1ec7 sinh.<\/li>\n<\/ul>\n<p><img title=\"may-rua-bat-hafele-hdw-t50a-538-21-190-02\" src=\"https:\/\/bepvuson.vn\/Data\/upload\/images\/may-rua-bat\/dai-ly-ban-may-rua-bat-munchen-mch5-gia-tot-nhat.jpg\" alt=\"may-rua-bat-hafele-hdw-t50a-538-21-190-02\" \/><\/p>\n<p>S\u1ea3n ph\u1ea9m c\u00f3 gi\u00e1 c\u1ea3 kh\u00f4ng qu\u00e1 cao, ph\u00f9 h\u1ee3p v\u1edbi nhi\u1ec1u gia \u0111\u00ecnh Vi\u00ea\u0323t. N\u1ebfu gia \u0111\u00ecnh c\u00f3 kh\u00f4ng gian b\u1ebfp r\u1ed9ng v\u00e0 nhu c\u1ea7u n\u1ea5u n\u01b0\u1edbng cao th\u00ec m\u00e1y r\u01b0\u0309a ba\u0301t Hafele HDW-T50A 538.21.190\u00a0x\u1ee9ng \u0111\u00e1ng l\u00e0 s\u1ef1 l\u1ef1a ch\u1ecdn ho\u00e0n h\u1ea3o<\/p>\n<\/div>\n<\/div>\n","protected":false},"excerpt":{"rendered":"<p>T\u1ed5ng quan chung M\u00e1y r\u1eeda b\u00e1t Hafele HDW-T50A 538.21.190 Kh\u00f4ng ch\u1ec9 d\u1eebng l\u1ea1i \u1edf vi\u1ec7c l\u00e0m s\u1ea1ch b\u00e1t \u0111\u0129a, d\u1ee5ng &hellip; <a class=\"link-more\" href=\"http:\/\/maudep.com.vn\/chuyengiadienmay\/?product=may-rua-bat-hafele-hdw-t50a-538-21-190\" class=\"more-link\">\u0110\u1ecdc th\u00eam &raquo;<span class=\"screen-reader-text\"> &#8220;M\u00e1y r\u1eeda b\u00e1t Hafele HDW-T50A 538.21.190&#8221;<\/span><\/a><\/p>\n","protected":false},"featured_media":2280,"comment_status":"open","ping_status":"closed","template":"","meta":[],"_links":{"self":[{"href":"http:\/\/maudep.com.vn\/chuyengiadienmay\/index.php?rest_route=\/wp\/v2\/product\/2279"}],"collection":[{"href":"http:\/\/maudep.com.vn\/chuyengiadienmay\/index.php?rest_route=\/wp\/v2\/product"}],"about":[{"href":"http:\/\/maudep.com.vn\/chuyengiadienmay\/index.php?rest_route=\/wp\/v2\/types\/product"}],"replies":[{"embeddable":true,"href":"http:\/\/maudep.com.vn\/chuyengiadienmay\/index.php?rest_route=%2Fwp%2Fv2%2Fcomments&post=2279"}],"wp:featuredmedia":[{"embeddable":true,"href":"http:\/\/maudep.com.vn\/chuyengiadienmay\/index.php?rest_route=\/wp\/v2\/media\/2280"}],"wp:attachment":[{"href":"http:\/\/maudep.com.vn\/chuyengiadienmay\/index.php?rest_route=%2Fwp%2Fv2%2Fmedia&parent=2279"}],"curies":[{"name":"wp","href":"https:\/\/api.w.org\/{rel}","templated":true}]}}