{"id":2282,"date":"2019-01-05T16:50:19","date_gmt":"2019-01-05T09:50:19","guid":{"rendered":"http:\/\/maudep.com.vn\/chuyengiadienmay\/?post_type=product&#038;p=2282"},"modified":"2019-01-05T16:50:19","modified_gmt":"2019-01-05T09:50:19","slug":"may-rua-bat-hafele-hdw-hi45a","status":"publish","type":"product","link":"http:\/\/maudep.com.vn\/chuyengiadienmay\/?product=may-rua-bat-hafele-hdw-hi45a","title":{"rendered":"M\u00e1y r\u1eeda b\u00e1t Hafele HDW-HI45A"},"content":{"rendered":"<h3 class=\"title\">T\u1ed5ng quan chung M\u00e1y r\u1eeda b\u00e1t Hafele HDW-HI45A<\/h3>\n<div class=\"article-content\">\n<div class=\"js-content\">\n<h2>M\u00e1y r\u1eeda b\u00e1t Hafele HDW-H\u00a0l\u00e0 lo\u1ea1i m\u00e1y r\u1eeda b\u00e1t\u00a0\u0111\u01b0\u1ee3c nh\u1eadp kh\u1ea9u chi\u1ebfc t\u01b0\u0300 Ch\u00e2u \u00c2u, \u0111ang \u0111\u01b0\u1ee3c \u0111\u00f4ng \u0111\u1ea3o ng\u01b0\u1eddi ti\u00eau d\u00f9ng \u01b0a chu\u1ed9ng s\u1eed d\u1ee5ng hi\u1ec7n nay. Nh\u1edd thi\u1ebft b\u1ecb th\u00f4ng minh n\u00e0y m\u00e0 c\u00e1c ch\u1ecb em ph\u1ee5 n\u1eef d\u01b0 th\u1eddi gian ch\u0103m s\u00f3c gia \u0111\u00ecnh v\u00e0 l\u00e0m \u0111\u1eb9p cho b\u1ea3n th\u00e2n.<\/h2>\n<h3>Ma\u0301y r\u01b0\u0309a ba\u0301t HDW-HI60B giu\u0301p ng\u01b0\u01a1\u0300i n\u00f4\u0323i tr\u01a1\u0323 r\u01b0\u0309a sa\u0323ch, nhanh cho\u0301ng<\/h3>\n<p>M\u00e1y r\u1eeda b\u00e1t Hafele HDW-HI45A\u00a0c\u00f3 c\u00f4ng su\u1ea5t m\u1ea1nh m\u1ebd gi\u00fap l\u00e0m s\u1ea1ch b\u00e1t \u0111\u0129a ho\u00e0n h\u1ea3o, g\u1ed3m 5 m\u1ee9c \u0111\u1ed9 r\u1eeda v\u00e0 1 ch\u1ee9c n\u0103ng r\u1eeda \u0111\u1eb7c bi\u1ec7t, cho ph\u00e9p r\u1eeda t\u1ed1i \u0111a 12 b\u1ed9 b\u00e1t ch\u00e9n ch\u00e2u \u00c2u trong 1 l\u1ea7n r\u1eeda.<\/p>\n<p><img title=\"may-rua-bat-hafele-hdwhi45a\" src=\"https:\/\/bepvuson.vn\/Data\/upload\/images\/M%C3%A1y%20r%E1%BB%ADa%20b%C3%A1t\/anh-may-rua-bat-Hafele-HDW-HI45A-533_23_275.jpg\" alt=\"may-rua-bat-hafele-hdwhi45a\" \/><\/p>\n<ul>\n<li>T\u00f9y thu\u1ed9c v\u00e0o t\u1eebng l\u01b0\u01a1\u0323ng ba\u0301t \u0111i\u0303a ma\u0300\u00a0m\u00e1y r\u1eeda b\u00e1t Hafele\u00a0pha\u0309i r\u01b0\u0309a, c\u00f4ng su\u1ea5t \u0111i\u1ec7n c\u1ee7a m\u00e1y b\u01a1m kh\u00e1c nhau, m\u1ee9c trung b\u00ecnh c\u1ee7a m\u00e1y b\u01a1m \u1edf m\u00e1y r\u1eeda b\u00e1t l\u00e0 0.84kwh\/1 l\u00e2\u0300n r\u01b0\u0309a. B\u1ed9 ph\u1eadn thanh \u0111\u1ed1t l\u00e0m n\u00f3ng tr\u1ef1c ti\u1ebfp, t\u1ea1i \u0111\u00e2y n\u01b0\u1edbc nhanh ch\u00f3ng \u0111\u01b0\u1ee3c l\u00e0m n\u00f3ng theo \u0111\u00fang ch\u1ebf \u0111\u1ed9 ng\u01b0\u1eddi d\u00f9ng ch\u1ecdn, thanh \u0111\u1ed1t c\u1ee7a b\u1ed9 ph\u1eadn n\u00e0y c\u00f3 c\u00f4ng su\u1ea5t n\u1eb1m trong kho\u1ea3ng t\u1eeb 1500 \u0111\u1ebfn 2000W.<\/li>\n<li>M\u00e1y r\u1eeda b\u00e1t Hafele c\u00f3 gi\u00e1 \u0111\u1ee1 \u0111\u01b0\u1ee3c thi\u1ebft k\u1ebf c\u00f3 th\u1ec3 \u0111i\u1ec1u ch\u1ec9nh cao th\u1ea5p, gi\u00fap khoang r\u1eeda ph\u00f9 h\u1ee3p v\u1edbi nhi\u1ec1u k\u00edch th\u01b0\u1edbc kh\u00e1c nhau c\u1ee7a ch\u00e9n \u0111\u0129a. Hay khoang r\u1eeda th\u00f4ng minh Dou Zone c\u00f3 th\u1ec3 th\u1ef1c hi\u1ec7u 3 ki\u1ec3u r\u1eeda kh\u00e1c nhau, nh\u01b0 r\u1eeda k\u1ef9 t\u1ea1i khu v\u1ef1c gi\u00e1 x\u1ebfp b\u00ean d\u01b0\u1edbi cho b\u00e1t \u0111\u0129a r\u1ea5t b\u1ea9n, r\u1eeda nh\u1eb9 nh\u00e0ng h\u01a1n t\u1ea1i gi\u00e1 b\u00ean tr\u00ean, ho\u1eb7c k\u1ebft h\u1ee3p c\u1ea3 hai khu v\u1ef1c.<\/li>\n<\/ul>\n<p><img title=\"may-rua-bat-hafele-hdwhi45a-01\" src=\"https:\/\/bepvuson.vn\/Data\/upload\/images\/M%C3%A1y%20r%E1%BB%ADa%20b%C3%A1t\/ban-ve-ky-thuat-may-rua-chen-hafele-533_23_275.png\" alt=\"may-rua-bat-hafele-hdwhi45a-01\" \/><\/p>\n<ul>\n<li>Ray k\u00e9o tr\u01b0\u1ee3t c\u1ee7a m\u00e1y r\u01b0\u0309a ba\u0301t HDW-HI45A\u00a0ch\u1eafc ch\u1eafn s\u1ebd gi\u00fap thao t\u00e1c nh\u1eb9 nh\u00e0ng, ch\u00e2n \u0111\u1ee1 ki\u1ec3u g\u1ea5p d\u1ec5 d\u00e0ng b\u1ed1 tr\u00ed c\u00e1c lo\u1ea1i xoong n\u1ed3i. Thi\u1ebft k\u1ebf b\u00ean trong khoang r\u1eeda ph\u1eb3ng nh\u1eb5n, b\u1eb1ng th\u00e9p kh\u00f4ng g\u1ec9, ch\u1ecbu \u0111\u01b0\u1ee3c c\u00e1c m\u1ee9c \u00e1p su\u1ea5t n\u01b0\u1edbc kh\u00e1c nhau, n\u00ean c\u00f3 t\u00ednh b\u1ec1n cao v\u00e0 d\u1ec5 v\u1ec7 sinh.<\/li>\n<li>M\u00e1y r\u1eeda b\u00e1t Hafele\u00a0c\u00f3 h\u1ec7 th\u1ed1ng c\u1ea3m bi\u1ebfn Aco-Sensor c\u1ee7a m\u00e1y r\u1eeda b\u00e1t\u00a0th\u00f4ng minh, t\u1ef1 \u0111\u1ed9ng x\u00e1c \u0111\u1ecbnh \u0111\u1ed9 s\u1ea1ch c\u1ee7a n\u01b0\u1edbc v\u00e0 t\u00e1i s\u1eed d\u1ee5ng n\u1ebfu n\u01b0\u1edbc c\u00f2n s\u1ea1ch, ti\u1ebft ki\u1ec7m \u0111\u1ebfn 25% n\u0103ng l\u01b0\u1ee3ng n\u01b0\u1edbc, 40% n\u0103ng l\u01b0\u1ee3ng v\u00e0 th\u1eddi gian.<\/li>\n<\/ul>\n<p><img title=\"may-rua-bat-hafele-hdwhi45a-02\" src=\"https:\/\/bepvuson.vn\/Data\/upload\/images\/M%C3%A1y%20r%E1%BB%ADa%20b%C3%A1t\/0nmovgfzc3zq1.jpg\" alt=\"may-rua-bat-hafele-hdwhi45a-02\" \/><\/p>\n<p>S\u1ea3n ph\u1ea9m c\u00f3 gi\u00e1 c\u1ea3 kh\u00f4ng qu\u00e1 cao, ph\u00f9 h\u1ee3p v\u1edbi nhi\u1ec1u gia \u0111\u00ecnh Vi\u00ea\u0323t. N\u1ebfu gia \u0111\u00ecnh c\u00f3 kh\u00f4ng gian b\u1ebfp r\u1ed9ng v\u00e0 nhu c\u1ea7u n\u1ea5u n\u01b0\u1edbng cao th\u00ec m\u00e1y r\u01b0\u0309a ba\u0301t Hafele HDW-HI45A\u00a0x\u1ee9ng \u0111\u00e1ng l\u00e0 s\u1ef1 l\u1ef1a ch\u1ecdn ho\u00e0n h\u1ea3o<\/p>\n<\/div>\n<\/div>\n","protected":false},"excerpt":{"rendered":"<p>T\u1ed5ng quan chung M\u00e1y r\u1eeda b\u00e1t Hafele HDW-HI45A M\u00e1y r\u1eeda b\u00e1t Hafele HDW-H\u00a0l\u00e0 lo\u1ea1i m\u00e1y r\u1eeda b\u00e1t\u00a0\u0111\u01b0\u1ee3c nh\u1eadp kh\u1ea9u chi\u1ebfc &hellip; <a class=\"link-more\" href=\"http:\/\/maudep.com.vn\/chuyengiadienmay\/?product=may-rua-bat-hafele-hdw-hi45a\" class=\"more-link\">\u0110\u1ecdc th\u00eam &raquo;<span class=\"screen-reader-text\"> &#8220;M\u00e1y r\u1eeda b\u00e1t Hafele HDW-HI45A&#8221;<\/span><\/a><\/p>\n","protected":false},"featured_media":2283,"comment_status":"open","ping_status":"closed","template":"","meta":[],"_links":{"self":[{"href":"http:\/\/maudep.com.vn\/chuyengiadienmay\/index.php?rest_route=\/wp\/v2\/product\/2282"}],"collection":[{"href":"http:\/\/maudep.com.vn\/chuyengiadienmay\/index.php?rest_route=\/wp\/v2\/product"}],"about":[{"href":"http:\/\/maudep.com.vn\/chuyengiadienmay\/index.php?rest_route=\/wp\/v2\/types\/product"}],"replies":[{"embeddable":true,"href":"http:\/\/maudep.com.vn\/chuyengiadienmay\/index.php?rest_route=%2Fwp%2Fv2%2Fcomments&post=2282"}],"wp:featuredmedia":[{"embeddable":true,"href":"http:\/\/maudep.com.vn\/chuyengiadienmay\/index.php?rest_route=\/wp\/v2\/media\/2283"}],"wp:attachment":[{"href":"http:\/\/maudep.com.vn\/chuyengiadienmay\/index.php?rest_route=%2Fwp%2Fv2%2Fmedia&parent=2282"}],"curies":[{"name":"wp","href":"https:\/\/api.w.org\/{rel}","templated":true}]}}