{"id":2284,"date":"2019-01-05T16:56:10","date_gmt":"2019-01-05T09:56:10","guid":{"rendered":"http:\/\/maudep.com.vn\/chuyengiadienmay\/?post_type=product&#038;p=2284"},"modified":"2019-01-05T16:56:31","modified_gmt":"2019-01-05T09:56:31","slug":"2284","status":"publish","type":"product","link":"http:\/\/maudep.com.vn\/chuyengiadienmay\/?product=2284","title":{"rendered":"M\u00e1y r\u1eeda b\u00e1t Hafele HDW-HI60B"},"content":{"rendered":"<h3 class=\"title\">T\u1ed5ng quan chung M\u00e1y r\u1eeda b\u00e1t Hafele HDW-HI60B<\/h3>\n<div class=\"article-content\">\n<div class=\"js-content\">\n<h2>M\u00e1y r\u1eeda b\u00e1t Hafele HDW-HI60B\u00a0\u0111\u01b0\u1ee3c th\u1ebf k\u1ebf sang tr\u1ecdng, ch\u1eafc ch\u1eafn \u0111\u1ec3 v\u1eeba \u0111\u1ea3m b\u1ea3o t\u00ednh an to\u00e0n, v\u1eeba \u0111\u1ea3m b\u1ea3o t\u00ednh th\u1ea9m m\u0129. M\u00e1y \u0111\u01b0\u1ee3c thi\u1ebft k\u1ebf r\u1ea5t d\u1ec5 l\u1eafp \u0111\u1eb7t, t\u1ea5t c\u1ea3 b\u1ed9 ph\u1eadn c\u1ee7a m\u00e1y \u0111\u1ec1u \u0111\u01b0\u1ee3c l\u00e0m b\u1eb1ng th\u00e9p kh\u00f4ng g\u1ec9 n\u00ean kh\u00f4ng ph\u1ea3i lo l\u1eafng d\u1ec5 b\u1ecb h\u1ecfng.<\/h2>\n<h3>Ma\u0301y r\u01b0\u0309a ba\u0301t HDW-HI60B v\u01a1\u0301i ca\u0301c ti\u0301nh n\u0103ng \u0111i ke\u0300m<\/h3>\n<p>M\u00e1y r\u1eeda b\u00e1t Hafele HDW-HI60B\u00a0l\u00e0 s\u1ea3n ph\u1ea9m \u0111\u01b0\u1ee3c s\u1ea3n xu\u1ea5t v\u00e0 nh\u1eadp kh\u1ea9u nguy\u00ean chi\u1ebfc, \u0111\u01b0\u1ee3c s\u1ea3n xu\u1ea5t t\u1eeb th\u00e9p cao c\u1ea5p kh\u00f4ng r\u1ec9, v\u1edbi khoang ch\u1ee9a c\u00f3 th\u1ec3 ch\u1ee9a \u0111\u1ebfn 15\u00a0\u0111\u1ed3 \u0103n \u00c2u v\u00e0 l\u01b0\u1ee3ng n\u01b0\u1edbc ti\u00eau th\u1ee5 kho\u1ea3ng 9\u00a0l\u00edt m\u00e1y r\u1ea5t ti\u1ec7n l\u1ee3i cho c\u00e1c h\u1ed9 gia \u0111\u00ecnh c\u00f3 s\u1ed1 l\u01b0\u1ee3ng ng\u01b0\u1eddi t\u1eeb 3 \u0111\u1ebfn 5 ng\u01b0\u1eddi.<\/p>\n<p><img title=\"may-rua-bat-hafele-hdw-hi60b\" src=\"https:\/\/bepvuson.vn\/Data\/upload\/images\/may-rua-bat\/su-dung-may-rua-bat-fagor.jpg\" alt=\"may-rua-bat-hafele-hdw-hi60b\" \/><\/p>\n<ul>\n<li>Ti\u1ebft ki\u1ec7m \u0111\u01b0\u1ee3c \u00bd l\u01b0\u1ee3ng n\u01b0\u1edbc khi r\u1eeda b\u00e1t b\u1eb1ng tay v\u00ec m\u00e1y r\u1eeda b\u00e1t Hafele s\u1eed d\u1ee5ng c\u00f4ng ngh\u1ec7 ti\u00ean ti\u1ebfn nh\u1ea5t, d\u00f2ng m\u00e1y\u00a0ActiveWater Eco2 k\u1ebft h\u1ee3p v\u1edbi quy tr\u00ecnh qu\u1ea3n l\u00fd ti\u00ean ti\u1ebfn hi\u1ec7u qu\u1ea3 nh\u1ea5t c\u00f9ng v\u1edbi h\u1ec7 th\u1ed1ng s\u1ea5y Zeolite ti\u1ebft ki\u1ec7m n\u0103ng l\u01b0\u1ee3ng t\u1ed1i \u0111a.<\/li>\n<li>V\u00ec m\u00e1y r\u01b0\u0309a ba\u0301t HDW-HI60B\u00a0s\u1eed d\u1ee5ng n\u01b0\u1edbc n\u00f3ng \u0111\u1ec3 r\u1eeda v\u00e0 m\u00e1y c\u00f3 th\u00eam ch\u1ee9c n\u0103ng s\u1ea5y kh\u00f4 n\u00ean b\u00e1t v\u00e0 c\u00e1c d\u1ee5ng c\u1ee5 nh\u00e0 b\u1ebfp s\u1ebd \u0111\u01b0\u1ee3c r\u1eeda s\u1ea1ch ho\u00e0n to\u00e0n<\/li>\n<li>V\u1edbi \u0111\u1ed9 \u1ed3n kho\u1ea3ng 44\u00a0dB v\u1edbi nhi\u1ec1u v\u00e1ch c\u00e1ch \u00e2m tr\u00ean m\u00e1y, b\u1ed9 ch\u1ed1ng rung v\u00e0 b\u01a1m \u0111\u1ed9ng c\u01a1 l\u1eafp \u0111\u1eb7t \u0111\u1eb7c bi\u1ec7t, m\u00e1y r\u1eeda b\u00e1t Hafele\u00a0gi\u00fap gi\u1ea3m thi\u1ec3u ti\u1ebfng \u1ed3n khi m\u00e1y \u0111ang r\u1eeda.<\/li>\n<\/ul>\n<p><img title=\"may-rua-bat-hafele-hdw-hi60b-01\" src=\"https:\/\/bepvuson.vn\/Data\/upload\/images\/may-rua-bat\/may-rua-bat-bosch-sms63l02ea-detail-2.jpg\" alt=\"may-rua-bat-hafele-hdw-hi60b-01\" \/><\/p>\n<ul>\n<li>Ma\u0301y r\u01b0\u0309a ba\u0301t Hafele\u00a0c\u00f3 gi\u00e1 \u0111\u1ee1 \u0111\u01b0\u1ee3c thi\u1ebft k\u1ebf c\u00f3 th\u1ec3 \u0111i\u1ec1u ch\u1ec9nh cao th\u1ea5p, gi\u00fap khoang r\u1eeda ph\u00f9 h\u1ee3p v\u1edbi nhi\u1ec1u k\u00edch th\u01b0\u1edbc kh\u00e1c nhau c\u1ee7a ch\u00e9n \u0111\u0129a. Hay khoang r\u1eeda th\u00f4ng minh Dou Zone c\u00f3 th\u1ec3 th\u1ef1c hi\u1ec7u 3 ki\u1ec3u r\u1eeda kh\u00e1c nhau, nh\u01b0 r\u1eeda k\u1ef9 t\u1ea1i khu v\u1ef1c gi\u00e1 x\u1ebfp b\u00ean d\u01b0\u1edbi cho b\u00e1t \u0111\u0129a r\u1ea5t b\u1ea9n, r\u1eeda nh\u1eb9 nh\u00e0ng h\u01a1n t\u1ea1i gi\u00e1 b\u00ean tr\u00ean, ho\u1eb7c k\u1ebft h\u1ee3p c\u1ea3 hai khu v\u1ef1c.<\/li>\n<li>V\u1ee3i h\u1ec7 th\u1ed1ng ki\u1ec3m so\u00e1t \u0111i\u1ec7n n\u01b0\u1edbc n\u00ean b\u1ea5t c\u1ee9 khi n\u00e0o m\u00e1y b\u1ecb tr\u1ee5c tr\u1eb7c th\u00ec h\u1ec7 th\u1ed1ng s\u1ebd d\u1eebng ho\u1ea1t \u0111\u1ed9ng \u0111\u1ec3 \u0111\u1ea3m b\u1ea3o \u0111\u1ed9 an to\u00e0n. Ngo\u00e0i ra m\u00e1y c\u00f2n c\u00f3 th\u00eam t\u00ednh n\u0103ng kh\u00f3a tr\u1ebb em, m\u00e1y s\u1ebd t\u1ef1 ng\u1eaft n\u1ebfu nh\u01b0 x\u1ea3y ra ch\u1eadp ch\u00e1y.<\/li>\n<\/ul>\n<p><img title=\"may-rua-bat-hafele-hdw-hi60b-02\" src=\"https:\/\/bepvuson.vn\/Data\/upload\/images\/may-rua-bat\/3052_kich_thuoc_lap_d__t.jpg\" alt=\"may-rua-bat-hafele-hdw-hi60b-02\" \/><\/p>\n<p>S\u1ea3n ph\u1ea9m c\u00f3 gi\u00e1 c\u1ea3 kh\u00f4ng qu\u00e1 cao, ph\u00f9 h\u1ee3p v\u1edbi nhi\u1ec1u gia \u0111\u00ecnh Vi\u00ea\u0323t. N\u1ebfu gia \u0111\u00ecnh c\u00f3 kh\u00f4ng gian b\u1ebfp r\u1ed9ng v\u00e0 nhu c\u1ea7u n\u1ea5u n\u01b0\u1edbng cao th\u00ec m\u00e1y r\u01b0\u0309a ba\u0301t Hafele HDW-HI60B\u00a0x\u1ee9ng \u0111\u00e1ng l\u00e0 s\u1ef1 l\u1ef1a ch\u1ecdn ho\u00e0n h\u1ea3o.<\/p>\n<\/div>\n<\/div>\n","protected":false},"excerpt":{"rendered":"<p>T\u1ed5ng quan chung M\u00e1y r\u1eeda b\u00e1t Hafele HDW-HI60B M\u00e1y r\u1eeda b\u00e1t Hafele HDW-HI60B\u00a0\u0111\u01b0\u1ee3c th\u1ebf k\u1ebf sang tr\u1ecdng, ch\u1eafc ch\u1eafn \u0111\u1ec3 &hellip; <a class=\"link-more\" href=\"http:\/\/maudep.com.vn\/chuyengiadienmay\/?product=2284\" class=\"more-link\">\u0110\u1ecdc th\u00eam &raquo;<span class=\"screen-reader-text\"> &#8220;M\u00e1y r\u1eeda b\u00e1t Hafele HDW-HI60B&#8221;<\/span><\/a><\/p>\n","protected":false},"featured_media":2285,"comment_status":"open","ping_status":"closed","template":"","meta":[],"_links":{"self":[{"href":"http:\/\/maudep.com.vn\/chuyengiadienmay\/index.php?rest_route=\/wp\/v2\/product\/2284"}],"collection":[{"href":"http:\/\/maudep.com.vn\/chuyengiadienmay\/index.php?rest_route=\/wp\/v2\/product"}],"about":[{"href":"http:\/\/maudep.com.vn\/chuyengiadienmay\/index.php?rest_route=\/wp\/v2\/types\/product"}],"replies":[{"embeddable":true,"href":"http:\/\/maudep.com.vn\/chuyengiadienmay\/index.php?rest_route=%2Fwp%2Fv2%2Fcomments&post=2284"}],"wp:featuredmedia":[{"embeddable":true,"href":"http:\/\/maudep.com.vn\/chuyengiadienmay\/index.php?rest_route=\/wp\/v2\/media\/2285"}],"wp:attachment":[{"href":"http:\/\/maudep.com.vn\/chuyengiadienmay\/index.php?rest_route=%2Fwp%2Fv2%2Fmedia&parent=2284"}],"curies":[{"name":"wp","href":"https:\/\/api.w.org\/{rel}","templated":true}]}}