{"id":2286,"date":"2019-01-05T17:01:45","date_gmt":"2019-01-05T10:01:45","guid":{"rendered":"http:\/\/maudep.com.vn\/chuyengiadienmay\/?post_type=product&#038;p=2286"},"modified":"2019-01-05T17:01:45","modified_gmt":"2019-01-05T10:01:45","slug":"may-rua-bat-hafele-hdw-f60c","status":"publish","type":"product","link":"http:\/\/maudep.com.vn\/chuyengiadienmay\/?product=may-rua-bat-hafele-hdw-f60c","title":{"rendered":"M\u00e1y r\u1eeda b\u00e1t Hafele HDW-F60C"},"content":{"rendered":"<h3 class=\"title\">T\u1ed5ng quan chung M\u00e1y r\u1eeda b\u00e1t Hafele HDW-F60C<\/h3>\n<div class=\"article-content\">\n<div class=\"js-content\">\n<h2>M\u00e1y r\u1eeda b\u00e1t Hafele HDW-F60C\u00a0c\u00f3 kh\u1ea3 n\u0103ng ti\u1ebft ki\u1ec7m \u0111i\u1ec7n n\u01b0\u1edbc v\u00f4 c\u00f9ng \u01b0u vi\u1ec7t nh\u1edd v\u00e0o h\u1ec7 th\u1ed1ng c\u1ea3m bi\u1ebfn Eco-Sensor, c\u00f3 th\u1ec3 t\u1ef1 \u0111\u1ed9ng x\u00e1c \u0111\u1ecbnh \u0111\u1ed9 s\u1ea1ch c\u1ee7a n\u01b0\u1edbc v\u00e0 t\u00e1i s\u1eed d\u1ee5ng n\u1ebfu n\u01b0\u1edbc c\u00f2n s\u1ea1ch. V\u1edbi c\u00f9ng 14 b\u1ed9 \u0111\u1ed3 \u0103n ch\u00e2u \u00c2u, m\u1ed9t s\u1ed1 model m\u1edbi c\u1ee7a m\u00e1y ch\u1ec9 ti\u00eau hao 09\u00a0l\u00edt n\u01b0\u1edbc, trong khi v\u1edbi kh\u1ed1i l\u01b0\u1ee3ng b\u00e1t \u0111\u0129a t\u01b0\u01a1ng t\u1ef1 th\u00ec vi\u1ec7c r\u1eeda b\u1eb1ng tay l\u01b0\u1ee3ng n\u01b0\u1edbc d\u00f9ng \u0111\u1ebfn ph\u1ea3i l\u00e0 40l\u00edt.<\/h2>\n<h3>Ma\u0301y r\u01b0\u0309a ba\u0301t HDW-F60C giu\u0301p ti\u00ea\u0301t ki\u00ea\u0323m t\u00f4\u0301i \u0111a th\u01a1\u0300i gian<\/h3>\n<p>N\u1ebfu nh\u01b0 b\u1ea1n \u0111ang t\u00ecm ki\u1ebfm m\u1ed9t s\u1ea3n ph\u1ea9m m\u00e1y r\u1eeda b\u00e1t t\u1ed1t nh\u1ea5t th\u00ec m\u00e1y r\u1eeda b\u00e1t\u00a0Hafele HDW-F60C\u00a0l\u00e0 m\u1ed9t trong nh\u1eefng s\u1ea3n ph\u1ea9m kh\u00f4ng th\u1ec3 b\u1ecf qu\u1ea3 v\u1edbi t\u1ea7m kh\u00fac kho\u1ea3ng 15 tri\u1ec7u \u0111\u1ed3ng h\u1ee9a h\u1eb9n \u0111em \u0111\u1ebfn tr\u1ea3i nghi\u1ec7m tuy\u1ec7t v\u1eddi cho kh\u00f4ng gian ph\u00f2ng b\u1ebfp nh\u00e0 b\u1ea1n.<\/p>\n<p><img title=\"may-rua-bat-hafele-hdw-f60c\" src=\"https:\/\/bepvuson.vn\/Data\/upload\/images\/may-rua-bat\/large_may-rua-bat-am-toan-phan-hafele-539-26-181.jpg\" alt=\"may-rua-bat-hafele-hdw-f60c\" \/><\/p>\n<ul>\n<li>M\u00e1y r\u1eeda b\u00e1t Hafele\u00a0c\u00f3 kh\u1ea3 n\u0103ng ti\u1ebft ki\u1ec7m \u0111i\u1ec7n, n\u01b0\u1edbc cao do vi\u1ec7c t\u1ed1i \u01b0u h\u00f3a di\u1ec7n t\u00edch s\u1eed d\u1ee5ng b\u00ean trong, khi\u1ebfn cho l\u01b0\u1ee3ng b\u00e1t \u0111\u0129a trong m\u1ed9t l\u1ea7n r\u1eeda cao h\u01a1n. M\u00e1y c\u00f3 gi\u00e1 \u0111\u1ee1 \u0111\u01b0\u1ee3c thi\u1ebft k\u1ebf \u0111\u1ec3 \u0111i\u1ec1u ch\u1ec9nh cao th\u1ea5p, gi\u00fap khoang r\u1eeda ph\u00f9 h\u1ee3p v\u1edbi nhi\u1ec1u k\u00edch th\u01b0\u1edbc kh\u00e1c nhau c\u1ee7a ch\u00e9n \u0111\u0129a, xoong, n\u1ed3i trong c\u00f9ng m\u1ed9t th\u1eddi gian.<\/li>\n<li>Ray k\u00e9o tr\u01b0\u1ee3t c\u1ee7a m\u00e1y r\u01b0\u0309a ba\u0301t HDW-F60C\u00a0ch\u1eafc ch\u1eafn s\u1ebd gi\u00fap thao t\u00e1c nh\u1eb9 nh\u00e0ng, ch\u00e2n \u0111\u1ee1 ki\u1ec3u g\u1ea5p d\u1ec5 d\u00e0ng b\u1ed1 tr\u00ed c\u00e1c lo\u1ea1i xoong n\u1ed3i. Thi\u1ebft k\u1ebf b\u00ean trong khoang r\u1eeda ph\u1eb3ng nh\u1eb5n, b\u1eb1ng th\u00e9p kh\u00f4ng g\u1ec9, ch\u1ecbu \u0111\u01b0\u1ee3c c\u00e1c m\u1ee9c \u00e1p su\u1ea5t n\u01b0\u1edbc kh\u00e1c nhau, n\u00ean c\u00f3 t\u00ednh b\u1ec1n cao v\u00e0 d\u1ec5 v\u1ec7 sinh.<\/li>\n<\/ul>\n<p><img title=\"may-rua-bat-hafele-hdw-f60c-01\" src=\"https:\/\/bepvuson.vn\/Data\/upload\/images\/may-rua-bat\/mua-may-rua-bat-chen-mini-640x381.jpg\" alt=\"may-rua-bat-hafele-hdw-f60c-01\" \/><\/p>\n<ul>\n<li>M\u00e1y r\u1eeda b\u00e1t Hafele c\u00f3 gi\u00e1 \u0111\u1ee1 \u0111\u01b0\u1ee3c thi\u1ebft k\u1ebf c\u00f3 th\u1ec3 \u0111i\u1ec1u ch\u1ec9nh cao th\u1ea5p, gi\u00fap khoang r\u1eeda ph\u00f9 h\u1ee3p v\u1edbi nhi\u1ec1u k\u00edch th\u01b0\u1edbc kh\u00e1c nhau c\u1ee7a ch\u00e9n \u0111\u0129a. Hay khoang r\u1eeda th\u00f4ng minh Dou Zone c\u00f3 th\u1ec3 th\u1ef1c hi\u1ec7u 3 ki\u1ec3u r\u1eeda kh\u00e1c nhau, nh\u01b0 r\u1eeda k\u1ef9 t\u1ea1i khu v\u1ef1c gi\u00e1 x\u1ebfp b\u00ean d\u01b0\u1edbi cho b\u00e1t \u0111\u0129a r\u1ea5t b\u1ea9n, r\u1eeda nh\u1eb9 nh\u00e0ng h\u01a1n t\u1ea1i gi\u00e1 b\u00ean tr\u00ean, ho\u1eb7c k\u1ebft h\u1ee3p c\u1ea3 hai khu v\u1ef1c<\/li>\n<li>M\u00e1y r\u1eeda b\u00e1t Munchen kh\u00f4ng ch\u1ec9 \u0111\u01a1n l\u00e0 l\u00e0 l\u00e0m s\u1ea1ch d\u1ee5ng c\u1ee5 nh\u00e0 b\u1ebfp, m\u00e0 \u0111\u00e2y c\u00f2n l\u00e0 s\u1ea3n ph\u1ea9m \u0111\u1ea3m b\u1ea3o s\u1ee9c kh\u1ecfe cho m\u1ecdi th\u00e0nh vi\u00ean trong gia \u0111\u00ecnh b\u1ea1n. Ri\u00eang \u0111i\u1ec3m c\u1ed9ng n\u00e0y \u0111\u00e3 \u0111\u1ee7 \u0111\u1ec3 khi\u1ebfn c\u00e1c ch\u1ecb em ph\u1ee5 n\u1eef tin t\u01b0\u1edfng v\u00e0 l\u1ef1a ch\u1ecdn s\u1ea3n ph\u1ea9m m\u00e1y r\u1eeda b\u00e1t cho gia \u0111\u00ecnh m\u00ecnh.<\/li>\n<\/ul>\n<p><img title=\"may-rua-bat-hafele-hdw-f60c-02\" src=\"https:\/\/bepvuson.vn\/Data\/upload\/images\/may-rua-bat\/kich-thuoc-may-rua-bat-hafele-hdw-f60c.jpg\" alt=\"may-rua-bat-hafele-hdw-f60c-02\" \/><\/p>\n<p>S\u1ea3n ph\u1ea9m c\u00f3 gi\u00e1 c\u1ea3 kh\u00f4ng qu\u00e1 cao, ph\u00f9 h\u1ee3p v\u1edbi nhi\u1ec1u gia \u0111\u00ecnh Vi\u00ea\u0323t. N\u1ebfu gia \u0111\u00ecnh c\u00f3 kh\u00f4ng gian b\u1ebfp r\u1ed9ng v\u00e0 nhu c\u1ea7u n\u1ea5u n\u01b0\u1edbng cao th\u00ec m\u00e1y r\u01b0\u0309a ba\u0301t Hafele HDW-F60C\u00a0x\u1ee9ng \u0111\u00e1ng l\u00e0 s\u1ef1 l\u1ef1a ch\u1ecdn ho\u00e0n h\u1ea3o<\/p>\n<\/div>\n<\/div>\n","protected":false},"excerpt":{"rendered":"<p>T\u1ed5ng quan chung M\u00e1y r\u1eeda b\u00e1t Hafele HDW-F60C M\u00e1y r\u1eeda b\u00e1t Hafele HDW-F60C\u00a0c\u00f3 kh\u1ea3 n\u0103ng ti\u1ebft ki\u1ec7m \u0111i\u1ec7n n\u01b0\u1edbc v\u00f4 &hellip; <a class=\"link-more\" href=\"http:\/\/maudep.com.vn\/chuyengiadienmay\/?product=may-rua-bat-hafele-hdw-f60c\" class=\"more-link\">\u0110\u1ecdc th\u00eam &raquo;<span class=\"screen-reader-text\"> &#8220;M\u00e1y r\u1eeda b\u00e1t Hafele HDW-F60C&#8221;<\/span><\/a><\/p>\n","protected":false},"featured_media":2287,"comment_status":"open","ping_status":"closed","template":"","meta":[],"_links":{"self":[{"href":"http:\/\/maudep.com.vn\/chuyengiadienmay\/index.php?rest_route=\/wp\/v2\/product\/2286"}],"collection":[{"href":"http:\/\/maudep.com.vn\/chuyengiadienmay\/index.php?rest_route=\/wp\/v2\/product"}],"about":[{"href":"http:\/\/maudep.com.vn\/chuyengiadienmay\/index.php?rest_route=\/wp\/v2\/types\/product"}],"replies":[{"embeddable":true,"href":"http:\/\/maudep.com.vn\/chuyengiadienmay\/index.php?rest_route=%2Fwp%2Fv2%2Fcomments&post=2286"}],"wp:featuredmedia":[{"embeddable":true,"href":"http:\/\/maudep.com.vn\/chuyengiadienmay\/index.php?rest_route=\/wp\/v2\/media\/2287"}],"wp:attachment":[{"href":"http:\/\/maudep.com.vn\/chuyengiadienmay\/index.php?rest_route=%2Fwp%2Fv2%2Fmedia&parent=2286"}],"curies":[{"name":"wp","href":"https:\/\/api.w.org\/{rel}","templated":true}]}}