{"id":2288,"date":"2019-01-05T17:06:37","date_gmt":"2019-01-05T10:06:37","guid":{"rendered":"http:\/\/maudep.com.vn\/chuyengiadienmay\/?post_type=product&#038;p=2288"},"modified":"2019-01-05T17:06:37","modified_gmt":"2019-01-05T10:06:37","slug":"may-rua-bat-hafele-539-26-500","status":"publish","type":"product","link":"http:\/\/maudep.com.vn\/chuyengiadienmay\/?product=may-rua-bat-hafele-539-26-500","title":{"rendered":"M\u00e1y r\u1eeda b\u00e1t Hafele 539.26.500"},"content":{"rendered":"<h3 class=\"title\">T\u1ed5ng quan chung M\u00e1y r\u1eeda b\u00e1t Hafele 539.26.500<\/h3>\n<div class=\"article-content\">\n<div class=\"js-content\">\n<h2>M\u00e1y r\u1eeda b\u00e1t Hafele 539.26.500\u00a0kh\u00f4ng ch\u1ec9 \u0111\u01a1n l\u00e0 l\u00e0 l\u00e0m s\u1ea1ch d\u1ee5ng c\u1ee5 nh\u00e0 b\u1ebfp, m\u00e0 \u0111\u00e2y c\u00f2n l\u00e0 s\u1ea3n ph\u1ea9m \u0111\u1ea3m b\u1ea3o s\u1ee9c kh\u1ecfe cho m\u1ecdi th\u00e0nh vi\u00ean trong gia \u0111\u00ecnh b\u1ea1n. Ri\u00eang \u0111i\u1ec3m c\u1ed9ng n\u00e0y \u0111\u00e3 \u0111\u1ee7 \u0111\u1ec3 khi\u1ebfn c\u00e1c ch\u1ecb em ph\u1ee5 n\u1eef tin t\u01b0\u1edfng v\u00e0 l\u1ef1a ch\u1ecdn s\u1ea3n ph\u1ea9m m\u00e1y r\u1eeda b\u00e1t cho gia \u0111\u00ecnh m\u00ecnh.<\/h2>\n<h3>Ma\u0301y r\u01b0\u0309a ba\u0301t 539.26.500 r\u01b0\u0309a si\u00eau sa\u0323ch , si\u00eau nhanh<\/h3>\n<p>M\u00e1y r\u1eeda b\u00e1t Hafele 539.26.500 gi\u00fap r\u1eeda s\u1ea1ch s\u00e2u h\u01a1n c\u00e1c d\u1ee5ng c\u1ee5 nh\u00e0 b\u1ebfp khi b\u00e1t \u0111\u0129a qu\u00e1 b\u1ea9n, qu\u00e1 nhi\u1ec1u d\u1ea7u m\u1ee1 th\u00ec v\u1edbi vi\u1ec7c r\u1eeda tay r\u1ea5t kh\u00f3 \u0111\u1ec3 s\u1ea1ch to\u00e0n di\u1ec7n c\u0169ng nh\u01b0 b\u1ea1n s\u1ebd c\u00f3 th\u1ec3 ph\u1ea3i r\u1eeda \u0111i r\u1eeda l\u1ea1i nhi\u1ec1u l\u1ea7n. Nh\u01b0ng v\u1edbi m\u00e1y r\u1eeda b\u00e1t, ch\u1ec9 trong m\u1ed9t chu tr\u00ecnh b\u1ea1n \u0111\u00e3 c\u00f3 th\u1ec3 ho\u00e0n th\u00e0nh nhanh g\u1ecdn c\u00f4ng vi\u1ec7c v\u1ea5t v\u1ea3 n\u00e0y.<\/p>\n<p><img title=\"may-rua-bat-hafele-539-26-500\" src=\"https:\/\/bepvuson.vn\/Data\/upload\/images\/may-rua-bat\/large_may-rua-bat-am-toan-phan-hafele-539-26-181.jpg\" alt=\"may-rua-bat-hafele-539-26-500\" \/><\/p>\n<ul>\n<li>M\u00e1y r\u1eeda b\u00e1t Hafele\u00a0\u0111\u01b0\u1ee3c l\u00e0m t\u1eeb c\u00e1c ch\u1ea5t li\u1ec7u cao c\u1ea5p nh\u01b0 Inox hay th\u00e9p kh\u00f4ng g\u1ec9 phun s\u01a1n t\u0129nh \u0111i\u1ec7n kh\u00f4ng ch\u1ec9 gi\u00fap t\u1ea1o \u0111i\u1ec3m nh\u1ea5n trong thi\u1ebft k\u1ebf m\u00e0 c\u00f2n g\u00f3p ph\u1ea7n \u0111\u1ea3m b\u1ea3o an to\u00e0n v\u00e0 d\u1ec5 v\u1ec7 sinh trong qu\u00e1 tr\u00ecnh s\u1eed d\u1ee5ng h\u01a1n.<\/li>\n<li>Ray k\u00e9o tr\u01b0\u1ee3t c\u1ee7a m\u00e1y r\u1eeda b\u00e1t Hafele ch\u1eafc ch\u1eafn s\u1ebd gi\u00fap thao t\u00e1c nh\u1eb9 nh\u00e0ng, ch\u00e2n \u0111\u1ee1 ki\u1ec3u g\u1ea5p d\u1ec5 d\u00e0ng b\u1ed1 tr\u00ed c\u00e1c lo\u1ea1i xoong n\u1ed3i. Thi\u1ebft k\u1ebf b\u00ean trong khoang r\u1eeda ph\u1eb3ng nh\u1eb5n, b\u1eb1ng th\u00e9p kh\u00f4ng g\u1ec9, ch\u1ecbu \u0111\u01b0\u1ee3c c\u00e1c m\u1ee9c \u00e1p su\u1ea5t n\u01b0\u1edbc kh\u00e1c nhau, n\u00ean c\u00f3 t\u00ednh b\u1ec1n cao v\u00e0 d\u1ec5 v\u1ec7 sinh.<\/li>\n<li>M\u00e1y r\u1eeda b\u00e1t 539.26.500\u00a0c\u00f3 h\u1ec7 th\u1ed1ng c\u1ea3m bi\u1ebfn Aco-Sensor c\u1ee7a m\u00e1y r\u1eeda b\u00e1t th\u00f4ng minh, t\u1ef1 \u0111\u1ed9ng x\u00e1c \u0111\u1ecbnh \u0111\u1ed9 s\u1ea1ch c\u1ee7a n\u01b0\u1edbc v\u00e0 t\u00e1i s\u1eed d\u1ee5ng n\u1ebfu n\u01b0\u1edbc c\u00f2n s\u1ea1ch, ti\u1ebft ki\u1ec7m \u0111\u1ebfn 25% n\u0103ng l\u01b0\u1ee3ng n\u01b0\u1edbc, 40% n\u0103ng l\u01b0\u1ee3ng v\u00e0 th\u1eddi gian.<\/li>\n<\/ul>\n<p><img title=\"may-rua-bat-hafele-539-26-500-01\" src=\"https:\/\/bepvuson.vn\/Data\/upload\/images\/may-rua-bat\/huong-dan-cach-lap-dat-va-su-dung-may-rua-bat-bosch-sms50e88eu.jpg\" alt=\"may-rua-bat-hafele-539-26-500-01\" \/><\/p>\n<ul>\n<li>M\u00e1y r\u1eeda b\u00e1t Hafele\u00a0c\u00f3 kh\u1ea3 n\u0103ng ti\u1ebft ki\u1ec7m \u0111i\u1ec7n, n\u01b0\u1edbc cao do vi\u1ec7c t\u1ed1i \u01b0u h\u00f3a di\u1ec7n t\u00edch s\u1eed d\u1ee5ng b\u00ean trong, khi\u1ebfn cho l\u01b0\u1ee3ng b\u00e1t \u0111\u0129a trong m\u1ed9t l\u1ea7n r\u1eeda cao h\u01a1n. M\u00e1y c\u00f3 gi\u00e1 \u0111\u1ee1 \u0111\u01b0\u1ee3c thi\u1ebft k\u1ebf \u0111\u1ec3 \u0111i\u1ec1u ch\u1ec9nh cao th\u1ea5p, gi\u00fap khoang r\u1eeda ph\u00f9 h\u1ee3p v\u1edbi nhi\u1ec1u k\u00edch th\u01b0\u1edbc kh\u00e1c nhau c\u1ee7a ch\u00e9n \u0111\u0129a, xoong, n\u1ed3i trong c\u00f9ng m\u1ed9t th\u1eddi gian.<\/li>\n<li>Ma\u0301y r\u01b0\u0309a ba\u0301t Hafele\u00a0c\u00f3 gi\u00e1 \u0111\u1ee1 \u0111\u01b0\u1ee3c thi\u1ebft k\u1ebf c\u00f3 th\u1ec3 \u0111i\u1ec1u ch\u1ec9nh cao th\u1ea5p, gi\u00fap khoang r\u1eeda ph\u00f9 h\u1ee3p v\u1edbi nhi\u1ec1u k\u00edch th\u01b0\u1edbc kh\u00e1c nhau c\u1ee7a ch\u00e9n \u0111\u0129a. Hay khoang r\u1eeda th\u00f4ng minh Dou Zone c\u00f3 th\u1ec3 th\u1ef1c hi\u1ec7u 3 ki\u1ec3u r\u1eeda kh\u00e1c nhau, nh\u01b0 r\u1eeda k\u1ef9 t\u1ea1i khu v\u1ef1c gi\u00e1 x\u1ebfp b\u00ean d\u01b0\u1edbi cho b\u00e1t \u0111\u0129a r\u1ea5t b\u1ea9n, r\u1eeda nh\u1eb9 nh\u00e0ng h\u01a1n t\u1ea1i gi\u00e1 b\u00ean tr\u00ean, ho\u1eb7c k\u1ebft h\u1ee3p c\u1ea3 hai khu v\u1ef1c.<\/li>\n<\/ul>\n<p><img title=\"may-rua-bat-hafele-539-26-500-02\" src=\"https:\/\/bepvuson.vn\/Data\/upload\/images\/may-rua-bat\/mcsa00652117_a4_ur70b_ap70bo_sbi65n05eu_def.jpg\" alt=\"may-rua-bat-hafele-539-26-500-02\" \/><\/p>\n<p>S\u1ea3n ph\u1ea9m c\u00f3 gi\u00e1 c\u1ea3 kh\u00f4ng qu\u00e1 cao, ph\u00f9 h\u1ee3p v\u1edbi nhi\u1ec1u gia \u0111\u00ecnh Vi\u00ea\u0323t. N\u1ebfu gia \u0111\u00ecnh c\u00f3 kh\u00f4ng gian b\u1ebfp r\u1ed9ng v\u00e0 nhu c\u1ea7u n\u1ea5u n\u01b0\u1edbng cao th\u00ec m\u00e1y r\u01b0\u0309a ba\u0301t Hafele 539.26.500\u00a0x\u1ee9ng \u0111\u00e1ng l\u00e0 s\u1ef1 l\u1ef1a ch\u1ecdn ho\u00e0n h\u1ea3o.<\/p>\n<\/div>\n<\/div>\n","protected":false},"excerpt":{"rendered":"<p>T\u1ed5ng quan chung M\u00e1y r\u1eeda b\u00e1t Hafele 539.26.500 M\u00e1y r\u1eeda b\u00e1t Hafele 539.26.500\u00a0kh\u00f4ng ch\u1ec9 \u0111\u01a1n l\u00e0 l\u00e0 l\u00e0m s\u1ea1ch d\u1ee5ng &hellip; <a class=\"link-more\" href=\"http:\/\/maudep.com.vn\/chuyengiadienmay\/?product=may-rua-bat-hafele-539-26-500\" class=\"more-link\">\u0110\u1ecdc th\u00eam &raquo;<span class=\"screen-reader-text\"> &#8220;M\u00e1y r\u1eeda b\u00e1t Hafele 539.26.500&#8221;<\/span><\/a><\/p>\n","protected":false},"featured_media":2289,"comment_status":"open","ping_status":"closed","template":"","meta":[],"_links":{"self":[{"href":"http:\/\/maudep.com.vn\/chuyengiadienmay\/index.php?rest_route=\/wp\/v2\/product\/2288"}],"collection":[{"href":"http:\/\/maudep.com.vn\/chuyengiadienmay\/index.php?rest_route=\/wp\/v2\/product"}],"about":[{"href":"http:\/\/maudep.com.vn\/chuyengiadienmay\/index.php?rest_route=\/wp\/v2\/types\/product"}],"replies":[{"embeddable":true,"href":"http:\/\/maudep.com.vn\/chuyengiadienmay\/index.php?rest_route=%2Fwp%2Fv2%2Fcomments&post=2288"}],"wp:featuredmedia":[{"embeddable":true,"href":"http:\/\/maudep.com.vn\/chuyengiadienmay\/index.php?rest_route=\/wp\/v2\/media\/2289"}],"wp:attachment":[{"href":"http:\/\/maudep.com.vn\/chuyengiadienmay\/index.php?rest_route=%2Fwp%2Fv2%2Fmedia&parent=2288"}],"curies":[{"name":"wp","href":"https:\/\/api.w.org\/{rel}","templated":true}]}}