{"id":2290,"date":"2019-01-05T17:11:31","date_gmt":"2019-01-05T10:11:31","guid":{"rendered":"http:\/\/maudep.com.vn\/chuyengiadienmay\/?post_type=product&#038;p=2290"},"modified":"2019-01-06T10:19:04","modified_gmt":"2019-01-06T03:19:04","slug":"may-rua-bat-hafele-hdw-f60b","status":"publish","type":"product","link":"http:\/\/maudep.com.vn\/chuyengiadienmay\/?product=may-rua-bat-hafele-hdw-f60b","title":{"rendered":"M\u00e1y r\u1eeda b\u00e1t Hafele HDW-F60B"},"content":{"rendered":"<h3 class=\"title\">T\u1ed5ng quan chung M\u00e1y r\u1eeda b\u00e1t Hafele HDW-F60B<\/h3>\n<div class=\"article-content\">\n<div class=\"js-content\">\n<h2>\u0110\u01b0\u1ee3c s\u1ea3n xu\u1ea5t t\u1ea1i Ch\u00e2u \u00c2u\u00a0tr\u00ean d\u00e2y truy\u1ec1n c\u00f4ng ngh\u1ec7 hi\u1ec7n \u0111\u1ea1i ti\u00ean ti\u1ebfn nh\u1ea5t, m\u00e1y r\u1eeda b\u00e1t Hafele HDW-F60B\u00a0c\u1ee7a th\u01b0\u01a1ng hi\u1ec7u Hafele\u00a0\u00e1p d\u1ee5ng n\u1ec1n khoa h\u1ecdc k\u1ef9 thu\u1eadt ti\u00ean ti\u1ebfn h\u00e0ng \u0111\u1ea7u th\u1ebf gi\u1edbi gi\u00fap ch\u1ea5t l\u01b0\u1ee3ng c\u1ee7a s\u1ea3n ph\u1ea9m tr\u1edf n\u00ean v\u01b0\u1ee3t tr\u1ed9i.<\/h2>\n<h3>Ma\u0301y r\u01b0\u0309a ba\u0301t HDW-F60B ti\u0301ch h\u01a1\u0323p nhi\u00ea\u0300u c\u00f4ng ngh\u00ea\u0323 hi\u00ea\u0323n \u0111a\u0323i<\/h3>\n<p>M\u00e1y r\u1eeda b\u00e1t Hafele HDW-F60B\u00a0\u0111\u1ea1t \u0111\u1ea7y \u0111\u1ee7 c\u00e1c ti\u00eau chu\u1ea9n Ch\u00e2u \u00c2u v\u1ec1 \u0111\u1ed9 an to\u00e0n trong s\u1eed d\u1ee5ng, t\u00ednh k\u1ef9 thu\u1eadt trong l\u1eafp r\u00e1p, ch\u1ea5t l\u01b0\u1ee3ng c\u1ee7a m\u1ed7i m\u1eabu m\u00e1y b\u1edfi c\u00e1c chuy\u00ean gia \u0111\u1ea7u ng\u00e0nh tr\u01b0\u1edbc khi \u0111\u01b0a ra th\u1ecb tr\u01b0\u1eddng \u0111\u1ebfn tay ng\u01b0\u1eddi d\u00f9ng.<\/p>\n<p><img title=\"may-rua-bat-hafele-hdw-f60b\" src=\"https:\/\/bepvuson.vn\/Data\/upload\/images\/may-rua-bat\/May-rua-bat-hafele-HDW-F60C-533_23_200-1.jpg\" alt=\"may-rua-bat-hafele-hdw-f60b\" \/><\/p>\n<ul>\n<li>Th\u00e2n v\u1ecf b\u00ean ngo\u00e0i c\u1ee7a m\u00e1y r\u1eeda b\u00e1t Hafele\u00a0s\u1eed d\u1ee5ng ch\u1ea5t li\u1ec7u inox ch\u1ed1ng v\u00e2n tay c\u00f3 \u0111\u1ed9 b\u1ec1n c\u00f9ng tu\u1ed5i th\u1ecd cao b\u1edfi \u0111\u00e2y l\u00e0 v\u1eadt li\u1ec7u kh\u00f3 b\u1ecb oxy h\u00f3a, ch\u1ecbu nhi\u1ec7t, ch\u1ecbu l\u1ef1c cao, h\u1ea1n ch\u1ebf m\u00f3p m\u00e9o, d\u1ec5 v\u1ec7 sinh sau khi s\u1eed d\u1ee5ng. V\u1edbi m\u00e0u s\u1eafc tr\u1ea7m khi\u1ebfn gian b\u1ebfp c\u1ee7a gia \u0111\u00ecnh b\u1ea1n tr\u1edf n\u00ean sang tr\u1ecdng v\u00e0 hi\u1ec7n \u0111\u1ea1i h\u01a1n h\u1eb3n.<\/li>\n<li>B\u00ean trong khoang r\u1eeda ma\u0301y r\u01b0\u0309a ba\u0301t HDW-F60B\u00a0s\u1eed d\u1ee5ng ph\u1ea7n l\u1edbn l\u00e0 ch\u1ea5t li\u1ec7u inox ho\u1eb7c nh\u1ef1a cao c\u1ea5p c\u00f3 \u0111\u1ed9 ch\u1ecbu l\u1ef1c, nhi\u1ec7t cao, ch\u1ed1ng th\u1ea5m n\u01b0\u1edbc, ch\u1ed1ng d\u00f2 g\u1ec9 ch\u1ecbu \u0111\u01b0\u1ee3c \u00e1p l\u1ef1c l\u1edbn, kh\u00f3 b\u1ecb oxy h\u00f3a v\u00e0 c\u00f3 tu\u1ed5i th\u1ecd l\u1edbn.<\/li>\n<li>Ray k\u00e9o tr\u01b0\u1ee3t c\u1ee7a m\u00e1y r\u1eeda b\u00e1t Hafele ch\u1eafc ch\u1eafn s\u1ebd gi\u00fap thao t\u00e1c nh\u1eb9 nh\u00e0ng, ch\u00e2n \u0111\u1ee1 ki\u1ec3u g\u1ea5p d\u1ec5 d\u00e0ng b\u1ed1 tr\u00ed c\u00e1c lo\u1ea1i xoong n\u1ed3i.<\/li>\n<\/ul>\n<p><img title=\"may-rua-bat-hafele-hdw-f60b-01\" src=\"https:\/\/bepvuson.vn\/Data\/upload\/images\/may-rua-bat\/MCSA00893236_527722_5_CMG633BS1_def(30).jpg\" alt=\"may-rua-bat-hafele-hdw-f60b-01\" \/><\/p>\n<ul>\n<li>HDW-F60B\u00a0c\u0169ng \u0111\u01b0\u1ee3c \u0111\u00e1nh gi\u00e1 cao v\u1ec1 \u0111\u1ed9 ti\u1ebft ki\u1ec7m \u0111i\u1ec7n, n\u01b0\u1edbc hay s\u1ef1 th\u00e2n thi\u1ec7n v\u1edbi m\u00f4i tr\u01b0\u1eddng trong qu\u00e1 tr\u00ecnh s\u1eed d\u1ee5ng. Ngay c\u1ea3 \u0111\u1ed9 \u1ed3n c\u0169ng lu\u00f4n \u1edf m\u1ee9c th\u1ea5p ch\u1ec9 c\u00f3\u00a047 dB khi\u1ebfn ng\u01b0\u1eddi d\u00f9ng kh\u00f4ng h\u1ec1 b\u1ecb l\u00e0m phi\u1ec1n khi th\u1ef1c hi\u1ec7n qu\u00e1 tr\u00ecnh r\u1eeda.<\/li>\n<li>Nhi\u1ec7t \u0111\u1ed9 n\u01b0\u1edbc s\u1eed d\u1ee5ng trong c\u1ea3 qu\u00e1 tr\u00ecnh r\u1eeda cao nh\u1ea5t v\u00e0o kho\u1ea3ng 55-75 \u0111\u1ed9 C (ho\u1eb7c s\u1eed d\u1ee5ng ch\u1ebf \u0111\u1ed9 r\u1eeda ng\u00e2m ) b\u1ea1n c\u00f3 th\u1ec3 l\u00e0m m\u1ec1m c\u00e1c v\u1ebft b\u1ea9n c\u1ee9ng \u0111\u1ea7u \u0111\u1ec3 ch\u1ea5t t\u1ea9y r\u1eeda chuy\u00ean d\u1ee5ng (b\u1ed9t hay vi\u00ean r\u1eeda ) l\u00e0m s\u1ea1ch ch\u00fang m\u1ed9t c\u00e1ch t\u1ed1i \u0111a. Quy tr\u00ecnh s\u1ea5y ti\u1ec7t tr\u00f9ng \u1edf cu\u1ed1i c\u00e1c chu tr\u00ecnh r\u1eeda cu\u0309a ma\u0301y r\u01b0\u0309a ba\u0301t Hafele gi\u00fap b\u1ea1n lo\u1ea1i b\u1ecf vi khu\u1ea9n c\u00f3 h\u1ea1i cho s\u1ee9c kh\u1ecfe tr\u00ean v\u1eadt d\u1ee5ng n\u1ea5u b\u1eb1ng h\u01a1i n\u00f3ng.<\/li>\n<\/ul>\n<p><img title=\"may-rua-bat-hafele-hdw-f60b-02\" src=\"https:\/\/bepvuson.vn\/Data\/upload\/images\/may-rua-bat\/fkzot1521607542.jpg\" alt=\"may-rua-bat-hafele-hdw-f60b-02\" \/><\/p>\n<p>S\u1ea3n ph\u1ea9m c\u00f3 gi\u00e1 c\u1ea3 kh\u00f4ng qu\u00e1 cao, ph\u00f9 h\u1ee3p v\u1edbi nhi\u1ec1u gia \u0111\u00ecnh Vi\u00ea\u0323t. N\u1ebfu gia \u0111\u00ecnh c\u00f3 kh\u00f4ng gian b\u1ebfp r\u1ed9ng v\u00e0 nhu c\u1ea7u n\u1ea5u n\u01b0\u1edbng cao th\u00ec m\u00e1y r\u01b0\u0309a ba\u0301t Hafele HDW-F60B\u00a0x\u1ee9ng \u0111\u00e1ng l\u00e0 s\u1ef1 l\u1ef1a ch\u1ecdn ho\u00e0n h\u1ea3o.<\/p>\n<\/div>\n<\/div>\n<p>&nbsp;<\/p>\n","protected":false},"excerpt":{"rendered":"<p>T\u1ed5ng quan chung M\u00e1y r\u1eeda b\u00e1t Hafele HDW-F60B \u0110\u01b0\u1ee3c s\u1ea3n xu\u1ea5t t\u1ea1i Ch\u00e2u \u00c2u\u00a0tr\u00ean d\u00e2y truy\u1ec1n c\u00f4ng ngh\u1ec7 hi\u1ec7n \u0111\u1ea1i &hellip; <a class=\"link-more\" href=\"http:\/\/maudep.com.vn\/chuyengiadienmay\/?product=may-rua-bat-hafele-hdw-f60b\" class=\"more-link\">\u0110\u1ecdc th\u00eam &raquo;<span class=\"screen-reader-text\"> &#8220;M\u00e1y r\u1eeda b\u00e1t Hafele HDW-F60B&#8221;<\/span><\/a><\/p>\n","protected":false},"featured_media":2291,"comment_status":"open","ping_status":"closed","template":"","meta":[],"_links":{"self":[{"href":"http:\/\/maudep.com.vn\/chuyengiadienmay\/index.php?rest_route=\/wp\/v2\/product\/2290"}],"collection":[{"href":"http:\/\/maudep.com.vn\/chuyengiadienmay\/index.php?rest_route=\/wp\/v2\/product"}],"about":[{"href":"http:\/\/maudep.com.vn\/chuyengiadienmay\/index.php?rest_route=\/wp\/v2\/types\/product"}],"replies":[{"embeddable":true,"href":"http:\/\/maudep.com.vn\/chuyengiadienmay\/index.php?rest_route=%2Fwp%2Fv2%2Fcomments&post=2290"}],"wp:featuredmedia":[{"embeddable":true,"href":"http:\/\/maudep.com.vn\/chuyengiadienmay\/index.php?rest_route=\/wp\/v2\/media\/2291"}],"wp:attachment":[{"href":"http:\/\/maudep.com.vn\/chuyengiadienmay\/index.php?rest_route=%2Fwp%2Fv2%2Fmedia&parent=2290"}],"curies":[{"name":"wp","href":"https:\/\/api.w.org\/{rel}","templated":true}]}}