{"id":2293,"date":"2019-01-06T10:23:42","date_gmt":"2019-01-06T03:23:42","guid":{"rendered":"http:\/\/maudep.com.vn\/chuyengiadienmay\/?post_type=product&#038;p=2293"},"modified":"2019-01-06T10:23:42","modified_gmt":"2019-01-06T03:23:42","slug":"may-rua-bat-hafele-hdw-f60a","status":"publish","type":"product","link":"http:\/\/maudep.com.vn\/chuyengiadienmay\/?product=may-rua-bat-hafele-hdw-f60a","title":{"rendered":"M\u00e1y r\u1eeda b\u00e1t Hafele HDW-F60A"},"content":{"rendered":"<h3 class=\"title\">T\u1ed5ng quan chung M\u00e1y r\u1eeda b\u00e1t Hafele HDW-F60A<\/h3>\n<div class=\"article-content\">\n<div class=\"js-content\">\n<h2>M\u00e1y r\u1eeda ch\u00e9n Hafele HDW-F60A \u0111\u01b0\u1ee3c thi\u1ebft k\u1ebf v\u00e0 s\u1ea3n xu\u1ea5t theo ti\u00eau chu\u1ea9n h\u00e0ng \u0111\u1ea7u c\u1ee7a Ch\u00e2u \u00c2u v\u1edbi nhi\u1ec1u \u01b0u \u0111i\u1ec3m v\u01b0\u1ee3t tr\u1ed9i. M\u00e1y c\u00f3 s\u1ee9c ch\u1ee9a l\u1edbn c\u00f3 th\u1ec3 r\u1eeda c\u00f9ng l\u00fac 12 b\u1ed9 \u0111\u1ed3 \u0103n Ch\u00e2u \u00c2u,\u00a0c\u00f4ng su\u1ea5t ho\u1ea1t \u0111\u1ed9ng l\u1edbn 1.03KW\/l\u1ea7n r\u1eeda n\u00ean m\u00e1y c\u00f3 th\u1ec3 r\u1eeda kh\u00e1 nhanh m\u00e0 v\u1eabn kh\u00f4ng g\u00e2y ti\u1ebfng \u1ed3n \u0111\u00e1ng k\u1ec3.<\/h2>\n<h3>Ma\u0301y r\u01b0\u0309a ba\u0301t HDW-F60A thi\u00ea\u0301t bi\u0323 gia du\u0323ng c\u00e2\u0300n thi\u00ea\u0301t<\/h3>\n<p>M\u00e1y r\u1eeda b\u00e1t Hafele HDW-F60A\u00a0\u0111\u01b0\u1ee3c thi\u1ebft k\u1ebf s\u0103\u0303n 5 ch\u01b0\u01a1ng tr\u00ecnh r\u1eeda: R\u1eeda m\u1ea1nh, t\u1ef1 \u0111\u1ed9ng, ti\u1ebft ki\u1ec7m, r\u1eeda nhanh, r\u01b0\u0309a s\u01a1 b\u1ed9 gi\u00fap ng\u01b0\u1eddi s\u1eed d\u1ee5ng c\u00f3 th\u1ec3 t\u00f9y ch\u1ec9nh ho\u1ea1t \u0111\u1ed9ng r\u1eeda theo \u00fd mu\u1ed1n. \u0110\u1eb7c m\u00e1y c\u00f3 t\u00ednh ti\u1ebft ki\u1ec7m \u0111i\u1ec7n n\u01b0\u1edbc hi\u1ec7u qu\u1ea3 v\u00e0 \u0111\u01b0\u1ee3c ch\u00fang nh\u1eadn theo ti\u00eau chu\u1ea9n A+ cao nh\u1ea5t c\u1ee7a Ch\u00e2u \u00c2u.<\/p>\n<p><img title=\"may-rua-bat-hafele-hdw-f60a\" src=\"https:\/\/bepvuson.vn\/Data\/upload\/images\/may-rua-bat\/fkzot1521607542.jpg\" alt=\"may-rua-bat-hafele-hdw-f60a\" \/><\/p>\n<ul>\n<li>M\u00e1y r\u1eeda b\u00e1t Hafele c\u00f2n gi\u00fap r\u1eeda s\u1ea1ch s\u00e2u h\u01a1n c\u00e1c d\u1ee5ng c\u1ee5 nh\u00e0 b\u1ebfp khi b\u00e1t \u0111\u0129a qu\u00e1 b\u1ea9n, qu\u00e1 nhi\u1ec1u d\u1ea7u m\u1ee1 th\u00ec v\u1edbi vi\u1ec7c r\u1eeda tay r\u1ea5t kh\u00f3 \u0111\u1ec3 s\u1ea1ch to\u00e0n di\u1ec7n c\u0169ng nh\u01b0 b\u1ea1n s\u1ebd c\u00f3 th\u1ec3 ph\u1ea3i r\u1eeda \u0111i r\u1eeda l\u1ea1i nhi\u1ec1u l\u1ea7n. Nh\u01b0ng v\u1edbi m\u00e1y r\u1eeda b\u00e1t, ch\u1ec9 trong m\u1ed9t chu tr\u00ecnh b\u1ea1n \u0111\u00e3 c\u00f3 th\u1ec3 ho\u00e0n th\u00e0nh nhanh g\u1ecdn c\u00f4ng vi\u1ec7c v\u1ea5t v\u1ea3 n\u00e0y.<\/li>\n<li>M\u00e1y r\u1eeda b\u00e1t HDW-F60A\u00a0c\u00f3 kh\u1ea3 n\u0103ng ti\u1ebft ki\u1ec7m \u0111i\u1ec7n, n\u01b0\u1edbc cao do vi\u1ec7c t\u1ed1i \u01b0u h\u00f3a di\u1ec7n t\u00edch s\u1eed d\u1ee5ng b\u00ean trong, khi\u1ebfn cho l\u01b0\u1ee3ng b\u00e1t \u0111\u0129a trong m\u1ed9t l\u1ea7n r\u1eeda cao h\u01a1n. M\u00e1y c\u00f3 gi\u00e1 \u0111\u1ee1 \u0111\u01b0\u1ee3c thi\u1ebft k\u1ebf \u0111\u1ec3 \u0111i\u1ec1u ch\u1ec9nh cao th\u1ea5p, gi\u00fap khoang r\u1eeda ph\u00f9 h\u1ee3p v\u1edbi nhi\u1ec1u k\u00edch th\u01b0\u1edbc kh\u00e1c nhau c\u1ee7a ch\u00e9n \u0111\u0129a, xoong, n\u1ed3i trong c\u00f9ng m\u1ed9t th\u1eddi gian.<\/li>\n<\/ul>\n<p><img title=\"may-rua-bat-hafele-hdw-f60a-01\" src=\"https:\/\/bepvuson.vn\/Data\/upload\/images\/may-rua-bat\/cau-tao-ben-trong-may-rua-bat.jpg\" alt=\"may-rua-bat-hafele-hdw-f60a-01\" \/><\/p>\n<ul>\n<li>C\u00e1c ray tr\u01b0\u1ee3t, khay \u0111\u1ef1ng v\u00e0 h\u1ec7 th\u1ed1ng gi\u00e0n phun c\u1ee7a m\u00e1y r\u1eeda b\u00e1t Hafele\u00a0\u0111\u01b0\u1ee3c b\u00e0y tr\u00ed m\u1ed9t c\u00e1ch h\u1ee3p l\u00fd nh\u1eb1m gi\u00fap ng\u01b0\u1eddi d\u00f9ng c\u00f3 kh\u00f4ng gian r\u1ed9ng v\u00e0 tho\u00e1ng nh\u1ea5t \u0111\u1ec3 th\u1ef1c hi\u1ec7n vi\u1ec7c r\u1eeda s\u1ed1 l\u01b0\u1ee3ng b\u00e1t \u0111\u0129a l\u00ean \u0111\u1ebfn 12\u00a0b\u1ed9 b\u00e1t \u0111\u0129a, xoong n\u1ed3i m\u00e0 kh\u00f4ng g\u1eb7p tr\u1edf ng\u1ea1i.<\/li>\n<li>Ma\u0301y r\u01b0\u0309a ba\u0301t Hafele\u00a0c\u00f3 gi\u00e1 \u0111\u1ee1 \u0111\u01b0\u1ee3c thi\u1ebft k\u1ebf c\u00f3 th\u1ec3 \u0111i\u1ec1u ch\u1ec9nh cao th\u1ea5p, gi\u00fap khoang r\u1eeda ph\u00f9 h\u1ee3p v\u1edbi nhi\u1ec1u k\u00edch th\u01b0\u1edbc kh\u00e1c nhau c\u1ee7a ch\u00e9n \u0111\u0129a. Hay khoang r\u1eeda th\u00f4ng minh Dou Zone c\u00f3 th\u1ec3 th\u1ef1c hi\u1ec7u 3 ki\u1ec3u r\u1eeda kh\u00e1c nhau, nh\u01b0 r\u1eeda k\u1ef9 t\u1ea1i khu v\u1ef1c gi\u00e1 x\u1ebfp b\u00ean d\u01b0\u1edbi cho b\u00e1t \u0111\u0129a r\u1ea5t b\u1ea9n, r\u1eeda nh\u1eb9 nh\u00e0ng h\u01a1n t\u1ea1i gi\u00e1 b\u00ean tr\u00ean, ho\u1eb7c k\u1ebft h\u1ee3p c\u1ea3 hai khu v\u1ef1c.<\/li>\n<\/ul>\n<p><img title=\"may-rua-bat-hafele-hdw-f60a-02\" src=\"https:\/\/bepvuson.vn\/Data\/upload\/images\/may-rua-bat\/large_may-rua-bat-am-toan-phan-hafele-539-26-181.jpg\" alt=\"may-rua-bat-hafele-hdw-f60a-02\" \/><\/p>\n<p>S\u1ea3n ph\u1ea9m c\u00f3 gi\u00e1 c\u1ea3 kh\u00f4ng qu\u00e1 cao, ph\u00f9 h\u1ee3p v\u1edbi nhi\u1ec1u gia \u0111\u00ecnh Vi\u00ea\u0323t. N\u1ebfu gia \u0111\u00ecnh c\u00f3 kh\u00f4ng gian b\u1ebfp r\u1ed9ng v\u00e0 nhu c\u1ea7u n\u1ea5u n\u01b0\u1edbng cao th\u00ec m\u00e1y r\u01b0\u0309a ba\u0301t Hafele HDW-F60A\u00a0x\u1ee9ng \u0111\u00e1ng l\u00e0 s\u1ef1 l\u1ef1a ch\u1ecdn ho\u00e0n h\u1ea3o<\/p>\n<\/div>\n<\/div>\n","protected":false},"excerpt":{"rendered":"<p>T\u1ed5ng quan chung M\u00e1y r\u1eeda b\u00e1t Hafele HDW-F60A M\u00e1y r\u1eeda ch\u00e9n Hafele HDW-F60A \u0111\u01b0\u1ee3c thi\u1ebft k\u1ebf v\u00e0 s\u1ea3n xu\u1ea5t theo &hellip; <a class=\"link-more\" href=\"http:\/\/maudep.com.vn\/chuyengiadienmay\/?product=may-rua-bat-hafele-hdw-f60a\" class=\"more-link\">\u0110\u1ecdc th\u00eam &raquo;<span class=\"screen-reader-text\"> &#8220;M\u00e1y r\u1eeda b\u00e1t Hafele HDW-F60A&#8221;<\/span><\/a><\/p>\n","protected":false},"featured_media":2294,"comment_status":"open","ping_status":"closed","template":"","meta":[],"_links":{"self":[{"href":"http:\/\/maudep.com.vn\/chuyengiadienmay\/index.php?rest_route=\/wp\/v2\/product\/2293"}],"collection":[{"href":"http:\/\/maudep.com.vn\/chuyengiadienmay\/index.php?rest_route=\/wp\/v2\/product"}],"about":[{"href":"http:\/\/maudep.com.vn\/chuyengiadienmay\/index.php?rest_route=\/wp\/v2\/types\/product"}],"replies":[{"embeddable":true,"href":"http:\/\/maudep.com.vn\/chuyengiadienmay\/index.php?rest_route=%2Fwp%2Fv2%2Fcomments&post=2293"}],"wp:featuredmedia":[{"embeddable":true,"href":"http:\/\/maudep.com.vn\/chuyengiadienmay\/index.php?rest_route=\/wp\/v2\/media\/2294"}],"wp:attachment":[{"href":"http:\/\/maudep.com.vn\/chuyengiadienmay\/index.php?rest_route=%2Fwp%2Fv2%2Fmedia&parent=2293"}],"curies":[{"name":"wp","href":"https:\/\/api.w.org\/{rel}","templated":true}]}}