{"id":2295,"date":"2019-01-06T10:46:38","date_gmt":"2019-01-06T03:46:38","guid":{"rendered":"http:\/\/maudep.com.vn\/chuyengiadienmay\/?post_type=product&#038;p=2295"},"modified":"2019-01-06T10:46:38","modified_gmt":"2019-01-06T03:46:38","slug":"may-rua-bat-bosch-spv46mx00e","status":"publish","type":"product","link":"http:\/\/maudep.com.vn\/chuyengiadienmay\/?product=may-rua-bat-bosch-spv46mx00e","title":{"rendered":"M\u00e1y R\u1eeda B\u00e1t Bosch SPV46MX00E"},"content":{"rendered":"<h3 class=\"title\">T\u1ed5ng quan chung M\u00e1y R\u1eeda B\u00e1t Bosch SPV46MX00E<\/h3>\n<div class=\"article-content\">\n<div class=\"js-content\">\n<h2>Ma\u0301y r\u01b0\u0309a ba\u0301t Bosch SPV46MX00E so v\u01a1\u0301i ca\u0301c do\u0300ng ma\u0301y th\u00f4ng th\u01b0\u01a1\u0300ng \u0111\u01b0\u01a1\u0323c ng\u01b0\u01a1\u0300i s\u01b0\u0309 du\u0323ng\u00a0\u0111a\u0301nh gia\u0301 co\u0301 nhi\u00ea\u0300u ti\u0301nh n\u0103ng cao c\u00e2\u0301p va\u0300 hi\u00ea\u0323n \u0111a\u0323i h\u01a1n, v\u1edbi c\u00f4ng ngh\u1ec7 c\u1ee7a m\u00ecnh Bosch \u0111ang khi\u1ebfn cho kh\u00e1ch h\u00e0ng v\u00e0 c\u00e1c chuy\u00ean gia \u0111\u00e1nh gi\u00e1 r\u1ea5t cao. B\u1ea1n \u0111ang lo l\u1eafng kh\u00f4ng bi\u1ebft nh\u1eefng lo\u1ea1i m\u00e1y gi\u00e1 r\u1ebb n\u00e0y c\u00f3 t\u1ed1t kh\u00f4ng, h\u00e3y \u0111\u1ecdc nh\u1eefng \u01b0u \u0111i\u1ec3m d\u01b0\u1edbi \u0111\u00e2y.<\/h2>\n<h3><strong>\u01afu \u0111i\u00ea\u0309m n\u00f4\u0309i b\u00e2\u0323t cu\u0309a ma\u0301y r\u01b0\u0309a ba\u0301t SPV46MX00E<\/strong><\/h3>\n<p><strong>M\u00e1y r\u1eeda b\u00e1t Bosch SPV46MX00E<\/strong>\u00a0\u0111\u01b0\u01a1\u0323c\u00a0nh\u1eadp kh\u1ea9u nguy\u00ean chi\u1ebfc t\u1eeb \u0110\u01b0\u0301c, thi\u1ebft k\u1ebf \u0111\u1ee9ng \u0111\u1ed9c l\u1eadp v\u1edbi c\u00f4ng su\u1ea5t r\u1eeda 9 b\u1ed9 ch\u00e9n b\u00e1t Ch\u00e2u \u00c2u v\u1edbi ch\u1ea5t li\u1ec7u th\u00e9p kh\u00f4ng g\u1ec9 cao c\u1ea5p s\u1eed d\u1ee5ng b\u1ec1n b\u1ec9 \u0111em l\u1ea1i s\u1ef1 ti\u1ec7n l\u1ee3i cho m\u1ecdi gia \u0111\u00ecnh.<\/p>\n<p><img title=\"may-rua-bat-bosch-spv46mx00e\" src=\"https:\/\/bepvuson.vn\/Data\/upload\/images\/M%C3%A1y%20r%E1%BB%ADa%20b%C3%A1t\/may-rua-bat-bosch-Bosch-SPV46MX00E-600x400.jpg\" alt=\"may-rua-bat-bosch-spv46mx00e\" \/><\/p>\n<ul>\n<li><em>Ma\u0301y r\u01b0\u0309a ba\u0301t Bosch la\u0300 do\u0300ng ma\u0301y\u00a0<strong>l\u0103\u0301p \u00e2m toa\u0300n ph\u00e2\u0300n<\/strong>, v\u01a1\u0301i dung ti\u0301ch r\u01b0\u0309a cho\u00a0<strong>9 b\u00f4\u0323 ba\u0301t \u0111i\u0303a Ch\u00e2u \u00c2u<\/strong>.\u00a0L\u01b0\u1ee3ng n\u01b0\u1edbc ti\u00eau th\u1ee5 trong 1 chu tr\u00ecnh r\u1eeda l\u00e0 v\u00e0o kho\u1ea3ng\u00a0<strong>9,5l\/ 1 chu tr\u00ecnh r\u1eeda<\/strong>\u00a0th\u00f4ng th\u01b0\u1eddng \u1edf\u00a0<strong>ch\u1ebf \u0111\u1ed9 Eco<\/strong>.<\/em><\/li>\n<li><em>Chu tr\u00ecnh c\u1ee7a m\u00e1y r\u1eeda b\u00e1t\u00a0<strong>\u0111\u1ea3m b\u1ea3o b\u00e1t \u0111\u0129a s\u1ea1ch<\/strong>\u00a0v\u00e0 \u0111\u01b0\u1ee3c kh\u1eed tr\u00f9ng, s\u1ea5y kh\u00f4 l\u00e0 b\u01b0\u1edbc cu\u1ed1i c\u00f9ng gi\u00fap b\u00e1t \u0111\u00e3i kh\u00f4 r\u00e1o\u00a0<strong>\u0111\u1ea3m b\u1ea3o an to\u00e0n<\/strong>\u00a0s\u1ee9c kh\u1ecfe cho gia \u0111\u00ecnh b\u1ea1n.<\/em><\/li>\n<li><em>Khi du\u0300ng\u00a0<strong>SPV46MX00E<\/strong>\u00a0b\u1ea1n kh\u00f4ng c\u1ea7n tr\u00e1ng qua \u0111\u1ed3 tr\u01b0\u1edbc khi cho v\u00e0o m\u00e1y, ch\u1ec9 c\u1ea7n sau khi \u0103n xong b\u1ea1n x\u1ebfp \u0111\u1ed3 v\u00e0o b\u00e1t r\u1ed3i nh\u1ea5n n\u00fat ch\u1ecdn\u00a0<strong>ch\u01b0\u01a1ng tr\u00ecnh r\u1eeda ph\u00f9 h\u1ee3p<\/strong>\u00a0v\u1eady l\u00e0 b\u00e1t \u0111\u0129a \u0111\u00e3 \u0111\u01b0\u1ee3c r\u1eeda.<\/em><br \/>\n<em>\u200b<\/em><\/li>\n<li><em>Ma\u0301y r\u01b0\u0309a ba\u0301t Bosch ti\u0301ch h\u01a1\u0323p\u00a0<strong>ch\u01b0\u01a1ng tri\u0300nh r\u01b0\u0309a im l\u0103\u0323ng<\/strong>, hoa\u0323t \u0111\u00f4\u0323ng y\u00ean ti\u0303nh chi\u0309 \u01a1\u0309\u00a0<strong>46Db<\/strong>\u00a0&#8211; \u0111a\u0309m ba\u0309o kh\u00f4ng a\u0309nh h\u01b0\u01a1\u0309ng \u0111\u00ea\u0301n ng\u01b0\u01a1\u0300i s\u01b0\u0309 du\u0323ng.<\/em><\/li>\n<\/ul>\n<p><em>\u200b<img title=\"may-rua-bat-bosch-spv46mx00e-01\" src=\"https:\/\/bepvuson.vn\/Data\/upload\/images\/may_rua_bat_bosch\/DSC_7178.jpg\" alt=\"may-rua-bat-bosch-spv46mx00e-01\" \/><\/em><\/p>\n<h3><strong>Ma\u0301y r\u01b0\u0309a ba\u0301t Bosch \u0111a ch\u00ea\u0301 \u0111\u00f4\u0323 r\u01b0\u0309a<\/strong><\/h3>\n<p><strong>\u00a0M\u00e1y r\u1eeda b\u00e1t Bosch SPV46MX00E<\/strong>\u00a0l\u1eafp \u00e2m to\u00e0n ph\u1ea7n, \u1ed1p g\u1ed7 theo thi\u1ebft k\u1ebf n\u1ed9i th\u1ea5t \u0111\u1ed3ng b\u1ed9 v\u1edbi to\u00e0n b\u1ed9 gian b\u1ebfp. Kh\u00f4ng chi\u0309 v\u00e2\u0323y, ma\u0301y co\u0300n ti\u0301ch h\u01a1\u0323p nhi\u00ea\u0300u ch\u00ea\u0301 \u0111\u00f4\u0323 r\u01b0\u0309a, ba\u0323n co\u0301 th\u00ea\u0309 d\u00ea\u0303 da\u0300ng l\u01b0\u0323a cho\u0323n m\u01b0\u0301c \u0111\u00f4\u0323 phu\u0300 h\u01a1\u0323p.<\/p>\n<p><img title=\"may-rua-bat-bosch-spv46mx00e-01\" src=\"https:\/\/bepvuson.vn\/Data\/upload\/images\/M%C3%A1y%20r%E1%BB%ADa%20b%C3%A1t\/May-rua-chen-Bosch-SPV46MX00E-2.jpg\" alt=\"may-rua-bat-bosch-spv46mx00e-01\" \/><\/p>\n<ul>\n<li><em>Ho\u1ea1t \u0111\u1ed9ng c\u1ee7a m\u00e1y r\u1eeda ba\u0301t Bosch\u00a0\u0111\u01b0\u1ee3c b\u00e1o hi\u1ec7u b\u1eb1ng m\u1ed9t\u00a0<strong>ch\u00f9m \u00e1nh s\u00e1ng \u0111\u1ecf (infolight)<\/strong>\u00a0ph\u00e1t xu\u1ed1ng s\u00e0n trong qu\u00e1 tr\u00ecnh v\u1eadn h\u00e0nh. Khi ch\u01b0\u01a1ng tr\u00ecnh k\u1ebft th\u00fac,\u00a0<strong>\u00e1nh s\u00e1ng t\u1ef1 \u0111\u1ed9ng t\u1eaft<\/strong>. Nh\u1edd \u0111\u00f3, b\u1ea1n kh\u00f4ng c\u1ea7n ph\u1ea3i m\u1edf c\u1eeda m\u00e1y \u0111\u1ec3 ki\u1ec3m tra xem chu tr\u00ecnh \u0111\u00e3 xong ch\u01b0a.<\/em><\/li>\n<li><em>Ti\u00eau th\u1ee5 n\u01b0\u1edbc trong\u00a0<strong>ch\u01b0\u01a1ng tr\u00ecnh t\u1ef1 \u0111\u1ed9ng<\/strong>\u00a045-65 \u00b0 C : t\u1eeb 7-16 l t\u00f9y thu\u1ed9c v\u00e0o m\u1ee9c \u0111\u1ed9 nhi\u1ec5m b\u1ea9n c\u1ee7a c\u00e1c m\u00f3n \u0103n.<\/em><\/li>\n<li><em><strong>Ma\u0300n hi\u0309nh hi\u00ea\u0309n thi\u0323<\/strong>\u00a0th\u01a1\u0300i gian co\u0300n la\u0323i va\u0300 k\u00ea\u0301t thu\u0301c ch\u01b0\u01a1ng tri\u0300nh.<\/em><\/li>\n<li><em><strong>H\u00ea\u0323 th\u00f4\u0301ng gio\u0309\u00a0VarioFlex<\/strong>\u00a0t\u0103ng \u0111\u1ed9 linh ho\u1ea1t trong x\u1ebfp d\u1ee1 do c\u00e1c y\u1ebfu t\u1ed1 di chuy\u1ec3n trong gi\u1ecf h\u00e0ng tr\u00ean v\u00e0 tr\u00ean.<\/em><\/li>\n<\/ul>\n<p>S\u1ea3n ph\u1ea9m c\u00f3 gi\u00e1 c\u1ea3 kh\u00f4ng qu\u00e1 cao, ph\u00f9 h\u1ee3p v\u1edbi nhi\u1ec1u gia \u0111\u00ecnh Vi\u00ea\u0323t. N\u1ebfu gia \u0111\u00ecnh c\u00f3 kh\u00f4ng gian b\u1ebfp r\u1ed9ng v\u00e0 nhu c\u1ea7u n\u1ea5u n\u01b0\u1edbng cao th\u00ec\u00a0<strong>m\u00e1y r\u01b0\u0309a ba\u0301t Bosch SPV46MX00E<\/strong>\u00a0x\u1ee9ng \u0111\u00e1ng l\u00e0 s\u1ef1 l\u1ef1a ch\u1ecdn ho\u00e0n h\u1ea3o.<\/p>\n<\/div>\n<\/div>\n","protected":false},"excerpt":{"rendered":"<p>T\u1ed5ng quan chung M\u00e1y R\u1eeda B\u00e1t Bosch SPV46MX00E Ma\u0301y r\u01b0\u0309a ba\u0301t Bosch SPV46MX00E so v\u01a1\u0301i ca\u0301c do\u0300ng ma\u0301y th\u00f4ng th\u01b0\u01a1\u0300ng &hellip; <a class=\"link-more\" href=\"http:\/\/maudep.com.vn\/chuyengiadienmay\/?product=may-rua-bat-bosch-spv46mx00e\" class=\"more-link\">\u0110\u1ecdc th\u00eam &raquo;<span class=\"screen-reader-text\"> &#8220;M\u00e1y R\u1eeda B\u00e1t Bosch SPV46MX00E&#8221;<\/span><\/a><\/p>\n","protected":false},"featured_media":2296,"comment_status":"open","ping_status":"closed","template":"","meta":[],"_links":{"self":[{"href":"http:\/\/maudep.com.vn\/chuyengiadienmay\/index.php?rest_route=\/wp\/v2\/product\/2295"}],"collection":[{"href":"http:\/\/maudep.com.vn\/chuyengiadienmay\/index.php?rest_route=\/wp\/v2\/product"}],"about":[{"href":"http:\/\/maudep.com.vn\/chuyengiadienmay\/index.php?rest_route=\/wp\/v2\/types\/product"}],"replies":[{"embeddable":true,"href":"http:\/\/maudep.com.vn\/chuyengiadienmay\/index.php?rest_route=%2Fwp%2Fv2%2Fcomments&post=2295"}],"wp:featuredmedia":[{"embeddable":true,"href":"http:\/\/maudep.com.vn\/chuyengiadienmay\/index.php?rest_route=\/wp\/v2\/media\/2296"}],"wp:attachment":[{"href":"http:\/\/maudep.com.vn\/chuyengiadienmay\/index.php?rest_route=%2Fwp%2Fv2%2Fmedia&parent=2295"}],"curies":[{"name":"wp","href":"https:\/\/api.w.org\/{rel}","templated":true}]}}