{"id":2297,"date":"2019-01-06T10:51:28","date_gmt":"2019-01-06T03:51:28","guid":{"rendered":"http:\/\/maudep.com.vn\/chuyengiadienmay\/?post_type=product&#038;p=2297"},"modified":"2019-01-06T10:51:29","modified_gmt":"2019-01-06T03:51:29","slug":"may-rua-bat-bosch-spv46ix00e","status":"publish","type":"product","link":"http:\/\/maudep.com.vn\/chuyengiadienmay\/?product=may-rua-bat-bosch-spv46ix00e","title":{"rendered":"M\u00e1y R\u1eeda B\u00e1t Bosch SPV46IX00E"},"content":{"rendered":"<h3 class=\"title\">T\u1ed5ng quan chung M\u00e1y R\u1eeda B\u00e1t Bosch SPV46IX00E<\/h3>\n<div class=\"article-content\">\n<div class=\"js-content\">\n<h2>Ba\u0323n mu\u00f4\u0301n mua m\u00f4\u0323t chi\u00ea\u0301c ma\u0301y r\u01b0\u0309a ba\u0301t thi\u00ea\u0301t k\u00ea\u0301 \u0111e\u0323p, \u0111a ti\u0301nh n\u0103ng &#8211;\u00a0 ma\u0301y r\u01b0\u0309a ba\u0301t Bosch SPB46IX00E se\u0303 \u0111a\u0301p \u01b0\u0301ng mo\u0323i nhu c\u00e2\u0300u cu\u0309a ba\u0323n. \u0110\u00e2y la\u0300 thi\u00ea\u0301t bi\u0323 \u0111a\u0303 qua\u0301 quen thu\u00f4\u0323c tr\u00ean thi\u0323 tr\u01b0\u01a1\u0300ng hi\u00ea\u0323n nay, B\u00ea\u0301p Vu\u0303 S\u01a1n xin gi\u01a1\u0301i thi\u00ea\u0323u chi ti\u00ea\u0301t sa\u0309n ph\u00e2\u0309m giu\u0301p ba\u0323n \u0111a\u0301nh gia\u0301 kha\u0301ch quan nh\u00e2\u0301t.<\/h2>\n<h3><strong>Bosch SPV46IX00E s\u01b0\u0309 du\u0323ng linh ki\u00ea\u0323n cao c\u00e2\u0301p<\/strong><\/h3>\n<p>Kh\u00f4ng chi\u0309 co\u0301 thi\u00ea\u0301t k\u00ea\u0301 b\u0103\u0301t m\u0103\u0301t,\u00a0<strong>m\u00e1y r\u1eeda b\u00e1t Bosch SPV46IX00E<\/strong>\u00a0co\u0300n s\u01b0\u0309 du\u0323ng nh\u01b0\u0303ng linh ki\u00ea\u0323n cao c\u00e2\u0301p, giu\u0301p ng\u01b0\u01a1\u0300i du\u0300ng y\u00ean t\u00e2m s\u01b0\u0309 du\u0323ng, sa\u0309n ph\u00e2\u0309m \u0111\u01b0\u01a1\u0323c ba\u0309o ha\u0300nh 24 tha\u0301ng ta\u0323i nha\u0300.<\/p>\n<p><img title=\"may-rua-bat-bosch-spv46ix00e\" src=\"https:\/\/bepvuson.vn\/Data\/upload\/images\/M%C3%A1y%20r%E1%BB%ADa%20b%C3%A1t\/6940_.jpg\" alt=\"may-rua-bat-bosch-spv46ix00e\" \/><\/p>\n<ul>\n<li><em>Ma\u0301y r\u01b0\u0309a ba\u0301t co\u0301 thi\u1ebft k\u1ebf \u0111\u1ee9ng \u0111\u1ed9c l\u1eadp v\u1edbi\u00a0<strong>c\u00f4ng su\u1ea5t r\u1eeda 9 b\u1ed9 ch\u00e9n b\u00e1t Ch\u00e2u \u00c2u<\/strong>\u00a0v\u1edbi ch\u1ea5t li\u1ec7u\u00a0<strong>th\u00e9p kh\u00f4ng g\u1ec9 cao c\u1ea5p<\/strong>\u00a0s\u1eed d\u1ee5ng b\u1ec1n b\u1ec9 \u0111em l\u1ea1i s\u1ef1 ti\u1ec7n l\u1ee3i cho m\u1ecdi gia \u0111\u00ecnh.\u00a0<\/em><\/li>\n<li><em>C\u00e1c v\u1eadt li\u1ec7u m\u00e0 t\u1eeb \u0111\u00f3 ng\u0103n \u0111\u1ef1ng m\u00e1y r\u1eeda ch\u00e9n \u0111\u01b0\u1ee3c l\u00e0m\u00a0<strong>th\u00e9p kh\u00f4ng g\u1ec9<\/strong>,\u00a0<strong>co\u0301 \u0111\u00f4\u0323 b\u00ea\u0300n cao<\/strong>, d\u00ea\u0303 da\u0300ng trong qua\u0301 tri\u0300nh v\u00ea\u0323 sinh.<\/em><\/li>\n<li><em>Gia\u0301 x\u00ea\u0301p ba\u0301t \u0111i\u0303a\u00a0<strong>co\u0301 th\u00ea\u0309 \u0111i\u00ea\u0300u\u00a0chi\u0309nh\u00a0<\/strong>chi\u00ea\u0300u cao ta\u0323o ra kh\u00f4ng gian t\u00f4\u0301i \u01b0u.<\/em><\/li>\n<li><em>Ma\u0301y r\u01b0\u0309a ba\u0301t SPV46IX00E \u0111a\u0323t c\u1ea5p hi\u1ec7u qu\u1ea3\u00a0<strong>n\u0103ng l\u01b0\u1ee3ng\u00a0A +<\/strong>\u00a0(tr\u00ean thang hi\u1ec7u su\u1ea5t n\u0103ng l\u01b0\u1ee3ng t\u1eeb A +++ \u0111\u1ebfn D)<\/em><\/li>\n<li><em>\u0110\u00f4\u0323 \u00f4\u0300n d\u01b0\u01a1\u0301i\u00a0<strong>41 Db<\/strong>\u00a0\u0111a\u0309m ba\u0309o kh\u00f4ng a\u0309nh h\u01b0\u01a1\u0309ng \u0111\u00ea\u0301n ng\u01b0\u01a1\u0300i s\u01b0\u0309 du\u0323ng.<\/em><\/li>\n<li><em>Ma\u0301y r\u01b0\u0309a ba\u0301t Bosch co\u0301 chi\u00ea\u0300u cao 815mm, chi\u00ea\u0300u r\u00f4\u0323ng 448\u00a0<strong>phu\u0300 h\u01a1\u0323p<\/strong>\u00a0v\u01a1\u0301i \u0111a s\u00f4\u0301 kh\u00f4ng gian b\u00ea\u0301p gia \u0111i\u0300nh Vi\u00ea\u0323t.<\/em><\/li>\n<\/ul>\n<h3><strong>Ma\u0301y r\u01b0\u0309a ba\u0301t SPV46IX00E \u0111a ti\u0301nh n\u0103ng<\/strong><\/h3>\n<p><strong>M\u00e1y r\u1eeda b\u00e1t Bosch SPV46IX00E\u00a0<\/strong>la\u0300 do\u0300ng sa\u0309n ph\u00e2\u0309m n\u00f4\u0309i b\u00e2\u0323t v\u00ea\u0300 ti\u0301nh n\u0103ng, kh\u00f4ng nh\u01b0\u0303ng th\u00ea\u0301 co\u0300n ti\u00ea\u0301t ki\u00ea\u0323m \u0111i\u00ea\u0323n, ti\u00ea\u0301t ki\u00ea\u0323m n\u01b0\u01a1\u0301c, la\u0300 thi\u00ea\u0301t bi\u0323 \u0111\u01b0\u01a1\u0323c ng\u01b0\u01a1\u0300i ti\u00eau \u0111u\u0300ng \u0111a\u0301nh gia\u0301 r\u00e2\u0301t cao.<\/p>\n<p><img title=\"may-rua-bat-bosch-spv46ix00e-01\" src=\"https:\/\/bepvuson.vn\/Data\/upload\/images\/M%C3%A1y%20r%E1%BB%ADa%20b%C3%A1t\/SPV46IX00E-5%20(1).jpg\" alt=\"may-rua-bat-bosch-spv46ix00e-01\" \/><\/p>\n<ul>\n<li><em>H\u1ec7 th\u1ed1ng gi\u1ecf VarioFlex la\u0300m\u00a0<strong>t\u0103ng \u0111\u1ed9 linh ho\u1ea1t<\/strong>\u00a0trong x\u1ebfp d\u1ee1 do c\u00e1c y\u1ebfu t\u1ed1 di chuy\u1ec3n trong gi\u1ecf h\u00e0ng tr\u00ean v\u00e0 tr\u00ean.<\/em><\/li>\n<li><em><strong>H\u1eb9n gi\u1edd tr\u01b0\u1edbc \u0111\u1ebfn 24h<\/strong>, mang \u0111\u1ebfn s\u1ef1 linh ho\u1ea1t, ch\u1ee7 \u0111\u1ed9ng cao, b\u1ea1n kh\u00f4ng c\u1ea7n ph\u1ea3i ch\u1edd \u0111\u1ee3i tr\u1ef1c ti\u1ebfp \u0111\u1ec3 s\u1ea5y m\u00e0 ch\u1ec9 c\u1ea7n l\u1ef1a ch\u1ecdn m\u1ee9c th\u1eddi gian v\u00e0 thi\u1ebft b\u1ecb s\u1ebd gi\u00fap b\u1ea1n nh\u1eefng vi\u1ec7c c\u00f2n l\u1ea1i.<\/em><\/li>\n<li><em>Ma\u0301y r\u01b0\u0309a ba\u0301t co\u0300n ti\u0301ch h\u01a1\u0323p\u00a0<strong>ch\u00ea\u0301 \u0111\u00f4\u0323\u00a0Aquastop<\/strong>\u00a0l\u00e0 m\u1ed9t h\u1ec7 th\u1ed1ng b\u1ea3o v\u1ec7 k\u00e9p, khi c\u00f3 d\u1ea5u hi\u1ec7u r\u00f2 r\u1ec9 ho\u1eb7c ng\u1eadp n\u01b0\u1edbc, n\u00f3 s\u1ebd t\u1ef1 \u0111\u1ed9ng ng\u1eaft ngu\u1ed3n c\u1ea5p n\u01b0\u1edbc v\u00e0 \u0111\u1ed3ng th\u1eddi h\u00fat to\u00e0n b\u1ed9 l\u01b0\u1ee3ng n\u01b0\u1edbc c\u00f2n l\u1ea1i ra kh\u1ecfi khu v\u1ef1c b\u1ecb ng\u1eadp.\u00a0<strong>Gi\u00fap b\u1ea3o v\u1ec7 m\u00e1y<\/strong>\u00a0v\u00e0 ch\u1ed1ng tr\u00e0n n\u01b0\u1edbc ra s\u00e0n nh\u00e0.<\/em><\/li>\n<\/ul>\n<p><em><img title=\"may-rua-bat-bosch-spv46ix00e-02\" src=\"https:\/\/bepvuson.vn\/Data\/upload\/images\/M%C3%A1y%20r%E1%BB%ADa%20b%C3%A1t\/bosch-mrb-des-bosch-mrb-5.png\" alt=\"may-rua-bat-bosch-spv46ix00e-02\" \/><\/em><\/p>\n<ul>\n<li><em><strong>Ch\u01b0\u01a1ng tri\u0300nh SuperSilence<\/strong>\u00a0giu\u0301p ma\u0301y r\u01b0\u0309a ba\u0301t Bosch\u00a0<strong>hoa\u0323t \u0111\u00f4\u0323ng y\u00ean ti\u0303nh<\/strong>\u00a0nh\u01a1\u0300 vi\u00ea\u0323c v\u00e2\u0323n ha\u0300nh \u0111\u00f4\u0323ng c\u01a1 b\u0103\u0300ng \u0111i\u00ea\u0323n t\u01b0\u0309 va\u0300 nhi\u00ea\u0300u bi\u00ea\u0323n pha\u0301p gia\u0309m ti\u00ea\u0301ng \u00f4\u0300n.<\/em><\/li>\n<li><em><strong>Ma\u0300n hi\u0309nh hi\u00ea\u0309n thi\u0323<\/strong>\u00a0th\u01a1\u0300i gian co\u0300n la\u0323i va\u0300 k\u00ea\u0301t thu\u0301c ch\u01b0\u01a1ng tri\u0300nh.<\/em><\/li>\n<\/ul>\n<p>S\u1ea3n ph\u1ea9m c\u00f3 gi\u00e1 c\u1ea3 kh\u00f4ng qu\u00e1 cao, ph\u00f9 h\u1ee3p v\u1edbi nhi\u1ec1u gia \u0111\u00ecnh Vi\u00ea\u0323t. N\u1ebfu gia \u0111\u00ecnh c\u00f3 kh\u00f4ng gian b\u1ebfp r\u1ed9ng v\u00e0 nhu c\u1ea7u n\u1ea5u n\u01b0\u1edbng cao th\u00ec\u00a0<strong>m\u00e1y r\u01b0\u0309a ba\u0301t Bosch SPV46IX00E<\/strong>\u00a0x\u1ee9ng \u0111\u00e1ng l\u00e0 s\u1ef1 l\u1ef1a ch\u1ecdn ho\u00e0n h\u1ea3o.<\/p>\n<\/div>\n<\/div>\n","protected":false},"excerpt":{"rendered":"<p>T\u1ed5ng quan chung M\u00e1y R\u1eeda B\u00e1t Bosch SPV46IX00E Ba\u0323n mu\u00f4\u0301n mua m\u00f4\u0323t chi\u00ea\u0301c ma\u0301y r\u01b0\u0309a ba\u0301t thi\u00ea\u0301t k\u00ea\u0301 \u0111e\u0323p, \u0111a &hellip; <a class=\"link-more\" href=\"http:\/\/maudep.com.vn\/chuyengiadienmay\/?product=may-rua-bat-bosch-spv46ix00e\" class=\"more-link\">\u0110\u1ecdc th\u00eam &raquo;<span class=\"screen-reader-text\"> &#8220;M\u00e1y R\u1eeda B\u00e1t Bosch SPV46IX00E&#8221;<\/span><\/a><\/p>\n","protected":false},"featured_media":2298,"comment_status":"open","ping_status":"closed","template":"","meta":[],"_links":{"self":[{"href":"http:\/\/maudep.com.vn\/chuyengiadienmay\/index.php?rest_route=\/wp\/v2\/product\/2297"}],"collection":[{"href":"http:\/\/maudep.com.vn\/chuyengiadienmay\/index.php?rest_route=\/wp\/v2\/product"}],"about":[{"href":"http:\/\/maudep.com.vn\/chuyengiadienmay\/index.php?rest_route=\/wp\/v2\/types\/product"}],"replies":[{"embeddable":true,"href":"http:\/\/maudep.com.vn\/chuyengiadienmay\/index.php?rest_route=%2Fwp%2Fv2%2Fcomments&post=2297"}],"wp:featuredmedia":[{"embeddable":true,"href":"http:\/\/maudep.com.vn\/chuyengiadienmay\/index.php?rest_route=\/wp\/v2\/media\/2298"}],"wp:attachment":[{"href":"http:\/\/maudep.com.vn\/chuyengiadienmay\/index.php?rest_route=%2Fwp%2Fv2%2Fmedia&parent=2297"}],"curies":[{"name":"wp","href":"https:\/\/api.w.org\/{rel}","templated":true}]}}