{"id":2299,"date":"2019-01-06T10:56:26","date_gmt":"2019-01-06T03:56:26","guid":{"rendered":"http:\/\/maudep.com.vn\/chuyengiadienmay\/?post_type=product&#038;p=2299"},"modified":"2019-01-06T10:56:26","modified_gmt":"2019-01-06T03:56:26","slug":"may-rua-bat-bosch-spv44cx00e","status":"publish","type":"product","link":"http:\/\/maudep.com.vn\/chuyengiadienmay\/?product=may-rua-bat-bosch-spv44cx00e","title":{"rendered":"M\u00e1y R\u1eeda B\u00e1t Bosch SPV44CX00E"},"content":{"rendered":"<h3 class=\"title\">T\u1ed5ng quan chung M\u00e1y R\u1eeda B\u00e1t Bosch SPV44CX00E<\/h3>\n<div class=\"article-content\">\n<div class=\"js-content\">\n<h2>V\u01a1\u0301i thi\u00ea\u0301t k\u00ea\u0301 l\u0103\u0301p \u00e2m toa\u0300n ph\u00e2\u0300n, ma\u0301y r\u01b0\u0309a ba\u0301t Bosch SPV44CX00E se\u0303 la\u0300m gian b\u00ea\u0301p cu\u0309a ba\u0323n tr\u01a1\u0309 n\u00ean sang tro\u0323ng h\u01a1n. Kh\u00f4ng chi\u0309 th\u00ea\u0301, sa\u0309n ph\u00e2\u0309m co\u0300n ti\u0301ch h\u01a1\u0323p r\u00e2\u0301t nhi\u00ea\u0300u ch\u01b0\u01a1ng tri\u0300nh r\u01b0\u0309a, hi\u00ea\u0309n thi\u0323 ro\u0303 ra\u0300ng l\u00ean ba\u0309ng \u0111i\u00ea\u0300u khi\u00ea\u0309n, ba\u0323n co\u0301 th\u00ea\u0309 d\u00ea\u0303 da\u0300ng s\u01b0\u0309 du\u0323ng, l\u01b0\u0323a cho\u0323n ch\u00ea\u0301 \u0111\u00f4\u0323 mong mu\u00f4\u0301n.<\/h2>\n<h3><strong>\u0110a\u0301nh gia\u0301 ma\u0301y r\u01b0\u0309a ba\u0301t SPV44CX00E\u00a0<\/strong><\/h3>\n<p>Ha\u0303ng Bosch \u0111a\u0303 tung ra thi\u0323 tr\u01b0\u01a1\u0300ng sa\u0309n ph\u00e2\u0309m\u00a0<strong>m\u00e1y r\u1eeda b\u00e1t Bosch SPV44CX00E<\/strong>\u00a0&#8211; th\u00f4ng minh,\u00a0\u0111\u1ed9 \u1ed3n th\u1ea5p, ti\u1ebft ki\u1ec7m n\u01b0\u1edbc v\u00e0 \u0111i\u1ec7n n\u0103ng. M\u00e1y c\u00f3 dung t\u00edch l\u1edbn tr\u00ean th\u1ecb tr\u01b0\u1eddng, ch\u1ee9a \u0111\u01b0\u1ee3c 9\u00a0b\u1ed9 \u0111\u1ed3 \u0103n ch\u00e2u \u00c2u.<\/p>\n<p><img title=\"may-rua-bat-bosch-spv44cx00e\" src=\"https:\/\/bepvuson.vn\/Data\/upload\/images\/M%C3%A1y%20r%E1%BB%ADa%20b%C3%A1t\/Bosch-SPV44CX00E.jpg\" alt=\"may-rua-bat-bosch-spv44cx00e\" \/><\/p>\n<ul>\n<li><em>M\u00e1y r\u1eeda b\u00e1t Bosch\u00a0c\u00f3 gi\u00e1 \u0111\u1ee1 \u0111\u01b0\u1ee3c thi\u1ebft k\u1ebf c\u00f3 th\u1ec3\u00a0<strong>\u0111i\u1ec1u ch\u1ec9nh cao th\u1ea5p<\/strong>, gi\u00fap khoang r\u1eeda<strong>\u00a0ph\u00f9 h\u1ee3p<\/strong>\u00a0v\u1edbi nhi\u1ec1u k\u00edch th\u01b0\u1edbc kh\u00e1c nhau c\u1ee7a ch\u00e9n \u0111\u0129a.\u00a0<\/em><\/li>\n<li><em>SPV44CX00E co\u0301\u00a0<strong>hai khoang r\u1eeda th\u00f4ng minh<\/strong>\u00a0c\u00f3 th\u1ec3 th\u1ef1c hi\u1ec7n 3 ki\u1ec3u r\u1eeda kh\u00e1c nhau, nh\u01b0 r\u1eeda k\u1ef9 t\u1ea1i khu v\u1ef1c gi\u00e1 x\u1ebfp b\u00ean d\u01b0\u1edbi cho b\u00e1t \u0111\u0129a r\u1ea5t b\u1ea9n, r\u1eeda nh\u1eb9 nh\u00e0ng h\u01a1n t\u1ea1i gi\u00e1 b\u00ean tr\u00ean, ho\u1eb7c\u00a0<strong>k\u1ebft h\u1ee3p c\u1ea3 2 khu v\u1ef1c<\/strong>.<\/em><\/li>\n<li><em>Ray k\u00e9o tr\u01b0\u1ee3t c\u1ee7a m\u00e1y ch\u1eafc ch\u1eafn s\u1ebd gi\u00fap\u00a0<strong>thao t\u00e1c nh\u1eb9 nh\u00e0ng<\/strong>, ch\u00e2n \u0111\u1ee1 ki\u1ec3u g\u1ea5p d\u1ec5 d\u00e0ng b\u1ed1 tr\u00ed c\u00e1c lo\u1ea1i xoong n\u1ed3i. Thi\u1ebft k\u1ebf b\u00ean trong khoang r\u1eeda ph\u1eb3ng nh\u1eb5n, b\u1eb1ng\u00a0<strong>th\u00e9p kh\u00f4ng g\u1ec9<\/strong>, ch\u1ecbu \u0111\u01b0\u1ee3c c\u00e1c m\u1ee9c \u00e1p su\u1ea5t n\u01b0\u1edbc kh\u00e1c nhau, n\u00ean c\u00f3\u00a0<strong>t\u00ednh b\u1ec1n cao<\/strong>\u00a0v\u00e0 d\u1ec5 d\u00e0ng v\u1ec7 sinh.<\/em><\/li>\n<li><em>Ma\u0301y r\u01b0\u0309a ba\u0301t Bosch ti\u0301ch h\u01a1\u0323p\u00a0<strong>ch\u01b0\u01a1ng tri\u0300nh r\u01b0\u0309a im l\u0103\u0323ng<\/strong>, hoa\u0323t \u0111\u00f4\u0323ng y\u00ean ti\u0303nh chi\u0309 \u01a1\u0309\u00a0<strong>41Db<\/strong>\u00a0&#8211; \u0111a\u0309m ba\u0309o kh\u00f4ng a\u0309nh h\u01b0\u01a1\u0309ng \u0111\u00ea\u0301n ng\u01b0\u01a1\u0300i s\u01b0\u0309 du\u0323ng.<\/em><\/li>\n<\/ul>\n<h3><strong>Bosch SPV44CX00E \u0111a ch\u00ea\u0301 \u0111\u00f4\u0323 r\u01b0\u0309a<\/strong><\/h3>\n<p><strong>M\u00e1y r\u1eeda b\u00e1t Bosch SPV44CX00E<\/strong>\u00a0l\u1eafp \u00e2m to\u00e0n ph\u1ea7n, \u1ed1p g\u1ed7 theo thi\u1ebft k\u1ebf n\u1ed9i th\u1ea5t \u0111\u1ed3ng b\u1ed9 v\u1edbi to\u00e0n b\u1ed9 gian b\u1ebfp. Kh\u00f4ng chi\u0309 v\u00e2\u0323y, ma\u0301y co\u0300n ti\u0301ch h\u01a1\u0323p nhi\u00ea\u0300u ch\u00ea\u0301 \u0111\u00f4\u0323 r\u01b0\u0309a, ba\u0323n co\u0301 th\u00ea\u0309 d\u00ea\u0303 da\u0300ng l\u01b0\u0323a cho\u0323n m\u01b0\u0301c \u0111\u00f4\u0323 phu\u0300 h\u01a1\u0323p.<\/p>\n<p><img title=\"may-rua-bat-bosch-spv44cx00e-01\" src=\"https:\/\/bepvuson.vn\/Data\/upload\/images\/M%C3%A1y%20r%E1%BB%ADa%20b%C3%A1t\/may_rua_bat_Bosch_SPI46MS01E_2.jpg\" alt=\"may-rua-bat-bosch-spv44cx00e-01\" \/><\/p>\n<ul>\n<li><em>Ng\u0103n \u0111\u1ef1ng dao n\u0129a ph\u00eda tr\u00ean c\u00f3 th\u1ec3 l\u1ea5y ra ri\u00eang l\u1ebb, t\u1ea1o s\u1ef1\u00a0<strong>linh ho\u1ea1t<\/strong>\u00a0v\u00e0<strong>\u00a0t\u1ed1i \u01b0u h\u00f3a\u00a0<\/strong>kh\u00f4ng gian cho c\u00e1c ng\u0103n c\u00f2n l\u1ea1i. B\u1ea1n c\u00f3 th\u1ec3 r\u1eeda nh\u1eefng chi\u1ebfc ly cao h\u01a1n, ho\u1eb7c nh\u1eefng chi\u1ebfc xoong n\u1ed3i l\u1edbn h\u01a1n trong c\u00f9ng m\u1ed9t th\u1eddi gian. Ngo\u00e0i ra v\u1edbi h\u1ec7 th\u1ed1ng tay phun k\u00e9p, k\u1ebft h\u1ee3p ch\u1ee9c n\u0103ng r\u1eeda \u1edf\u00a0<strong>nhi\u1ec7t \u0111\u1ed9 cao<\/strong>\u00a0h\u01a1n, gi\u00fap lo\u1ea1i b\u1ecf \u0111\u01b0\u1ee3c m\u1ecdi v\u1ebft b\u1ea9n c\u1ee9ng \u0111\u1ea7u.<\/em><\/li>\n<li><em><strong>M\u00e1y r\u01b0\u0309a ba\u0301t Bosch SPV44CX00E<\/strong>\u00a0an to\u00e0n v\u1edbi\u00a0<strong>h\u1ec7 th\u1ed1ng Aqua-Stop<\/strong>\u00a0t\u1ef1 \u0111\u1ed9ng ph\u00e1t hi\u1ec7n v\u00e0 ng\u0103n ng\u1eeba s\u1ef1 r\u00f2 r\u1ec9 b\u00ean trong v\u00e0 b\u00ean ngo\u00e0i. Trong tr\u01b0\u1eddng h\u1ee3p m\u1ea5t n\u01b0\u1edbc, m\u00e1y s\u1ebd t\u1ea1m ng\u1eebng ho\u1ea1t \u0111\u1ed9ng, ng\u1eebng c\u1ea5p n\u01b0\u1edbc v\u00e0 b\u01a1m n\u01b0\u1edbc ra ngo\u00e0i. M\u00e1y \u0111\u01b0\u1ee3c trang b\u1ecb\u00a0<strong>h\u1ec7 th\u1ed1ng c\u1eeda an to\u00e0n<\/strong>, ng\u0103n kh\u00f4ng cho c\u1eeda b\u1ecb \u0111\u00f3ng s\u1eadp l\u1ea1i m\u00e0 ch\u1ec9 \u0111\u00f3ng t\u1eeb t\u1eeb,<strong>\u00a0an to\u00e0n<\/strong>\u00a0cho ng\u01b0\u1eddi s\u1eed d\u1ee5ng.<\/em><\/li>\n<\/ul>\n<p><em><img title=\"may-rua-bat-bosch-spv44cx00e-02\" src=\"https:\/\/bepvuson.vn\/Data\/upload\/images\/M%C3%A1y%20r%E1%BB%ADa%20b%C3%A1t\/may-rua-bat-bosch-SMS88TI03E-2.jpg\" alt=\"may-rua-bat-bosch-spv44cx00e-02\" \/><\/em><\/p>\n<ul>\n<li><em><strong>H\u1ec7 th\u1ed1ng c\u1ea3m bi\u1ebfn Eco-Sensor<\/strong>\u00a0c\u1ee7a m\u00e1y r\u1eeda b\u00e1t Bosch\u00a0th\u00f4ng minh, t\u1ef1 \u0111\u1ed9ng x\u00e1c \u0111\u1ecbnh \u0111\u1ed9 s\u1ea1ch c\u1ee7a n\u01b0\u1edbc v\u00e0 t\u00e1i s\u1eed d\u1ee5ng n\u1ebfu n\u01b0\u1edbc c\u00f2n s\u1ea1ch,<strong>\u00a0ti\u1ebft ki\u1ec7m<\/strong>\u00a0\u0111\u1ebfn 25% n\u0103ng l\u01b0\u1ee3ng n\u01b0\u1edbc, 40% n\u0103ng l\u01b0\u1ee3ng v\u00e0 th\u1eddi gian.<\/em><\/li>\n<li><em>Ma\u0301y r\u01b0\u0309a ba\u0301t Bosch co\u0300n co\u0301\u00a0<strong>h\u1ec7 th\u1ed1ng s\u1ea5y kh\u00f4 m\u1edbi<\/strong>, b\u00e1t \u0111\u0129a s\u1ebd \u0111\u01b0\u1ee3c s\u1ea5y nhanh h\u01a1n m\u00e0 kh\u00f4ng b\u1ecb \u0111\u1ecdng h\u01a1i n\u01b0\u1edbc tr\u00ean b\u1ec1 m\u1eb7t. H\u1ec7 th\u1ed1ng n\u00e0y gi\u00fap\u00a0<strong>b\u1ea3o v\u1ec7<\/strong>\u00a0c\u00e1c thi\u1ebft b\u1ecb kh\u00e1c li\u00ea\u0300n\u00a0k\u1ec1 kh\u00f4ng b\u1ecb \u1ea3nh h\u01b0\u1edfng b\u1edfi h\u01a1i n\u01b0\u1edbc.<\/em><\/li>\n<\/ul>\n<p>S\u1ea3n ph\u1ea9m c\u00f3 gi\u00e1 c\u1ea3 kh\u00f4ng qu\u00e1 cao, ph\u00f9 h\u1ee3p v\u1edbi nhi\u1ec1u gia \u0111\u00ecnh Vi\u00ea\u0323t. N\u1ebfu gia \u0111\u00ecnh c\u00f3 kh\u00f4ng gian b\u1ebfp r\u1ed9ng v\u00e0 nhu c\u1ea7u n\u1ea5u n\u01b0\u1edbng cao th\u00ec\u00a0<strong>m\u00e1y r\u01b0\u0309a ba\u0301t Bosch SPV44CX00E<\/strong>\u00a0x\u1ee9ng \u0111\u00e1ng l\u00e0 s\u1ef1 l\u1ef1a ch\u1ecdn ho\u00e0n h\u1ea3o.<\/p>\n<\/div>\n<\/div>\n","protected":false},"excerpt":{"rendered":"<p>T\u1ed5ng quan chung M\u00e1y R\u1eeda B\u00e1t Bosch SPV44CX00E V\u01a1\u0301i thi\u00ea\u0301t k\u00ea\u0301 l\u0103\u0301p \u00e2m toa\u0300n ph\u00e2\u0300n, ma\u0301y r\u01b0\u0309a ba\u0301t Bosch SPV44CX00E &hellip; <a class=\"link-more\" href=\"http:\/\/maudep.com.vn\/chuyengiadienmay\/?product=may-rua-bat-bosch-spv44cx00e\" class=\"more-link\">\u0110\u1ecdc th\u00eam &raquo;<span class=\"screen-reader-text\"> &#8220;M\u00e1y R\u1eeda B\u00e1t Bosch SPV44CX00E&#8221;<\/span><\/a><\/p>\n","protected":false},"featured_media":2300,"comment_status":"open","ping_status":"closed","template":"","meta":[],"_links":{"self":[{"href":"http:\/\/maudep.com.vn\/chuyengiadienmay\/index.php?rest_route=\/wp\/v2\/product\/2299"}],"collection":[{"href":"http:\/\/maudep.com.vn\/chuyengiadienmay\/index.php?rest_route=\/wp\/v2\/product"}],"about":[{"href":"http:\/\/maudep.com.vn\/chuyengiadienmay\/index.php?rest_route=\/wp\/v2\/types\/product"}],"replies":[{"embeddable":true,"href":"http:\/\/maudep.com.vn\/chuyengiadienmay\/index.php?rest_route=%2Fwp%2Fv2%2Fcomments&post=2299"}],"wp:featuredmedia":[{"embeddable":true,"href":"http:\/\/maudep.com.vn\/chuyengiadienmay\/index.php?rest_route=\/wp\/v2\/media\/2300"}],"wp:attachment":[{"href":"http:\/\/maudep.com.vn\/chuyengiadienmay\/index.php?rest_route=%2Fwp%2Fv2%2Fmedia&parent=2299"}],"curies":[{"name":"wp","href":"https:\/\/api.w.org\/{rel}","templated":true}]}}