{"id":2304,"date":"2019-01-06T11:04:25","date_gmt":"2019-01-06T04:04:25","guid":{"rendered":"http:\/\/maudep.com.vn\/chuyengiadienmay\/?post_type=product&#038;p=2304"},"modified":"2019-01-06T11:04:25","modified_gmt":"2019-01-06T04:04:25","slug":"may-rua-bat-bosch-sps66ti01e","status":"publish","type":"product","link":"http:\/\/maudep.com.vn\/chuyengiadienmay\/?product=may-rua-bat-bosch-sps66ti01e","title":{"rendered":"M\u00e1y R\u1eeda B\u00e1t Bosch SPS66TI01E"},"content":{"rendered":"<h3 class=\"title\">T\u1ed5ng quan chung M\u00e1y R\u1eeda B\u00e1t Bosch SPS66TI01E<\/h3>\n<div class=\"article-content\">\n<div class=\"js-content\">\n<h2>M\u00e1y r\u1eeda b\u00e1t Bosch SPS66TI01E\u00a0\u0111\u01b0\u1ee3c nh\u1eadp kh\u1ea9u nguy\u00ean chi\u1ebfc t\u1eeb \u0110\u1ee9c, v\u1edbi ki\u1ec3u d\u00e1ng sang tr\u1ecdng, \u0111\u1ed9 b\u1ec1n v\u01b0\u1ee3t tr\u1ed9i. \u0110\u1eb7c bi\u1ec7t, h\u1ec7 th\u1ed1ng c\u1ea3m bi\u1ebfn c\u1ee7a m\u00e1y c\u00f3 kh\u1ea3 n\u0103ng t\u1ef1 \u0111\u1ed9ng nh\u1eadn di\u1ec7n l\u01b0\u1ee3ng mu\u1ed1i c\u1ea7n v\u00e0 nh\u1eadn \u0111\u1ed9 s\u1ea1ch c\u1ee7a n\u01b0\u1edbc,\u00a0cho ph\u00e9p ng\u01b0\u1eddi s\u1eed d\u1ee5ng ti\u1ebft ki\u1ec7m \u0111\u01b0\u1ee3c c\u1ea3 n\u01b0\u1edbc v\u00e0 l\u01b0\u1ee3ng mu\u1ed1i trong m\u1ed7i chu tr\u00ecnh r\u1eeda.<\/h2>\n<h3>Ma\u0301y r\u01b0\u0309a ba\u0301t SPS66TI01E s\u01b0\u0309 du\u0323ng linh ki\u00ea\u0323n cao c\u00e2\u0301p<\/h3>\n<p><strong>M\u00e1y r\u1eeda b\u00e1t Bosch SPS66TI01E<\/strong>\u00a0\u0111\u01b0\u1ee3c nh\u1eadp kh\u1ea9u t\u1eeb ch\u00e2u \u00c2u v\u1edbi thi\u1ebft k\u1ebf 9 b\u1ed9 b\u00e1t \u0111\u0129a ch\u00e2u \u00c2u t\u01b0\u01a1ng \u0111\u01b0\u01a1ng v\u1edbi 1 m\u00e2m c\u01a1m ng\u01b0\u1eddi Vi\u1ec7t, m\u00e1y r\u1eeda\u00a0ho\u00e0n th\u00e0nh xu\u1ea5t s\u1eafc nhi\u1ec7m v\u1ee5 trong c\u0103n b\u1ebfp, khi c\u00f3 th\u1ec3 r\u1eeda \u0111\u01b0\u1ee3c b\u00e1t \u0111\u0129a, th\u1eadm ch\u00ed c\u1ea3 xoong n\u1ed3i n\u1ea5u c\u1ee1 v\u1eeba v\u00e0 nh\u1ecf.<\/p>\n<p><img title=\"may-rua-bat-bosch-sps66ti01e\" src=\"https:\/\/bepvuson.vn\/Data\/upload\/images\/may_rua_bat_bosch\/Bosch-SPV44CX00E.jpg\" alt=\"may-rua-bat-bosch-sps66ti01e\" \/><\/p>\n<ul>\n<li><em><strong>M\u00e1y r\u1eeda b\u00e1t Bosch<\/strong>\u00a0c\u00f3 gi\u00e1 \u0111\u1ee1 \u0111\u01b0\u1ee3c thi\u1ebft k\u1ebf c\u00f3 th\u1ec3\u00a0<strong>\u0111i\u1ec1u ch\u1ec9nh cao th\u1ea5p<\/strong>, gi\u00fap khoang r\u1eeda\u00a0<strong>ph\u00f9 h\u1ee3p<\/strong>\u00a0v\u1edbi nhi\u1ec1u k\u00edch th\u01b0\u1edbc kh\u00e1c nhau c\u1ee7a ch\u00e9n \u0111\u0129a.\u00a0<\/em><\/li>\n<li><em><strong>SPS66TI01E<\/strong>\u00a0co\u0301\u00a0<strong>hai khoang r\u1eeda th\u00f4ng minh<\/strong>\u00a0c\u00f3 th\u1ec3 th\u1ef1c hi\u1ec7n\u00a0<strong>3 ki\u1ec3u r\u1eeda<\/strong>\u00a0kh\u00e1c nhau, nh\u01b0 r\u1eeda k\u1ef9 t\u1ea1i khu v\u1ef1c gi\u00e1 x\u1ebfp b\u00ean d\u01b0\u1edbi cho b\u00e1t \u0111\u0129a r\u1ea5t b\u1ea9n, r\u1eeda nh\u1eb9 nh\u00e0ng h\u01a1n t\u1ea1i gi\u00e1 b\u00ean tr\u00ean, ho\u1eb7c\u00a0<strong>k\u1ebft h\u1ee3p<\/strong>\u00a0c\u1ea3 2 khu v\u1ef1c.<\/em><\/li>\n<li><em>C\u00e1c d\u00f2ng\u00a0<strong>m\u00e1y r\u1eeda b\u00e1t Bosch<\/strong>\u00a0\u0111\u1ec1u c\u00f3 m\u1ed9t b\u1ed3n ch\u1ee9a, m\u1ed9t c\u00e1i gi\u00e1 th\u1ee9 ba cho dao k\u00e9o \u0111\u01b0\u1ee3c l\u00e0m b\u1eb1ng th\u00e9p kh\u00f4ng r\u1ec9 l\u00e0 lo\u1ea1i ch\u1ea5t li\u1ec7u cao c\u1ea5p d\u00f9 ti\u1ebfp x\u00fac nhi\u1ec1u v\u1edbi n\u01b0\u1edbc v\u00e0 c\u00e1c h\u00f3a ch\u1ea5t t\u1ea9y r\u1eeda nh\u01b0ng v\u1eabn r\u1ea5t\u00a0<strong>an to\u00e0n<\/strong>\u00a0cho c\u1ea3 thi\u1ebft b\u1ecb v\u00e0 v\u1eadt d\u00f9ng c\u1ea7n r\u1eeda.<\/em><\/li>\n<\/ul>\n<p><em><img title=\"may-rua-bat-bosch-sps66ti01e-02\" src=\"https:\/\/bepvuson.vn\/Data\/upload\/images\/may_rua_bat_bosch\/MCIM00725288__0004_BO_PDC_E_emotionlight.jpg\" alt=\"may-rua-bat-bosch-sps66ti01e-02\" \/><\/em><\/p>\n<ul>\n<li><em>Ray k\u00e9o tr\u01b0\u1ee3t c\u1ee7a m\u00e1y ch\u1eafc ch\u1eafn s\u1ebd gi\u00fap thao t\u00e1c nh\u1eb9 nh\u00e0ng, ch\u00e2n \u0111\u1ee1 ki\u1ec3u g\u1ea5p d\u1ec5 d\u00e0ng b\u1ed1 tr\u00ed c\u00e1c lo\u1ea1i xoong n\u1ed3i. Thi\u1ebft k\u1ebf b\u00ean trong khoang r\u1eeda ph\u1eb3ng nh\u1eb5n, b\u1eb1ng\u00a0<strong>th\u00e9p kh\u00f4ng g\u1ec9<\/strong>, ch\u1ecbu \u0111\u01b0\u1ee3c c\u00e1c m\u1ee9c \u00e1p su\u1ea5t n\u01b0\u1edbc kh\u00e1c nhau, n\u00ean c\u00f3 t\u00ednh b\u1ec1n cao v\u00e0 d\u1ec5 d\u00e0ng v\u1ec7 sinh.<\/em><\/li>\n<li><em><strong>Ma\u0301y r\u01b0\u0309a ba\u0301t Bosch<\/strong>\u00a0ti\u0301ch h\u01a1\u0323p\u00a0<strong>ch\u01b0\u01a1ng tri\u0300nh r\u01b0\u0309a im l\u0103\u0323ng<\/strong>, hoa\u0323t \u0111\u00f4\u0323ng y\u00ean ti\u0303nh chi\u0309 \u01a1\u0309\u00a0<strong>41Db<\/strong>\u00a0&#8211; \u0111a\u0309m ba\u0309o\u00a0<strong>kh\u00f4ng a\u0309nh h\u01b0\u01a1\u0309ng<\/strong>\u00a0\u0111\u00ea\u0301n ng\u01b0\u01a1\u0300i s\u01b0\u0309 du\u0323ng.<\/em><\/li>\n<\/ul>\n<h3>Ma\u0301y r\u01b0\u0309a ba\u0301t SPS66TI01E co\u0301 nh\u01b0\u0303ng ti\u0301nh n\u0103ng gi\u0300?<\/h3>\n<p><strong>M\u00e1y r\u1eeda b\u00e1t Bosch SPS66TI01E<\/strong>\u00a0\u0111\u01b0\u1ee3c trang b\u1ecb c\u00e1c c\u00f4ng ngh\u1ec7 hi\u1ec7n \u0111\u1ea1i t\u00ednh n\u0103ng ti\u1ec7n \u00edch t\u1ed1i \u0111a cho ng\u01b0\u1eddi s\u1eed d\u1ee5ng,\u00a0c\u00f3 nhi\u1ec1u t\u00ednh n\u0103ng, nhi\u1ec1u ch\u01b0\u01a1ng tr\u00ecnh r\u1eeda hi\u1ec7n \u0111\u1ea1i \u01a1n nh\u01b0: r\u1eeda n\u1eeda t\u1ea3i, r\u1eeda \u0111\u1ed3 th\u1ee7y t\u00ednh hay d\u00e0nh cho c\u00e1c lo\u1ea1i ch\u1ea5t li\u1ec7u kh\u00e1c nhau.<\/p>\n<p><img title=\"may-rua-bat-bosch-sps66ti01e-01\" src=\"https:\/\/bepvuson.vn\/Data\/upload\/images\/may_rua_bat_bosch\/may-rua-bat-bosch-SPS66TI01E-2.jpg\" alt=\"may-rua-bat-bosch-sps66ti01e-01\" \/><\/p>\n<ul>\n<li><em><strong>H\u1ec7 th\u1ed1ng AquaStop ng\u0103n b\u00e1o hi\u1ec7u m\u1ef1c n\u01b0\u1edbc<\/strong>\u00a0:\u00a0H\u1ec7 th\u1ed1ng n\u00e0y cu\u0309a ma\u0301y r\u01b0\u0309a ba\u0301t Bosch\u00a0gi\u00fap b\u1ea3o m\u1ef1c n\u01b0\u1edbc \u0111\u1ee7 \u0111\u1ec3 th\u1ef1c hi\u1ec7n chi tr\u00ecnh r\u1eeda, ng\u0103n hi\u1ec7n t\u01b0\u1eddng tr\u00e0n hay r\u00f2 r\u1ec9 n\u01b0\u1edbc l\u00e0m \u1ea3nh h\u01b0\u1edfng \u0111\u1ebfn c\u00e1c linh ki\u1ec7n \u00a0c\u1ee7a thi\u1ebft b\u1ecb.<\/em><\/li>\n<li><em><strong>C\u00f4ng ngh\u1ec7 ActiveWater ho\u1ea1t \u0111\u1ed9ng hi\u1ec7u qu\u1ea3<\/strong>\u00a0:Ma\u0301y r\u01b0\u0309a ba\u0301t Bosch SPS66TU01E\u00a0T\u1ed1i \u0111a h\u00f3a s\u1ee9c m\u1ea1nh c\u1ee7a n\u01b0\u1edbc qua v\u00f2i phun l\u1ea5y \u0111i c\u00e1c lo\u1ea1i v\u1ebft b\u1ea9n c\u1ed9ng v\u1edbi t\u00ednh n\u0103ng c\u1ea3m bi\u1ebfn nh\u1eadn di\u1ec7n \u0111\u1ed9 s\u1ea1ch c\u1ee7a n\u01b0\u1edbc qua \u0111\u00f3 t\u00e1i t\u1ea1o s\u1eed d\u1ee5ng nh\u1eefng ph\u00e2n t\u1eed n\u01b0\u1edbc c\u00f2n s\u1eed d\u1ee5ng \u0111\u01b0\u1ee3c \u0111\u1ec3 l\u00e0m s\u00e1ch b\u00e1t \u0111\u0169a qua \u0111\u00f3 ti\u1ebft ki\u1ec7m t\u1ed1i \u0111a nhi\u00ean li\u1ec7u s\u1eed d\u1ee5ng.<\/em><\/li>\n<li><em><strong>C\u00f4ng ngh\u1ec7 LoadSensor<\/strong>\u00a0:\u00a0Tr\u1ecdng l\u01b0\u1ee3ng t\u1ea3i \u0111\u01b0\u1ee3c ph\u00e1t hi\u1ec7n b\u1edfi m\u1ed9t b\u1ed9 c\u1ea3m bi\u1ebfn t\u1ed1c \u0111\u1ed9 quay x\u00e1c \u0111\u1ecbnh m\u1ee9c n\u01b0\u1edbc. \u0110\u1ed1i v\u1edbi l\u01b0\u1ee3ng l\u1edbn h\u01a1n, c\u1ea7n th\u00eam n\u01b0\u1edbc \u0111\u1ec3 ng\u00e2m \u0111\u0129a v\u00e0 m\u1ef1c n\u01b0\u1edbc gi\u1ea3m. Trong tr\u01b0\u1eddng h\u1ee3p n\u00e0y s\u1ebd th\u00eam nhi\u1ec1u n\u01b0\u1edbc.\u0110\u1ed1i v\u1edbi nh\u1eefng ph\u1ee5 t\u1ea3i nh\u1ecf h\u01a1n, c\u1ea7n r\u1eeda \u00edt n\u01b0\u1edbc. B\u1ed9 c\u1ea3m bi\u1ebfn t\u1ea3i cu\u0309a ma\u0301y r\u01b0\u0309a ba\u0301t Bosch cho ph\u00e9p s\u1eed d\u1ee5ng n\u01b0\u1edbc t\u1ed1i \u01b0u ngay c\u1ea3 \u0111\u1ed1i v\u1edbi m\u1ed9t n\u1eeda t\u1ea3i ho\u1eb7c m\u1ed9t ph\u1ea7n t\u1ea3i, ti\u1ebft ki\u1ec7m n\u01b0\u1edbc v\u00e0 \u0111i\u1ec7n.<\/em><\/li>\n<\/ul>\n<p>S\u1ea3n ph\u1ea9m c\u00f3 gi\u00e1 c\u1ea3 kh\u00f4ng qu\u00e1 cao, ph\u00f9 h\u1ee3p v\u1edbi nhi\u1ec1u gia \u0111\u00ecnh Vi\u00ea\u0323t. N\u1ebfu gia \u0111\u00ecnh c\u00f3 kh\u00f4ng gian b\u1ebfp r\u1ed9ng v\u00e0 nhu c\u1ea7u n\u1ea5u n\u01b0\u1edbng cao th\u00ec\u00a0<strong>m\u00e1y r\u01b0\u0309a ba\u0301t Bosch SPS66TI01E<\/strong>\u00a0x\u1ee9ng \u0111\u00e1ng l\u00e0 s\u1ef1 l\u1ef1a ch\u1ecdn ho\u00e0n h\u1ea3o.<\/p>\n<\/div>\n<\/div>\n","protected":false},"excerpt":{"rendered":"<p>T\u1ed5ng quan chung M\u00e1y R\u1eeda B\u00e1t Bosch SPS66TI01E M\u00e1y r\u1eeda b\u00e1t Bosch SPS66TI01E\u00a0\u0111\u01b0\u1ee3c nh\u1eadp kh\u1ea9u nguy\u00ean chi\u1ebfc t\u1eeb \u0110\u1ee9c, v\u1edbi &hellip; <a class=\"link-more\" href=\"http:\/\/maudep.com.vn\/chuyengiadienmay\/?product=may-rua-bat-bosch-sps66ti01e\" class=\"more-link\">\u0110\u1ecdc th\u00eam &raquo;<span class=\"screen-reader-text\"> &#8220;M\u00e1y R\u1eeda B\u00e1t Bosch SPS66TI01E&#8221;<\/span><\/a><\/p>\n","protected":false},"featured_media":2305,"comment_status":"open","ping_status":"closed","template":"","meta":[],"_links":{"self":[{"href":"http:\/\/maudep.com.vn\/chuyengiadienmay\/index.php?rest_route=\/wp\/v2\/product\/2304"}],"collection":[{"href":"http:\/\/maudep.com.vn\/chuyengiadienmay\/index.php?rest_route=\/wp\/v2\/product"}],"about":[{"href":"http:\/\/maudep.com.vn\/chuyengiadienmay\/index.php?rest_route=\/wp\/v2\/types\/product"}],"replies":[{"embeddable":true,"href":"http:\/\/maudep.com.vn\/chuyengiadienmay\/index.php?rest_route=%2Fwp%2Fv2%2Fcomments&post=2304"}],"wp:featuredmedia":[{"embeddable":true,"href":"http:\/\/maudep.com.vn\/chuyengiadienmay\/index.php?rest_route=\/wp\/v2\/media\/2305"}],"wp:attachment":[{"href":"http:\/\/maudep.com.vn\/chuyengiadienmay\/index.php?rest_route=%2Fwp%2Fv2%2Fmedia&parent=2304"}],"curies":[{"name":"wp","href":"https:\/\/api.w.org\/{rel}","templated":true}]}}