{"id":2306,"date":"2019-01-06T11:08:59","date_gmt":"2019-01-06T04:08:59","guid":{"rendered":"http:\/\/maudep.com.vn\/chuyengiadienmay\/?post_type=product&#038;p=2306"},"modified":"2019-01-06T11:09:00","modified_gmt":"2019-01-06T04:09:00","slug":"may-rua-bat-bosch-sce52m65eu","status":"publish","type":"product","link":"http:\/\/maudep.com.vn\/chuyengiadienmay\/?product=may-rua-bat-bosch-sce52m65eu","title":{"rendered":"M\u00e1y r\u1eeda b\u00e1t Bosch SCE52M65EU"},"content":{"rendered":"<h3 class=\"title\">T\u1ed5ng quan chung M\u00e1y r\u1eeda b\u00e1t Bosch SCE52M65EU<\/h3>\n<div class=\"article-content\">\n<div class=\"js-content\">\n<h2>M\u00e1y r\u1eeda b\u00e1t Bosch SCE52M65EU\u00a0thu\u1ed9c d\u00f2ng m\u00e1y r\u1eeda b\u00e1t \u0111\u1ed9c l\u1eadp ch\u1ea5t l\u01b0\u1ee3ng t\u1ed1t, gi\u00e1 t\u1ed1t nh\u1ea5t \u0111\u01b0\u1ee3c \u01b0a chu\u1ed9ng cao tr\u00ean th\u1ecb tr\u01b0\u1eddng, r\u1eeda ti\u1ebft ki\u1ec7m n\u01b0\u1edbc h\u01a1n 1 n\u1eeda so v\u1edbi r\u1eeda b\u00e1t b\u1eb1ng tay th\u1ee7 c\u00f4ng truy\u1ec1n th\u1ed1ng. Ngo\u00e0i ra, s\u1edf h\u1eefu thi\u1ebft k\u1ebf hi\u1ec7n \u0111\u1ea1i sang tr\u1ecdng, sa\u0309n ph\u00e2\u0309m thu\u1ed9c th\u01b0\u01a1ng hi\u1ec7u Bosch ch\u00ednh l\u00e0 \u0111i\u1ec3m nh\u1ea5n cho c\u0103n b\u1ebfp nh\u00e0 b\u1ea1n th\u00eam ph\u1ea7n \u0111\u1eb3ng c\u1ea5p.<\/h2>\n<h3><strong>Linh ki\u00ea\u0323n ma\u0301y r\u01b0\u0309a ba\u0301t SCE52M65EU co\u0301 t\u00f4\u0301t kh\u00f4ng?<\/strong><\/h3>\n<p>Nh\u1eadp kh\u1ea9u nguy\u00ean chi\u1ebfc t\u1eeb Ch\u00e2u \u00c2u,<strong>\u00a0m\u00e1y r\u1eeda b\u00e1t Bosch SCE52M65EU<\/strong>\u00a0ch\u00ednh h\u00e3ng c\u00f3 c\u00f4ng su\u1ea5t r\u1eeda 8\u00a0b\u1ed9, sa\u0309n ph\u00e2\u0309m na\u0300y co\u0300n s\u01b0\u0309 du\u0323ng nh\u01b0\u0303ng linh ki\u00ea\u0323n cao c\u00e2\u0301p giu\u0301p ng\u01b0\u01a1\u0300i du\u0300ng y\u00ean t\u00e2m s\u01b0\u0309 du\u0323ng.<\/p>\n<p><img title=\"may-rua-bat-bosch-sce52m65eu\" src=\"https:\/\/bepvuson.vn\/Data\/upload\/images\/B%E1%BA%BFp%20t%E1%BB%AB\/BOSCH-SCE52M65EU-1024x1018.jpg\" alt=\"may-rua-bat-bosch-sce52m65eu\" \/><\/p>\n<ul>\n<li><em>Ma\u0301y r\u01b0\u0309a ba\u0301t co\u0301\u00a0<strong>thi\u1ebft k\u1ebf \u0111\u1ee9ng \u0111\u1ed9c l\u1eadp<\/strong>\u00a0v\u1edbi ch\u1ea5t li\u1ec7u<strong>\u00a0th\u00e9p kh\u00f4ng g\u1ec9<\/strong>\u00a0cao c\u1ea5p s\u1eed d\u1ee5ng b\u1ec1n b\u1ec9 \u0111em l\u1ea1i s\u1ef1 ti\u1ec7n l\u1ee3i cho m\u1ecdi gia \u0111\u00ecnh.\u00a0<\/em><\/li>\n<li><em>C\u00e1c v\u1eadt li\u1ec7u m\u00e0 t\u1eeb \u0111\u00f3 ng\u0103n \u0111\u1ef1ng m\u00e1y r\u1eeda ch\u00e9n \u0111\u01b0\u1ee3c l\u00e0m\u00a0<strong>th\u00e9p kh\u00f4ng g\u1ec9<\/strong>, co\u0301\u00a0<strong>\u0111\u00f4\u0323 b\u00ea\u0300n cao<\/strong>, d\u00ea\u0303 da\u0300ng trong qua\u0301 tri\u0300nh v\u00ea\u0323 sinh.<\/em><\/li>\n<li><em>Gia\u0301 x\u00ea\u0301p ba\u0301t \u0111i\u0303a co\u0301 th\u00ea\u0309\u00a0<strong>\u0111i\u00ea\u0300u\u00a0chi\u0309nh<\/strong>\u00a0chi\u00ea\u0300u cao ta\u0323o ra kh\u00f4ng gian t\u00f4\u0301i \u01b0u.<\/em><\/li>\n<li><em>Ma\u0301y r\u01b0\u0309a ba\u0301t Bosch SCE52M65EU\u00a0\u0111a\u0323t c\u1ea5p hi\u1ec7u qu\u1ea3\u00a0<strong>n\u0103ng l\u01b0\u1ee3ng\u00a0A +<\/strong>\u00a0(tr\u00ean thang hi\u1ec7u su\u1ea5t n\u0103ng l\u01b0\u1ee3ng t\u1eeb A +++ \u0111\u1ebfn D)<\/em><\/li>\n<li><em>\u0110\u00f4\u0323 \u00f4\u0300n d\u01b0\u01a1\u0301i\u00a0<strong>48\u00a0Db<\/strong>\u00a0\u0111a\u0309m ba\u0309o\u00a0<strong>kh\u00f4ng a\u0309nh h\u01b0\u01a1\u0309ng\u00a0<\/strong>\u0111\u00ea\u0301n ng\u01b0\u01a1\u0300i s\u01b0\u0309 du\u0323ng.<\/em><\/li>\n<\/ul>\n<p><em>\u200b<img title=\"may-rua-bat-bosch-sce52m65eu-01\" src=\"https:\/\/bepvuson.vn\/Data\/upload\/images\/M%C3%A1y%20r%E1%BB%ADa%20b%C3%A1t\/kich_thuoc_lap_dat_Bosch_SKS62E22EUx500x500x4.jpg\" alt=\"may-rua-bat-bosch-sce52m65eu-01\" \/><\/em><\/p>\n<ul>\n<li><em>Ma\u0301y r\u01b0\u0309a ba\u0301t Bosch co\u0301 ki\u0301ch th\u01b0\u01a1\u0301c\u00a0595 x 595 x 500 mm\u00a0<strong>phu\u0300 h\u01a1\u0323p<\/strong>\u00a0v\u01a1\u0301i \u0111a s\u00f4\u0301 kh\u00f4ng gian b\u00ea\u0301p gia \u0111i\u0300nh Vi\u00ea\u0323t.<\/em><\/li>\n<\/ul>\n<h3><strong>\u01afu \u0111i\u00ea\u0309m\u00a0n\u00f4\u0309i b\u00e2\u0323t cu\u0309a ma\u0301y r\u01b0\u0309a ba\u0301t Bosch \u0111\u00f4\u0323c l\u00e2\u0323p SCE52M65EU\u00a0<\/strong><\/h3>\n<p><strong>M\u00e1y r\u1eeda b\u00e1t Bosch SCE52M65EU<\/strong>\u00a0c\u00f3 h\u1ec7 th\u1ed1ng Aqua Stop ng\u0103n ch\u1eb7n n\u01b0\u1edbc r\u00f2 r\u1ec9 ra b\u00ean ngo\u00e0i b\u1ea3o v\u1ec7 m\u00e1y lu\u00f4n \u0111\u01b0\u1ee3c an to\u00e0n v\u1edbi ch\u1ea5t li\u1ec7u th\u00e9p kh\u00f4ng g\u1ec9 cao c\u1ea5p, ch\u1ed1ng b\u00e1m d\u1ea5u v\u00e2n tay v\u00e0 kh\u00f4ng b\u1ecb m\u00f3p m\u00e9o, cho hi\u1ec7u qu\u1ea3 s\u1eed d\u1ee5ng b\u1ec1n b\u1ec9 m\u00e0 v\u1eabn \u0111\u1ea3m b\u1ea3o \u0111\u01b0\u1ee3c t\u00ednh th\u1ea9m m\u1ef9 c\u1ee7a s\u1ea3n ph\u1ea9m.<\/p>\n<p><img title=\"may-rua-bat-bosch-sce52m65eu-02\" src=\"https:\/\/bepvuson.vn\/Data\/upload\/images\/M%C3%A1y%20r%E1%BB%ADa%20b%C3%A1t\/may_rua_bat_sms46ki04e.jpg\" alt=\"may-rua-bat-bosch-sce52m65eu-02\" \/><\/p>\n<ul>\n<li><em>Ma\u0301y r\u01b0\u0309a ba\u0301t Bosch trang bi\u0323\u00a0<strong>ch\u1ee9c n\u0103ng VarioSpeed<\/strong>\u00a0\u00a0gi\u1ea3m th\u1eddi l\u01b0\u1ee3ng ch\u01b0\u01a1ng tr\u00ecnh r\u1eeda \u0111\u1ebfn g\u1ea7n m\u1ed9t n\u1eeda m\u00e0 ng\u01b0\u1eddi d\u00f9ng kh\u00f4ng c\u1ea7n ph\u1ea3i b\u1ecf qua c\u00f4ng \u0111o\u1ea1n n\u00e0o trong qu\u00e1 tr\u00ecnh r\u1eeda v\u00e0 s\u1ea5y.<\/em><\/li>\n<li><em>\u0110\u01b0\u1ee3c thi\u1ebft k\u1ebf v\u1edbi\u00a0<strong>nhi\u1ec1u ch\u1ebf \u0111\u1ed9 r\u1eeda<\/strong>\u00a0kh\u00e1c nhau ph\u00f9 h\u1ee3p v\u1edbi t\u1eebng \u0111\u1ed9 b\u1ea9n c\u1ee7a b\u00e1t \u0111\u0129a xoong n\u1ed3i\u00a0<strong>\u0111\u1ea3m b\u1ea3o<\/strong>kh\u1ea3 n\u0103ng s\u1ea1ch ho\u00e0n to\u00e0n, c\u00f9ng hi\u1ec7u qu\u1ea3<strong>\u00a0ti\u1ebft ki\u1ec7m n\u0103ng l\u01b0\u1ee3ng<\/strong>\u00a0cao, ma\u0301y r\u01b0\u0309a ba\u0301t Bosch\u00a0s\u1ebd gi\u00fap b\u1ea1n r\u1eeda s\u1ea1ch b\u00e1t \u0111\u0129a m\u00e0 v\u1eabn ti\u1ebft ki\u1ec7m \u0111i\u1ec7n n\u01b0\u1edbc m\u1ed9t c\u00e1ch t\u1ed1i \u01b0u nh\u1ea5t.<\/em><\/li>\n<li><em><strong>Ch\u1ee9c n\u0103ng v\u1ec7 sinh Plus\u00a0<\/strong>giu\u0301p\u00a0s\u1ea5y kh\u00f4 \u1edf nhi\u1ec7t \u0111\u1ed9 cao h\u01a1n \u0111\u1ec3\u00a0<strong>\u0111\u1ea3m b\u1ea3o v\u1ec7 sinh<\/strong>\u00a0cao nh\u1ea5t.<\/em><\/li>\n<li><em>Ch\u1ea5t li\u1ec7u l\u1ed3ng r\u1eeda\u00a0<strong>m\u00e1y r\u1eeda b\u00e1t Bosch SCE52M65EU<\/strong>\u00a0b\u00ean trong l\u00e0m b\u1eb1ng\u00a0<strong>th\u00e9p kh\u00f4ng g\u1ec9<\/strong>\u00a0trang b\u1ecb h\u1ec7 th\u1ed1ng gi\u1ecf d\u1ec5 d\u00e0ng h\u01a1n nhi\u1ec1u cho vi\u1ec7c x\u1ebfp b\u00e1t \u0111\u0129a r\u1eeda s\u1ea1ch, \u0111\u1ea1t\u00a0<strong>hi\u1ec7u qu\u1ea3<\/strong>\u00a0nh\u1ea5t.<\/em><\/li>\n<\/ul>\n<p>S\u1ea3n ph\u1ea9m c\u00f3 gi\u00e1 c\u1ea3 kh\u00f4ng qu\u00e1 cao, ph\u00f9 h\u1ee3p v\u1edbi nhi\u1ec1u gia \u0111\u00ecnh Vi\u00ea\u0323t. N\u1ebfu gia \u0111\u00ecnh c\u00f3 kh\u00f4ng gian b\u1ebfp r\u1ed9ng v\u00e0 nhu c\u1ea7u n\u1ea5u n\u01b0\u1edbng cao th\u00ec\u00a0<strong>m\u00e1y r\u01b0\u0309a ba\u0301t<\/strong><strong>Bosch SCE52M65EU<\/strong>\u00a0x\u1ee9ng \u0111\u00e1ng l\u00e0 s\u1ef1 l\u1ef1a ch\u1ecdn ho\u00e0n h\u1ea3o.<\/p>\n<\/div>\n<\/div>\n","protected":false},"excerpt":{"rendered":"<p>T\u1ed5ng quan chung M\u00e1y r\u1eeda b\u00e1t Bosch SCE52M65EU M\u00e1y r\u1eeda b\u00e1t Bosch SCE52M65EU\u00a0thu\u1ed9c d\u00f2ng m\u00e1y r\u1eeda b\u00e1t \u0111\u1ed9c l\u1eadp ch\u1ea5t &hellip; <a class=\"link-more\" href=\"http:\/\/maudep.com.vn\/chuyengiadienmay\/?product=may-rua-bat-bosch-sce52m65eu\" class=\"more-link\">\u0110\u1ecdc th\u00eam &raquo;<span class=\"screen-reader-text\"> &#8220;M\u00e1y r\u1eeda b\u00e1t Bosch SCE52M65EU&#8221;<\/span><\/a><\/p>\n","protected":false},"featured_media":2307,"comment_status":"open","ping_status":"closed","template":"","meta":[],"_links":{"self":[{"href":"http:\/\/maudep.com.vn\/chuyengiadienmay\/index.php?rest_route=\/wp\/v2\/product\/2306"}],"collection":[{"href":"http:\/\/maudep.com.vn\/chuyengiadienmay\/index.php?rest_route=\/wp\/v2\/product"}],"about":[{"href":"http:\/\/maudep.com.vn\/chuyengiadienmay\/index.php?rest_route=\/wp\/v2\/types\/product"}],"replies":[{"embeddable":true,"href":"http:\/\/maudep.com.vn\/chuyengiadienmay\/index.php?rest_route=%2Fwp%2Fv2%2Fcomments&post=2306"}],"wp:featuredmedia":[{"embeddable":true,"href":"http:\/\/maudep.com.vn\/chuyengiadienmay\/index.php?rest_route=\/wp\/v2\/media\/2307"}],"wp:attachment":[{"href":"http:\/\/maudep.com.vn\/chuyengiadienmay\/index.php?rest_route=%2Fwp%2Fv2%2Fmedia&parent=2306"}],"curies":[{"name":"wp","href":"https:\/\/api.w.org\/{rel}","templated":true}]}}