{"id":2308,"date":"2019-01-06T11:13:31","date_gmt":"2019-01-06T04:13:31","guid":{"rendered":"http:\/\/maudep.com.vn\/chuyengiadienmay\/?post_type=product&#038;p=2308"},"modified":"2019-01-06T11:13:32","modified_gmt":"2019-01-06T04:13:32","slug":"may-rua-bat-bosch-sks62e22eu","status":"publish","type":"product","link":"http:\/\/maudep.com.vn\/chuyengiadienmay\/?product=may-rua-bat-bosch-sks62e22eu","title":{"rendered":"M\u00e1y r\u1eeda b\u00e1t Bosch SKS62E22EU"},"content":{"rendered":"<h3 class=\"title\">T\u1ed5ng quan chung M\u00e1y r\u1eeda b\u00e1t Bosch SKS62E22EU<\/h3>\n<div class=\"article-content\">\n<div class=\"js-content\">\n<h2>Ma\u0301y r\u01b0\u0309a ba\u0301t Bosch SKS62E22EU\u00a0l\u00e0 s\u1ea3n ph\u1ea9m m\u00e1y r\u1eeda b\u00e1t cao c\u1ea5p c\u1ee7a Bosch, th\u01b0\u01a1ng hi\u1ec7u n\u1ed5i ti\u1ebfng c\u1ee7a \u0110\u1ee9c chuy\u00ean cung c\u1ea5p s\u1ea3n ph\u1ea9m thi\u1ebft b\u1ecb nh\u00e0 b\u1ebfp. Thi\u00ea\u0301t bi\u0323 na\u0300y\u00a0\u0111\u01b0\u1ee3c nh\u1eadp kh\u1ea9u nguy\u00ean chi\u1ebfc t\u1eeb ch\u00e2u \u00c2u v\u00e0 ph\u00e2n ph\u1ed1i ch\u00ednh h\u00e3ng t\u1ea1i showroom cu\u0309a B\u00ea\u0301p Vu\u0303 S\u01a1n.<\/h2>\n<h3><strong>Ma\u0301y r\u01b0\u0309a ba\u0301t Bosch \u0111\u00f4\u0323c l\u00e2\u0323p SKS62E22EU co\u0301 thi\u00ea\u0301t k\u00ea\u0301 sang tro\u0323ng<\/strong><\/h3>\n<p>\u1ea4n t\u01b0\u1ee3ng \u0111\u1ea7u ti\u00ean v\u1edbi c\u00e1c kh\u00e1ch mua h\u00e0ng v\u1ec1 s\u1ea3n ph\u1ea9m\u00a0<strong>m\u00e1y r\u1eeda b\u00e1t Bosch SKS62E22EU\u00a0<\/strong>nh\u1eadp kh\u1ea9u \u0111\u00f3 l\u00e0 thi\u1ebft k\u1ebf b\u1eaft m\u1eaft, \u1ea5n t\u01b0\u1ee3ng v\u1edbi nh\u1eefng \u0111\u01b0\u1eddng n\u00e9t tinh t\u1ebf, t\u00f4n l\u00ean s\u1ef1 sang tr\u1ecdng v\u00e0 thanh l\u1ecbch cho gian b\u1ebfp c\u1ee7a gia \u0111\u00ecnh b\u1ea1n.<\/p>\n<p><img title=\"may-rua-bat-bosch-sks62e22eu\" src=\"https:\/\/bepvuson.vn\/Data\/upload\/images\/M%C3%A1y%20r%E1%BB%ADa%20b%C3%A1t\/may_rua_bat_bosch_SKS60E12EU.jpg\" alt=\"may-rua-bat-bosch-sks62e22eu\" \/><\/p>\n<ul>\n<li><em>S\u1ea3n ph\u1ea9m ma\u0301y r\u01b0\u0309a ba\u0301t Bosch\u00a0\u0111\u01b0\u1ee3c l\u1eafp r\u00e1p tr\u00ean d<strong>\u00e2y chuy\u1ec1n c\u00f4ng ngh\u1ec7 hi\u1ec7n \u0111\u1ea1i<\/strong>\u00a0c\u1ee7a ch\u00e2u \u00c2u, s\u1eed d\u1ee5ng\u00a0<strong>th\u00e9p ch\u1ed1ng g\u1ec9<\/strong>\u00a0l\u00e0m khung m\u00e1y. \u0110\u00e2y l\u00e0 ch\u1ea5t li\u1ec7u cao c\u1ea5p,\u00a0<strong>kh\u00f4ng b\u00e1m v\u00e2n tay<\/strong>, kh\u00f4ng tr\u1ea7y x\u01b0\u1edbc n\u00ean b\u1ea1n\u00a0<strong>ho\u00e0n to\u00e0n y\u00ean t\u00e2m<\/strong>\u00a0v\u1ec1 t\u00ednh th\u1ea9m m\u1ef9 v\u00e0\u00a0<strong>\u0111\u1ed9 b\u1ec1n<\/strong>\u00a0c\u1ee7a m\u00e1y.<\/em><\/li>\n<li><em>M\u00e1y r\u01b0\u0309a ba\u0301t Bosch SKS62E22EU\u00a0<strong>ch\u1ea1y si\u00eau \u00eam<\/strong>\u00a0v\u1edbi \u0111\u1ed9 \u1ed3n ch\u1ec9\u00a0<strong>48 Db<\/strong>\u00a0gi\u00fap gia \u0111\u00ecnh b\u1ea1n c\u1ea3m th\u1ea5y tho\u1ea3i m\u00e1i ngh\u1ec9 ng\u01a1i m\u00e0 kh\u00f4ng c\u00f3 ti\u1ebfng \u1ed3n khi m\u00e1y ho\u1ea1t \u0111\u1ed9ng.<\/em><\/li>\n<li><em>Gia\u0301 x\u00ea\u0301p ba\u0301t \u0111i\u0303a co\u0301 th\u00ea\u0309\u00a0<strong>\u0111i\u00ea\u0300u chi\u0309nh<\/strong>\u00a0chi\u00ea\u0300u cao ta\u0323o ra kh\u00f4ng gian t\u00f4\u0301i \u01b0u.<\/em><\/li>\n<\/ul>\n<p><em><img title=\"may-rua-bat-bosch-sks62e22eu-01\" src=\"https:\/\/bepvuson.vn\/Data\/upload\/images\/M%C3%A1y%20r%E1%BB%ADa%20b%C3%A1t\/bosch_sks62e22eu_c_1411x770.jpg\" alt=\"may-rua-bat-bosch-sks62e22eu-01\" \/><\/em><\/p>\n<ul>\n<li><em>V\u1edbi ch\u1ea5t li\u1ec7u l\u1ed3ng l\u00e0m b\u1eb1ng\u00a0<strong>th\u00e9p kh\u00f4ng g\u1ec9<\/strong>\u00a0c\u00f9ng h\u1ec7 th\u1ed1ng gi\u1ecf ,\u00a0<strong>ma\u0301y r\u01b0\u0309a ba\u0301t Bosch<\/strong>\u00a0d\u1ec5 d\u00e0ng cho vi\u1ec7c s\u1ebfp b\u00e1t \u0111\u0129a sau khi \u0111\u00e3 r\u1eeda s\u1ea1ch, mang l\u1ea1i s\u1ef1\u00a0<strong>ti\u1ec7n \u00edch<\/strong>\u00a0t\u1ed1i \u0111a.<\/em><\/li>\n<li><em>Ma\u0301y r\u01b0\u0309a ba\u0301t SKS62E22EU\u00a0\u0111a\u0323t c\u1ea5p hi\u1ec7u qu\u1ea3\u00a0<strong>n\u0103ng l\u01b0\u1ee3ng A +<\/strong>\u00a0(tr\u00ean thang hi\u1ec7u su\u1ea5t n\u0103ng l\u01b0\u1ee3ng t\u1eeb A +++ \u0111\u1ebfn D)<\/em><\/li>\n<\/ul>\n<h3><strong>Ti\u0301nh n\u0103ng n\u00f4\u0309i b\u00e2\u0323t cu\u0309a ma\u0301y r\u01b0\u0309a ba\u0301t \u0111\u00f4\u0323c l\u00e2\u0323p SKS62E22EU<\/strong><\/h3>\n<p><strong>M\u00e1y r\u1eeda b\u00e1t Bosch SKS62E22EU<\/strong>\u00a0ch\u00ednh h\u00e3ng c\u00f3 nhi\u1ec1u t\u00ednh n\u0103ng ti\u1ec7n d\u1ee5ng v\u1edbi c\u00f4ng su\u1ea5t r\u1eeda 6\u00a0b\u1ed9 b\u00e1t \u0111\u0129a, 5 ch\u01b0\u01a1ng tr\u00ecnh r\u1eeda th\u00f4ng th\u01b0\u01a1\u0300ng , c\u00f4ng su\u00e2\u0301t l\u00ean ma\u0301y l\u00ean \u0111\u00ea\u0301n 2400W &#8211;\u00a0\u00a0\u0111\u00e2y l\u00e0 thi\u1ebft b\u1ecb tuy\u1ec7t v\u1eddi cho nh\u00e0 b\u1ebfp gia \u0111\u00ecnh.<\/p>\n<p><img title=\"may-rua-bat-bosch-sks62e22eu-02\" src=\"https:\/\/bepvuson.vn\/Data\/upload\/images\/M%C3%A1y%20r%E1%BB%ADa%20b%C3%A1t\/may-rua-bat-bosch-sks62e22eu-4.jpg\" alt=\"may-rua-bat-bosch-sks62e22eu-02\" \/><\/p>\n<ul>\n<li><em>Ma\u0301y r\u01b0\u0309a ba\u0301t Bosch \u0111\u01b0\u01a1\u0323c trang bi\u0323\u00a0<strong>t\u00ednh n\u0103ng AquaStop<\/strong>\u00a0giu\u0301p\u00a0<strong>t\u1ef1 \u0111\u1ed9ng<\/strong>\u00a0ng\u1eaft ngu\u1ed3n n\u01b0\u1edbc khi c\u00f3 r\u00f2 r\u1ec9 , nh\u1eb1m ng\u0103n nh\u1eefng t\u1ed5n th\u1ea5t h\u01b0 h\u1ea1i \u1edf \u0111\u01b0\u1eddng \u1ed1ng d\u1eabn n\u01b0\u1edbc v\u00e0o hay l\u00e0 do r\u00f2 r\u1ec9 trong m\u00e1y.<\/em><\/li>\n<li><em><strong>C\u1ea3m bi\u1ebfn n\u01b0\u1edbc (AquaSensor)<\/strong>\u00a0trong ma\u0301y r\u01b0\u0309a ba\u0301t Bosch SKS62E22EU giu\u0301p\u00a0<strong>ki\u00ea\u0309m tra li\u00ean tu\u0323c<\/strong>\u00a0ti\u1ebfn \u0111\u1ed9 r\u1eeda v\u00e0\u00a0<strong>\u0111i\u1ec1u ch\u1ec9nh<\/strong>\u00a0ch\u01b0\u01a1ng tr\u00ecnh cho ph\u00f9 h\u1ee3p v\u1edbi m\u1ee9c \u0111\u1ed9 b\u1ea9n.\u00a0Ch\u1ec9 c\u1ea7n ch\u1ecdn ch\u01b0\u01a1ng tr\u00ecnh b\u1ea1n mu\u1ed1n v\u00e0 c\u1ea3m bi\u1ebfn n\u01b0\u1edbc s\u1ebd\u00a0<strong>x\u00e1c \u0111\u1ecbnh ch\u00ednh x\u00e1c<\/strong>\u00a0nhi\u1ec7t \u0111\u1ed9 c\u1ea7n s\u1eed d\u1ee5ng, l\u01b0\u1ee3ng th\u1eddi gian c\u1ea7n \u0111\u1ec3 r\u1eeda v\u00e0 l\u01b0\u1ee3ng n\u01b0\u1edbc c\u1ea7n s\u1eed d\u1ee5ng trong chu k\u1ef3,\u00a0<strong>ti\u1ec7n l\u1ee3i<\/strong>\u00a0cho ng\u01b0\u1eddi d\u00f9ng.<\/em><\/li>\n<li><em><strong>Ch\u1ee9c n\u0103ng c\u1ecd r\u1eeda IntensiveZone<\/strong>\u00a0cu\u0309a ma\u0301y r\u01b0\u0309a ba\u0301t Bosch\u00a0\u0111\u1eb7c bi\u1ec7t d\u00e0nh cho n\u1ed3i v\u00e0 ch\u1ea3o v\u1edbi \u00e1p l\u1ef1c n\u01b0\u1edbc\u00a0<strong>phun m\u1ea1nh<\/strong>\u00a0v\u00e0 nhi\u1ec7t \u0111\u1ed9 l\u00e0m s\u1ea1ch cao h\u01a1n.<\/em><\/li>\n<\/ul>\n<p>S\u1ea3n ph\u1ea9m c\u00f3 gi\u00e1 c\u1ea3 kh\u00f4ng qu\u00e1 cao, ph\u00f9 h\u1ee3p v\u1edbi nhi\u1ec1u gia \u0111\u00ecnh Vi\u00ea\u0323t. N\u1ebfu gia \u0111\u00ecnh c\u00f3 kh\u00f4ng gian b\u1ebfp r\u1ed9ng v\u00e0 nhu c\u1ea7u n\u1ea5u n\u01b0\u1edbng cao th\u00ec\u00a0<strong>m\u00e1y r\u01b0\u0309a ba\u0301t Bosch SKS62E22EU<\/strong>\u00a0x\u1ee9ng \u0111\u00e1ng l\u00e0 s\u1ef1 l\u1ef1a ch\u1ecdn ho\u00e0n h\u1ea3o.<\/p>\n<\/div>\n<\/div>\n","protected":false},"excerpt":{"rendered":"<p>T\u1ed5ng quan chung M\u00e1y r\u1eeda b\u00e1t Bosch SKS62E22EU Ma\u0301y r\u01b0\u0309a ba\u0301t Bosch SKS62E22EU\u00a0l\u00e0 s\u1ea3n ph\u1ea9m m\u00e1y r\u1eeda b\u00e1t cao c\u1ea5p &hellip; <a class=\"link-more\" href=\"http:\/\/maudep.com.vn\/chuyengiadienmay\/?product=may-rua-bat-bosch-sks62e22eu\" class=\"more-link\">\u0110\u1ecdc th\u00eam &raquo;<span class=\"screen-reader-text\"> &#8220;M\u00e1y r\u1eeda b\u00e1t Bosch SKS62E22EU&#8221;<\/span><\/a><\/p>\n","protected":false},"featured_media":2309,"comment_status":"open","ping_status":"closed","template":"","meta":[],"_links":{"self":[{"href":"http:\/\/maudep.com.vn\/chuyengiadienmay\/index.php?rest_route=\/wp\/v2\/product\/2308"}],"collection":[{"href":"http:\/\/maudep.com.vn\/chuyengiadienmay\/index.php?rest_route=\/wp\/v2\/product"}],"about":[{"href":"http:\/\/maudep.com.vn\/chuyengiadienmay\/index.php?rest_route=\/wp\/v2\/types\/product"}],"replies":[{"embeddable":true,"href":"http:\/\/maudep.com.vn\/chuyengiadienmay\/index.php?rest_route=%2Fwp%2Fv2%2Fcomments&post=2308"}],"wp:featuredmedia":[{"embeddable":true,"href":"http:\/\/maudep.com.vn\/chuyengiadienmay\/index.php?rest_route=\/wp\/v2\/media\/2309"}],"wp:attachment":[{"href":"http:\/\/maudep.com.vn\/chuyengiadienmay\/index.php?rest_route=%2Fwp%2Fv2%2Fmedia&parent=2308"}],"curies":[{"name":"wp","href":"https:\/\/api.w.org\/{rel}","templated":true}]}}