{"id":2312,"date":"2019-01-06T12:54:04","date_gmt":"2019-01-06T05:54:04","guid":{"rendered":"http:\/\/maudep.com.vn\/chuyengiadienmay\/?post_type=product&#038;p=2312"},"modified":"2019-01-06T12:54:05","modified_gmt":"2019-01-06T05:54:05","slug":"may-rua-bat-bosch-hmh-sms63l02eu","status":"publish","type":"product","link":"http:\/\/maudep.com.vn\/chuyengiadienmay\/?product=may-rua-bat-bosch-hmh-sms63l02eu","title":{"rendered":"M\u00e1y R\u1eeda B\u00e1t BOSCH HMH SMS63L02EU"},"content":{"rendered":"<h3 class=\"title\">T\u1ed5ng quan chung M\u00e1y R\u1eeda B\u00e1t BOSCH HMH SMS63L02EU<\/h3>\n<div class=\"article-content\">\n<div class=\"js-content\">\n<h2>Ma\u0301y r\u01b0\u0309a ba\u0301t Bosch HMH SMS63L0EU hi\u00ea\u0323n \u0111ang la\u0300 do\u0300ng sa\u0309n ph\u00e2\u0309m ba\u0301n cha\u0323y nh\u00e2\u0301t thi\u0323 tr\u01b0\u01a1\u0300ng, \u0111\u01a1n gia\u0309n vi\u0300 thi\u00ea\u0301t bi\u0323 na\u0300y co\u0301 thi\u00ea\u0301t k\u00ea\u0301 sang tro\u0323ng, ti\u0301nh n\u0103ng th\u00f4ng minh n\u00f4\u0309i b\u00e2\u0323t, gia\u0301 tha\u0300nh pha\u0309i ch\u0103ng n\u00ean \u0111\u01b0\u01a1\u0323c ng\u01b0\u01a1\u0300i n\u00f4\u0323i tr\u01a1\u0323 &#8221; s\u0103n lu\u0300ng &#8221; r\u00e2\u0301t nhi\u00ea\u0300u trong th\u01a1\u0300i gian qua. B\u00ea\u0301p Vu\u0303 S\u01a1n xin chia se\u0309 m\u00f4\u0323t s\u00f4\u0301 th\u00f4ng tin giu\u0301p ba\u0323n \u0111a\u0301nh gia\u0301 kha\u0301ch quan nh\u00e2\u0301t.<\/h2>\n<h3><strong>\u0110a\u0301nh gia\u0301 ma\u0301y r\u01b0\u0309a ba\u0301t Bosch \u0111\u00f4\u0323c l\u00e2\u0323p HMH SMS63L0EU\u00a0<\/strong><\/h3>\n<p><strong>\u00a0M\u00e1y r\u1eeda b\u00e1t Bosch HMH SMS63L0EU<\/strong>\u00a0\u00a0l\u00e0 d\u00f2ng m\u00e1y r\u1eeda b\u00e1t \u0111\u1ed9c l\u1eadp. To\u00e0n b\u1ed9 b\u1ea3ng \u0111i\u1ec1u khi\u1ec3n c\u01a1 v\u1edbi c\u00e1c ph\u00edm v\u1eb7n b\u1ea5m kh\u00e1 \u0111\u01a1n gi\u1ea3n. C\u00e1c th\u00f4ng s\u1ed1 k\u1ef9 thu\u1eadt \u0111\u01b0\u1ee3c hi\u1ec3n th\u1ecb tr\u00ean m\u00e0n h\u00ecnh led \u0111\u1ec3 ng\u01b0\u1eddi s\u1eed d\u1ee5ng d\u1ec5 d\u00e0ng theo d\u00f5i, quan s\u00e1t trong su\u1ed1t qu\u00e1 tr\u00ecnh ho\u1ea1t \u0111\u1ed9ng c\u1ee7a m\u00e1y.<\/p>\n<p><img title=\"may-rua-bat-bosch-hmh-sms63l02eu\" src=\"https:\/\/bepvuson.vn\/Data\/upload\/images\/M%C3%A1y%20r%E1%BB%ADa%20b%C3%A1t\/ah59ogpq6ihmk.jpg\" alt=\"may-rua-bat-bosch-hmh-sms63l02eu\" \/><\/p>\n<p><strong>TH\u00d4NG S\u1ed0 K\u1ef8 THU\u1eacT M\u00c1Y R\u1eecA B\u00c1T BOSCH SMS63L02EU<\/strong><\/p>\n<ul>\n<li><em>M\u00e1y r\u1eeda ch\u00e9n b\u00e1t: 12 b\u1ed9<\/em><\/li>\n<li><em>\u0110\u1ed9 \u1ed3n: 52 dB<\/em><\/li>\n<li><em>Chi\u1ec1u d\u00e0i d\u00e2y cung c\u1ea5p \u0111i\u1ec7n: 175 cm<\/em><\/li>\n<li><em>Chi\u1ec1u d\u00e0i \u1ed1ng tho\u00e1t: 190 cm<\/em><\/li>\n<li><em>Ma\u0301y r\u01b0\u0309a ba\u0301t Bosch co\u0301\u00a0tr\u1ecdng l\u01b0\u1ee3ng t\u1ecbnh: 44,0 kg<\/em><\/li>\n<li><em>\u0110i\u1ec7n n\u0103ng ti\u00eau th\u1ee5: 1,02kW\/h<\/em><\/li>\n<li><em>Nhi\u1ec7t \u0111\u1ed9 t\u1ed1i \u0111a cho l\u01b0\u1ee3ng n\u01b0\u1edbc: 60 \u00b0 C<\/em><\/li>\n<li><em>K\u00edch th\u01b0\u1edbc (WxHxD): 60 x 84.5 x 60 cm<\/em><\/li>\n<\/ul>\n<h3><strong>Ma\u0301y r\u01b0\u0309a ba\u0301t Bosch \u0111\u00f4\u0323c l\u00e2\u0323p HMH SMS63L02EU n\u00f4\u0309i b\u00e2\u0323t v\u00ea\u0300 ti\u0301nh n\u0103ng<\/strong><\/h3>\n<p><strong>M\u00e1y r\u1eeda b\u00e1t Bosch HMH SMS63L02EU<\/strong>\u00a0chi\u0309 v\u1edbi l\u01b0\u1ee3ng ti\u00eau th\u1ee5 9,5L cho 1 l\u1ea7n r\u1eeda, \u0111i\u1ec7n n\u0103ng ti\u00eau th\u1ee5 1,02kW\/h , s\u1ea3n ph\u1ea9m \u0111\u01b0\u1ee3c \u0111\u00e1nh gi\u00e1 l\u00e0 ti\u1ebft ki\u1ec7m n\u0103ng l\u01b0\u1ee3ng v\u00e0 ho\u00e0n to\u00e0n ph\u00f9 h\u1ee3p \u0111\u1ec3 s\u1eed d\u1ee5ng trong c\u00e1c h\u1ed9 gia \u0111\u00ecnh Vi\u1ec7t hi\u1ec7n nay.<\/p>\n<p><img title=\"may-rua-bat-bosch-hmh-sms63l02eu-01\" src=\"https:\/\/bepvuson.vn\/Data\/upload\/images\/M%C3%A1y%20r%E1%BB%ADa%20b%C3%A1t\/MCSA00893236_527722_5_CMG633BS1_def(20).jpg\" alt=\"may-rua-bat-bosch-hmh-sms63l02eu-01\" \/><\/p>\n<ul>\n<li><em>Ma\u0301y r\u01b0\u0309a ba\u0301t Bosch trang bi\u0323\u00a0<strong>b\u1ea3ng \u0111i\u1ec1u khi\u1ec3n c\u01a1<\/strong>\u00a0s\u1eafp x\u1ebfp khoa h\u1ecdc k\u1ebft h\u1ee3p v\u1edbi ph\u00edm b\u1ea5m \u0111i\u1ec7n t\u1eed c\u00f9ng m\u00e0n h\u00ecnh k\u0129 thu\u1eadt s\u1ed1 hi\u1ec3n th\u1ecb th\u1eddi gian c\u00f2n l\u1ea1i v\u00e0 \u0111\u00e8n th\u00f4ng b\u00e1o m\u1ed9t c\u00e1ch ch\u00ednh x\u00e1c.<\/em><\/li>\n<li><em>H\u1ec7 th\u1ed1ng n\u01b0\u1edbc\u00a0<strong>ho\u1ea1t \u0111\u1ed9ng th\u1ee7y l\u1ef1c<\/strong>,\u00a0v\u1edbi t\u00ednh n\u0103ng n\u00e0y\u00a0n\u01b0\u1edbc cu\u0309a ma\u0301y r\u01b0\u0309a ba\u0301t Bosch\u00a0ho\u1ea1t \u0111\u1ed9ng d\u01b0\u1edbi d\u1ea1ng tia phun t\u1ea1o \u00e1p l\u1ef1c m\u1ea1nh khi r\u1eeda l\u00e0m b\u00e1t \u0111\u0129a r\u1eeda\u00a0<strong>s\u1ea1ch s\u00e1ng b\u00f3ng<\/strong>.<\/em><\/li>\n<\/ul>\n<p><em><img title=\"may-rua-bat-bosch-hmh-sms63l02eu-02\" src=\"https:\/\/bepvuson.vn\/Data\/upload\/images\/M%C3%A1y%20r%E1%BB%ADa%20b%C3%A1t\/Bosch-SPV44CX00E.jpg\" alt=\"may-rua-bat-bosch-hmh-sms63l02eu-02\" \/><\/em><\/p>\n<ul>\n<li><em>M\u00e1y r\u01b0\u0309a ba\u0301t Bosch HMH SMS63L02EU\u00a0an to\u00e0n v\u1edbi\u00a0<strong>h\u1ec7 th\u1ed1ng Aqua-Stop<\/strong>\u00a0t\u1ef1 \u0111\u1ed9ng ph\u00e1t hi\u1ec7n v\u00e0\u00a0<strong>ng\u0103n ng\u1eeba<\/strong>\u00a0s\u1ef1 r\u00f2 r\u1ec9 b\u00ean trong v\u00e0 b\u00ean ngo\u00e0i. Trong tr\u01b0\u1eddng h\u1ee3p m\u1ea5t n\u01b0\u1edbc, m\u00e1y s\u1ebd t\u1ea1m ng\u1eebng ho\u1ea1t \u0111\u1ed9ng, ng\u1eebng c\u1ea5p n\u01b0\u1edbc v\u00e0 b\u01a1m n\u01b0\u1edbc ra ngo\u00e0i. M\u00e1y \u0111\u01b0\u1ee3c trang b\u1ecb\u00a0<strong>h\u1ec7 th\u1ed1ng c\u1eeda an to\u00e0n<\/strong>, ng\u0103n kh\u00f4ng cho c\u1eeda b\u1ecb \u0111\u00f3ng s\u1eadp l\u1ea1i m\u00e0 ch\u1ec9 \u0111\u00f3ng t\u1eeb t\u1eeb,<strong>\u00a0an to\u00e0n<\/strong>\u00a0cho ng\u01b0\u1eddi s\u1eed d\u1ee5ng.<\/em><\/li>\n<\/ul>\n<p>S\u1ea3n ph\u1ea9m c\u00f3 gi\u00e1 c\u1ea3 kh\u00f4ng qu\u00e1 cao, ph\u00f9 h\u1ee3p v\u1edbi nhi\u1ec1u gia \u0111\u00ecnh Vi\u00ea\u0323t. N\u1ebfu gia \u0111\u00ecnh c\u00f3 kh\u00f4ng gian b\u1ebfp r\u1ed9ng v\u00e0 nhu c\u1ea7u n\u1ea5u n\u01b0\u1edbng cao th\u00ec\u00a0<strong>m\u00e1y r\u01b0\u0309a ba\u0301t Bosch HMH SMS63L02EU<\/strong>\u00a0x\u1ee9ng \u0111\u00e1ng l\u00e0 s\u1ef1 l\u1ef1a ch\u1ecdn ho\u00e0n h\u1ea3o.<\/p>\n<\/div>\n<\/div>\n","protected":false},"excerpt":{"rendered":"<p>T\u1ed5ng quan chung M\u00e1y R\u1eeda B\u00e1t BOSCH HMH SMS63L02EU Ma\u0301y r\u01b0\u0309a ba\u0301t Bosch HMH SMS63L0EU hi\u00ea\u0323n \u0111ang la\u0300 do\u0300ng sa\u0309n &hellip; <a class=\"link-more\" href=\"http:\/\/maudep.com.vn\/chuyengiadienmay\/?product=may-rua-bat-bosch-hmh-sms63l02eu\" class=\"more-link\">\u0110\u1ecdc th\u00eam &raquo;<span class=\"screen-reader-text\"> &#8220;M\u00e1y R\u1eeda B\u00e1t BOSCH HMH SMS63L02EU&#8221;<\/span><\/a><\/p>\n","protected":false},"featured_media":2313,"comment_status":"open","ping_status":"closed","template":"","meta":[],"_links":{"self":[{"href":"http:\/\/maudep.com.vn\/chuyengiadienmay\/index.php?rest_route=\/wp\/v2\/product\/2312"}],"collection":[{"href":"http:\/\/maudep.com.vn\/chuyengiadienmay\/index.php?rest_route=\/wp\/v2\/product"}],"about":[{"href":"http:\/\/maudep.com.vn\/chuyengiadienmay\/index.php?rest_route=\/wp\/v2\/types\/product"}],"replies":[{"embeddable":true,"href":"http:\/\/maudep.com.vn\/chuyengiadienmay\/index.php?rest_route=%2Fwp%2Fv2%2Fcomments&post=2312"}],"wp:featuredmedia":[{"embeddable":true,"href":"http:\/\/maudep.com.vn\/chuyengiadienmay\/index.php?rest_route=\/wp\/v2\/media\/2313"}],"wp:attachment":[{"href":"http:\/\/maudep.com.vn\/chuyengiadienmay\/index.php?rest_route=%2Fwp%2Fv2%2Fmedia&parent=2312"}],"curies":[{"name":"wp","href":"https:\/\/api.w.org\/{rel}","templated":true}]}}