{"id":2314,"date":"2019-01-06T12:58:40","date_gmt":"2019-01-06T05:58:40","guid":{"rendered":"http:\/\/maudep.com.vn\/chuyengiadienmay\/?post_type=product&#038;p=2314"},"modified":"2019-01-06T12:58:40","modified_gmt":"2019-01-06T05:58:40","slug":"may-rua-bat-bosch-sms25ki00e","status":"publish","type":"product","link":"http:\/\/maudep.com.vn\/chuyengiadienmay\/?product=may-rua-bat-bosch-sms25ki00e","title":{"rendered":"M\u00e1y R\u1eeda B\u00e1t Bosch SMS25KI00E"},"content":{"rendered":"<h3 class=\"title\">T\u1ed5ng quan chung M\u00e1y R\u1eeda B\u00e1t Bosch SMS25KI00E<\/h3>\n<div class=\"article-content\">\n<div class=\"js-content\">\n<h2>M\u00e1y r\u1eeda b\u00e1t Bosch SMS25KI00E l\u00e0 d\u00f2ng r\u1eeda b\u00e1t b\u00e1n \u00e2m c\u1ee7a Bosch \u0111\u01b0\u1ee3c nh\u1eadp kh\u1ea9u nguy\u00ean chi\u1ebfc v\u00e0 tr\u1ef1c ti\u1ebfp t\u1eeb Ch\u00e2u \u00c2u. C\u00e1c d\u00f2ng m\u00e1y r\u1eeda b\u00e1t th\u01b0\u01a1ng hi\u1ec7u Bosch hi\u1ec7n \u0111ang \u0111\u01b0\u1ee3c b\u00e0y b\u00e1n t\u1ea1i c\u00e1c Showroom cu\u0309a B\u00ea\u0301p Vu\u0303 S\u01a1n. \u0110\u1ebfn v\u1edbi ch\u00fang t\u00f4i, qu\u00fd kh\u00e1ch s\u1ebd \u0111\u01b0\u1ee3c h\u01b0\u1edfng nh\u1eefng m\u1ee9c \u01b0u \u0111\u00e3i t\u1ed1t nh\u1ea5t.<\/h2>\n<h3><strong>\u0110a\u0301nh gia\u0301 ma\u0301y r\u01b0\u0309a ba\u0301t Bosch \u00e2m tu\u0309 SMS25KI00E<\/strong><\/h3>\n<p><strong>M\u00e1y r\u1eeda b\u00e1t Bosch SMS25KI00E<\/strong>\u00a0\u0111\u01b0\u01a1\u0323c thi\u1ebft k\u1ebf b\u1ec1 m\u1eb7t b\u1eb1ng inox kh\u00f4ng gi\u0309 m\u00e0u tr\u1eafng sang tr\u1ecdng, h\u1ec7 th\u1ed1ng \u0111i\u1ec1u khi\u1ec3n c\u01a1 gi\u00fap ng\u01b0\u1eddi s\u1eed d\u1ee5ng d\u1ec5 d\u00e0ng l\u1ef1a ch\u1ecdn ch\u1ebf \u0111\u1ed9 r\u1eeda theo mong mu\u1ed1n.<\/p>\n<p><img title=\"may-rua-bat-bosch-sms25ki00e\" src=\"https:\/\/bepvuson.vn\/Data\/upload\/images\/M%C3%A1y%20r%E1%BB%ADa%20b%C3%A1t\/maxresdefault.jpg\" alt=\"may-rua-bat-bosch-sms25ki00e\" \/><\/p>\n<ul>\n<li><em>B\u00ean ngo\u00e0i m\u00e1y r\u1eeda b\u00e1t Bosch\u00a0\u0111\u01b0\u1ee3c l\u00e0m t\u1eeb<strong>\u00a0th\u00e9p ph\u1ee7 s\u01a1n t\u0129nh \u0111i\u1ec7n<\/strong>\u00a0m\u00e0u tr\u1eafng, c\u00f3 m\u00e0u b\u1ea1c Silver,\u00a0<strong>ch\u1ed1ng oxy h\u00f3a<\/strong>\u00a0khi ti\u1ebfp x\u00fac v\u1edbi n\u01b0\u1edbc v\u00e0 c\u00e1c ho\u1ea1t g\u00e2y \u0103n m\u00f2n kh\u00e1c.<\/em><\/li>\n<li><em>B\u00ean trong m\u00e1y c\u00f3\u00a0<strong>hai ng\u0103n inox\u00a0<\/strong>\u0111\u1ec3 x\u1ebfp b\u00e1t \u0111\u0129a,<strong>\u00a0m\u00e1y r\u1eeda b\u00e1t\u00a0Bosch \u00e2m tu\u0309 SMS25KI00E\u00a0<\/strong>\u0111\u01b0\u1ee3c thi\u1ebft k\u1ebf \u0111\u1ec3 r\u1eeda t\u1ed1i \u0111a<strong>\u00a013 b\u1ed9 ba\u0301t \u0111i\u0303a Ch\u00e2u \u00c2u<\/strong>.<\/em><\/li>\n<li><em>Khi x\u1ebfp b\u00e1t \u0111\u0129a v\u00e0o r\u1eeda, n\u00ean x\u1ebfp theo t\u1eebng ng\u0103n c\u0169ng nh\u01b0 x\u1ebfp \u0111\u00fang ng\u0103n c\u1ee7a t\u1eebng v\u1eadt d\u1ee5ng,\u00a0s\u1eed d\u1ee5ng m\u00e1y r\u1eeda b\u00e1t Bosch \u00e2m tu\u0309 SMS25KI00E\u00a0<strong>an to\u00e0n<\/strong>\u00a0v\u00e0<strong>\u00a0ti\u1ebft ki\u1ec7m n\u0103ng l\u01b0\u1ee3ng<\/strong>.<\/em><\/li>\n<li><em>Ma\u0301y r\u01b0\u0309a ba\u0301t Bosch\u00a0\u0111a\u0323t c\u1ea5p hi\u1ec7u qu\u1ea3\u00a0<strong>n\u0103ng l\u01b0\u1ee3ng\u00a0A + +<\/strong>(tr\u00ean thang hi\u1ec7u su\u1ea5t n\u0103ng l\u01b0\u1ee3ng t\u1eeb A +++ \u0111\u1ebfn D)<\/em><\/li>\n<li><em>\u0110\u00f4\u0323 \u00f4\u0300n d\u01b0\u01a1\u0301i\u00a0<strong>46\u00a0Db<\/strong>\u00a0\u0111a\u0309m ba\u0309o\u00a0<strong>kh\u00f4ng a\u0309nh h\u01b0\u01a1\u0309ng<\/strong>\u00a0\u0111\u00ea\u0301n ng\u01b0\u01a1\u0300i s\u01b0\u0309 du\u0323ng.<\/em><\/li>\n<\/ul>\n<h3><strong>Ti\u0301nh n\u0103ng n\u00f4\u0309i b\u00e2\u0323t cu\u0309a ma\u0301y r\u01b0\u0309a ba\u0301t Bosch \u00e2m tu\u0309 SMS25KI00E<\/strong><\/h3>\n<p><strong>M\u00e1y r\u1eeda b\u00e1t Bosch SMS25KI00E<\/strong>\u00a0\u0111\u01b0\u01a1\u0323c trang bi\u0323 ch\u00ea\u0301 \u0111\u00f4\u0323 t\u1ef1 \u0111\u1ed9ng nh\u1eadn d\u1ea1ng m\u1ee9c \u0111\u1ed9 s\u1ea1ch b\u00e1t \u0111\u0129a, n\u1ed3i, ch\u1ea3o th\u00f4ng qua \u0111\u1ed9 s\u1ea1ch c\u1ee7a n\u01b0\u1edbc khi ho\u1ea1t \u0111\u1ed9ng giu\u0301p ng\u01b0\u01a1\u0300i du\u0300ng s\u01b0\u0309 du\u0323ng linh hoa\u0323t.<\/p>\n<p><img title=\"may-rua-bat-bosch-sms25ki00e-01\" src=\"https:\/\/bepvuson.vn\/Data\/upload\/images\/M%C3%A1y%20r%E1%BB%ADa%20b%C3%A1t\/Khoang%20m%C3%A1y%202(1).jpg\" alt=\"may-rua-bat-bosch-sms25ki00e-01\" \/><\/p>\n<ul>\n<li><em>M\u00e1y r\u1eeda b\u00e1t Bosch SMS25KI00E\u00a0<strong>b\u1ea3ng \u0111i\u1ec1u khi\u1ec3n \u0111i\u1ec7n t\u1eed<\/strong>\u00a0v\u1edbi 5 ch\u01b0\u01a1ng tr\u00ecnh r\u1eeda: Chuy\u00ean s\u00e2u 70 \u00b0 C, ng\u00e0y 45-65 \u00b0 C Auto, Eco 50 \u00b0 C, nhanh 45 \u00b0 C v\u00e0 Prewash.<\/em><\/li>\n<li><em><strong>H\u1ec7 th\u1ed1ng AquaStop<\/strong>\u00a0giu\u0301p ma\u0301y r\u01b0\u0309a ba\u0301t Bosch \u00e2m tu\u0309 SMS25KI00E\u00a0<strong>t\u1ef1 \u0111\u1ed9ng ng\u1eaft ngu\u1ed3n n\u01b0\u1edbc<\/strong>\u00a0khi c\u00f3 r\u00f2 r\u1ec9 ng\u0103n nh\u1eefng t\u1ed5n th\u1ea5t h\u01b0 h\u1ea1i d\u00f9 \u1edf \u0111\u01b0\u1eddng \u1ed1ng d\u1eabn n\u01b0\u1edbc v\u00e0o hay l\u00e0 do r\u00f2 r\u1ec9 trong m\u00e1y ,<strong>b\u1ea3o v\u1ec7 24\/24<\/strong>\u00a0gi\u1edd m\u1ed7i ng\u00e0y.<\/em><\/li>\n<li><em><strong>H\u1ec7 th\u1ed1ng gi\u1ecf VarioFlex Pro<\/strong>\u00a0cu\u0309a ma\u0301y r\u01b0\u0309a ba\u0301t Bosch v\u1edbi ng\u0103n k\u00e9o Vario Pro th\u1ee9 3\u00a0<strong>linh ho\u1ea1t<\/strong>\u00a0\u0111\u1ef1ng \u0111\u01b0\u1ee3c nhi\u1ec1u h\u01a1n v\u00e0 s\u1eed d\u1ee5ng t\u1ed1t h\u01a1n trong m\u00e1y r\u1eeda b\u00e1t Bosch<\/em><\/li>\n<li><em>\u0110\u1ed9ng c\u01a1 kh\u00f4ng ch\u1ed5i than\u00a0<strong>EcoSilence Drive<\/strong>\u00a0c\u1ef1c k\u1ef3 hi\u1ec7u qu\u1ea3, nhanh ch\u00f3ng v\u00e0 y\u00ean t\u0129nh, v\u00e0 \u0111i\u1ec1u ch\u1ec9nh ch\u00ednh x\u00e1c \u00e1p l\u1ef1c n\u01b0\u1edbc tr\u00ean c\u00e1c m\u00f3n \u0103n \u0111\u1ec3 x\u1eed l\u00fd th\u00edch h\u1ee3p cho b\u1ea5t k\u1ef3 lo\u1ea1i t\u1ea3i n\u00e0o. T\u1ea5t c\u1ea3 \u0111i\u1ec1u n\u00e0y gi\u00fap\u00a0<strong>m\u00e1y r\u1eeda b\u00e1t Bosch SMS25KI00E<\/strong>\u00a0s\u1eed d\u1ee5ng \u00edt n\u01b0\u1edbc h\u01a1n, \u00edt n\u0103ng l\u01b0\u1ee3ng h\u01a1n v\u00e0 lu\u00f4n c\u00f3 k\u1ebft qu\u1ea3\u00a0<strong>ho\u00e0n h\u1ea3o<\/strong>.<\/em><\/li>\n<\/ul>\n<p><em><img title=\"may-rua-bat-bosch-sms25ki00e-02\" src=\"https:\/\/bepvuson.vn\/Data\/upload\/images\/M%C3%A1y%20r%E1%BB%ADa%20b%C3%A1t\/may-rua-chen-gia-dinh-loai-nao-tot-2.jpg\" alt=\"may-rua-bat-bosch-sms25ki00e-02\" \/><\/em><\/p>\n<ul>\n<li><em>Ch\u1ebf \u0111\u1ed9 b\u1ea3o h\u00e0nh m\u00e1y r\u1eeda b\u00e1t Bosch \u0111\u01b0\u1ee3c\u00a0<strong>b\u1ea3o h\u00e0nh 2 n\u0103m ch\u00ednh h\u00e3ng<\/strong>\u00a0t\u1ea1i c\u1eeda h\u00e0ng, kh\u00e1ch h\u00e0ng kh\u00f4ng c\u1ea7n ph\u1ea3i mang thi\u1ebft b\u1ecb \u0111\u1ebfn t\u1eadn c\u1eeda h\u00e0ng m\u00e0 ch\u00fang t\u00f4i v\u1edbi nh\u1eefng \u0111\u1ed9i ng\u0169\u00a0<strong>b\u1ea3o h\u00e0nh chuy\u00ean nghi\u1ec7p<\/strong>\u00a0s\u1ebd \u0111\u1ebfn v\u00e0 b\u1ea3o h\u00e0nh cho gia \u0111\u00ecnh nh\u00e0 b\u1ea1n.<\/em><\/li>\n<\/ul>\n<\/div>\n<\/div>\n","protected":false},"excerpt":{"rendered":"<p>T\u1ed5ng quan chung M\u00e1y R\u1eeda B\u00e1t Bosch SMS25KI00E M\u00e1y r\u1eeda b\u00e1t Bosch SMS25KI00E l\u00e0 d\u00f2ng r\u1eeda b\u00e1t b\u00e1n \u00e2m c\u1ee7a &hellip; <a class=\"link-more\" href=\"http:\/\/maudep.com.vn\/chuyengiadienmay\/?product=may-rua-bat-bosch-sms25ki00e\" class=\"more-link\">\u0110\u1ecdc th\u00eam &raquo;<span class=\"screen-reader-text\"> &#8220;M\u00e1y R\u1eeda B\u00e1t Bosch SMS25KI00E&#8221;<\/span><\/a><\/p>\n","protected":false},"featured_media":2315,"comment_status":"open","ping_status":"closed","template":"","meta":[],"_links":{"self":[{"href":"http:\/\/maudep.com.vn\/chuyengiadienmay\/index.php?rest_route=\/wp\/v2\/product\/2314"}],"collection":[{"href":"http:\/\/maudep.com.vn\/chuyengiadienmay\/index.php?rest_route=\/wp\/v2\/product"}],"about":[{"href":"http:\/\/maudep.com.vn\/chuyengiadienmay\/index.php?rest_route=\/wp\/v2\/types\/product"}],"replies":[{"embeddable":true,"href":"http:\/\/maudep.com.vn\/chuyengiadienmay\/index.php?rest_route=%2Fwp%2Fv2%2Fcomments&post=2314"}],"wp:featuredmedia":[{"embeddable":true,"href":"http:\/\/maudep.com.vn\/chuyengiadienmay\/index.php?rest_route=\/wp\/v2\/media\/2315"}],"wp:attachment":[{"href":"http:\/\/maudep.com.vn\/chuyengiadienmay\/index.php?rest_route=%2Fwp%2Fv2%2Fmedia&parent=2314"}],"curies":[{"name":"wp","href":"https:\/\/api.w.org\/{rel}","templated":true}]}}