{"id":2316,"date":"2019-01-06T13:02:27","date_gmt":"2019-01-06T06:02:27","guid":{"rendered":"http:\/\/maudep.com.vn\/chuyengiadienmay\/?post_type=product&#038;p=2316"},"modified":"2019-01-06T13:02:27","modified_gmt":"2019-01-06T06:02:27","slug":"may-rua-bat-bosch-sms88ti01e","status":"publish","type":"product","link":"http:\/\/maudep.com.vn\/chuyengiadienmay\/?product=may-rua-bat-bosch-sms88ti01e","title":{"rendered":"M\u00e1y r\u1eeda b\u00e1t Bosch SMS88TI01E"},"content":{"rendered":"<h3 class=\"title\">T\u1ed5ng quan chung M\u00e1y r\u1eeda b\u00e1t Bosch SMS88TI01E<\/h3>\n<div class=\"article-content\">\n<div class=\"js-content\">\n<h2>Th\u1ebf h\u1ec7 m\u00e1y r\u1eeda b\u00e1t Bosch SMS88TI01E\u00a0l\u00e0 d\u00f2ng m\u00e1y r\u1eeda b\u00e1t dung t\u00edch nh\u1ecf l\u1eafp \u00e2m b\u00e1n ph\u1ea7n, m\u00e1y c\u00f3 kh\u1ea3 n\u0103ng r\u1eeda \u0111\u01b0\u1ee3c 9 b\u1ed9 b\u00e1t \u0111\u0129a ch\u00e2u \u00c2u. C\u00f3 k\u00edch th\u01b0\u1edbc nh\u1ecf h\u01a1n c\u00e1c d\u00f2ng m\u00e1y ph\u1ed5 th\u00f4ng c\u1ee7a Bosch, m\u00e1y r\u1eeda b\u00e1t SMS88TI02E\u00a0kh\u00e1 ph\u00f9 h\u1ee3p v\u1edbi c\u00e1c gia \u0111\u00ecnh \u00edt ng\u01b0\u1eddi t\u1eeb 2-3 th\u00e0nh vi\u00ean.<\/h2>\n<h3>\u0110a\u0301nh gia\u0301 linh ki\u00ea\u0323n ma\u0301y r\u01b0\u0309a che\u0301n Bosch SMS88TI01E<\/h3>\n<p><strong>M\u00e1y r\u1eeda b\u00e1t Bosch SMS88TI01E<\/strong>\u00a0\u0111\u01b0\u1ee3c trang b\u1ecb c\u00e1c k<span>hay ch\u1ee9a linh ho\u1ea1t h\u01a1n gi\u00fap s\u1eed d\u1ee5ng kh\u00f4ng gian t\u1ed1t h\u01a1n:\u00a0\u0110i\u1ec1u ch\u1ec9nh c\u00e1c b\u1ed9 ph\u1eadn c\u1ee7a gi\u1ecf \u0111\u1ec3 t\u1ea1o th\u00eam kh\u00f4ng gian cho ch\u00e9n \u0111\u0129a\u00a0v\u00e0 dao k\u00e9o.\u00a0T\u1eadn d\u1ee5ng t\u1ed1t h\u01a1n cho\u00a0kh\u00f4ng gian trong m\u00e1y r\u1eeda ba\u0301t\u00a0c\u1ee7a b\u1ea1n\u00a0\u0111\u1ec3 r\u1eeda \u0111\u01b0\u1ee3c nhi\u1ec1u ch\u00e9n \u0111\u0129a v\u00e0 c\u00e1c v\u1eadt d\u1ee5ng nh\u00e0 b\u1ebfp.<\/span><\/p>\n<p><img title=\"may-rua-bat-bosch-sms88ti01e\" src=\"https:\/\/bepvuson.vn\/Data\/upload\/images\/M%C3%A1y%20r%E1%BB%ADa%20b%C3%A1t\/mayruabatboschsms88ti01eanhmota9x1200x1200x4.jpg\" alt=\"may-rua-bat-bosch-sms88ti01e\" \/><\/p>\n<ul>\n<li><em><span><strong>B\u1ea3o v\u1ec7<\/strong>\u00a0nhi\u1ec1u h\u01a1n cho c\u00e1c v\u1eadt th\u1ee7y tinh m\u1ecfng\u00a0v\u1edbi gi\u00e1 chuy\u00ean bi\u1ec7t.\u00a0<\/span><span>Gi\u00e1 k\u00ednh cu\u0309a ma\u0301y r\u01b0\u0309a ba\u0301t Bosch\u00a0<strong>cho ph\u00e9p<\/strong>\u00a0b\u1ea1n r\u1eeda m\u1ed9t c\u00e1ch\u00a0<strong>an to\u00e0n<\/strong>\u00a0c\u00e1c lo\u1ea1i ly th\u1ee7y tinh, chai l\u1ecd ho\u1eb7c b\u00ecnh cao h\u01a1n trong r\u1ed5 d\u01b0\u1edbi.<\/span><\/em><\/li>\n<li><em>C\u00e1c v\u1eadt li\u1ec7u m\u00e0 t\u1eeb \u0111\u00f3 ng\u0103n \u0111\u1ef1ng m\u00e1y r\u1eeda ba\u0301t\u00a0\u0111\u01b0\u1ee3c l\u00e0m<strong>\u00a0th\u00e9p kh\u00f4ng g\u1ec9<\/strong>\u00a0giu\u0301p ma\u0301y r\u01b0\u0309a ba\u0301t Bosch co\u0301\u00a0<strong>\u0111\u00f4\u0323 b\u00ea\u0300n cao<\/strong>, d\u00ea\u0303 da\u0300ng trong qua\u0301 tri\u0300nh v\u00ea\u0323 sinh.<\/em><\/li>\n<li><em>Ma\u0301y r\u01b0\u0309a ba\u0301t Bosch SMS88TI02E\u00a0\u0111a\u0323t c\u1ea5p\u00a0<strong>hi\u1ec7u qu\u1ea3 n\u0103ng l\u01b0\u1ee3ng A ++<\/strong>\u00a0(tr\u00ean thang hi\u1ec7u su\u1ea5t n\u0103ng l\u01b0\u1ee3ng t\u1eeb A +++ \u0111\u1ebfn D).<\/em><\/li>\n<li><em>\u0110\u00f4\u0323 \u00f4\u0300n d\u01b0\u01a1\u0301i<strong>\u00a040\u00a0Db<\/strong>\u00a0\u0111a\u0309m ba\u0309o<strong>\u00a0kh\u00f4ng a\u0309nh h\u01b0\u01a1\u0309ng<\/strong>\u00a0\u0111\u00ea\u0301n ng\u01b0\u01a1\u0300i s\u01b0\u0309 du\u0323ng.<\/em><\/li>\n<\/ul>\n<p><em>\u200b<img title=\"may-rua-bat-bosch-sms88ti01e-01\" src=\"https:\/\/bepvuson.vn\/Data\/upload\/images\/M%C3%A1y%20r%E1%BB%ADa%20b%C3%A1t\/61098555ceacfbcafb9532a685cb2e7e.jpg\" alt=\"may-rua-bat-bosch-sms88ti01e-01\" \/><\/em><\/p>\n<h3>Nh\u01b0\u0303ng \u01b0u \u0111i\u00ea\u0309m cu\u0309a ma\u0301y r\u01b0\u0309a che\u0301n Bosch SMS88TI01E<\/h3>\n<p><span>Ch\u01b0\u01a1ng tr\u00ecnh t\u1ef1 \u0111\u1ed9ng c\u1ee7a\u00a0<\/span><strong>M\u00e1y r\u1eeda b\u00e1t Bosch SMS88TI01E\u00a0<\/strong><span>\u0111\u1ea3m b\u1ea3o hi\u1ec7u su\u1ea5t l\u00e0m s\u1ea1ch t\u1ed1i \u01b0u t\u1ef1 \u0111\u1ed9ng.\u00a0Vi\u1ec7c s\u1eed d\u1ee5ng n\u01b0\u1edbc, nhi\u1ec7t \u0111\u1ed9 n\u01b0\u1edbc v\u00e0 th\u1eddi gian x\u1ea3 \u0111\u01b0\u1ee3c \u0111i\u1ec1u ch\u1ec9nh ch\u00ednh x\u00e1c v\u1ec1 m\u1ee9c \u0111\u1ed9 t\u1ea3i tr\u1ecdng b\u1ea9n, cung c\u1ea5p k\u1ebft qu\u1ea3 t\u1ed1t nh\u1ea5t trong khi ti\u1ebft ki\u1ec7m n\u01b0\u1edbc v\u00e0 n\u0103ng l\u01b0\u1ee3ng.<\/span><\/p>\n<p><span><img title=\"may-rua-bat-bosch-sms88ti01e-02\" src=\"https:\/\/bepvuson.vn\/Data\/upload\/images\/M%C3%A1y%20r%E1%BB%ADa%20b%C3%A1t\/MCSA02179988_H7017_1582386_SMP46TS01S_PGA2_def.jpg\" alt=\"may-rua-bat-bosch-sms88ti01e-02\" \/><\/span><\/p>\n<ul>\n<li><em><span><strong>R\u1eeda nhanh h\u01a1n<\/strong>\u00a0g\u1ea5p ba l\u1ea7n v\u1edbi k\u1ebft qu\u1ea3 l\u00e0m s\u1ea1ch v\u00e0 s\u1ea5y t\u1ed1i \u01b0u v\u1edbi\u00a0<strong>VarioSpeed \u200b\u200bPlus<\/strong>.\u00a0<\/span><span>S\u1eed d\u1ee5ng t\u00f9y ch\u1ecdn VarioSpeed \u200b\u200bPlus \u0111\u1ec3 r\u1eeda v\u00e0 s\u1ea5y kh\u00f4 \u0111\u1ea7y t\u1ea3i c\u00e1c v\u1eadt d\u1ee5ng nh\u00e0 b\u1ebfp\u00a0<strong>ho\u00e0n to\u00e0n s\u1ea1ch s\u1ebd<\/strong>\u00a0trong th\u1eddi gian ng\u1eafn nh\u1ea5t.\u00a0Th\u1eddi gian r\u1eeda cu\u0309a ma\u0301y r\u01b0\u0309a ba\u0301t Bosch\u00a0\u0111\u01b0\u1ee3c gi\u1ea3m khi \u1ea5n n\u00fat l\u00ean \u0111\u1ebfn 66% v\u1edbi\u00a0<strong>hi\u1ec7u su\u1ea5t l\u00e0m s\u1ea1ch cao<\/strong>\u00a0th\u00f4ng th\u01b0\u1eddng.\u00a0<\/span><\/em><\/li>\n<li><em><span>K\u1ebft qu\u1ea3\u00a0<strong>l\u00e0m s\u1ea1ch ho\u00e0n h\u1ea3o<\/strong>\u00a0m\u00e0 kh\u00f4ng l\u00e3ng ph\u00ed m\u1ed9t gi\u1ecdt n\u01b0\u1edbc cu\u0309a<\/span><span>\u00a0ma\u0301y r\u01b0\u0309a ba\u0301t Bosch se\u0303 ph\u00e1t hi\u1ec7n v\u1ebft b\u1ea9n cho c\u00e1c v\u1eadt d\u1ee5ng nh\u00e0 b\u1ebfp s\u1ea1ch s\u1ebd.\u00a0<\/span><span><strong>AquaSensor \u0111i\u1ec1u ch\u1ec9nh l\u01b0\u1ee3ng n\u01b0\u1edbc<\/strong>\u00a0s\u1eed d\u1ee5ng t\u00f9y thu\u1ed9c v\u00e0o lo\u1ea1i v\u00e0 m\u1ee9c \u0111\u1ed9 b\u1ea9n, s\u1eed d\u1ee5ng c\u00e1c\u00a0<strong>ch\u00f9m \u00e1nh s\u00e1ng\u00a0<\/strong>\u0111\u1ec3 qu\u1ea3n l\u00fd n\u01b0\u1edbc r\u1eeda.\u00a0T\u00f9y thu\u1ed9c v\u00e0o c\u00e1c v\u1ebft b\u1ea9n\u00a0c\u00f2n l\u1ea1i, d\u1ea7u m\u1ee1 ho\u1eb7c ch\u1ea5t t\u1ea9y r\u1eeda d\u01b0 l\u01b0\u1ee3ng trong qu\u00e1 tr\u00ecnh x\u1ea3,<strong>\u00a0qu\u00e1 tr\u00ecnh r\u1eeda \u0111\u01b0\u1ee3c \u0111\u00e1nh gi\u00e1<\/strong>\u00a0\u0111\u1ec3 x\u00e1c \u0111\u1ecbnh xem n\u00f3 c\u00f3 c\u1ea7n \u0111\u01b0\u1ee3c ti\u1ebfp t\u1ee5c hay kh\u00f4ng.<\/span><\/em><\/li>\n<li><em><span><strong>C\u00f4ng ngh\u1ec7 ActiveWater<\/strong>\u00a0cu\u0309a ma\u0301y r\u01b0\u0309a ba\u0301t Bosch giu\u0301p\u00a0<strong>ti\u00ea\u0301t ki\u00ea\u0323m n\u01b0\u1edbc<\/strong>,\u00a0<strong>n\u0103ng l\u01b0\u1ee3ng<\/strong>\u00a0,\u00a0<strong>hi\u1ec7u su\u1ea5t cao h\u01a1n<\/strong>.<\/span><span>C\u00f4ng ngh\u1ec7 r\u1eeda s\u00e1ng t\u1ea1o n\u00e0y t\u1ed1i \u0111a h\u00f3a hi\u1ec7u qu\u1ea3 v\u00e0\u00a0<strong>\u0111\u1ea3m b\u1ea3o \u0111\u1ed9 s\u1ea1ch<\/strong>\u00a0th\u00e2n thi\u1ec7n v\u1edbi m\u00f4i tr\u01b0\u1eddng cho k\u1ebft qu\u1ea3 l\u00e0m s\u1ea1ch tuy\u1ec7t v\u1eddi.\u00a0N\u01b0\u1edbc v\u00e0 n\u0103ng l\u01b0\u1ee3ng \u0111\u01b0\u1ee3c l\u01b0u th\u00f4ng qua ph\u00e2n ph\u1ed1i n\u01b0\u1edbc \u0111\u01b0\u1ee3c nh\u1eafm m\u1ee5c ti\u00eau,<strong>\u00a0c\u00f4ng ngh\u1ec7 l\u1ecdc t\u1ed1i \u01b0u<\/strong>, s\u01b0\u1edfi \u1ea5m nhanh h\u01a1n v\u00e0 hi\u1ec7u su\u1ea5t b\u01a1m cao h\u01a1n \u0111\u1ec3 t\u0103ng l\u01b0u th\u00f4ng n\u01b0\u1edbc.<\/span><\/em><\/li>\n<\/ul>\n<\/div>\n<\/div>\n","protected":false},"excerpt":{"rendered":"<p>T\u1ed5ng quan chung M\u00e1y r\u1eeda b\u00e1t Bosch SMS88TI01E Th\u1ebf h\u1ec7 m\u00e1y r\u1eeda b\u00e1t Bosch SMS88TI01E\u00a0l\u00e0 d\u00f2ng m\u00e1y r\u1eeda b\u00e1t dung &hellip; <a class=\"link-more\" href=\"http:\/\/maudep.com.vn\/chuyengiadienmay\/?product=may-rua-bat-bosch-sms88ti01e\" class=\"more-link\">\u0110\u1ecdc th\u00eam &raquo;<span class=\"screen-reader-text\"> &#8220;M\u00e1y r\u1eeda b\u00e1t Bosch SMS88TI01E&#8221;<\/span><\/a><\/p>\n","protected":false},"featured_media":2317,"comment_status":"open","ping_status":"closed","template":"","meta":[],"_links":{"self":[{"href":"http:\/\/maudep.com.vn\/chuyengiadienmay\/index.php?rest_route=\/wp\/v2\/product\/2316"}],"collection":[{"href":"http:\/\/maudep.com.vn\/chuyengiadienmay\/index.php?rest_route=\/wp\/v2\/product"}],"about":[{"href":"http:\/\/maudep.com.vn\/chuyengiadienmay\/index.php?rest_route=\/wp\/v2\/types\/product"}],"replies":[{"embeddable":true,"href":"http:\/\/maudep.com.vn\/chuyengiadienmay\/index.php?rest_route=%2Fwp%2Fv2%2Fcomments&post=2316"}],"wp:featuredmedia":[{"embeddable":true,"href":"http:\/\/maudep.com.vn\/chuyengiadienmay\/index.php?rest_route=\/wp\/v2\/media\/2317"}],"wp:attachment":[{"href":"http:\/\/maudep.com.vn\/chuyengiadienmay\/index.php?rest_route=%2Fwp%2Fv2%2Fmedia&parent=2316"}],"curies":[{"name":"wp","href":"https:\/\/api.w.org\/{rel}","templated":true}]}}