{"id":2322,"date":"2019-01-06T13:14:06","date_gmt":"2019-01-06T06:14:06","guid":{"rendered":"http:\/\/maudep.com.vn\/chuyengiadienmay\/?post_type=product&#038;p=2322"},"modified":"2019-01-06T13:14:06","modified_gmt":"2019-01-06T06:14:06","slug":"may-rua-bat-bosch-sms63l02ea","status":"publish","type":"product","link":"http:\/\/maudep.com.vn\/chuyengiadienmay\/?product=may-rua-bat-bosch-sms63l02ea","title":{"rendered":"M\u00e1y r\u1eeda b\u00e1t Bosch SMS63L02EA"},"content":{"rendered":"<h3 class=\"title\">T\u1ed5ng quan chung M\u00e1y r\u1eeda b\u00e1t Bosch SMS63L02EA<\/h3>\n<div class=\"article-content\">\n<div class=\"js-content\">\n<h2>M\u00e1y r\u1eeda b\u00e1t Bosch SMS63L02EA \u0111\u01b0\u1ee3c thi\u1ebft k\u1ebf r\u1ea5t ch\u1eafc ch\u1eafn, \u0111\u1eb9p v\u00e0 ph\u00f9 h\u1ee3p v\u1edbi m\u1ecdi kh\u00f4ng gian b\u1ebfp hi\u1ec7n \u0111\u1ea1i, B\u00ea\u0301p Vu\u0303 S\u01a1n\u00a0\u0111a\u0309m ba\u0309o r\u0103\u0300ng s\u1ef1 hi\u1ec7n di\u1ec7n c\u1ee7a sa\u0309n ph\u00e2\u0309m\u00a0ch\u1eafc ch\u1eafn s\u1ebd l\u00e0m t\u0103ng th\u00eam v\u1ebb sang tr\u1ecdng v\u00e0 \u0111\u1eb3ng c\u1ea5p cho c\u0103n b\u1ebfp nh\u00e0 b\u1ea1n.<\/h2>\n<h3><strong>\u0110a\u0301nh gia\u0301 ma\u0301y r\u01b0\u0309a ba\u0301t SMS63L02EA co\u0301 t\u00f4\u0301t kh\u00f4ng?<\/strong><\/h3>\n<p><strong>M\u00e1y r\u1eeda b\u00e1t Bosch SMS63L02EA<\/strong>\u00a0 v\u1edbi m\u00e0u s\u1eafc tr\u1eafng t\u1ea1o s\u1ef1 h\u00e0i ho\u00e0 cho kh\u00f4ng gian b\u1ebfp, v\u01a1\u0301i\u00a0s\u1ee9c ch\u1ee9a t\u1edbi 12 b\u1ed9 ( t\u00ednh theo b\u1ed9 Ch\u00e2u \u00c2u\u00a0) b\u1ea1n c\u00f3 th\u1ec3 r\u1eeda \u0111\u1ed3ng th\u1eddi c\u1ea3 xoong n\u1ed3i.<\/p>\n<p><img title=\"may-rua-bat-bosch-sms63l02ea\" src=\"https:\/\/bepvuson.vn\/Data\/upload\/images\/may-rua-bat\/BOSCH-SMS63L02EA.jpg\" alt=\"may-rua-bat-bosch-sms63l02ea\" \/><\/p>\n<ul>\n<li><em>Ma\u0301y r\u01b0\u0309a ba\u0301t Bosch co\u0301\u00a0<strong>b\u1ea3ng \u0111i\u1ec1u khi\u1ec3n hi\u1ec3n th\u1ecb\u00a0<\/strong>tinh t\u1ebf ngay tr\u00ean m\u1eb7t m\u00e1y c\u00f9ng c\u00e1c n\u00fam xoay c\u01a1 \u0111\u01a1n gi\u1ea3n,\u00a0<strong>hi\u1ec7u qu\u1ea3<\/strong>, d\u1ec5 th\u1ef1c hi\u1ec7n. Ngo\u00e0i ra, c\u00f2n c\u00f3\u00a0<strong>b\u1ea3ng hi\u1ec3n th\u1ecb \u0111i\u1ec7n t\u1eed<\/strong>\u00a0cho ph\u00e9p<strong>\u00a0th\u00f4ng b\u00e1o ch\u00ednh x\u00e1c th\u1eddi gian<\/strong>\u00a0c\u00f2n l\u1ea1i c\u1ee7a chu tr\u00ecnh r\u1eeda.<\/em><\/li>\n<li><em>V\u01a1\u0301i ch\u1ea5t li\u1ec7u\u00a0<strong>th\u00e9p kh\u00f4ng g\u1ec9 cao c\u1ea5p<\/strong>\u00a0b\u1ec1n \u0111\u1eb9p, m\u00e1y r\u01b0\u0309a ba\u0301t Bosch \u0111\u01b0\u1ee3c thi\u1ebft k\u1ebf m\u1edf ra, h\u1ec7 th\u1ed1ng r\u1ed5 \u0111\u1ef1ng c\u00f3 th\u1ec3 k\u00e9o r\u1eddi ra ngo\u00e0i<strong>\u00a0thu\u1eadn ti\u1ec7n khi s\u1eed d\u1ee5ng<\/strong>, thi\u1ebft k\u1ebf c\u00e1c khoang \u0111\u1ec3 \u0111\u1ef1ng xong n\u1ed3i, b\u00e1t \u0111\u1ecba dao th\u00eca d\u0129a gi\u00fap m\u00e1y ho\u1ea1t \u0111\u1ed9ng kh\u00f4ng l\u00e0m s\u1ee9t m\u1ebb b\u00e1t, ly, c\u1ed1c&#8230;<\/em><\/li>\n<li><em>H\u1ec7 th\u1ed1ng gi\u1ecf khay\u00a0<strong>inox s\u00e1ng b\u00f3ng s\u1ea1ch s\u1ebd<\/strong>\u00a0d\u1ec5 d\u00e0ng cho vi\u1ec7c s\u1eafp x\u1ebfp b\u00e1t \u0111\u0129a r\u1eeda s\u1ea1ch, \u0111\u1ea1t\u00a0<strong>hi\u1ec7u qu\u1ea3\u00a0<\/strong>nh\u1ea5t. B\u00ean c\u1ea1nh \u0111\u00f3 c\u00e1c khay cu\u0309a ma\u0301y r\u01b0\u0309a ba\u0301t Bosch \u0111\u01b0\u1ee3c<strong>\u00a0s\u1eafp x\u1ebfp linh ho\u1ea1t\u00a0<\/strong>gi\u00fap cho vi\u1ec7c r\u1eeda c\u00e1c \u0111\u1ed3 d\u00f9ng v\u1edbi m\u1ecdi k\u00edch c\u1ee1 kh\u00e1c nhau.<\/em><\/li>\n<li><em>V\u1edbi \u0111\u1ed9 \u1ed3n t\u1eeb\u00a0<strong>42-45dB<\/strong>\u00a0v\u1edbi nhi\u1ec1u v\u00e1ch c\u00e1ch \u00e2m tr\u00ean m\u00e1y, b\u1ed9 ch\u1ed1ng rung v\u00e0 b\u01a1m \u0111\u1ed9ng c\u01a1 l\u1eafp \u0111\u1eb7t \u0111\u1eb7t bi\u1ec7t s\u1ebd l\u00e0m\u00a0<strong>gi\u1ea3m thi\u1ec3u ti\u1ebfng \u1ed3n<\/strong>\u00a0khi m\u00e1y \u0111ang r\u1eeda. \u00a0Ng\u01b0\u1eddi d\u00f9ng ch\u1ec9 vi\u1ec7c<strong>\u00a0xoay n\u00fam \u0111i\u1ec1u khi\u1ec3n\u00a0<\/strong>ch\u1ecdn ch\u01b0\u01a1ng tr\u00ecnh ph\u00f9 h\u1ee3p, cho b\u1ed9t r\u1eeda v\u00e0o khay v\u00e0<strong>\u00a0nh\u1ea5n n\u00fat Start<\/strong>\u00a0l\u00e0 m\u00e1y r\u01b0\u0309a ba\u0301t Bosch s\u1ebd t\u1ef1 \u0111\u1ed9ng ch\u1ea1y. \u0110\u00e8n tr\u00ean m\u00e0n h\u00ecnh hi\u1ec3n th\u1ecb s\u1ebd \u0111\u1ebfm ng\u01b0\u1ee3c th\u1eddi gian ch\u1ea1y v\u00e0 b\u00e1o m\u00e1y \u0111ang ho\u1ea1t \u0111\u1ed9ng \u1edf giai \u0111o\u1ea1n n\u00e0o. Khi h\u1ebft mu\u1ed1i ho\u1eb7c d\u1ea7u b\u00f3ng ho\u1eb7c l\u1ed7i v\u1ec1 \u0111\u01b0\u1eddng n\u01b0\u1edbc m\u00e1y s\u1ebd<strong>\u00a0t\u1ef1 \u0111\u1ed9ng<\/strong><strong>b\u00e1o \u0111\u00e8n<\/strong>.<\/em><\/li>\n<\/ul>\n<p><em>\u200b<img title=\"may-rua-bat-bosch-sms63l02ea-01\" src=\"https:\/\/bepvuson.vn\/Data\/upload\/images\/may-rua-bat\/lo-nuong-bosch-hbg655hs1_5_(24).jpg\" alt=\"may-rua-bat-bosch-sms63l02ea-01\" \/><\/em><\/p>\n<h3><strong>Ma\u0301y r\u01b0\u0309a ba\u0301t SMS3L02EA co\u0301 nh\u01b0\u0303ng ti\u0301nh n\u0103ng gi\u0300?<\/strong><\/h3>\n<p>Ti\u0301nh n\u0103ng la\u0300 y\u00ea\u0301u t\u00f4\u0301 kh\u00f4ng th\u00ea\u0309 bo\u0309 qua khi \u0111a\u0301nh gia\u0301 m\u00f4\u0323t sa\u0309n ph\u00e2\u0309m, v\u00e2\u0323y\u00a0<strong>M\u00e1y r\u1eeda b\u00e1t Bosch SMS63L02EA<\/strong>co\u0301 nh\u01b0\u0303ng ti\u0301nh n\u0103ng gi\u0300?<\/p>\n<p><img title=\"may-rua-bat-bosch-sms63l02ea-02\" src=\"https:\/\/bepvuson.vn\/Data\/upload\/images\/may-rua-bat\/may-rua-bat-bosch-sms63l02ea-detail-2.jpg\" alt=\"may-rua-bat-bosch-sms63l02ea-02\" \/><\/p>\n<ul>\n<li><em>Ma\u0301y r\u01b0\u0309a ba\u0301t Bosch\u00a0<strong>ph\u00e1t hi\u1ec7n v\u1ebft b\u1ea9n<\/strong>\u00a0cho c\u00e1c v\u1eadt d\u1ee5ng nh\u00e0 b\u1ebfp s\u1ea1ch s\u1ebd,\u00a0<strong>AquaSensor<\/strong>\u00a0\u0111i\u1ec1u ch\u1ec9nh l\u01b0\u1ee3ng n\u01b0\u1edbc s\u1eed d\u1ee5ng t\u00f9y thu\u1ed9c v\u00e0o lo\u1ea1i v\u00e0 m\u1ee9c \u0111\u1ed9 b\u1ea9n, s\u1eed d\u1ee5ng c\u00e1c ch\u00f9m \u00e1nh s\u00e1ng \u0111\u1ec3 qu\u1ea3n l\u00fd n\u01b0\u1edbc r\u1eeda. T\u00f9y thu\u1ed9c v\u00e0o c\u00e1c v\u1ebft b\u1ea9n c\u00f2n l\u1ea1i, d\u1ea7u m\u1ee1 ho\u1eb7c ch\u1ea5t t\u1ea9y r\u1eeda d\u01b0 l\u01b0\u1ee3ng trong qu\u00e1 tr\u00ecnh x\u1ea3, qu\u00e1 tr\u00ecnh r\u1eeda \u0111\u01b0\u1ee3c \u0111\u00e1nh gi\u00e1 \u0111\u1ec3 x\u00e1c \u0111\u1ecbnh xem n\u00f3 c\u00f3 c\u1ea7n \u0111\u01b0\u1ee3c ti\u1ebfp t\u1ee5c hay kh\u00f4ng.<\/em><\/li>\n<li><em><strong>C\u00f4ng ngh\u1ec7 ActiveWater<\/strong>\u00a0cu\u0309a ma\u0301y r\u01b0\u0309a ba\u0301t Bosch giu\u0301p<strong>\u00a0ti\u00ea\u0301t ki\u00ea\u0323m n\u01b0\u1edbc<\/strong>,<strong>\u00a0n\u0103ng l\u01b0\u1ee3ng<\/strong>\u00a0,\u00a0<strong>hi\u1ec7u su\u1ea5t cao h\u01a1n<\/strong>.C\u00f4ng ngh\u1ec7 r\u1eeda s\u00e1ng t\u1ea1o n\u00e0y t\u1ed1i \u0111a h\u00f3a hi\u1ec7u qu\u1ea3 v\u00e0 \u0111\u1ea3m b\u1ea3o \u0111\u1ed9 s\u1ea1ch th\u00e2n thi\u1ec7n v\u1edbi m\u00f4i tr\u01b0\u1eddng cho k\u1ebft qu\u1ea3 l\u00e0m s\u1ea1ch tuy\u1ec7t v\u1eddi. N\u01b0\u1edbc v\u00e0 n\u0103ng l\u01b0\u1ee3ng \u0111\u01b0\u1ee3c l\u01b0u th\u00f4ng qua ph\u00e2n ph\u1ed1i n\u01b0\u1edbc \u0111\u01b0\u1ee3c nh\u1eafm m\u1ee5c ti\u00eau, c\u00f4ng ngh\u1ec7 l\u1ecdc t\u1ed1i \u01b0u, s\u01b0\u1edfi \u1ea5m nhanh h\u01a1n v\u00e0 hi\u1ec7u su\u1ea5t b\u01a1m cao h\u01a1n \u0111\u1ec3 t\u0103ng l\u01b0u th\u00f4ng n\u01b0\u1edbc.<\/em><\/li>\n<li><em><strong>R\u1eeda nhanh h\u01a1n\u00a0<\/strong>g\u1ea5p ba l\u1ea7n v\u1edbi k\u1ebft qu\u1ea3 l\u00e0m s\u1ea1ch v\u00e0 s\u1ea5y t\u1ed1i \u01b0u v\u1edbi\u00a0<strong>VarioSpeed \u200b\u200bPlus<\/strong>. S\u1eed d\u1ee5ng t\u00f9y ch\u1ecdn VarioSpeed \u200b\u200bPlus \u0111\u1ec3 r\u1eeda v\u00e0 s\u1ea5y kh\u00f4 \u0111\u1ea7y t\u1ea3i c\u00e1c v\u1eadt d\u1ee5ng nh\u00e0 b\u1ebfp ho\u00e0n to\u00e0n s\u1ea1ch s\u1ebd trong th\u1eddi gian ng\u1eafn nh\u1ea5t. Th\u1eddi gian r\u1eeda cu\u0309a ma\u0301y r\u01b0\u0309a ba\u0301t Bosch \u0111\u01b0\u1ee3c gi\u1ea3m khi \u1ea5n n\u00fat l\u00ean \u0111\u1ebfn 66% v\u1edbi hi\u1ec7u su\u1ea5t l\u00e0m s\u1ea1ch cao th\u00f4ng th\u01b0\u1eddng.<\/em><\/li>\n<\/ul>\n<\/div>\n<\/div>\n","protected":false},"excerpt":{"rendered":"<p>T\u1ed5ng quan chung M\u00e1y r\u1eeda b\u00e1t Bosch SMS63L02EA M\u00e1y r\u1eeda b\u00e1t Bosch SMS63L02EA \u0111\u01b0\u1ee3c thi\u1ebft k\u1ebf r\u1ea5t ch\u1eafc ch\u1eafn, \u0111\u1eb9p &hellip; <a class=\"link-more\" href=\"http:\/\/maudep.com.vn\/chuyengiadienmay\/?product=may-rua-bat-bosch-sms63l02ea\" class=\"more-link\">\u0110\u1ecdc th\u00eam &raquo;<span class=\"screen-reader-text\"> &#8220;M\u00e1y r\u1eeda b\u00e1t Bosch SMS63L02EA&#8221;<\/span><\/a><\/p>\n","protected":false},"featured_media":2323,"comment_status":"open","ping_status":"closed","template":"","meta":[],"_links":{"self":[{"href":"http:\/\/maudep.com.vn\/chuyengiadienmay\/index.php?rest_route=\/wp\/v2\/product\/2322"}],"collection":[{"href":"http:\/\/maudep.com.vn\/chuyengiadienmay\/index.php?rest_route=\/wp\/v2\/product"}],"about":[{"href":"http:\/\/maudep.com.vn\/chuyengiadienmay\/index.php?rest_route=\/wp\/v2\/types\/product"}],"replies":[{"embeddable":true,"href":"http:\/\/maudep.com.vn\/chuyengiadienmay\/index.php?rest_route=%2Fwp%2Fv2%2Fcomments&post=2322"}],"wp:featuredmedia":[{"embeddable":true,"href":"http:\/\/maudep.com.vn\/chuyengiadienmay\/index.php?rest_route=\/wp\/v2\/media\/2323"}],"wp:attachment":[{"href":"http:\/\/maudep.com.vn\/chuyengiadienmay\/index.php?rest_route=%2Fwp%2Fv2%2Fmedia&parent=2322"}],"curies":[{"name":"wp","href":"https:\/\/api.w.org\/{rel}","templated":true}]}}