{"id":2324,"date":"2019-01-06T13:18:12","date_gmt":"2019-01-06T06:18:12","guid":{"rendered":"http:\/\/maudep.com.vn\/chuyengiadienmay\/?post_type=product&#038;p=2324"},"modified":"2019-01-06T13:18:12","modified_gmt":"2019-01-06T06:18:12","slug":"may-rua-bat-bosch-smv46kx00e","status":"publish","type":"product","link":"http:\/\/maudep.com.vn\/chuyengiadienmay\/?product=may-rua-bat-bosch-smv46kx00e","title":{"rendered":"M\u00e1y R\u1eeda B\u00e1t Bosch SMV46KX00E"},"content":{"rendered":"<h3 class=\"title\">T\u1ed5ng quan chung M\u00e1y R\u1eeda B\u00e1t Bosch SMV46KX00E<\/h3>\n<div class=\"article-content\">\n<div class=\"js-content\">\n<h2>M\u00e1y r\u1eeda b\u00e1t Bosch SMV46KX00E l\u00e0 d\u00f2ng m\u00e1y r\u1eeda b\u00e1t cao c\u1ea5p c\u1ee7a th\u01b0\u01a1ng hi\u1ec7u Bosch, sa\u0309n ph\u00e2\u0309m\u00a0t\u00edch h\u1ee3p nhi\u1ec1u t\u00ednh n\u0103ng \u01b0u vi\u1ec7t v\u1edbi chi\u1ebfc m\u00e1y r\u1eeda b\u00e1t n\u00e0y s\u1ebd g\u00e1nh 1 ph\u1ea7n trong c\u00f4ng vi\u1ec7c gi\u00fap ch\u1ecb em, ch\u1ecb em s\u1ebd c\u00f3 th\u00eam th\u1eddi gian th\u01b0 gi\u00e3n tr\u00f2 chuy\u1ec7n b\u00ean gia \u0111\u00ecnh th\u00e2n y\u00eau c\u1ee7a m\u00ecnh.<\/h2>\n<h3><strong>Th\u00f4ng tin chi ti\u00ea\u0301t ma\u0301y r\u01b0\u0309a ba\u0301t Bosch \u00e2m tu\u0309 SMV46KX00E<\/strong><\/h3>\n<p><strong>M\u00e1y r\u1eeda b\u00e1t Bosch SMV46KX00E<\/strong>\u00a0nh\u1eadp kh\u1ea9u ch\u00ednh h\u00e3ng ch\u1ea5t l\u01b0\u1ee3ng cao v\u1edbi ch\u1ea5t li\u1ec7u inox thi\u1ebft k\u1ebf \u00e2m t\u1ee7, c\u00f4ng su\u1ea5t r\u1eeda cho 1 l\u1ea7n ho\u1ea1t \u0111\u1ed9ng l\u00e0 13 b\u1ed9 b\u00e1t r\u1eeda.<\/p>\n<p><img title=\"may-rua-bat-bosch-smv46kx00e\" src=\"https:\/\/bepvuson.vn\/Data\/upload\/images\/M%C3%A1y%20r%E1%BB%ADa%20b%C3%A1t\/May_rua_chen_Bosch_SMS69P28EU.jpg\" alt=\"may-rua-bat-bosch-smv46kx00e\" \/><\/p>\n<ul>\n<li><em>Ma\u0301y r\u01b0\u0309a ba\u0301t Bosch \u0111\u01b0\u01a1\u0323c\u00a0thi\u1ebft k\u1ebf b\u1ec1 m\u1eb7t b\u1eb1ng\u00a0<strong>inox kh\u00f4ng gi\u0309<\/strong>\u00a0m\u00e0u tr\u1eafng sang tr\u1ecdng,\u00a0<strong>h\u1ec7 th\u1ed1ng \u0111i\u1ec1u khi\u1ec3n<\/strong>\u00a0c\u01a1 gi\u00fap ng\u01b0\u1eddi s\u1eed d\u1ee5ng d\u1ec5 d\u00e0ng l\u1ef1a ch\u1ecdn ch\u1ebf \u0111\u1ed9 r\u1eeda theo mong mu\u1ed1n.<\/em><\/li>\n<li><em>H\u1ec7 th\u1ed1ng gi\u1ecf khay\u00a0<strong>inox s\u00e1ng b\u00f3ng s\u1ea1ch s\u1ebd\u00a0<\/strong>d\u1ec5 d\u00e0ng cho vi\u1ec7c s\u1eafp x\u1ebfp b\u00e1t \u0111\u0129a r\u1eeda s\u1ea1ch,\u00a0<strong>\u0111\u1ea1t hi\u1ec7u qu\u1ea3 nh\u1ea5t<\/strong>. B\u00ean c\u1ea1nh \u0111\u00f3 c\u00e1c khay cu\u0309a ma\u0301y r\u01b0\u0309a ba\u0301t Bosch SMV46KX00E\u00a0\u0111\u01b0\u1ee3c s\u1eafp x\u1ebfp\u00a0<strong>linh ho\u1ea1t<\/strong>\u00a0gi\u00fap cho vi\u1ec7c r\u1eeda c\u00e1c \u0111\u1ed3 d\u00f9ng v\u1edbi m\u1ecdi k\u00edch c\u1ee1 kh\u00e1c nhau.<\/em><\/li>\n<li><em>Ma\u0301y r\u01b0\u0309a ba\u0301t Bosch co\u0301\u00a0<strong>b\u1ea3ng \u0111i\u1ec1u khi\u1ec3n hi\u1ec3n th\u1ecb tinh t\u1ebf<\/strong>\u00a0ngay tr\u00ean m\u1eb7t m\u00e1y c\u00f9ng c\u00e1c n\u00fam xoay c\u01a1 \u0111\u01a1n gi\u1ea3n,\u00a0<strong>hi\u1ec7u qu\u1ea3<\/strong>, d\u1ec5 th\u1ef1c hi\u1ec7n.\u00a0Ngo\u00e0i ra, c\u00f2n c\u00f3\u00a0<strong>b\u1ea3ng hi\u1ec3n th\u1ecb \u0111i\u1ec7n t\u1eed<\/strong>\u00a0cho ph\u00e9p th\u00f4ng b\u00e1o ch\u00ednh x\u00e1c th\u1eddi gian c\u00f2n l\u1ea1i c\u1ee7a chu tr\u00ecnh r\u1eeda.<\/em><\/li>\n<\/ul>\n<p><em><img title=\"may-rua-bat-bosch-smv46kx00e-01\" src=\"https:\/\/bepvuson.vn\/Data\/upload\/images\/M%C3%A1y%20r%E1%BB%ADa%20b%C3%A1t\/MRB%20Bosch%20SMV46KX00E.jpg\" alt=\"may-rua-bat-bosch-smv46kx00e-01\" \/><\/em><\/p>\n<ul>\n<li><em>Ray k\u00e9o tr\u01b0\u1ee3t c\u1ee7a m\u00e1y r\u01b0\u0309a ba\u0301t Bosch\u00a0ch\u1eafc ch\u1eafn s\u1ebd gi\u00fap\u00a0<strong>thao t\u00e1c nh\u1eb9 nh\u00e0ng<\/strong>, ch\u00e2n \u0111\u1ee1 ki\u1ec3u g\u1ea5p d\u1ec5 d\u00e0ng b\u1ed1 tr\u00ed c\u00e1c lo\u1ea1i xoong n\u1ed3i. Thi\u1ebft k\u1ebf b\u00ean trong\u00a0<strong>khoang r\u1eeda ph\u1eb3ng nh\u1eb5n<\/strong>, b\u1eb1ng th\u00e9p kh\u00f4ng g\u1ec9,\u00a0<strong>ch\u1ecbu \u0111\u01b0\u1ee3c c\u00e1c m\u1ee9c \u00e1p<\/strong>\u00a0su\u1ea5t n\u01b0\u1edbc kh\u00e1c nhau, n\u00ean c\u00f3 t\u00ednh b\u1ec1n cao v\u00e0 d\u1ec5 d\u00e0ng v\u1ec7 sinh.<\/em><\/li>\n<li><em>Ma\u0301y r\u01b0\u0309a ba\u0301t Bosch ti\u0301ch h\u01a1\u0323p\u00a0<strong>ch\u01b0\u01a1ng tri\u0300nh r\u01b0\u0309a im l\u0103\u0323ng<\/strong>, hoa\u0323t \u0111\u00f4\u0323ng y\u00ean ti\u0303nh chi\u0309 \u01a1\u0309\u00a0<strong>46 Db<\/strong>\u00a0&#8211; \u0111a\u0309m ba\u0309o kh\u00f4ng a\u0309nh h\u01b0\u01a1\u0309ng \u0111\u00ea\u0301n ng\u01b0\u01a1\u0300i s\u01b0\u0309 du\u0323ng.<\/em><\/li>\n<\/ul>\n<h3><strong>Ma\u0301y r\u01b0\u0309a ba\u0301t Bosch \u00e2m tu\u0309 SMV46KX00E co\u0301 nh\u01b0\u0303ng ti\u0301nh n\u0103ng gi\u0300?<\/strong><\/h3>\n<p><strong>M\u00e1y r\u1eeda b\u00e1t Bosch SMV46KX00E<\/strong>\u00a0\u0111\u01b0\u01a1\u0323c ti\u0301ch h\u01a1\u0323p ch\u1ee9c n\u0103ng VarioSpeed trong s\u1ea3n ph\u1ea9m\u00a0giu\u0301p gi\u1ea3m th\u1eddi gian r\u1eeda \u0111\u1ebfn \u0111\u1ebfn 50% m\u00e0 kh\u00f4ng c\u1ea7n ph\u1ea3i b\u1ecf qua c\u00f4ng \u0111o\u1ea1n n\u00e0o trong qu\u00e1 tr\u00ecnh r\u1eeda v\u00e0 s\u1ea5y.<\/p>\n<p><img title=\"may-rua-bat-bosch-smv46kx00e-02\" src=\"https:\/\/bepvuson.vn\/Data\/upload\/images\/M%C3%A1y%20r%E1%BB%ADa%20b%C3%A1t\/may-rua-bat-Bosch.jpg\" alt=\"may-rua-bat-bosch-smv46kx00e-02\" \/><\/p>\n<ul>\n<li><em>M\u00e1y r\u01b0\u0309a ba\u0301t Bosch an to\u00e0n v\u1edbi\u00a0<strong>h\u1ec7 th\u1ed1ng Aqua-Stop<\/strong>\u00a0t\u1ef1 \u0111\u1ed9ng ph\u00e1t hi\u1ec7n v\u00e0 ng\u0103n ng\u1eeba s\u1ef1 r\u00f2 r\u1ec9 b\u00ean trong v\u00e0 b\u00ean ngo\u00e0i. Trong tr\u01b0\u1eddng h\u1ee3p m\u1ea5t n\u01b0\u1edbc, m\u00e1y s\u1ebd t\u1ea1m ng\u1eebng ho\u1ea1t \u0111\u1ed9ng, ng\u1eebng c\u1ea5p n\u01b0\u1edbc v\u00e0 b\u01a1m n\u01b0\u1edbc ra ngo\u00e0i. M\u00e1y \u0111\u01b0\u1ee3c trang b\u1ecb\u00a0<strong>h\u1ec7 th\u1ed1ng c\u1eeda an to\u00e0n<\/strong>, ng\u0103n kh\u00f4ng cho c\u1eeda b\u1ecb \u0111\u00f3ng s\u1eadp l\u1ea1i m\u00e0 ch\u1ec9 \u0111\u00f3ng t\u1eeb t\u1eeb,\u00a0<strong>an to\u00e0n cho ng\u01b0\u1eddi s\u1eed d\u1ee5ng<\/strong>.<\/em><\/li>\n<li><em>M\u00e1y r\u1eeda b\u00e1t Bosch\u00a0g\u1ed3m\u00a0<strong>6 ch\u01b0\u01a1ng tr\u00ecnh r\u1eeda<\/strong>\u00a0v\u00e0\u00a0<strong>2 ch\u1ee9c n\u0103ng r\u1eeda \u0111\u1eb7c bi\u1ec7t<\/strong>, 6 m\u1ee9c nhi\u1ec7t \u0111\u1ed9 r\u1eeda ti\u1ec7n d\u1ee5ng, t\u00f9y \u0111\u1ed9 b\u1ea9n c\u1ee7a b\u00e1t \u0111\u0129a \u0111\u1ec3 l\u1ef1a ch\u1ecdn\u00a0<strong>ch\u01b0\u01a1ng tr\u00ecnh r\u1eeda ph\u00f9 h\u1ee3p<\/strong>\u00a0\u0111\u1ea3m b\u1ea3o s\u1ea1ch ho\u00e0n h\u1ea3o nh\u1ea5t.<\/em><\/li>\n<li><em>M\u00e1y r\u1eeda b\u00e1t Bosch \u00e2m tu\u0309\u00a0SMV46KX00E v\u1edbi m\u1ee9c\u00a0<strong>n\u0103ng l\u01b0\u1ee3ng A++<\/strong>\u00a0ti\u1ebft ki\u1ec7m n\u0103ng l\u01b0\u1ee3ng t\u1ed1i \u01b0u nh\u1ea5t v\u1edbi l\u01b0\u1ee3ng n\u01b0\u1edbc ti\u00eau th\u1ee5 7.5 l\u00edt, th\u1eddi gian r\u1eeda 235 ph\u00fat v\u00e0 \u0111i\u1ec7n n\u0103ng ti\u00eau th\u1ee5 0.92 kW.<\/em><\/li>\n<\/ul>\n<p>S\u1ea3n ph\u1ea9m c\u00f3 gi\u00e1 c\u1ea3 kh\u00f4ng qu\u00e1 cao, ph\u00f9 h\u1ee3p v\u1edbi nhi\u1ec1u gia \u0111\u00ecnh Vi\u00ea\u0323t. N\u1ebfu gia \u0111\u00ecnh c\u00f3 kh\u00f4ng gian b\u1ebfp r\u1ed9ng v\u00e0 nhu c\u1ea7u n\u1ea5u n\u01b0\u1edbng cao th\u00ec\u00a0<strong>m\u00e1y r\u01b0\u0309a ba\u0301t\u00a0<\/strong>Bosch SMV46KX00E\u00a0x\u1ee9ng \u0111\u00e1ng l\u00e0 s\u1ef1 l\u1ef1a ch\u1ecdn ho\u00e0n h\u1ea3o.<\/p>\n<\/div>\n<\/div>\n","protected":false},"excerpt":{"rendered":"<p>T\u1ed5ng quan chung M\u00e1y R\u1eeda B\u00e1t Bosch SMV46KX00E M\u00e1y r\u1eeda b\u00e1t Bosch SMV46KX00E l\u00e0 d\u00f2ng m\u00e1y r\u1eeda b\u00e1t cao c\u1ea5p &hellip; <a class=\"link-more\" href=\"http:\/\/maudep.com.vn\/chuyengiadienmay\/?product=may-rua-bat-bosch-smv46kx00e\" class=\"more-link\">\u0110\u1ecdc th\u00eam &raquo;<span class=\"screen-reader-text\"> &#8220;M\u00e1y R\u1eeda B\u00e1t Bosch SMV46KX00E&#8221;<\/span><\/a><\/p>\n","protected":false},"featured_media":2325,"comment_status":"open","ping_status":"closed","template":"","meta":[],"_links":{"self":[{"href":"http:\/\/maudep.com.vn\/chuyengiadienmay\/index.php?rest_route=\/wp\/v2\/product\/2324"}],"collection":[{"href":"http:\/\/maudep.com.vn\/chuyengiadienmay\/index.php?rest_route=\/wp\/v2\/product"}],"about":[{"href":"http:\/\/maudep.com.vn\/chuyengiadienmay\/index.php?rest_route=\/wp\/v2\/types\/product"}],"replies":[{"embeddable":true,"href":"http:\/\/maudep.com.vn\/chuyengiadienmay\/index.php?rest_route=%2Fwp%2Fv2%2Fcomments&post=2324"}],"wp:featuredmedia":[{"embeddable":true,"href":"http:\/\/maudep.com.vn\/chuyengiadienmay\/index.php?rest_route=\/wp\/v2\/media\/2325"}],"wp:attachment":[{"href":"http:\/\/maudep.com.vn\/chuyengiadienmay\/index.php?rest_route=%2Fwp%2Fv2%2Fmedia&parent=2324"}],"curies":[{"name":"wp","href":"https:\/\/api.w.org\/{rel}","templated":true}]}}