{"id":2326,"date":"2019-01-06T13:23:04","date_gmt":"2019-01-06T06:23:04","guid":{"rendered":"http:\/\/maudep.com.vn\/chuyengiadienmay\/?post_type=product&#038;p=2326"},"modified":"2019-01-06T13:23:04","modified_gmt":"2019-01-06T06:23:04","slug":"may-rua-bat-bosch-smv69m91eu","status":"publish","type":"product","link":"http:\/\/maudep.com.vn\/chuyengiadienmay\/?product=may-rua-bat-bosch-smv69m91eu","title":{"rendered":"M\u00e1y r\u1eeda b\u00e1t Bosch SMV69M91EU"},"content":{"rendered":"<h3 class=\"title\">T\u1ed5ng quan chung M\u00e1y r\u1eeda b\u00e1t Bosch SMV69M91EU<\/h3>\n<div class=\"article-content\">\n<div class=\"js-content\">\n<h2>M\u00e1y r\u1eeda b\u00e1t Bosch SMV69M91EU ch\u00ednh h\u00e3ng n\u1ed5i b\u1eadt l\u00ean v\u1edbi 6 ch\u01b0\u01a1ng tr\u00ecnh r\u1eeda ti\u1ec7n l\u1ee3i c\u00f9ng v\u1edbi 4 ch\u01b0\u01a1ng tr\u00ecnh r\u1eeda \u0111\u1eb7c bi\u1ec7t cho b\u1ea1n nhi\u1ec1u l\u1ef1a ch\u1ecdn ch\u1ebf \u0111\u1ed9 r\u1eeda ph\u00f9 h\u1ee3p h\u01a1n. \u0110\u1eb7c bi\u1ec7t, ch\u01b0\u01a1ng tr\u00ecnh r\u1eeda kh\u1eed khu\u1ea9n th\u00eam \u0111\u1ea3m b\u1ea3o cho ch\u00e9n \u0111\u0129a s\u1ea1ch s\u1ebd ho\u00e0n to\u00e0n, ng\u0103n ng\u1eeba ho\u1ea1t \u0111\u1ed9ng c\u1ee7a vi khu\u1ea9n.<\/h2>\n<h3><strong>\u0110a\u0301nh gia\u0301 ma\u0301y r\u01b0\u0309a ba\u0301t Bosch \u00e2m tu\u0309 SMV69M91EU<\/strong><\/h3>\n<p><strong>M\u00e1y r\u1eeda b\u00e1t Bosch SMV69M91EU<\/strong>\u00a0v\u1edbi ch\u1ea5t li\u1ec7u l\u1ed3ng l\u00e0m b\u1eb1ng th\u00e9p kh\u00f4ng g\u1ec9 v\u1edbi h\u1ec7 th\u1ed1ng gi\u1ecf 3 khoang d\u1ec5 d\u00e0ng cho vi\u1ec7c s\u1eafp x\u1ebfp b\u00e1t \u0111\u0129a r\u1eeda s\u1ea1ch, \u0111\u1ea1t hi\u1ec7u qu\u1ea3 nh\u1ea5t. C\u00f3 th\u1ec3 \u0111i\u1ec1u ch\u1ec9nh \u0111\u1ed9 cao gi\u00e0n tr\u00ean. Cho ph\u00e9p t\u0103ng di\u1ec7n t\u00edch kh\u00f4ng gian ch\u1ee9a \u0111\u1ed3 trong khoang m\u00e1y r\u1eeda b\u00e1t \u0111\u1ec3 ph\u00f9 h\u1ee3p v\u1edbi c\u00e1c d\u1ee5ng c\u1ee5 trong gia \u0111\u00ecnh.<\/p>\n<p><img title=\"may-rua-bat-bosch-smv69m91eu\" src=\"https:\/\/bepvuson.vn\/Data\/upload\/images\/M%C3%A1y%20r%E1%BB%ADa%20b%C3%A1t\/13264_mcsa00922805_f4788_smv69m91eu_553313_def.jpg\" alt=\"may-rua-bat-bosch-smv69m91eu\" \/><\/p>\n<ul>\n<li><em>Ma\u0301y r\u01b0\u0309a ba\u0301t SMV69M91EU \u0111\u01b0\u01a1\u0323c la\u0300m b\u0103\u0300ng\u00a0<strong>inox toa\u0300n ph\u00e2\u0300n<\/strong>\u00a0sa\u0301ng bo\u0301ng hi\u00ea\u0323n \u0111a\u0323i,\u00a0<strong>d\u00ea\u0303 da\u0300ng<\/strong>\u00a0trong qua\u0301 tri\u0300nh v\u00ea\u0323 sinh.<\/em><\/li>\n<li><em>Ma\u0301y r\u01b0\u0309a ba\u0301t Bosch\u00a0co\u0301\u00a0<strong>hai khoang r\u1eeda th\u00f4ng minh<\/strong>\u00a0c\u00f3 th\u1ec3 th\u1ef1c hi\u1ec7n<strong>\u00a03 ki\u1ec3u r\u1eeda kh\u00e1c nhau<\/strong>, nh\u01b0 r\u1eeda k\u1ef9 t\u1ea1i khu v\u1ef1c gi\u00e1 x\u1ebfp b\u00ean d\u01b0\u1edbi cho b\u00e1t \u0111\u0129a r\u1ea5t b\u1ea9n, r\u1eeda nh\u1eb9 nh\u00e0ng h\u01a1n t\u1ea1i gi\u00e1 b\u00ean tr\u00ean, ho\u1eb7c\u00a0<strong>k\u1ebft h\u1ee3p<\/strong>\u00a0c\u1ea3 2 khu v\u1ef1c.<\/em><\/li>\n<li><em>M\u00e1y r\u1eeda b\u00e1t Bosch c\u00f3 gi\u00e1 \u0111\u1ee1 \u0111\u01b0\u1ee3c thi\u1ebft k\u1ebf\u00a0<strong>c\u00f3 th\u1ec3 \u0111i\u1ec1u ch\u1ec9nh cao th\u1ea5p<\/strong>, gi\u00fap khoang r\u1eeda\u00a0<strong>ph\u00f9 h\u1ee3p<\/strong>\u00a0v\u1edbi nhi\u1ec1u k\u00edch th\u01b0\u1edbc kh\u00e1c nhau c\u1ee7a ch\u00e9n \u0111\u0129a.<\/em><\/li>\n<li><em>Ray k\u00e9o tr\u01b0\u1ee3t c\u1ee7a m\u00e1y ch\u1eafc ch\u1eafn s\u1ebd\u00a0<strong>gi\u00fap thao t\u00e1c nh\u1eb9 nh\u00e0ng<\/strong>, ch\u00e2n \u0111\u1ee1 ki\u1ec3u g\u1ea5p d\u1ec5 d\u00e0ng b\u1ed1 tr\u00ed c\u00e1c lo\u1ea1i xoong n\u1ed3i. Thi\u1ebft k\u1ebf b\u00ean trong khoang r\u1eeda ma\u0301y r\u01b0\u0309a ba\u0301t Bosch\u00a0<strong>ph\u1eb3ng nh\u1eb5n<\/strong>, b\u1eb1ng th\u00e9p kh\u00f4ng g\u1ec9, ch\u1ecbu \u0111\u01b0\u1ee3c c\u00e1c m\u1ee9c \u00e1p su\u1ea5t n\u01b0\u1edbc kh\u00e1c nhau, n\u00ean c\u00f3<strong>\u00a0t\u00ednh b\u1ec1n cao<\/strong>\u00a0v\u00e0 d\u1ec5 d\u00e0ng v\u1ec7 sinh.<\/em><\/li>\n<li><em>Ma\u0301y r\u01b0\u0309a ba\u0301t Bosch<strong>\u00a0ti\u0301ch h\u01a1\u0323p ch\u01b0\u01a1ng tri\u0300nh r\u01b0\u0309a im l\u0103\u0323ng<\/strong>, hoa\u0323t \u0111\u00f4\u0323ng y\u00ean ti\u0303nh chi\u0309 \u01a1\u0309\u00a0<strong>42 Db<\/strong>\u00a0&#8211; \u0111a\u0309m ba\u0309o kh\u00f4ng a\u0309nh h\u01b0\u01a1\u0309ng \u0111\u00ea\u0301n ng\u01b0\u01a1\u0300i s\u01b0\u0309 du\u0323ng.<\/em><\/li>\n<\/ul>\n<h3><strong>Ti\u0301nh n\u0103ng hi\u00ea\u0323n \u0111a\u0323i cu\u0309a ma\u0301y r\u01b0\u0309a che\u0301n Bosch SMV69M91EU<\/strong><\/h3>\n<p><strong>M\u00e1y r\u1eeda b\u00e1t Bosch SMV69M91EU<\/strong>\u00a0trang bi\u0323 b\u1ea3ng \u0111i\u1ec1u khi\u1ec3n \u0111i\u1ec7n t\u1eed k\u1ebft h\u1ee3p v\u1edbi c\u01a1 th\u1ec3 hi\u1ec7n c\u00e1c ch\u01b0\u01a1ng tr\u00ecnh r\u1eeda, ch\u1ee9c n\u0103ng r\u1eeda thu\u1eadn ti\u1ec7n cho ng\u01b0\u1eddi s\u1eed d\u1ee5ng.<\/p>\n<ul>\n<li><em>SPV44CX00E an to\u00e0n v\u1edbi\u00a0<strong>h\u1ec7 th\u1ed1ng Aqua-Stop<\/strong>\u00a0t\u1ef1 \u0111\u1ed9ng ph\u00e1t hi\u1ec7n v\u00e0 ng\u0103n ng\u1eeba s\u1ef1 r\u00f2 r\u1ec9 b\u00ean trong v\u00e0 b\u00ean ngo\u00e0i. Trong tr\u01b0\u1eddng h\u1ee3p m\u1ea5t n\u01b0\u1edbc, m\u00e1y s\u1ebd t\u1ea1m ng\u1eebng ho\u1ea1t \u0111\u1ed9ng, ng\u1eebng c\u1ea5p n\u01b0\u1edbc v\u00e0 b\u01a1m n\u01b0\u1edbc ra ngo\u00e0i. M\u00e1y r\u01b0\u0309a ba\u0301t Bosch \u0111\u01b0\u1ee3c trang b\u1ecb\u00a0<strong>h\u1ec7 th\u1ed1ng c\u1eeda an to\u00e0n<\/strong>, ng\u0103n kh\u00f4ng cho c\u1eeda b\u1ecb \u0111\u00f3ng s\u1eadp l\u1ea1i m\u00e0 ch\u1ec9 \u0111\u00f3ng t\u1eeb t\u1eeb,\u00a0<strong>an to\u00e0n<\/strong>\u00a0cho ng\u01b0\u1eddi s\u1eed d\u1ee5ng.<\/em><\/li>\n<li><em><strong>H\u1ec7 th\u1ed1ng c\u1ea3m bi\u1ebfn Eco-Sensor<\/strong>\u00a0c\u1ee7a m\u00e1y r\u1eeda b\u00e1t Bosch th\u00f4ng minh, t\u1ef1 \u0111\u1ed9ng x\u00e1c \u0111\u1ecbnh \u0111\u1ed9 s\u1ea1ch c\u1ee7a n\u01b0\u1edbc v\u00e0 t\u00e1i s\u1eed d\u1ee5ng n\u1ebfu n\u01b0\u1edbc c\u00f2n s\u1ea1ch,<strong>\u00a0ti\u1ebft ki\u1ec7m\u00a0<\/strong>\u0111\u1ebfn 25% n\u0103ng l\u01b0\u1ee3ng n\u01b0\u1edbc, 40% n\u0103ng l\u01b0\u1ee3ng v\u00e0 th\u1eddi gian.<\/em><\/li>\n<\/ul>\n<p><em>\u200b\u200b<img title=\"may-rua-bat-bosch-smv69m91eu-02\" src=\"https:\/\/bepvuson.vn\/Data\/upload\/images\/M%C3%A1y%20r%E1%BB%ADa%20b%C3%A1t\/may-rua-bat-bosch-smv69m91eu-detail-4.jpg\" alt=\"may-rua-bat-bosch-smv69m91eu-02\" \/><\/em><\/p>\n<ul>\n<li><em>Ma\u0301y r\u01b0\u0309a ba\u0301t Bosch co\u0300n co\u0301\u00a0ng\u0103n \u0111\u1ef1ng dao n\u0129a ph\u00eda tr\u00ean c\u00f3 th\u1ec3 l\u1ea5y ra ri\u00eang l\u1ebb, t\u1ea1o s\u1ef1\u00a0<strong>linh ho\u1ea1t<\/strong>\u00a0v\u00e0 t\u1ed1i \u01b0u h\u00f3a kh\u00f4ng gian cho c\u00e1c ng\u0103n c\u00f2n l\u1ea1i. B\u1ea1n c\u00f3 th\u1ec3 r\u1eeda nh\u1eefng chi\u1ebfc ly cao h\u01a1n, ho\u1eb7c nh\u1eefng chi\u1ebfc xoong n\u1ed3i l\u1edbn h\u01a1n trong c\u00f9ng m\u1ed9t th\u1eddi gian. Ngo\u00e0i ra v\u1edbi\u00a0<strong>h\u1ec7 th\u1ed1ng tay phun k\u00e9p<\/strong>, k\u1ebft h\u1ee3p ch\u1ee9c n\u0103ng r\u1eeda \u1edf nhi\u1ec7t \u0111\u1ed9 cao h\u01a1n, gi\u00fap lo\u1ea1i b\u1ecf \u0111\u01b0\u1ee3c m\u1ecdi v\u1ebft b\u1ea9n c\u1ee9ng \u0111\u1ea7u.<\/em><\/li>\n<\/ul>\n<p>S\u1ea3n ph\u1ea9m c\u00f3 gi\u00e1 c\u1ea3 kh\u00f4ng qu\u00e1 cao, ph\u00f9 h\u1ee3p v\u1edbi nhi\u1ec1u gia \u0111\u00ecnh Vi\u00ea\u0323t. N\u1ebfu gia \u0111\u00ecnh c\u00f3 kh\u00f4ng gian b\u1ebfp r\u1ed9ng v\u00e0 nhu c\u1ea7u n\u1ea5u n\u01b0\u1edbng cao th\u00ec\u00a0<strong>m\u00e1y r\u01b0\u0309a ba\u0301t Bosch SMV69M91EU<\/strong>\u00a0x\u1ee9ng \u0111\u00e1ng l\u00e0 s\u1ef1 l\u1ef1a ch\u1ecdn ho\u00e0n h\u1ea3o.<\/p>\n<\/div>\n<\/div>\n","protected":false},"excerpt":{"rendered":"<p>T\u1ed5ng quan chung M\u00e1y r\u1eeda b\u00e1t Bosch SMV69M91EU M\u00e1y r\u1eeda b\u00e1t Bosch SMV69M91EU ch\u00ednh h\u00e3ng n\u1ed5i b\u1eadt l\u00ean v\u1edbi 6 &hellip; <a class=\"link-more\" href=\"http:\/\/maudep.com.vn\/chuyengiadienmay\/?product=may-rua-bat-bosch-smv69m91eu\" class=\"more-link\">\u0110\u1ecdc th\u00eam &raquo;<span class=\"screen-reader-text\"> &#8220;M\u00e1y r\u1eeda b\u00e1t Bosch SMV69M91EU&#8221;<\/span><\/a><\/p>\n","protected":false},"featured_media":2327,"comment_status":"open","ping_status":"closed","template":"","meta":[],"_links":{"self":[{"href":"http:\/\/maudep.com.vn\/chuyengiadienmay\/index.php?rest_route=\/wp\/v2\/product\/2326"}],"collection":[{"href":"http:\/\/maudep.com.vn\/chuyengiadienmay\/index.php?rest_route=\/wp\/v2\/product"}],"about":[{"href":"http:\/\/maudep.com.vn\/chuyengiadienmay\/index.php?rest_route=\/wp\/v2\/types\/product"}],"replies":[{"embeddable":true,"href":"http:\/\/maudep.com.vn\/chuyengiadienmay\/index.php?rest_route=%2Fwp%2Fv2%2Fcomments&post=2326"}],"wp:featuredmedia":[{"embeddable":true,"href":"http:\/\/maudep.com.vn\/chuyengiadienmay\/index.php?rest_route=\/wp\/v2\/media\/2327"}],"wp:attachment":[{"href":"http:\/\/maudep.com.vn\/chuyengiadienmay\/index.php?rest_route=%2Fwp%2Fv2%2Fmedia&parent=2326"}],"curies":[{"name":"wp","href":"https:\/\/api.w.org\/{rel}","templated":true}]}}