{"id":2328,"date":"2019-01-06T13:28:09","date_gmt":"2019-01-06T06:28:09","guid":{"rendered":"http:\/\/maudep.com.vn\/chuyengiadienmay\/?post_type=product&#038;p=2328"},"modified":"2019-01-06T13:28:09","modified_gmt":"2019-01-06T06:28:09","slug":"may-rua-bat-bosch-smv68mx03e","status":"publish","type":"product","link":"http:\/\/maudep.com.vn\/chuyengiadienmay\/?product=may-rua-bat-bosch-smv68mx03e","title":{"rendered":"M\u00e1y r\u1eeda b\u00e1t Bosch SMV68MX03E"},"content":{"rendered":"<h3 class=\"title\">T\u1ed5ng quan chung M\u00e1y r\u1eeda b\u00e1t Bosch SMV68MX03E<\/h3>\n<div class=\"article-content\">\n<div class=\"js-content\">\n<h2>Ma\u0301y r\u01b0\u0309a ba\u0301t\u00a0Bosch SMV68MX03E\u00a0l\u00e0 model n\u1ed5i b\u1eadt c\u1ee7a m\u00e1y r\u1eeda b\u00e1t Bosch \u0111\u01b0\u1ee3c nh\u1eadp kh\u1ea9u ch\u00ednh h\u00e3ng t\u1eeb \u0110\u1ee9c ch\u1ea5t l\u01b0\u1ee3ng cao \u0111\u01b0\u1ee3c ng\u01b0\u1eddi d\u00f9ng l\u1ef1a ch\u1ecdn nhi\u1ec1u, thi\u1ebft k\u1ebf \u00e2m b\u00e1n ph\u1ea7n (\u1ed1p c\u00e1nh g\u1ed7 c\u00f9ng m\u00e0u v\u1edbi t\u1ee7 b\u1ebfp nh\u00e0 m\u00ecnh) v\u1edbi c\u00f4ng su\u1ea5t r\u1eeda cho 1 l\u1ea7n ho\u1ea1t \u0111\u1ed9ng l\u00e0 14\u00a0b\u1ed9 b\u00e1t ch\u00e9n Ch\u00e2u \u00c2u.<\/h2>\n<h3><strong>Th\u00f4ng tin chi ti\u00ea\u0301t ma\u0301y r\u01b0\u0309a che\u0301n Bosch SMV68MX03E<\/strong><\/h3>\n<p><strong>M\u00e1y r\u1eeda b\u00e1t Bosch SMV68MX03E<\/strong>\u00a0nh\u1eadp kh\u1ea9u t\u1eeb\u00a0<strong>CHLB \u0110\u1ee9c<\/strong>\u00a0v\u1edbi m\u1eabu m\u00e3 \u0111\u1eb9p, sang tr\u1ecdng, ch\u1ea5t l\u01b0\u1ee3ng n\u1ed5i tr\u1ed9i v\u1edbi nh\u1eefng t\u00ednh n\u0103ng \u01b0u vi\u1ec7t mang l\u1ea1i s\u1ef1 ti\u1ec7n nghi cao khi s\u1eed d\u1ee5ng \u0111\u01b0\u1ee3c ng\u01b0\u1eddi ti\u00eau d\u00f9ng tin d\u00f9ng trong nhi\u1ec1u n\u0103m tr\u1edf l\u1ea1i \u0111\u00e2y.<\/p>\n<p><img title=\"may-rua-bat-bosch-smv68mx03e\" src=\"https:\/\/bepvuson.vn\/Data\/upload\/images\/M%C3%A1y%20r%E1%BB%ADa%20b%C3%A1t\/13264_mcsa00922805_f4788_smv69m91eu_553313_def.jpg\" alt=\"may-rua-bat-bosch-smv68mx03e\" \/><\/p>\n<ul>\n<li><em>Co\u0301\u00a0<strong>hai khoang r\u1eeda th\u00f4ng minh<\/strong>\u00a0giu\u0301p ma\u0301y r\u01b0\u0309a ba\u0301t Bosch\u00a0c\u00f3 th\u1ec3 th\u1ef1c hi\u1ec7n 8\u00a0ch\u01b0\u01a1ng tri\u0300nh\u00a0r\u1eeda kh\u00e1c nhau, nh\u01b0 r\u1eeda k\u1ef9 t\u1ea1i khu v\u1ef1c gi\u00e1 x\u1ebfp b\u00ean d\u01b0\u1edbi cho b\u00e1t \u0111\u0129a r\u1ea5t b\u1ea9n,\u00a0<strong>r\u1eeda nh\u1eb9 nh\u00e0ng<\/strong>\u00a0h\u01a1n t\u1ea1i gi\u00e1 b\u00ean tr\u00ean, ho\u1eb7c k\u1ebft h\u1ee3p c\u1ea3 2 khu v\u1ef1c.<\/em><\/li>\n<li><em>Ray k\u00e9o tr\u01b0\u1ee3t c\u1ee7a m\u00e1y r\u01b0\u0309a ba\u0301t Bosch ch\u1eafc ch\u1eafn s\u1ebd gi\u00fap<strong>\u00a0thao t\u00e1c nh\u1eb9 nh\u00e0ng<\/strong>, ch\u00e2n \u0111\u1ee1 ki\u1ec3u g\u1ea5p d\u1ec5 d\u00e0ng b\u1ed1 tr\u00ed c\u00e1c lo\u1ea1i xoong n\u1ed3i. Thi\u1ebft k\u1ebf b\u00ean trong\u00a0<strong>khoang r\u1eeda ph\u1eb3ng nh\u1eb5n<\/strong>, b\u1eb1ng<strong>\u00a0th\u00e9p kh\u00f4ng g\u1ec9<\/strong>, ch\u1ecbu \u0111\u01b0\u1ee3c c\u00e1c m\u1ee9c \u00e1p su\u1ea5t n\u01b0\u1edbc kh\u00e1c nhau, n\u00ean c\u00f3\u00a0<strong>t\u00ednh b\u1ec1n cao<\/strong>\u00a0v\u00e0 d\u1ec5 d\u00e0ng v\u1ec7 sinh.<\/em><\/li>\n<li><em>M\u00e1y r\u1eeda b\u00e1t Bosch c\u00f3 gi\u00e1 \u0111\u1ee1 \u0111\u01b0\u1ee3c thi\u1ebft k\u1ebf c\u00f3 th\u1ec3\u00a0<strong>\u0111i\u1ec1u ch\u1ec9nh cao th\u1ea5p<\/strong>, gi\u00fap khoang r\u1eeda ph\u00f9 h\u1ee3p v\u1edbi nhi\u1ec1u k\u00edch th\u01b0\u1edbc kh\u00e1c nhau c\u1ee7a ch\u00e9n \u0111\u0129a.<\/em><\/li>\n<li><em>Ma\u0301y r\u01b0\u0309a ba\u0301t Bosch ti\u0301ch h\u01a1\u0323p\u00a0<strong>ch\u01b0\u01a1ng tri\u0300nh r\u01b0\u0309a im l\u0103\u0323ng<\/strong>, hoa\u0323t \u0111\u00f4\u0323ng y\u00ean ti\u0303nh chi\u0309 \u01a1\u0309\u00a0<strong>46 Db<\/strong>\u00a0&#8211; \u0111a\u0309m ba\u0309o kh\u00f4ng a\u0309nh h\u01b0\u01a1\u0309ng \u0111\u00ea\u0301n ng\u01b0\u01a1\u0300i s\u01b0\u0309 du\u0323ng.<\/em><\/li>\n<\/ul>\n<h3><strong>\u01afu \u0111i\u00ea\u0309m cu\u0309a ma\u0301y r\u01b0\u0309a che\u0301n Bosch SMV68MX03E<\/strong><\/h3>\n<p><strong>M\u00e1y r\u1eeda b\u00e1t Bosch SMV68MX03E<\/strong>\u00a0\u0111\u01b0\u01a1\u0323c trang bi\u0323 \u0111i\u1ec1u khi\u1ec3n b\u1eb1ng h\u1ec7 th\u1ed1ng c\u1ea3m \u1ee9ng, v\u1edbi m\u00e0n h\u00ecnh m\u00e0u TFT v\u1edbi \u0111\u1ed9 ph\u00e2n gi\u1ea3i cao hi\u1ec3n th\u1ecb bi\u1ec3u t\u01b0\u1ee3ng \u0111\u1ed3 h\u1ecda v\u00e0 v\u0103n b\u1ea3n \u0111\u01a1n gi\u1ea3n.<\/p>\n<p><img title=\"may-rua-bat-bosch-smv68mx03e-01\" src=\"https:\/\/bepvuson.vn\/Data\/upload\/images\/M%C3%A1y%20r%E1%BB%ADa%20b%C3%A1t\/sms46ii04e-2x1200x1200x4.jpg\" alt=\"may-rua-bat-bosch-smv68mx03e-01\" \/><\/p>\n<ul>\n<li><em>\u0110\u00e8n tr\u00ean\u00a0<strong>m\u00e0n h\u00ecnh hi\u1ec3n th\u1ecb<\/strong>\u00a0s\u1ebd \u0111\u1ebfm ng\u01b0\u1ee3c th\u1eddi gian ch\u1ea1y v\u00e0 b\u00e1o m\u00e1y r\u01b0\u0309a ba\u0301t Bosch\u00a0\u0111ang ho\u1ea1t \u0111\u1ed9ng \u1edf giai \u0111o\u1ea1n n\u00e0o. Khi h\u1ebft mu\u1ed1i ho\u1eb7c d\u1ea7u b\u00f3ng ho\u1eb7c l\u1ed7i v\u1ec1 \u0111\u01b0\u1eddng n\u01b0\u1edbc m\u00e1y s\u1ebd\u00a0<strong>t\u1ef1 \u0111\u1ed9ng b\u00e1o \u0111\u00e8n<\/strong>\u00a0.<\/em><\/li>\n<li><em>Vi\u1ec7c b\u1ed1 tr\u00ed h\u1ec7 th\u00f4\u0301ng \u0111i\u1ec1u khi\u1ec3n m\u1ed9t c\u00e1ch h\u1ee3p l\u00fd v\u1edbi\u00a0<strong>m\u00e0n h\u00ecnh hi\u1ec3n th\u1ecb r\u00f5 r\u00e0ng<\/strong>\u00a0s\u1ebd gi\u00fap ma\u0301y r\u01b0\u0309a ba\u0301t Bosch v\u1eadn h\u00e0nh m\u00e1y kh\u00f4ng c\u00f3 g\u00ec \u0111\u01a1n gi\u1ea3n h\u01a1n. Ng\u01b0\u1eddi d\u00f9ng ch\u1ec9 vi\u1ec7c xoay n\u00fam \u0111i\u1ec1u khi\u1ec3n ch\u1ecdn\u00a0<strong>ch\u01b0\u01a1ng tr\u00ecnh ph\u00f9 h\u1ee3p<\/strong>, cho b\u1ed9t r\u1eeda v\u00e0o khay v\u00e0 nh\u1ea5n n\u00fat Start l\u00e0 m\u00e1y s\u1ebd t\u1ef1 \u0111\u1ed9ng ch\u1ea1y.<\/em><\/li>\n<li><em>\u0110\u01b0\u1ee3c thi\u1ebft k\u1ebf v\u1edbi\u00a0<strong>nhi\u1ec1u ch\u1ebf \u0111\u1ed9 r\u1eeda kh\u00e1c nhau\u00a0<\/strong>ph\u00f9 h\u1ee3p v\u1edbi t\u1eebng \u0111\u1ed9 b\u1ea9n c\u1ee7a b\u00e1t \u0111\u0129a xoong n\u1ed3i \u0111\u1ea3m b\u1ea3o kh\u1ea3 n\u0103ng s\u1ea1ch ho\u00e0n to\u00e0n, c\u00f9ng hi\u1ec7u qu\u1ea3<strong>\u00a0ti\u1ebft ki\u1ec7m n\u0103ng l\u01b0\u1ee3ng cao<\/strong>, ma\u0301y r\u01b0\u0309a ba\u0301t Bosch s\u1ebd gi\u00fap b\u1ea1n<strong>r\u1eeda s\u1ea1ch b\u00e1t \u0111\u0129a<\/strong>\u00a0m\u00e0 v\u1eabn ti\u1ebft ki\u1ec7m \u0111i\u1ec7n n\u01b0\u1edbc m\u1ed9t c\u00e1ch t\u1ed1i \u01b0u nh\u1ea5t.<\/em><\/li>\n<\/ul>\n<p><em><img title=\"may-rua-bat-bosch-smv68mx03e-02\" src=\"https:\/\/bepvuson.vn\/Data\/upload\/images\/M%C3%A1y%20r%E1%BB%ADa%20b%C3%A1t\/61098555ceacfbcafb9532a685cb2e7e.jpg\" alt=\"may-rua-bat-bosch-smv68mx03e-02\" \/><\/em><\/p>\n<ul>\n<li><em>Ma\u0301y r\u01b0\u0309a ba\u0301t Bosch trang bi\u0323\u00a0<strong>ch\u1ee9c n\u0103ng VarioSpeed<\/strong>\u00a0gi\u1ea3m th\u1eddi l\u01b0\u1ee3ng ch\u01b0\u01a1ng tr\u00ecnh r\u1eeda \u0111\u1ebfn g\u1ea7n m\u1ed9t n\u1eeda m\u00e0 ng\u01b0\u1eddi d\u00f9ng kh\u00f4ng c\u1ea7n ph\u1ea3i b\u1ecf qua c\u00f4ng \u0111o\u1ea1n n\u00e0o trong qu\u00e1 tr\u00ecnh\u00a0<strong>r\u1eeda v\u00e0 s\u1ea5y<\/strong>.<\/em><\/li>\n<\/ul>\n<p>S\u1ea3n ph\u1ea9m c\u00f3 gi\u00e1 c\u1ea3 kh\u00f4ng qu\u00e1 cao, ph\u00f9 h\u1ee3p v\u1edbi nhi\u1ec1u gia \u0111\u00ecnh Vi\u00ea\u0323t. N\u1ebfu gia \u0111\u00ecnh c\u00f3 kh\u00f4ng gian b\u1ebfp r\u1ed9ng v\u00e0 nhu c\u1ea7u n\u1ea5u n\u01b0\u1edbng cao th\u00ec\u00a0<strong>m\u00e1y r\u01b0\u0309a ba\u0301t<\/strong><strong>Bosch SMV68MX03E<\/strong>\u00a0x\u1ee9ng \u0111\u00e1ng l\u00e0 s\u1ef1 l\u1ef1a ch\u1ecdn ho\u00e0n h\u1ea3o.<\/p>\n<\/div>\n<\/div>\n","protected":false},"excerpt":{"rendered":"<p>T\u1ed5ng quan chung M\u00e1y r\u1eeda b\u00e1t Bosch SMV68MX03E Ma\u0301y r\u01b0\u0309a ba\u0301t\u00a0Bosch SMV68MX03E\u00a0l\u00e0 model n\u1ed5i b\u1eadt c\u1ee7a m\u00e1y r\u1eeda b\u00e1t Bosch &hellip; <a class=\"link-more\" href=\"http:\/\/maudep.com.vn\/chuyengiadienmay\/?product=may-rua-bat-bosch-smv68mx03e\" class=\"more-link\">\u0110\u1ecdc th\u00eam &raquo;<span class=\"screen-reader-text\"> &#8220;M\u00e1y r\u1eeda b\u00e1t Bosch SMV68MX03E&#8221;<\/span><\/a><\/p>\n","protected":false},"featured_media":2329,"comment_status":"open","ping_status":"closed","template":"","meta":[],"_links":{"self":[{"href":"http:\/\/maudep.com.vn\/chuyengiadienmay\/index.php?rest_route=\/wp\/v2\/product\/2328"}],"collection":[{"href":"http:\/\/maudep.com.vn\/chuyengiadienmay\/index.php?rest_route=\/wp\/v2\/product"}],"about":[{"href":"http:\/\/maudep.com.vn\/chuyengiadienmay\/index.php?rest_route=\/wp\/v2\/types\/product"}],"replies":[{"embeddable":true,"href":"http:\/\/maudep.com.vn\/chuyengiadienmay\/index.php?rest_route=%2Fwp%2Fv2%2Fcomments&post=2328"}],"wp:featuredmedia":[{"embeddable":true,"href":"http:\/\/maudep.com.vn\/chuyengiadienmay\/index.php?rest_route=\/wp\/v2\/media\/2329"}],"wp:attachment":[{"href":"http:\/\/maudep.com.vn\/chuyengiadienmay\/index.php?rest_route=%2Fwp%2Fv2%2Fmedia&parent=2328"}],"curies":[{"name":"wp","href":"https:\/\/api.w.org\/{rel}","templated":true}]}}