{"id":2334,"date":"2019-01-06T13:56:45","date_gmt":"2019-01-06T06:56:45","guid":{"rendered":"http:\/\/maudep.com.vn\/chuyengiadienmay\/?post_type=product&#038;p=2334"},"modified":"2019-01-06T13:56:45","modified_gmt":"2019-01-06T06:56:45","slug":"may-rua-bat-bosch-smv58l60eu","status":"publish","type":"product","link":"http:\/\/maudep.com.vn\/chuyengiadienmay\/?product=may-rua-bat-bosch-smv58l60eu","title":{"rendered":"M\u00e1y r\u1eeda b\u00e1t Bosch SMV58L60EU"},"content":{"rendered":"<h3 class=\"title\">T\u1ed5ng quan chung M\u00e1y r\u1eeda b\u00e1t Bosch SMV58L60EU<\/h3>\n<div class=\"article-content\">\n<div class=\"js-content\">\n<h2>Ma\u0301y r\u01b0\u0309a ba\u0301t Bosch SMV58L690EU \u0111\u01b0\u01a1\u0323c\u00a0nh\u1eadp kh\u1ea9u ch\u00ednh h\u00e3ng t\u1eeb \u0110\u1ee9c, do\u0300ng sa\u0309n ph\u00e2\u0309m s\u1ea3n xu\u1ea5t tr\u00ean c\u00f4ng ngh\u1ec7 ch\u00e2u \u00c2u, ch\u1ea5t l\u01b0\u1ee3ng t\u1ed1t, ki\u1ec3u d\u00e1ng hi\u1ec7n \u0111\u1ea1i. D\u1ea1ng thi\u1ebft k\u1ebf l\u1eafp \u0111\u1ed9c l\u1eadp c\u00f3 th\u1ec3 l\u1eafp \u00e2m n\u1ebfu th\u00e1o ph\u1ea7n n\u1eafp tr\u00ean gi\u00fap ng\u01b0\u1eddi d\u00f9ng l\u1eafp \u0111\u1eb7t ti\u1ebft ki\u1ec7m kh\u00f4ng gian hi\u1ec7u qu\u1ea3, B\u00ea\u0301p Vu\u0303 S\u01a1n xin chia se\u0309 m\u00f4\u0323t s\u00f4\u0301 th\u00f4ng tin giu\u0301p ba\u0323n \u0111a\u0301nh gia\u0301 sa\u0309n ph\u00e2\u0309m kha\u0301ch quan nh\u00e2\u0301t.<\/h2>\n<h3><strong>\u0110a\u0301nh gia\u0301 ma\u0301y r\u01b0\u0309a che\u0301n Bosch SMV58L690EU<\/strong><\/h3>\n<p><strong>\u00a0M\u00e1y r\u1eeda b\u00e1t Bosch SMV58L690EU<\/strong>\u00a0v\u1edbi ch\u1ea5t li\u1ec7u l\u1ed3ng l\u00e0m b\u1eb1ng th\u00e9p kh\u00f4ng g\u1ec9 v\u1edbi h\u1ec7 th\u1ed1ng gi\u1ecf 3 khoang d\u1ec5 d\u00e0ng cho vi\u1ec7c s\u1eafp x\u1ebfp b\u00e1t \u0111\u0129a r\u1eeda s\u1ea1ch, \u0111\u1ea1t hi\u1ec7u qu\u1ea3 nh\u1ea5t.C\u00f3 th\u1ec3 \u0111i\u1ec1u ch\u1ec9nh \u0111\u1ed9 cao gi\u00e0n tr\u00ean. Cho ph\u00e9p t\u0103ng di\u1ec7n t\u00edch kh\u00f4ng gian ch\u1ee9a \u0111\u1ed3 trong khoang m\u00e1y r\u1eeda b\u00e1t \u0111\u1ec3 ph\u00f9 h\u1ee3p v\u1edbi c\u00e1c d\u1ee5ng c\u1ee5 trong gia \u0111\u00ecnh.<\/p>\n<p><img title=\"may-rua-bat-bosch-smv58l60eu\" src=\"https:\/\/bepvuson.vn\/Data\/upload\/images\/M%C3%A1y%20r%E1%BB%ADa%20b%C3%A1t\/Bosch-SPS25CI01E.jpg\" alt=\"may-rua-bat-bosch-smv58l60eu\" \/><\/p>\n<ul>\n<li><em>C\u00e1c v\u1eadt li\u1ec7u m\u00e0 t\u1eeb \u0111\u00f3 ng\u0103n \u0111\u1ef1ng m\u00e1y r\u1eeda ch\u00e9n \u0111\u01b0\u1ee3c l\u00e0m\u00a0<strong>th\u00e9p kh\u00f4ng g\u1ec9<\/strong>, co\u0301\u00a0<strong>\u0111\u00f4\u0323 b\u00ea\u0300n cao<\/strong>, d\u00ea\u0303 da\u0300ng trong qua\u0301 tri\u0300nh v\u00ea\u0323 sinh.<\/em><\/li>\n<li><em>Ma\u0301y r\u01b0\u0309a ba\u0301t Bosch co\u0301\u00a0<strong>b\u1ea3ng \u0111i\u1ec1u khi\u1ec3n hi\u1ec3n th\u1ecb tinh t\u1ebf<\/strong>\u00a0ngay tr\u00ean m\u1eb7t m\u00e1y c\u00f9ng c\u00e1c n\u00fam xoay c\u01a1 \u0111\u01a1n gi\u1ea3n, hi\u1ec7u qu\u1ea3,\u00a0<strong>d\u1ec5 th\u1ef1c hi\u1ec7n<\/strong>. Ngo\u00e0i ra, c\u00f2n c\u00f3\u00a0<strong>b\u1ea3ng hi\u1ec3n th\u1ecb \u0111i\u1ec7n t\u1eed<\/strong>\u00a0cho ph\u00e9p th\u00f4ng b\u00e1o ch\u00ednh x\u00e1c th\u1eddi gian c\u00f2n l\u1ea1i c\u1ee7a chu tr\u00ecnh r\u1eeda.<\/em><\/li>\n<li><em>Ma\u0301y r\u01b0\u0309a ba\u0301t Bosch \u00e2m tu\u0309 SMV58L690EU\u00a0\u0111a\u0323t c\u1ea5p\u00a0<strong>hi\u1ec7u qu\u1ea3 n\u0103ng l\u01b0\u1ee3ng A +<\/strong>\u00a0(tr\u00ean thang hi\u1ec7u su\u1ea5t n\u0103ng l\u01b0\u1ee3ng t\u1eeb A +++ \u0111\u1ebfn D)<\/em><\/li>\n<li><em>\u0110\u00f4\u0323 \u00f4\u0300n d\u01b0\u01a1\u0301i\u00a0<strong>46\u00a0Db<\/strong>\u00a0\u0111a\u0309m ba\u0309o kh\u00f4ng a\u0309nh h\u01b0\u01a1\u0309ng \u0111\u00ea\u0301n ng\u01b0\u01a1\u0300i s\u01b0\u0309 du\u0323ng.<\/em><\/li>\n<li><em>Ki\u0301ch th\u01b0\u01a1\u0301c ma\u0301y r\u01b0\u0309a ba\u0301t Bosch la\u0300 815 x 598 x 550 mm\u00a0<strong>phu\u0300 h\u01a1\u0323p<\/strong>\u00a0v\u01a1\u0301i \u0111a s\u00f4\u0301 kh\u00f4ng gian b\u00ea\u0301p.<\/em><\/li>\n<\/ul>\n<p><em>\u200b<img title=\"may-rua-bat-bosch-smv58l60eu-02\" src=\"https:\/\/bepvuson.vn\/Data\/upload\/images\/M%C3%A1y%20r%E1%BB%ADa%20b%C3%A1t\/mayruabatboschsmv58l60euanhmota6x1200x1200x4.jpg\" alt=\"may-rua-bat-bosch-smv58l60eu-02\" \/><\/em><\/p>\n<h3><strong>\u01afu \u0111i\u00ea\u0309m n\u00f4\u0309i b\u00e2\u0323t cu\u0309a ma\u0301y r\u01b0\u0309a che\u0301n Bosch SMV58L690EU<\/strong><\/h3>\n<p><strong>\u00a0M\u00e1y r\u1eeda b\u00e1t Bosch SMV58L60EU<\/strong>\u00a0c\u00f3 s\u1ee9c ch\u1ee9a 13 b\u1ed9 v\u00e0 g\u1ed3m 5 ch\u01b0\u01a1ng tr\u00ecnh r\u1eeda v\u00e0 3 ch\u1ee9c n\u0103ng r\u1eeda \u0111\u1eb7c bi\u1ec7t, 5 m\u1ee9c nhi\u1ec7t \u0111\u1ed9 r\u1eeda ti\u1ec7n d\u1ee5ng, t\u00f9y \u0111\u1ed9 b\u1ea9n c\u1ee7a b\u00e1t \u0111\u0129a \u0111\u1ec3 l\u1ef1a ch\u1ecdn ch\u01b0\u01a1ng tr\u00ecnh r\u1eeda ph\u00f9 h\u1ee3p \u0111\u1ea3m b\u1ea3o s\u1ea1ch ho\u00e0n h\u1ea3o nh\u1ea5t.<\/p>\n<p><img title=\"may-rua-bat-bosch-smv58l60eu-01\" src=\"https:\/\/bepvuson.vn\/Data\/upload\/images\/M%C3%A1y%20r%E1%BB%ADa%20b%C3%A1t\/large_633_may-rua-bat-bosch-premium-sms69u38eu.jpg\" alt=\"may-rua-bat-bosch-smv58l60eu-01\" \/><\/p>\n<ul>\n<li><em>M\u1ee9c n\u0103ng l\u01b0\u1ee3ng A+ cu\u0309a ma\u0301y r\u01b0\u0309a ba\u0301t Bosch\u00a0<strong>ti\u1ebft ki\u1ec7m n\u0103ng l\u01b0\u1ee3ng<\/strong>\u00a0t\u1ed1i \u01b0u nh\u1ea5t v\u1edbi l\u01b0\u1ee3ng n\u01b0\u1edbc ti\u00eau th\u1ee5 7.5 l\u00edt, th\u1eddi gian r\u1eeda 235 ph\u00fat v\u00e0 \u0111i\u1ec7n n\u0103ng ti\u00eau th\u1ee5 0.92 kWh.<\/em><\/li>\n<li><em><strong>AquaSensor<\/strong>\u00a0trong ma\u0301y r\u01b0\u0309a ba\u0301t Bosch\u00a0<strong>\u0111i\u1ec1u ch\u1ec9nh l\u01b0\u1ee3ng n\u01b0\u1edbc<\/strong>\u00a0s\u1eed d\u1ee5ng t\u00f9y thu\u1ed9c v\u00e0o lo\u1ea1i v\u00e0 m\u1ee9c \u0111\u1ed9 b\u1ea9n,\u00a0<strong>s\u1eed d\u1ee5ng c\u00e1c ch\u00f9m \u00e1nh s\u00e1ng<\/strong>\u00a0\u0111\u1ec3 qu\u1ea3n l\u00fd n\u01b0\u1edbc r\u1eeda, t\u00f9y thu\u1ed9c v\u00e0o c\u00e1c h\u1ea1t th\u1ef1c ph\u1ea9m c\u00f2n l\u1ea1i, d\u1ea7u m\u1ee1 ho\u1eb7c ch\u1ea5t t\u1ea9y r\u1eeda d\u01b0 l\u01b0\u1ee3ng trong qu\u00e1 tr\u00ecnh x\u1ea3, qu\u00e1 tr\u00ecnh r\u1eeda \u0111\u01b0\u1ee3c\u00a0<strong>\u0111\u00e1nh gi\u00e1<\/strong>\u00a0\u0111\u1ec3 \u0111\u00e1nh gi\u00e1 li\u1ec7u n\u00f3 c\u00f3 c\u1ea7n ti\u1ebfp t\u1ee5c hay kh\u00f4ng.<\/em><\/li>\n<li><em>Ma\u0301y r\u01b0\u0309a ba\u0301t Bosch s\u1eed d\u1ee5ng t\u00f9y ch\u1ecdn<strong>\u00a0VarioSpeed \u200b\u200bPlus<\/strong>\u00a0\u0111\u1ec3 r\u1eeda v\u00e0 s\u1ea5y kh\u00f4 c\u00e1c d\u1ee5ng c\u1ee5 ch\u1ee9a m\u00f3n \u0103n\u00a0<strong>ho\u00e0n to\u00e0n s\u1ea1ch s\u1ebd<\/strong>\u00a0trong th\u1eddi gian ng\u1eafn nh\u1ea5t. Th\u1eddi gian r\u1eeda \u0111\u01b0\u1ee3c gi\u1ea3m khi \u1ea5n n\u00fat l\u00ean \u0111\u1ebfn 66% v\u1edbi hi\u1ec7u su\u1ea5t l\u00e0m s\u1ea1ch cao th\u00f4ng th\u01b0\u1eddng. Ch\u1ec9 c\u1ea7n k\u00edch ho\u1ea1t t\u00f9y ch\u1ecdn\u00a0<strong>VarioSpeed \u200b\u200bPlus\u00a0<\/strong>khi b\u1ea1n c\u1ea7n\u00a0<strong>r\u1eeda nhanh<\/strong>, m\u00e1y r\u01b0\u0309a ba\u0301t Bosch c\u00f2n c\u00f3 t\u00ednh n\u0103ng<strong>\u00a0t\u1ef1 ph\u00e1t hi\u1ec7n v\u1ebft b\u1ea9n<\/strong>\u00a0\u0111\u1ec3 r\u1eeda gi\u00fap cho c\u00e1c m\u00f3n \u0103n \u0111\u01b0\u1ee3c s\u1ea1ch s\u1ebd.<\/em><\/li>\n<\/ul>\n<p>S\u1ea3n ph\u1ea9m c\u00f3 gi\u00e1 c\u1ea3 kh\u00f4ng qu\u00e1 cao, ph\u00f9 h\u1ee3p v\u1edbi nhi\u1ec1u gia \u0111\u00ecnh Vi\u00ea\u0323t. N\u1ebfu gia \u0111\u00ecnh c\u00f3 kh\u00f4ng gian b\u1ebfp r\u1ed9ng v\u00e0 nhu c\u1ea7u n\u1ea5u n\u01b0\u1edbng cao th\u00ec\u00a0<strong>m\u00e1y r\u01b0\u0309a ba\u0301t\u00a0<\/strong><strong>Bosch SMV58L60EU<\/strong>\u00a0x\u1ee9ng \u0111\u00e1ng l\u00e0 s\u1ef1 l\u1ef1a ch\u1ecdn ho\u00e0n h\u1ea3o.<\/p>\n<\/div>\n<\/div>\n","protected":false},"excerpt":{"rendered":"<p>T\u1ed5ng quan chung M\u00e1y r\u1eeda b\u00e1t Bosch SMV58L60EU Ma\u0301y r\u01b0\u0309a ba\u0301t Bosch SMV58L690EU \u0111\u01b0\u01a1\u0323c\u00a0nh\u1eadp kh\u1ea9u ch\u00ednh h\u00e3ng t\u1eeb \u0110\u1ee9c, do\u0300ng &hellip; <a class=\"link-more\" href=\"http:\/\/maudep.com.vn\/chuyengiadienmay\/?product=may-rua-bat-bosch-smv58l60eu\" class=\"more-link\">\u0110\u1ecdc th\u00eam &raquo;<span class=\"screen-reader-text\"> &#8220;M\u00e1y r\u1eeda b\u00e1t Bosch SMV58L60EU&#8221;<\/span><\/a><\/p>\n","protected":false},"featured_media":2335,"comment_status":"open","ping_status":"closed","template":"","meta":[],"_links":{"self":[{"href":"http:\/\/maudep.com.vn\/chuyengiadienmay\/index.php?rest_route=\/wp\/v2\/product\/2334"}],"collection":[{"href":"http:\/\/maudep.com.vn\/chuyengiadienmay\/index.php?rest_route=\/wp\/v2\/product"}],"about":[{"href":"http:\/\/maudep.com.vn\/chuyengiadienmay\/index.php?rest_route=\/wp\/v2\/types\/product"}],"replies":[{"embeddable":true,"href":"http:\/\/maudep.com.vn\/chuyengiadienmay\/index.php?rest_route=%2Fwp%2Fv2%2Fcomments&post=2334"}],"wp:featuredmedia":[{"embeddable":true,"href":"http:\/\/maudep.com.vn\/chuyengiadienmay\/index.php?rest_route=\/wp\/v2\/media\/2335"}],"wp:attachment":[{"href":"http:\/\/maudep.com.vn\/chuyengiadienmay\/index.php?rest_route=%2Fwp%2Fv2%2Fmedia&parent=2334"}],"curies":[{"name":"wp","href":"https:\/\/api.w.org\/{rel}","templated":true}]}}