{"id":2336,"date":"2019-01-06T14:02:21","date_gmt":"2019-01-06T07:02:21","guid":{"rendered":"http:\/\/maudep.com.vn\/chuyengiadienmay\/?post_type=product&#038;p=2336"},"modified":"2019-01-06T14:02:21","modified_gmt":"2019-01-06T07:02:21","slug":"may-rua-bat-bosch-smv25cx03e","status":"publish","type":"product","link":"http:\/\/maudep.com.vn\/chuyengiadienmay\/?product=may-rua-bat-bosch-smv25cx03e","title":{"rendered":"M\u00e1y r\u1eeda b\u00e1t Bosch SMV25CX03E"},"content":{"rendered":"<h3 class=\"title\">T\u1ed5ng quan chung M\u00e1y r\u1eeda b\u00e1t Bosch SMV25CX03E<\/h3>\n<div class=\"article-content\">\n<div class=\"js-content\">\n<h2>M\u00e1y r\u1eeda b\u00e1t Bosch SMV25CX03E th\u1ebf h\u1ec7 m\u1edbi \u0111\u01b0\u1ee3c t\u00edch h\u1ee3p nhi\u1ec1u t\u00ednh n\u0103ng hi\u1ec7n \u0111\u1ea1i v\u00e0 n\u1ed5i b\u1eadt m\u00e0 b\u1ea5t c\u1ee9 b\u00e0 n\u1ed9i tr\u1ee3 n\u00e0o c\u0169ng mong mu\u1ed1n, ma\u0301y \u0111\u01b0\u01a1\u0323c nh\u00e2\u0323p kh\u00e2\u0309u tr\u01b0\u0323c ti\u00ea\u0301p t\u01b0\u0300 CHLB \u0110\u01b0\u0301c, s\u01b0\u0309 du\u0323ng nh\u01b0\u0303ng linh ki\u00ea\u0323n cao c\u00e2\u0301p, ch\u01b0\u01a1ng tri\u0300nh r\u01b0\u0309a \u0111a da\u0323ng giu\u0301p kha\u0301ch ha\u0300ng co\u0301 th\u00ea\u0309 l\u01b0\u0323a cho\u0323n ch\u00ea\u0301 \u0111\u00f4\u0323 r\u01b0\u0309a thi\u0301ch h\u01a1\u0323p.<\/h2>\n<h3><strong>Ma\u0301y r\u01b0\u0309a che\u0301n Bosch SMV25CX03E co\u0301 thi\u00ea\u0301t k\u00ea\u0301 sang tro\u0323ng<\/strong><\/h3>\n<p>No\u0301i \u0111\u00ea\u0301n\u00a0<strong>m\u00e1y r\u1eeda b\u00e1t Bosch SMV25CX03E<\/strong>\u00a0\u0111\u00e2\u0300u ti\u00ean pha\u0309i k\u00ea\u0309 \u0111\u00ea\u0301n thi\u00ea\u0301t k\u00ea\u0301 cu\u0309a thi\u00ea\u0301t bi\u0323 na\u0300y, n\u00f4\u0309i b\u00e2\u0323t v\u01a1\u0301i ki\u00ea\u0309u da\u0301ng sang tro\u0323ng , kh\u00f4ng nh\u01b0\u0303ng th\u00ea\u0301 ma\u0301y co\u0300n s\u01b0\u0309 du\u0323ng nh\u01b0\u0303ng linh ki\u00ea\u0323n cao c\u00e2\u0301p, sa\u0309n ph\u00e2\u0309m \u0111\u01b0\u01a1\u0323c ba\u0309o ha\u0300nh 24 tha\u0301ng ta\u0323i nha\u0300.<\/p>\n<p><img title=\"may-rua-bat-bosch-smv25cx03e\" src=\"https:\/\/bepvuson.vn\/Data\/upload\/images\/M%C3%A1y%20r%E1%BB%ADa%20b%C3%A1t\/may-rua-chen-gi-dinh%20(4).jpg\" alt=\"may-rua-bat-bosch-smv25cx03e\" \/><\/p>\n<ul>\n<li><em>Ma\u0301y r\u01b0\u0309a ba\u0301t Bosch s\u01b0\u0309 du\u0323ng\u00a0ch\u1ea5t li\u1ec7u l\u1ed3ng l\u00e0m b\u1eb1ng\u00a0<strong>th\u00e9p kh\u00f4ng g\u1ec9<\/strong>\u00a0v\u1edbi h\u1ec7 th\u1ed1ng\u00a0<strong>gi\u1ecf 3 khoang<\/strong>\u00a0d\u1ec5 d\u00e0ng cho vi\u1ec7c s\u1eafp x\u1ebfp b\u00e1t \u0111\u0129a r\u1eeda s\u1ea1ch, \u0111\u1ea1t hi\u1ec7u qu\u1ea3 nh\u1ea5t.<\/em><\/li>\n<li><em><strong>C\u00f3 th\u1ec3 \u0111i\u1ec1u ch\u1ec9nh \u0111\u1ed9 cao<\/strong>\u00a0gi\u00e0n tr\u00ean, cho ph\u00e9p t\u0103ng di\u1ec7n t\u00edch kh\u00f4ng gian ch\u1ee9a \u0111\u1ed3 trong khoang m\u00e1y r\u1eeda b\u00e1t Bosch\u00a0\u0111\u1ec3 ph\u00f9 h\u1ee3p v\u1edbi c\u00e1c d\u1ee5ng c\u1ee5 trong gia \u0111\u00ecnh.<\/em><\/li>\n<li><em>Gia\u0301 x\u00ea\u0301p ba\u0301t \u0111i\u0303a cu\u0309a ma\u0301y r\u01b0\u0309a ba\u0301t Bosch\u00a0co\u0301 th\u00ea\u0309\u00a0<strong>\u0111i\u00ea\u0300u\u00a0chi\u0309nh chi\u00ea\u0300u cao<\/strong>\u00a0ta\u0323o ra kh\u00f4ng gian t\u00f4\u0301i \u01b0u.<\/em><\/li>\n<li><em>Ma\u0301y r\u01b0\u0309a ba\u0301t Bosch SMV25CX03E\u00a0\u0111a\u0323t c\u1ea5p\u00a0<strong>hi\u1ec7u qu\u1ea3 n\u0103ng l\u01b0\u1ee3ng\u00a0A +<\/strong>\u00a0(tr\u00ean thang hi\u1ec7u su\u1ea5t n\u0103ng l\u01b0\u1ee3ng t\u1eeb A +++ \u0111\u1ebfn D)<\/em><\/li>\n<li><em>\u0110\u00f4\u0323 \u00f4\u0300n d\u01b0\u01a1\u0301i\u00a0<strong>48\u00a0Db<\/strong>\u00a0\u0111a\u0309m ba\u0309o kh\u00f4ng a\u0309nh h\u01b0\u01a1\u0309ng \u0111\u00ea\u0301n ng\u01b0\u01a1\u0300i s\u01b0\u0309 du\u0323ng.<\/em><\/li>\n<\/ul>\n<p><em>\u200b<img title=\"may-rua-bat-bosch-smv25cx03e-01\" src=\"https:\/\/bepvuson.vn\/Data\/upload\/images\/M%C3%A1y%20r%E1%BB%ADa%20b%C3%A1t\/MCSA00893236_527722_5_CMG633BS1_def(24).jpg\" alt=\"may-rua-bat-bosch-smv25cx03e-01\" \/><\/em><\/p>\n<h3><strong>\u0110a\u0301nh gia\u0301 chi ti\u00ea\u0301t ma\u0301y r\u01b0\u0309a che\u0301n Bosch SMV25CX03E<\/strong><\/h3>\n<p><strong>M\u00e1y r\u1eeda b\u00e1t Bosch SMV25CX03E<\/strong>\u00a0gi\u00fap r\u1eeda ti\u1ec7t tr\u00f9ng \u1edf nhi\u1ec7t \u0111\u1ed9 cao nh\u1edd v\u00e0o ch\u01b0\u01a1ng tr\u00ecnh r\u1eeda ti\u1ec7t tr\u00f9ng. Ch\u00e9n b\u00e1t c\u00f3 th\u1ec3 \u0111\u01b0\u1ee3c r\u1eeda \u1edf nhi\u1ec7t \u0111\u1ed9 70oC v\u00e0 tr\u00e1ng t\u1ea1i nhi\u1ec7t \u0111\u1ed9 75oC, khi\u1ebfn b\u00e1t \u0111\u0129a r\u1eeda s\u1ea1ch s\u1ebd, kh\u00f4ng c\u00f2n m\u00f9i n\u01b0\u1edbc r\u1eeda ch\u00e9n, v\u1ec7 sinh t\u1ed1i \u0111a.<\/p>\n<p><img title=\"may-rua-bat-bosch-smv25cx03e-02\" src=\"https:\/\/bepvuson.vn\/Data\/upload\/images\/M%C3%A1y%20r%E1%BB%ADa%20b%C3%A1t\/m1.png\" alt=\"may-rua-bat-bosch-smv25cx03e-02\" \/><\/p>\n<ul>\n<li><em>C\u00f3 th\u1ec3 r\u1eeda nh\u1eefng chi\u1ebfc ly cao h\u01a1n ho\u1eb7c nh\u1eefng chi\u1ebfc xoong n\u1ed3i l\u1edbn h\u01a1n trong c\u00f9ng m\u1ed9t th\u1eddi gian,\u00a0<strong>\u0111i\u1ec1u ch\u1ec9nh hi\u1ec7u su\u1ea5t\u00a0<\/strong>ho\u1ea1t \u0111\u1ed9ng cu\u0309a ma\u0301y r\u01b0\u0309a ba\u0301t Bosch t\u00f9y theo l\u01b0\u1ee3ng b\u00e1t \u0111\u0129a b\u1ea1n cho v\u00e0o sao cho mang l\u1ea1i\u00a0<strong>k\u1ebft qu\u1ea3 r\u1eeda t\u1ed1i \u01b0u nh\u1ea5t<\/strong>.<\/em><\/li>\n<li><em>\u0110\u01b0\u1ee3c thi\u1ebft k\u1ebf v\u1edbi\u00a0<strong>nhi\u1ec1u ch\u1ebf \u0111\u1ed9 r\u1eeda kh\u00e1c nhau\u00a0<\/strong>ph\u00f9 h\u1ee3p v\u1edbi t\u1eebng \u0111\u1ed9 b\u1ea9n c\u1ee7a b\u00e1t \u0111\u0129a xoong n\u1ed3i \u0111\u1ea3m b\u1ea3o kh\u1ea3 n\u0103ng<strong>\u00a0s\u1ea1ch ho\u00e0n to\u00e0n<\/strong>, c\u00f9ng hi\u1ec7u qu\u1ea3\u00a0<strong>ti\u1ebft ki\u1ec7m n\u0103ng l\u01b0\u1ee3ng cao<\/strong>, ma\u0301y r\u01b0\u0309a ba\u0301t Bosch s\u1ebd\u00a0<strong>gi\u00fap b\u1ea1n r\u1eeda s\u1ea1ch b\u00e1t \u0111\u0129a<\/strong>\u00a0m\u00e0 v\u1eabn<strong>\u00a0ti\u1ebft ki\u1ec7m<\/strong>\u00a0\u0111i\u1ec7n n\u01b0\u1edbc m\u1ed9t c\u00e1ch t\u1ed1i \u01b0u nh\u1ea5t.<\/em><\/li>\n<li><em>Vi\u1ec7c b\u1ed1 tr\u00ed h\u1ec7 th\u00f4\u0301ng \u0111i\u1ec1u khi\u1ec3n m\u1ed9t c\u00e1ch h\u1ee3p l\u00fd v\u1edbi\u00a0<strong>m\u00e0n h\u00ecnh hi\u1ec3n th\u1ecb r\u00f5 r\u00e0ng<\/strong>\u00a0s\u1ebd gi\u00fap ma\u0301y r\u01b0\u0309a ba\u0301t Bosch v\u1eadn h\u00e0nh m\u00e1y kh\u00f4ng c\u00f3 g\u00ec \u0111\u01a1n gi\u1ea3n h\u01a1n. Ng\u01b0\u1eddi d\u00f9ng ch\u1ec9 vi\u1ec7c xoay n\u00fam \u0111i\u1ec1u khi\u1ec3n ch\u1ecdn\u00a0<strong>ch\u01b0\u01a1ng tr\u00ecnh ph\u00f9 h\u1ee3p<\/strong>, cho b\u1ed9t r\u1eeda v\u00e0o khay v\u00e0\u00a0<strong>nh\u1ea5n n\u00fat Start<\/strong>\u00a0l\u00e0 m\u00e1y s\u1ebd t\u1ef1 \u0111\u1ed9ng ch\u1ea1y.<\/em><\/li>\n<li><em>M\u00e1y r\u01b0\u0309a ba\u0301t Bosch SMV25CX03E an to\u00e0n v\u1edbi\u00a0<strong>h\u1ec7 th\u1ed1ng Aqua-Stop<\/strong>\u00a0t\u1ef1 \u0111\u1ed9ng ph\u00e1t hi\u1ec7n v\u00e0 ng\u0103n ng\u1eeba s\u1ef1 r\u00f2 r\u1ec9 b\u00ean trong v\u00e0 b\u00ean ngo\u00e0i. Trong tr\u01b0\u1eddng h\u1ee3p\u00a0<strong>m\u1ea5t n\u01b0\u1edbc<\/strong>, m\u00e1y s\u1ebd<strong>\u00a0t\u1ea1m ng\u1eebng ho\u1ea1t \u0111\u1ed9ng<\/strong>, ng\u1eebng c\u1ea5p n\u01b0\u1edbc v\u00e0 b\u01a1m n\u01b0\u1edbc ra ngo\u00e0i.<\/em><\/li>\n<\/ul>\n<p>S\u1ea3n ph\u1ea9m c\u00f3 gi\u00e1 c\u1ea3 kh\u00f4ng qu\u00e1 cao, ph\u00f9 h\u1ee3p v\u1edbi nhi\u1ec1u gia \u0111\u00ecnh Vi\u00ea\u0323t. N\u1ebfu gia \u0111\u00ecnh c\u00f3 kh\u00f4ng gian b\u1ebfp r\u1ed9ng v\u00e0 nhu c\u1ea7u n\u1ea5u n\u01b0\u1edbng cao th\u00ec\u00a0<strong>m\u00e1y r\u01b0\u0309a ba\u0301t<\/strong><strong>Bosch SMV25CX03E<\/strong>\u00a0x\u1ee9ng \u0111\u00e1ng l\u00e0 s\u1ef1 l\u1ef1a ch\u1ecdn ho\u00e0n h\u1ea3o.<\/p>\n<\/div>\n<\/div>\n","protected":false},"excerpt":{"rendered":"<p>T\u1ed5ng quan chung M\u00e1y r\u1eeda b\u00e1t Bosch SMV25CX03E M\u00e1y r\u1eeda b\u00e1t Bosch SMV25CX03E th\u1ebf h\u1ec7 m\u1edbi \u0111\u01b0\u1ee3c t\u00edch h\u1ee3p nhi\u1ec1u &hellip; <a class=\"link-more\" href=\"http:\/\/maudep.com.vn\/chuyengiadienmay\/?product=may-rua-bat-bosch-smv25cx03e\" class=\"more-link\">\u0110\u1ecdc th\u00eam &raquo;<span class=\"screen-reader-text\"> &#8220;M\u00e1y r\u1eeda b\u00e1t Bosch SMV25CX03E&#8221;<\/span><\/a><\/p>\n","protected":false},"featured_media":2337,"comment_status":"open","ping_status":"closed","template":"","meta":[],"_links":{"self":[{"href":"http:\/\/maudep.com.vn\/chuyengiadienmay\/index.php?rest_route=\/wp\/v2\/product\/2336"}],"collection":[{"href":"http:\/\/maudep.com.vn\/chuyengiadienmay\/index.php?rest_route=\/wp\/v2\/product"}],"about":[{"href":"http:\/\/maudep.com.vn\/chuyengiadienmay\/index.php?rest_route=\/wp\/v2\/types\/product"}],"replies":[{"embeddable":true,"href":"http:\/\/maudep.com.vn\/chuyengiadienmay\/index.php?rest_route=%2Fwp%2Fv2%2Fcomments&post=2336"}],"wp:featuredmedia":[{"embeddable":true,"href":"http:\/\/maudep.com.vn\/chuyengiadienmay\/index.php?rest_route=\/wp\/v2\/media\/2337"}],"wp:attachment":[{"href":"http:\/\/maudep.com.vn\/chuyengiadienmay\/index.php?rest_route=%2Fwp%2Fv2%2Fmedia&parent=2336"}],"curies":[{"name":"wp","href":"https:\/\/api.w.org\/{rel}","templated":true}]}}