{"id":2338,"date":"2019-01-06T14:11:55","date_gmt":"2019-01-06T07:11:55","guid":{"rendered":"http:\/\/maudep.com.vn\/chuyengiadienmay\/?post_type=product&#038;p=2338"},"modified":"2019-01-06T14:11:56","modified_gmt":"2019-01-06T07:11:56","slug":"may-rua-bat-bosch-smv24ax02e","status":"publish","type":"product","link":"http:\/\/maudep.com.vn\/chuyengiadienmay\/?product=may-rua-bat-bosch-smv24ax02e","title":{"rendered":"M\u00e1y r\u1eeda b\u00e1t Bosch SMV24AX02E"},"content":{"rendered":"<h3 class=\"title\">T\u1ed5ng quan chung M\u00e1y r\u1eeda b\u00e1t Bosch SMV24AX02E<\/h3>\n<div class=\"article-content\">\n<div class=\"js-content\">\n<h2>V\u1edbi thi\u1ebft k\u1ebf th\u00f4ng minh d\u1ef1a tr\u00ean d\u00e2y chuy\u1ec1n c\u00f4ng ngh\u1ec7 ti\u00ean ti\u1ebfn nh\u1ea5t, m\u00e1y r\u1eeda b\u00e1t\u00a0Bosch SMV24AX02E c\u00f3 t\u00ednh n\u0103ng n\u1ed5i tr\u1ed9i, hi\u1ec7n \u0111\u1ea1i d\u1ec5 d\u00e0ng s\u1eed d\u1ee5ng mang l\u1ea1i s\u1ef1 ti\u1ec7n l\u1ee3i t\u1ed1i \u01b0u. \u0110\u1eb7c bi\u1ec7t v\u1edbi m\u00e0u s\u1eafc nh\u00e3 nh\u1eb7n, sang tr\u1ecdng, m\u00e1y r\u1eeda b\u00e1t Bosch th\u00e2n thi\u1ec7n v\u00e0 l\u00e0 m\u1ed9t s\u1ea3n ph\u1ea9m trang tr\u00ed \u0111\u1eb9p m\u1eaft cho kh\u00f4ng gian b\u1ebfp hi\u1ec7n \u0111\u1ea1i c\u1ee7a gia \u0111\u00ecnh.<\/h2>\n<h3><strong>\u0110\u00e1nh gi\u00e1 M\u00e1y r\u1eeda che\u0301n Bosch SMV24AX02E<\/strong><\/h3>\n<p>V\u1edbi<strong>\u00a0m\u00e1y r\u1eeda b\u00e1t Bosch SMV24AX02E<\/strong>\u00a0trong nh\u00e0 b\u1ea1n s\u1ebd ti\u1ebft ki\u1ec7m \u0111\u01b0\u1ee3c th\u1eddi, gian, c\u00f4ng s\u1ee9c, \u0111i\u1ec7n v\u1edbi t\u00ednh n\u0103ng n\u1ed5i tr\u1ed9i, hi\u1ec7n \u0111\u1ea1i khi kh\u00f4ng ph\u1ea3i tr\u00e1ng ch\u00e9n b\u00e1t tr\u01b0\u1edbc, r\u1eeda xong kh\u00f4ng l\u1ea5y b\u00e1t ra lu\u00f4n.<\/p>\n<p><img title=\"may-rua-bat-bosch-smv24ax02e\" src=\"https:\/\/bepvuson.vn\/Data\/upload\/images\/M%C3%A1y%20r%E1%BB%ADa%20b%C3%A1t\/may-rua-bat-bosch-smv24ax02e.jpg\" alt=\"may-rua-bat-bosch-smv24ax02e\" \/><\/p>\n<ul>\n<li><em>B\u00ean ngo\u00e0i m\u00e1y r\u1eeda b\u00e1t Bosch\u00a0\u0111\u01b0\u1ee3c l\u00e0m t\u1eeb\u00a0<strong>th\u00e9p ph\u1ee7 s\u01a1n t\u0129nh \u0111i\u1ec7n<\/strong>\u00a0m\u00e0u tr\u1eafng, c\u00f3 m\u00e0u b\u1ea1c Silver,\u00a0<strong>ch\u1ed1ng oxy h\u00f3a<\/strong>\u00a0khi ti\u1ebfp x\u00fac v\u1edbi n\u01b0\u1edbc v\u00e0 c\u00e1c ho\u1ea1t g\u00e2y \u0103n m\u00f2n kh\u00e1c.<\/em><\/li>\n<li><em>B\u00ean trong m\u00e1y c\u00f3\u00a0<strong>hai ng\u0103n inox<\/strong>\u00a0\u0111\u1ec3 x\u1ebfp b\u00e1t \u0111\u0129a,\u00a0<strong>m\u00e1y r\u1eeda b\u00e1t\u00a0Bosch \u00e2m tu\u0309 SMV24AX02E<\/strong>\u00a0\u0111\u01b0\u1ee3c thi\u1ebft k\u1ebf \u0111\u1ec3 r\u1eeda t\u1ed1i \u0111a 13 b\u1ed9 ba\u0301t \u0111i\u0303a Ch\u00e2u \u00c2u.<\/em><\/li>\n<li><em>M\u00e1y r\u1eeda b\u00e1t Bosch c\u00f3 gi\u00e1 \u0111\u1ee1 \u0111\u01b0\u1ee3c thi\u1ebft k\u1ebf\u00a0<strong>c\u00f3 th\u1ec3 \u0111i\u1ec1u ch\u1ec9nh cao th\u1ea5p<\/strong>, gi\u00fap khoang r\u1eeda ph\u00f9 h\u1ee3p v\u1edbi\u00a0<strong>nhi\u1ec1u k\u00edch th\u01b0\u1edbc<\/strong>\u00a0kh\u00e1c nhau c\u1ee7a ch\u00e9n \u0111\u0129a.<\/em><\/li>\n<li><em>Ma\u0301y r\u01b0\u0309a ba\u0301t Bosch \u0111a\u0323t c\u1ea5p\u00a0<strong>hi\u1ec7u qu\u1ea3 n\u0103ng l\u01b0\u1ee3ng A +<\/strong>\u00a0(tr\u00ean thang hi\u1ec7u su\u1ea5t n\u0103ng l\u01b0\u1ee3ng t\u1eeb A +++ \u0111\u1ebfn D)<\/em><\/li>\n<li><em>\u0110\u00f4\u0323 \u00f4\u0300n d\u01b0\u01a1\u0301i\u00a0<strong>50\u00a0Db<\/strong>\u00a0\u0111a\u0309m ba\u0309o\u00a0<strong>kh\u00f4ng a\u0309nh h\u01b0\u01a1\u0309ng<\/strong>\u00a0\u0111\u00ea\u0301n ng\u01b0\u01a1\u0300i s\u01b0\u0309 du\u0323ng.<\/em><\/li>\n<\/ul>\n<p><em>\u200b<img title=\"may-rua-bat-bosch-smv24ax02e-01\" src=\"https:\/\/bepvuson.vn\/Data\/upload\/images\/M%C3%A1y%20r%E1%BB%ADa%20b%C3%A1t\/bosch_sms50d38eu_may_rua_bat.jpg\" alt=\"may-rua-bat-bosch-smv24ax02e-01\" \/><\/em><\/p>\n<h3><strong>Ti\u0301nh n\u0103ng n\u00f4\u0309i b\u00e2\u0323t cu\u0309a ma\u0301y r\u01b0\u0309a che\u0301n Bosch SMV24AX02E<\/strong><\/h3>\n<p>H\u1ec7 th\u1ed1ng l\u1ecdc t\u1ef1 l\u00e0m s\u1ea1ch cu\u0309a\u00a0<strong>m\u00e1y r\u1eeda b\u00e1t Bosch SMV24AX02E<\/strong>\u00a0s\u1ebd lo\u1ea1i b\u1ecf th\u1ee9c \u0103n th\u1eeba, ng\u0103n kh\u00f4ng cho ch\u00fang l\u00e0m t\u1eafc m\u00e1y. Ng\u0103n ng\u1eeba m\u1ecdi y\u1ebfu t\u1ed1 c\u00f3 th\u1ec3 \u1ea3nh h\u01b0\u1edfng \u0111\u1ebfn ho\u1ea1t \u0111\u1ed9ng c\u1ee7a m\u00e1y.<\/p>\n<p><img title=\"may-rua-bat-bosch-smv24ax02e-02\" src=\"https:\/\/bepvuson.vn\/Data\/upload\/images\/M%C3%A1y%20r%E1%BB%ADa%20b%C3%A1t\/nhieu-chuong-trinh-rua.jpg\" alt=\"may-rua-bat-bosch-smv24ax02e-02\" \/><\/p>\n<ul>\n<li><em><strong>Ch\u1ee9c n\u0103ng kh\u00f3a tr\u1ebb em Easy Lock\u00a0<\/strong>an to\u00e0n gi\u00fap ng\u01b0\u1eddi d\u00f9ng an t\u00e2m h\u01a1n khi s\u1eed d\u1ee5ng, \u0111\u1eb7c bi\u1ec7t v\u1edbi tr\u1ebb em nh\u1ecf.<\/em><\/li>\n<li><em><strong>Ch\u01b0\u01a1ng t\u00ecnh r\u1eeda Super 60 \u00b0 C<\/strong>\u00a0cu\u0309a ma\u0301y r\u01b0\u0309a ba\u0301t Bosch cung c\u00e2\u0301p \u0111\u1ea7y \u0111\u1ee7 ch\u1ebf \u0111\u1ed9 r\u1eeda b\u00e1t \u0111\u0129a si\u00eau b\u1ea9n hi\u1ec7u qu\u1ea3.<\/em><\/li>\n<li><em><strong>Ch\u01b0\u0301c n\u0103ng v\u1ec7 sinh r\u1eeda th\u00eam v\u00e0 s\u1ea5y kh\u00f4<\/strong>\u00a0\u1edf nhi\u1ec7t \u0111\u1ed9 cao h\u01a1n \u0111\u1ec3 \u0111\u1ea3m b\u1ea3o v\u1ec7 sinh cao nh\u1ea5t.<\/em><\/li>\n<li><em><strong>H\u1ec7 th\u1ed1ng gi\u1ecf VarioFlex Pro<\/strong>\u00a0v\u1edbi ng\u0103n k\u00e9o Vario Pro th\u1ee9 3 linh ho\u1ea1t \u0111\u1ef1ng \u0111\u01b0\u1ee3c nhi\u1ec1u h\u01a1n v\u00e0 s\u1eed d\u1ee5ng t\u1ed1t h\u01a1n trong m\u00e1y r\u1eeda b\u00e1t.<\/em><\/li>\n<li><em>V\u00e0\u00a0<strong>\u0111a m\u1ee9c nhi\u1ec7t \u0111\u1ed9 r\u1eeda<\/strong>\u00a0cu\u0309a ma\u0301y r\u01b0\u0309a ba\u0301t Bosch nh\u01b0 :\u00a0S\u1ea5y EcoZeolith, c\u1eeda h\u1ed7 tr\u1ee3, EcoSilence, Aqua-Sensor c\u1ea3m bi\u1ebfn t\u1ea3i, b\u1ed9 trao \u0111\u1ed5i nhi\u1ec7t, k\u1ef9 thu\u1eadt xen k\u1ebd r\u1eeda, t\u00e1i sinh \u0111i\u1ec7n t\u1eed.<\/em><\/li>\n<\/ul>\n<p>S\u1ea3n ph\u1ea9m c\u00f3 gi\u00e1 c\u1ea3 kh\u00f4ng qu\u00e1 cao, ph\u00f9 h\u1ee3p v\u1edbi nhi\u1ec1u gia \u0111\u00ecnh Vi\u00ea\u0323t. N\u1ebfu gia \u0111\u00ecnh c\u00f3 kh\u00f4ng gian b\u1ebfp r\u1ed9ng v\u00e0 nhu c\u1ea7u n\u1ea5u n\u01b0\u1edbng cao th\u00ec\u00a0<strong>m\u00e1y r\u01b0\u0309a ba\u0301t\u00a0<\/strong><strong>Bosch SMV24AX02E<\/strong>\u00a0x\u1ee9ng \u0111\u00e1ng l\u00e0 s\u1ef1 l\u1ef1a ch\u1ecdn ho\u00e0n h\u1ea3o.<\/p>\n<\/div>\n<\/div>\n","protected":false},"excerpt":{"rendered":"<p>T\u1ed5ng quan chung M\u00e1y r\u1eeda b\u00e1t Bosch SMV24AX02E V\u1edbi thi\u1ebft k\u1ebf th\u00f4ng minh d\u1ef1a tr\u00ean d\u00e2y chuy\u1ec1n c\u00f4ng ngh\u1ec7 ti\u00ean &hellip; <a class=\"link-more\" href=\"http:\/\/maudep.com.vn\/chuyengiadienmay\/?product=may-rua-bat-bosch-smv24ax02e\" class=\"more-link\">\u0110\u1ecdc th\u00eam &raquo;<span class=\"screen-reader-text\"> &#8220;M\u00e1y r\u1eeda b\u00e1t Bosch SMV24AX02E&#8221;<\/span><\/a><\/p>\n","protected":false},"featured_media":2339,"comment_status":"open","ping_status":"closed","template":"","meta":[],"_links":{"self":[{"href":"http:\/\/maudep.com.vn\/chuyengiadienmay\/index.php?rest_route=\/wp\/v2\/product\/2338"}],"collection":[{"href":"http:\/\/maudep.com.vn\/chuyengiadienmay\/index.php?rest_route=\/wp\/v2\/product"}],"about":[{"href":"http:\/\/maudep.com.vn\/chuyengiadienmay\/index.php?rest_route=\/wp\/v2\/types\/product"}],"replies":[{"embeddable":true,"href":"http:\/\/maudep.com.vn\/chuyengiadienmay\/index.php?rest_route=%2Fwp%2Fv2%2Fcomments&post=2338"}],"wp:featuredmedia":[{"embeddable":true,"href":"http:\/\/maudep.com.vn\/chuyengiadienmay\/index.php?rest_route=\/wp\/v2\/media\/2339"}],"wp:attachment":[{"href":"http:\/\/maudep.com.vn\/chuyengiadienmay\/index.php?rest_route=%2Fwp%2Fv2%2Fmedia&parent=2338"}],"curies":[{"name":"wp","href":"https:\/\/api.w.org\/{rel}","templated":true}]}}