{"id":2340,"date":"2019-01-06T14:16:36","date_gmt":"2019-01-06T07:16:36","guid":{"rendered":"http:\/\/maudep.com.vn\/chuyengiadienmay\/?post_type=product&#038;p=2340"},"modified":"2019-01-06T14:16:36","modified_gmt":"2019-01-06T07:16:36","slug":"may-rua-bat-bosch-smi46ks00e","status":"publish","type":"product","link":"http:\/\/maudep.com.vn\/chuyengiadienmay\/?product=may-rua-bat-bosch-smi46ks00e","title":{"rendered":"M\u00e1y r\u1eeda b\u00e1t Bosch SMI46KS00E"},"content":{"rendered":"<h3 class=\"title\">T\u1ed5ng quan chung M\u00e1y r\u1eeda b\u00e1t Bosch SMI46KS00E<\/h3>\n<div class=\"article-content\">\n<div class=\"js-content\">\n<h2>Ma\u0301y r\u01b0\u0309a ba\u0301t Bosch SMI46KS00E\u00a0l\u00e0 model n\u1ed5i b\u1eadt c\u1ee7a m\u00e1y r\u1eeda b\u00e1t Bosch \u0111\u01b0\u1ee3c nh\u1eadp kh\u1ea9u ch\u00ednh h\u00e3ng t\u1eeb \u0110\u1ee9c ch\u1ea5t l\u01b0\u1ee3ng cao \u0111\u01b0\u1ee3c ng\u01b0\u1eddi d\u00f9ng l\u1ef1a ch\u1ecdn nhi\u1ec1u, thi\u1ebft k\u1ebf \u00e2m b\u00e1n ph\u1ea7n v\u1edbi c\u00f4ng su\u1ea5t r\u1eeda cho 1 l\u1ea7n ho\u1ea1t \u0111\u1ed9ng l\u00e0 13 b\u1ed9 b\u00e1t ch\u00e9n Ch\u00e2u \u00c2u, ha\u0303y cu\u0300ng B\u00ea\u0301p Vu\u0303 S\u01a1n ti\u0300m hi\u00ea\u0309u chi ti\u00ea\u0301t v\u00ea\u0300 do\u0300ng sa\u0309n ph\u00e2\u0309m na\u0300y nhe\u0301.<\/h2>\n<h3><strong>\u0110a\u0301nh gia\u0301 ma\u0301y r\u01b0\u0309a che\u0301n Bosch SMI46KS00E<\/strong><\/h3>\n<p>Th\u01b0\u01a1ng hi\u00ea\u0323u\u00a0Bosh l\u00e0 m\u1ed9t trong nh\u1eefng th\u01b0\u01a1ng hi\u1ec7u nh\u00e0 b\u1ebfp h\u00e0ng \u0111\u1ea7u th\u1ebf gi\u1edbi.\u00a0<strong>M\u00e1y r\u1eeda b\u00e1t Bosch SMI46KS00E\u00a0<\/strong>\u0111\u1ebfn t\u1eeb \u0110\u1ee9c s\u1ebd gi\u00fap b\u1ea1n c\u00f3 nhi\u1ec1u th\u1eddi gian b\u00ean gia \u0111\u00ecnh.<\/p>\n<p><img title=\"may-rua-bat-bosch-smi46ks00e\" src=\"https:\/\/bepvuson.vn\/Data\/upload\/images\/M%C3%A1y%20r%E1%BB%ADa%20b%C3%A1t\/6924_0_may_rua_chen_bat_bosch_smi46ms03e.jpg\" alt=\"may-rua-bat-bosch-smi46ks00e\" \/><\/p>\n<ul>\n<li><em>Ma\u0301y r\u01b0\u0309a ba\u0301t Bosch \u0111\u01b0\u01a1\u0323c thi\u1ebft k\u1ebf b\u1ec1 m\u1eb7t b\u1eb1ng\u00a0<strong>inox kh\u00f4ng gi\u0309<\/strong>\u00a0m\u00e0u tr\u1eafng sang tr\u1ecdng,\u00a0<strong>h\u1ec7 th\u1ed1ng \u0111i\u1ec1u khi\u1ec3n c\u01a1\u00a0<\/strong>gi\u00fap ng\u01b0\u1eddi s\u1eed d\u1ee5ng d\u1ec5 d\u00e0ng l\u1ef1a ch\u1ecdn ch\u1ebf \u0111\u1ed9 r\u1eeda theo mong mu\u1ed1n.<\/em><\/li>\n<li><em>V\u1ecf th\u00e9p\u00a0<strong>ch\u1eafc ch\u1eafn<\/strong>, m\u00e0n hi\u1ec3n th\u1ecb\u00a0<strong>r\u00f5 r\u00e0ng<\/strong>, n\u00fam \u0111i\u1ec1u khi\u1ec3n xoay \u0111i\u1ec1u ch\u1ec9nh\u00a0<strong>d\u1ec5 d\u00e0ng<\/strong>\u00a0giu\u0301p ma\u0301y r\u01b0\u0309a ba\u0301t Bosch\u00a0c\u00f3\u00a0<strong>\u0111\u1ed9 b\u1ec1n cao<\/strong>.<\/em><\/li>\n<li><em>H\u1ec7 th\u1ed1ng gi\u1ecf khay\u00a0<strong>inox s\u00e1ng b\u00f3ng<\/strong>\u00a0s\u1ea1ch s\u1ebd d\u1ec5 d\u00e0ng cho vi\u1ec7c s\u1eafp x\u1ebfp b\u00e1t \u0111\u0129a r\u1eeda s\u1ea1ch, \u0111\u1ea1t hi\u1ec7u qu\u1ea3 nh\u1ea5t. B\u00ean c\u1ea1nh \u0111\u00f3 c\u00e1c khay cu\u0309a ma\u0301y r\u01b0\u0309a ba\u0301t Bosch SMI46KS00E\u00a0\u0111\u01b0\u1ee3c s\u1eafp x\u1ebfp\u00a0<strong>linh ho\u1ea1t<\/strong>\u00a0gi\u00fap cho vi\u1ec7c r\u1eeda c\u00e1c \u0111\u1ed3 d\u00f9ng v\u1edbi<strong>\u00a0m\u1ecdi k\u00edch c\u1ee1<\/strong>\u00a0kh\u00e1c nhau.<\/em><\/li>\n<li><em>Ray k\u00e9o tr\u01b0\u1ee3t c\u1ee7a m\u00e1y r\u01b0\u0309a ba\u0301t Bosch\u00a0<strong>ch\u1eafc ch\u1eafn<\/strong>\u00a0s\u1ebd gi\u00fap\u00a0<strong>thao t\u00e1c nh\u1eb9 nh\u00e0ng<\/strong>, ch\u00e2n \u0111\u1ee1 ki\u1ec3u g\u1ea5p\u00a0<strong>d\u1ec5 d\u00e0ng b\u1ed1 tr\u00ed\u00a0<\/strong>c\u00e1c lo\u1ea1i xoong n\u1ed3i. Thi\u1ebft k\u1ebf b\u00ean trong\u00a0<strong>khoang r\u1eeda ph\u1eb3ng nh\u1eb5n<\/strong>, b\u1eb1ng\u00a0<strong>th\u00e9p kh\u00f4ng g\u1ec9<\/strong>, ch\u1ecbu \u0111\u01b0\u1ee3c c\u00e1c m\u1ee9c \u00e1p su\u1ea5t n\u01b0\u1edbc kh\u00e1c nhau, n\u00ean c\u00f3\u00a0<strong>t\u00ednh b\u1ec1n cao<\/strong>\u00a0v\u00e0 d\u1ec5 d\u00e0ng v\u1ec7 sinh.<\/em><\/li>\n<li><em>Ma\u0301y r\u01b0\u0309a ba\u0301t Bosch ti\u0301ch h\u01a1\u0323p\u00a0<strong>ch\u01b0\u01a1ng tri\u0300nh r\u01b0\u0309a im l\u0103\u0323ng<\/strong>, hoa\u0323t \u0111\u00f4\u0323ng y\u00ean ti\u0303nh chi\u0309 \u01a1\u0309\u00a0<strong>46 Db<\/strong>\u00a0&#8211; \u0111a\u0309m ba\u0309o\u00a0<strong>kh\u00f4ng a\u0309nh h\u01b0\u01a1\u0309ng<\/strong>\u00a0\u0111\u00ea\u0301n ng\u01b0\u01a1\u0300i s\u01b0\u0309 du\u0323ng.<\/em><\/li>\n<\/ul>\n<p><em>\u200b<img title=\"may-rua-bat-bosch-smi46ks00e-01\" src=\"https:\/\/bepvuson.vn\/Data\/upload\/images\/M%C3%A1y%20r%E1%BB%ADa%20b%C3%A1t\/may-rua-bat-bosch-sms63l08ea-chinh-hang.png\" alt=\"may-rua-bat-bosch-smi46ks00e-01\" \/><\/em><\/p>\n<h3><strong>\u01afu \u0111i\u00ea\u0309m n\u00f4\u0309i b\u00e2\u0323t cu\u0309a ma\u0301y r\u01b0\u0309a che\u0301n Bosch SMI46KS00E<\/strong><\/h3>\n<p>N\u1ebfu b\u1ea1n kh\u00f4ng c\u00f3 th\u1eddi gian, ch\u1ecdn ch\u01b0\u01a1ng tr\u00ecnh \u0111\u1eb7c bi\u1ec7t ch\u1ec9 c\u00f3 \u1edf\u00a0<strong>m\u00e1y r\u1eeda b\u00e1t Bosch SMI46KS00E<\/strong>\u00a0v\u01a1\u0301i ch\u00ea\u0301 \u0111\u00f4\u0323\u00a0r\u01b0\u0309a Vario Speed. VarioSpeed\u00a0gi\u1ea3m th\u1eddi l\u01b0\u1ee3ng ch\u01b0\u01a1ng tr\u00ecnh \u0111\u1ebfn g\u1ea7n 50% m\u00e0 kh\u00f4ng c\u1ea7n ph\u1ea3i b\u1ecf qua c\u00f4ng \u0111o\u1ea1n n\u00e0o trong qu\u00e1 tr\u00ecnh r\u1eeda v\u00e0 s\u1ea5y.<\/p>\n<p><img title=\"may-rua-bat-bosch-smi46ks00e-02\" src=\"https:\/\/bepvuson.vn\/Data\/upload\/images\/M%C3%A1y%20r%E1%BB%ADa%20b%C3%A1t\/Ng_n_3x1200x1200x4.jpg\" alt=\"may-rua-bat-bosch-smi46ks00e-02\" \/><\/p>\n<ul>\n<li><em><strong>Ti\u1ebft ki\u1ec7m<\/strong>\u00a0h\u01a1n so v\u1edbi r\u1eeda b\u1eb1ng tay, l\u01b0\u1ee3ng n\u01b0\u1edbc ti\u00eau th\u1ee5 cho m\u1ed7i l\u1ea7n r\u1eeda ch\u1ec9\u00a0<strong>7,5 L<\/strong>. H\u01a1n n\u1eefa ma\u0301y r\u01b0\u0309a ba\u0301t Bosch co\u0300n trang bi\u0323\u00a0ch\u1ee9c n\u0103ng c\u1ea3m bi\u1ebfn n\u01b0\u1edbc\u00a0<strong>AquaSensor\u00a0<\/strong>li\u00ean t\u1ee5c\u00a0<strong>ki\u1ec3m tra<\/strong>\u00a0ti\u1ebfn \u0111\u1ed9 r\u1eeda v\u00e0\u00a0<strong>\u0111i\u1ec1u ch\u1ec9nh ch\u01b0\u01a1ng tr\u00ecnh<\/strong>\u00a0cho ph\u00f9 h\u1ee3p v\u1edbi m\u1ee9c \u0111\u1ed9 b\u1ea9n. Vi\u1ec7c n\u00e0y \u0111\u01b0\u1ee3c th\u1ef1c hi\u1ec7n th\u00f4ng qua vi\u1ec7c k\u00edch ho\u1ea1t c\u00e1c<strong>ch\u01b0\u01a1ng tr\u00ecnh t\u1ef1 \u0111\u1ed9ng<\/strong>.<\/em><\/li>\n<li><em><strong>Ch\u1ee9c n\u0103ng h\u1eb9n gi\u1edd<\/strong>\u00a0cho ph\u00e9p thi\u1ebft l\u1eadp th\u1eddi gian b\u1eaft \u0111\u1ea7u r\u1eeda trong v\u00f2ng 24 gi\u1edd. Gi\u00fap b\u1ea1n\u00a0<strong>ti\u1ebft ki\u1ec7m\u00a0<\/strong>h\u01a1n khi \u0111\u1ec3 m\u00e1y r\u1eeda ba\u0301t v\u00e0o ban \u0111\u00eam, m\u1ee9c \u0111i\u1ec7n n\u0103ng se\u0303\u00a0th\u1ea5p h\u01a1n.<\/em><\/li>\n<li><em><strong>An to\u00e0n v\u1edbi ng\u01b0\u1eddi s\u1eed d\u1ee5ng<\/strong>\u00a0v\u1edbi\u00a0<strong>ch\u1ee9c n\u0103ng AquaStopTM\u00a0<\/strong>t\u1ef1 \u0111\u1ed9ng ng\u1eaft ngu\u1ed3n n\u01b0\u1edbc khi c\u00f3 r\u00f2 r\u1ec9 ng\u0103n nh\u1eefng t\u1ed5n th\u1ea5t h\u01b0 h\u1ea1i do n\u01b0\u1edbc d\u00f9 \u1edf \u0111\u01b0\u1eddng \u1ed1ng d\u1eabn n\u01b0\u1edbc v\u00e0o hay l\u00e0 do r\u00f2 r\u1ec9 trong \u00a0m\u00e1y.\u00a0<strong>H\u1ec7 th\u1ed1ng c\u1ea3m bi\u1ebfn<\/strong>\u00a0n\u00e0y lu\u00f4n b\u1ea3o v\u1ec7 m\u00e1y r\u1eeda b\u00e1t Bosch\u00a024\/24 gi\u1edd.<\/em><\/li>\n<\/ul>\n<p>S\u1ea3n ph\u1ea9m c\u00f3 gi\u00e1 c\u1ea3 kh\u00f4ng qu\u00e1 cao, ph\u00f9 h\u1ee3p v\u1edbi nhi\u1ec1u gia \u0111\u00ecnh Vi\u00ea\u0323t. N\u1ebfu gia \u0111\u00ecnh c\u00f3 kh\u00f4ng gian b\u1ebfp r\u1ed9ng v\u00e0 nhu c\u1ea7u n\u1ea5u n\u01b0\u1edbng cao th\u00ec\u00a0<strong>m\u00e1y r\u01b0\u0309a ba\u0301t Bosch SMI46KS00E<\/strong>\u00a0x\u1ee9ng \u0111\u00e1ng l\u00e0 s\u1ef1 l\u1ef1a ch\u1ecdn ho\u00e0n h\u1ea3o.<\/p>\n<\/div>\n<\/div>\n","protected":false},"excerpt":{"rendered":"<p>T\u1ed5ng quan chung M\u00e1y r\u1eeda b\u00e1t Bosch SMI46KS00E Ma\u0301y r\u01b0\u0309a ba\u0301t Bosch SMI46KS00E\u00a0l\u00e0 model n\u1ed5i b\u1eadt c\u1ee7a m\u00e1y r\u1eeda b\u00e1t &hellip; <a class=\"link-more\" href=\"http:\/\/maudep.com.vn\/chuyengiadienmay\/?product=may-rua-bat-bosch-smi46ks00e\" class=\"more-link\">\u0110\u1ecdc th\u00eam &raquo;<span class=\"screen-reader-text\"> &#8220;M\u00e1y r\u1eeda b\u00e1t Bosch SMI46KS00E&#8221;<\/span><\/a><\/p>\n","protected":false},"featured_media":2341,"comment_status":"open","ping_status":"closed","template":"","meta":[],"_links":{"self":[{"href":"http:\/\/maudep.com.vn\/chuyengiadienmay\/index.php?rest_route=\/wp\/v2\/product\/2340"}],"collection":[{"href":"http:\/\/maudep.com.vn\/chuyengiadienmay\/index.php?rest_route=\/wp\/v2\/product"}],"about":[{"href":"http:\/\/maudep.com.vn\/chuyengiadienmay\/index.php?rest_route=\/wp\/v2\/types\/product"}],"replies":[{"embeddable":true,"href":"http:\/\/maudep.com.vn\/chuyengiadienmay\/index.php?rest_route=%2Fwp%2Fv2%2Fcomments&post=2340"}],"wp:featuredmedia":[{"embeddable":true,"href":"http:\/\/maudep.com.vn\/chuyengiadienmay\/index.php?rest_route=\/wp\/v2\/media\/2341"}],"wp:attachment":[{"href":"http:\/\/maudep.com.vn\/chuyengiadienmay\/index.php?rest_route=%2Fwp%2Fv2%2Fmedia&parent=2340"}],"curies":[{"name":"wp","href":"https:\/\/api.w.org\/{rel}","templated":true}]}}