{"id":2342,"date":"2019-01-06T14:21:21","date_gmt":"2019-01-06T07:21:21","guid":{"rendered":"http:\/\/maudep.com.vn\/chuyengiadienmay\/?post_type=product&#038;p=2342"},"modified":"2019-01-06T14:21:21","modified_gmt":"2019-01-06T07:21:21","slug":"may-rua-bat-bosch-smi25as02e","status":"publish","type":"product","link":"http:\/\/maudep.com.vn\/chuyengiadienmay\/?product=may-rua-bat-bosch-smi25as02e","title":{"rendered":"M\u00e1y r\u1eeda b\u00e1t Bosch SMI25AS02E"},"content":{"rendered":"<h3 class=\"title\">T\u1ed5ng quan chung M\u00e1y r\u1eeda b\u00e1t Bosch SMI25AS02E<\/h3>\n<div class=\"article-content\">\n<div class=\"js-content\">\n<h2>M\u00e1y r\u01b0\u0309a ba\u0301t Bosch SMI25AS02E\u00a0\u0111\u01b0\u1ee3c thi\u1ebft k\u1ebf \u0111\u00fang phong c\u00e1ch ch\u00e2u \u00c2u , ki\u1ec3u d\u00e1ng sang tr\u1ecdng cho c\u0103n b\u1ebfp . V\u1ecf ngo\u00e0i c\u1ee7a m\u00e1y \u0111\u01b0\u1ee3c l\u00e0m b\u1eb1ng ch\u1ea5t li\u1ec7u th\u00e9p kh\u00f4ng g\u1ec9 \u00a0m\u00e0u tr\u1eafng b\u1ea1c . Kh\u00f4ng ch\u1ec9 c\u00f3 th\u1ebf m\u00e1y c\u00f2n \u0111\u01b0\u1ee3c \u0111i\u1ec1u khi\u1ec3n b\u1eb1ng n\u00fat \u0111i\u1ec7n t\u1eed , hi\u1ec3n th\u1ecb \u0111\u00e8n LED gi\u00fap b\u1ea1n d\u1ec5 d\u00e0ng s\u1eed d\u1ee5ng ,\u00a0ngo\u00e0i ra m\u00e1y c\u00f3 ch\u1ebf \u0111\u1ed9 kh\u00f3a tr\u1ebb em gi\u00fap an to\u00e0n cho m\u00e1y .<\/h2>\n<h3><strong>\u0110a\u0301nh gia\u0301 ma\u0301y r\u01b0\u0309a che\u0301n Bosch SMI25AS02E<\/strong><\/h3>\n<p><strong>M\u00e1y r\u1eeda b\u00e1t Bosch SMI25AS02E<\/strong>\u00a0v\u1edbi ch\u1ea5t li\u1ec7u l\u1ed3ng l\u00e0m b\u1eb1ng th\u00e9p kh\u00f4ng g\u1ec9 v\u1edbi h\u1ec7 th\u1ed1ng gi\u1ecf\u00a0khoang d\u1ec5 d\u00e0ng cho vi\u1ec7c s\u1eafp x\u1ebfp b\u00e1t \u0111\u0129a r\u1eeda s\u1ea1ch, \u0111\u1ea1t hi\u1ec7u qu\u1ea3 nh\u1ea5t. C\u00f3 th\u1ec3 \u0111i\u1ec1u ch\u1ec9nh \u0111\u1ed9 cao gi\u00e0n tr\u00ean. Cho ph\u00e9p t\u0103ng di\u1ec7n t\u00edch kh\u00f4ng gian ch\u1ee9a \u0111\u1ed3 trong khoang m\u00e1y r\u1eeda b\u00e1t \u0111\u1ec3 ph\u00f9 h\u1ee3p v\u1edbi c\u00e1c d\u1ee5ng c\u1ee5 trong gia \u0111\u00ecnh.<\/p>\n<p><img title=\"may-rua-bat-bosch-smi25as02e\" src=\"https:\/\/bepvuson.vn\/Data\/upload\/images\/M%C3%A1y%20r%E1%BB%ADa%20b%C3%A1t\/May_rua_chen_Bosch_SMS69P28EU.jpg\" alt=\"may-rua-bat-bosch-smi25as02e\" \/><\/p>\n<ul>\n<li><em>Ma\u0301y r\u01b0\u0309a ba\u0301t Bosch \u0111\u01b0\u01a1\u0323c thi\u1ebft k\u1ebf b\u1ec1 m\u1eb7t b\u1eb1ng\u00a0<strong>inox kh\u00f4ng gi\u0309<\/strong>\u00a0m\u00e0u tr\u1eafng sang tr\u1ecdng,\u00a0<strong>h\u1ec7 th\u1ed1ng \u0111i\u1ec1u khi\u1ec3n c\u01a1<\/strong>\u00a0gi\u00fap ng\u01b0\u1eddi s\u1eed d\u1ee5ng\u00a0<strong>d\u1ec5 d\u00e0ng l\u1ef1a ch\u1ecdn<\/strong>\u00a0ch\u1ebf \u0111\u1ed9 r\u1eeda theo mong mu\u1ed1n.<\/em><\/li>\n<li><em>\u0110\u01b0\u01a1\u0323c trang bi\u0323\u00a0<strong>b\u1ea3ng \u0111i\u1ec1u khi\u1ec3n hi\u1ec3n th\u1ecb<\/strong>\u00a0tinh t\u1ebf ngay tr\u00ean m\u1eb7t m\u00e1y c\u00f9ng c\u00e1c n\u00fam xoay c\u01a1 \u0111\u01a1n gi\u1ea3n, hi\u1ec7u qu\u1ea3, d\u1ec5 th\u1ef1c hi\u1ec7n. Ngo\u00e0i ra, ma\u0301y r\u01b0\u0309a ba\u0301t Bosch\u00a0c\u00f2n c\u00f3 b\u1ea3ng hi\u1ec3n th\u1ecb \u0111i\u1ec7n t\u1eed cho ph\u00e9p\u00a0<strong>th\u00f4ng b\u00e1o ch\u00ednh x\u00e1c th\u1eddi gian<\/strong>\u00a0c\u00f2n l\u1ea1i c\u1ee7a chu tr\u00ecnh r\u1eeda.<\/em><\/li>\n<li><em><strong>Ray k\u00e9o tr\u01b0\u1ee3t\u00a0<\/strong>c\u1ee7a m\u00e1y r\u01b0\u0309a ba\u0301t Bosch ch\u1eafc ch\u1eafn s\u1ebd gi\u00fap\u00a0<strong>thao t\u00e1c nh\u1eb9 nh\u00e0ng<\/strong>, ch\u00e2n \u0111\u1ee1 ki\u1ec3u g\u1ea5p\u00a0<strong>d\u1ec5 d\u00e0ng b\u1ed1 tr\u00ed<\/strong>\u00a0c\u00e1c lo\u1ea1i xoong n\u1ed3i. Thi\u1ebft k\u1ebf b\u00ean trong\u00a0<strong>khoang r\u1eeda ph\u1eb3ng nh\u1eb5n<\/strong>, b\u1eb1ng th\u00e9p kh\u00f4ng g\u1ec9, ch\u1ecbu \u0111\u01b0\u1ee3c c\u00e1c m\u1ee9c \u00e1p su\u1ea5t n\u01b0\u1edbc kh\u00e1c nhau, n\u00ean c\u00f3<strong>\u00a0t\u00ednh b\u1ec1n cao\u00a0<\/strong>v\u00e0 d\u1ec5 d\u00e0ng v\u1ec7 sinh.<\/em><\/li>\n<li><em>Ma\u0301y r\u01b0\u0309a ba\u0301t Bosch ti\u0301ch h\u01a1\u0323p ch\u01b0\u01a1ng tri\u0300nh r\u01b0\u0309a im l\u0103\u0323ng, hoa\u0323t \u0111\u00f4\u0323ng y\u00ean ti\u0303nh chi\u0309 \u01a1\u0309\u00a0<strong>46 Db<\/strong>\u00a0&#8211; \u0111a\u0309m ba\u0309o\u00a0<strong>kh\u00f4ng a\u0309nh h\u01b0\u01a1\u0309ng<\/strong>\u00a0\u0111\u00ea\u0301n ng\u01b0\u01a1\u0300i s\u01b0\u0309 du\u0323ng.<\/em><\/li>\n<\/ul>\n<p><em>\u200b<img title=\"may-rua-bat-bosch-smi25as02e-01\" src=\"https:\/\/bepvuson.vn\/Data\/upload\/images\/M%C3%A1y%20r%E1%BB%ADa%20b%C3%A1t\/mcz_008607_kan56v10_en-sg_1(42).jpg\" alt=\"may-rua-bat-bosch-smi25as02e-01\" \/><\/em><\/p>\n<h3><strong>Ti\u0301nh n\u0103ng n\u00f4\u0309i tr\u00f4\u0323i cu\u0309a ma\u0301y r\u01b0\u0309a che\u0301n Bosch SMI25AS02E<\/strong><\/h3>\n<p><strong>\u00a0M\u00e1y r\u1eeda b\u00e1t Bosch SMI25AS02E<\/strong>\u00a0g\u1ed3m 5 ch\u01b0\u01a1ng tr\u00ecnh r\u1eeda : r\u1eeda chuy\u00ean s\u00e2u 70\u00b0C, r\u1eeda t\u1ef1 \u0111\u1ed9ng \u00a045-65\u00b0C, \u00a0r\u1eeda Eco 50\u00b0C, r\u1eeda nhanh 45\u00b0Ct, ng\u00e2m tr\u01b0\u1edbc khi r\u1eeda. \u0110\u1ed3 th\u1ee7y tinh kh\u00f4ng lo v\u1ee1 khi m\u00e1y c\u00f3 c\u00f4ng ngh\u1ec7 b\u1ea3o v\u1ec7 \u0111\u1ed3 \u0111\u1eb7c bi\u1ec7t. T\u00f9y v\u00e0o s\u1ed1 l\u01b0\u1ee3ng b\u00e1t \u0111\u0129a v\u00e0 \u0111\u1ed9 b\u1ea9n m\u00e0 ch\u1ecdn ch\u01b0\u01a1ng tr\u00ecnh ph\u00f9 h\u1ee3p. Ngoa\u0300i ra co\u0300n ti\u0301ch h\u01a1\u0323p th\u00eam 2 ch\u00ea\u0301 \u0111\u00f4\u0323 r\u01b0\u0309a \u0111\u0103\u0323c bi\u00ea\u0323t.<\/p>\n<p><img title=\"may-rua-bat-bosch-smi25as02e-02\" src=\"https:\/\/bepvuson.vn\/Data\/upload\/images\/M%C3%A1y%20r%E1%BB%ADa%20b%C3%A1t\/MCSA02179988_H7017_1582386_SMP46TS01S_PGA2_def.jpg\" alt=\"may-rua-bat-bosch-smi25as02e-02\" \/><\/p>\n<ul>\n<li><em>M\u00e1y r\u01b0\u0309a ba\u0301t Bosch an to\u00e0n v\u1edbi\u00a0<strong>h\u1ec7 th\u1ed1ng Aqua-Stop<\/strong>\u00a0t\u1ef1 \u0111\u1ed9ng ph\u00e1t hi\u1ec7n v\u00e0<strong>\u00a0ng\u0103n ng\u1eeba s\u1ef1 r\u00f2 r\u1ec9<\/strong>\u00a0b\u00ean trong v\u00e0 b\u00ean ngo\u00e0i. Trong tr\u01b0\u1eddng h\u1ee3p m\u1ea5t n\u01b0\u1edbc, m\u00e1y s\u1ebd t\u1ea1m ng\u1eebng ho\u1ea1t \u0111\u1ed9ng, ng\u1eebng c\u1ea5p n\u01b0\u1edbc v\u00e0 b\u01a1m n\u01b0\u1edbc ra ngo\u00e0i. M\u00e1y \u0111\u01b0\u1ee3c trang b\u1ecb\u00a0<strong>h\u1ec7 th\u1ed1ng c\u1eeda an to\u00e0n<\/strong>, ng\u0103n kh\u00f4ng cho c\u1eeda b\u1ecb \u0111\u00f3ng s\u1eadp l\u1ea1i m\u00e0 ch\u1ec9 \u0111\u00f3ng t\u1eeb t\u1eeb,\u00a0<strong>an to\u00e0n<\/strong>\u00a0cho ng\u01b0\u1eddi s\u1eed d\u1ee5ng.<\/em><\/li>\n<li><em>\u0110\u01b0\u1ee3c thi\u1ebft k\u1ebf v\u1edbi\u00a0<strong>nhi\u1ec1u ch\u1ebf \u0111\u1ed9 r\u1eeda<\/strong>\u00a0kh\u00e1c nhau ph\u00f9 h\u1ee3p v\u1edbi t\u1eebng \u0111\u1ed9 b\u1ea9n c\u1ee7a b\u00e1t \u0111\u0129a xoong n\u1ed3i\u00a0<strong>\u0111\u1ea3m b\u1ea3o<\/strong>kh\u1ea3 n\u0103ng\u00a0<strong>s\u1ea1ch ho\u00e0n to\u00e0n<\/strong>, c\u00f9ng hi\u1ec7u qu\u1ea3\u00a0<strong>ti\u1ebft ki\u1ec7m n\u0103ng l\u01b0\u1ee3ng cao<\/strong>, ma\u0301y r\u01b0\u0309a ba\u0301t Bosch s\u1ebd gi\u00fap b\u1ea1n r\u1eeda s\u1ea1ch b\u00e1t \u0111\u0129a m\u00e0 v\u1eabn<strong>\u00a0ti\u1ebft ki\u1ec7m \u0111i\u1ec7n n\u01b0\u1edbc<\/strong>\u00a0m\u1ed9t c\u00e1ch t\u1ed1i \u01b0u nh\u1ea5t.<\/em><\/li>\n<li><em><strong>Ch\u1ee9c n\u0103ng v\u1ec7 sinh Plus<\/strong>\u00a0cu\u0309a ma\u0301y r\u01b0\u0309a ba\u0301t\u00a0giu\u0301p s\u1ea5y kh\u00f4 \u1edf nhi\u1ec7t \u0111\u1ed9 cao h\u01a1n \u0111\u1ec3\u00a0<strong>\u0111\u1ea3m b\u1ea3o v\u1ec7 sinh<\/strong>\u00a0cao nh\u1ea5t.<\/em><\/li>\n<\/ul>\n<p>S\u1ea3n ph\u1ea9m c\u00f3 gi\u00e1 c\u1ea3 kh\u00f4ng qu\u00e1 cao, ph\u00f9 h\u1ee3p v\u1edbi nhi\u1ec1u gia \u0111\u00ecnh Vi\u00ea\u0323t. N\u1ebfu gia \u0111\u00ecnh c\u00f3 kh\u00f4ng gian b\u1ebfp r\u1ed9ng v\u00e0 nhu c\u1ea7u n\u1ea5u n\u01b0\u1edbng cao th\u00ec\u00a0<strong>m\u00e1y r\u01b0\u0309a ba\u0301t\u00a0<\/strong><strong>Bosch SMI25AS02E<\/strong>\u00a0x\u1ee9ng \u0111\u00e1ng l\u00e0 s\u1ef1 l\u1ef1a ch\u1ecdn ho\u00e0n h\u1ea3o.<\/p>\n<\/div>\n<\/div>\n","protected":false},"excerpt":{"rendered":"<p>T\u1ed5ng quan chung M\u00e1y r\u1eeda b\u00e1t Bosch SMI25AS02E M\u00e1y r\u01b0\u0309a ba\u0301t Bosch SMI25AS02E\u00a0\u0111\u01b0\u1ee3c thi\u1ebft k\u1ebf \u0111\u00fang phong c\u00e1ch ch\u00e2u \u00c2u &hellip; <a class=\"link-more\" href=\"http:\/\/maudep.com.vn\/chuyengiadienmay\/?product=may-rua-bat-bosch-smi25as02e\" class=\"more-link\">\u0110\u1ecdc th\u00eam &raquo;<span class=\"screen-reader-text\"> &#8220;M\u00e1y r\u1eeda b\u00e1t Bosch SMI25AS02E&#8221;<\/span><\/a><\/p>\n","protected":false},"featured_media":2343,"comment_status":"open","ping_status":"closed","template":"","meta":[],"_links":{"self":[{"href":"http:\/\/maudep.com.vn\/chuyengiadienmay\/index.php?rest_route=\/wp\/v2\/product\/2342"}],"collection":[{"href":"http:\/\/maudep.com.vn\/chuyengiadienmay\/index.php?rest_route=\/wp\/v2\/product"}],"about":[{"href":"http:\/\/maudep.com.vn\/chuyengiadienmay\/index.php?rest_route=\/wp\/v2\/types\/product"}],"replies":[{"embeddable":true,"href":"http:\/\/maudep.com.vn\/chuyengiadienmay\/index.php?rest_route=%2Fwp%2Fv2%2Fcomments&post=2342"}],"wp:featuredmedia":[{"embeddable":true,"href":"http:\/\/maudep.com.vn\/chuyengiadienmay\/index.php?rest_route=\/wp\/v2\/media\/2343"}],"wp:attachment":[{"href":"http:\/\/maudep.com.vn\/chuyengiadienmay\/index.php?rest_route=%2Fwp%2Fv2%2Fmedia&parent=2342"}],"curies":[{"name":"wp","href":"https:\/\/api.w.org\/{rel}","templated":true}]}}